{"id":2544,"date":"2024-01-15T18:16:12","date_gmt":"2024-01-15T10:16:12","guid":{"rendered":"https:\/\/skbty.com\/?post_type=product&#038;p=2544"},"modified":"2025-01-17T18:54:54","modified_gmt":"2025-01-17T10:54:54","slug":"emr-gesichts-anti-aging-pflegegerat-2","status":"publish","type":"product","link":"https:\/\/skbty.com\/de\/product\/emr-gesichts-anti-aging-pflegegerat-2\/","title":{"rendered":"EMRF-Gesichts-Anti-Aging-Pflegeger\u00e4t"},"content":{"rendered":"<div class=\"J_module\">\n<div class=\"detail-decorate-json-renderer-container\">\n<div class=\"magic-2\">\n<h3>Was ist die <strong>EMRF-Anti-Aging-Gesichtspflegeger\u00e4t?<\/strong><\/h3>\n<p><strong>EMRF-Gesichts-Anti-Aging-Pflegeger\u00e4t<\/strong> ist ein nicht-invasives Ger\u00e4t zur Verj\u00fcngung und Wiederherstellung der Gesichtshaut. Durch die Kombination von hochintensiver elektromagnetischer Gesichtsstimulation (HIFES) mit monopolarer Radiofrequenztechnologie (RF) wird eine kontinuierliche Muskelkontraktion und -spannung ausgel\u00f6st. Dies verbessert die Muskelkraft und die Ruhespannung, stellt die Unterst\u00fctzung des Gesichtsgewebes wieder her und verbessert die Neubildung von Kollagen, Elastin und Bindegewebe. Das Ergebnis ist ein j\u00fcngeres, st\u00e4rkeres, ges\u00fcnderes und strafferes Aussehen.<\/p>\n<h3><img loading=\"lazy\" decoding=\"async\" class=\"magic-14 aligncenter\" title=\"EMRF-Gesichts-Anti-Aging-Pflegeger\u00e4t\" src=\"https:\/\/sc04.alicdn.com\/kf\/H9458ad9c73274d3f9680907d1ab57276x\/247315878\/H9458ad9c73274d3f9680907d1ab57276x.png\" alt=\"EMRF-Gesichts-Anti-Aging-Pflegeger\u00e4t\" width=\"532\" height=\"485\" data-src=\"\/\/sc04.alicdn.com\/kf\/H9458ad9c73274d3f9680907d1ab57276x\/247315878\/H9458ad9c73274d3f9680907d1ab57276x.png\" \/><\/h3>\n<h3>Technische Daten<\/h3>\n<ul>\n<li><strong>Name<\/strong>: EMRF-Gesichts-Anti-Aging-Pflegeger\u00e4t<\/li>\n<li><strong>Technologie<\/strong>: Hochintensive elektromagnetische Gesichtsstimulation + monopolare Radiofrequenz<\/li>\n<li><strong>Touch-Screen<\/strong>: 15 Zoll<\/li>\n<li><strong>HF-Frequenz<\/strong>: 1-4MHz<\/li>\n<li><strong>OEM-Dienst<\/strong>: OEM\/ODM\/24-Stunden-Online-Service<\/li>\n<li><strong>Versorgungsspannung<\/strong>: Wechselstrom 100\u00a0V \u2013 240\u00a0V, 50\u00a0Hz \u2013 60\u00a0Hz<\/li>\n<li><strong>Leistung<\/strong>: 100-200W<\/li>\n<li><strong>Airbox-Gr\u00f6\u00dfe<\/strong>: 40\u00d743\u00d750cm<\/li>\n<li><strong>Bruttogewicht<\/strong>: 15 kg<\/li>\n<\/ul>\n<h3>Funktionsprinzip<\/h3>\n<p>Die <strong>EMRF<\/strong> Das Ger\u00e4t verwendet hochintensive elektromagnetische Gesichtsstimulation (HIFES) und HF-Energie, die \u00fcber ein Behandlungskopfpflaster abgegeben wird. Diese Kombination l\u00f6st rhythmische Muskelkontraktionen und -z\u00fcge aus und verbessert so Muskelkraft und -spannung. HF-Energie erw\u00e4rmt die Dermis gleichm\u00e4\u00dfig und stimuliert die Produktion von Kollagen und Elastin. Dieser Prozess verbessert und festigt die Gesichtskonturen, formt das Gesicht und verbessert die Hautstruktur, was zu einem klareren, definierteren und revitalisierteren Aussehen f\u00fchrt.<\/p>\n<h3>Vorteile<\/h3>\n<ol>\n<li><strong>Nicht-invasiv<\/strong>: Schmerzfreie Behandlung ohne An\u00e4sthesie.<\/li>\n<li><strong>Hohe Effizienz<\/strong>: Kombiniert hochintensive elektromagnetische Gesichtsstimulation mit synchroner HF f\u00fcr eine effektive Behandlung der Gesichtshaut und -muskulatur.<\/li>\n<li><strong>Freih\u00e4ndiger Betrieb<\/strong>: Einfach zu verwenden, kein manueller Eingriff erforderlich.<\/li>\n<li><strong>Schnelle Behandlung<\/strong>: F\u00fcr eine komplette Gesichtspflege reicht eine einzige 20-min\u00fctige Sitzung aus.<\/li>\n<li><strong>Effektives Anti-Aging<\/strong>: Strafft das Gesicht, reduziert feine Linien und F\u00e4ltchen.<\/li>\n<li><strong>Komfortables Erlebnis<\/strong>: F\u00fchlt sich \u00e4hnlich an wie eine Hot-Stone-Gesichtsmassage, ohne Nebenwirkungen.<\/li>\n<li><strong>Keine Nadeln oder Operationen<\/strong>: Eine vorteilhafte Alternative zu invasiven Behandlungen.<\/li>\n<\/ol>\n<h3>Hauptfunktionen<\/h3>\n<ol>\n<li><strong>Glatte Stirnfalten<\/strong>: Reduziert das Auftreten von Stirnfalten.<\/li>\n<li><strong>Elevate Apfel-Raiser<\/strong>: Hebt und festigt die Wangenmuskulatur.<\/li>\n<li><strong>Anti-Aging<\/strong>: Bek\u00e4mpft Zeichen der Hautalterung f\u00fcr ein jugendliches Aussehen.<\/li>\n<li><strong>Falten reduzieren<\/strong>: Minimiert F\u00e4ltchen und feine Linien.<\/li>\n<li><strong>Kieferkonturierung<\/strong>: Betont und definiert die Kieferpartie.<\/li>\n<li><strong>Erh\u00f6hen Sie den Muskeltonus<\/strong>: Strafft und festigt die Gesichtsmuskulatur.<\/li>\n<li><strong>Verbessert die Hautelastizit\u00e4t<\/strong>: Verbessert die Hautelastizit\u00e4t f\u00fcr ein strafferes Aussehen.<\/li>\n<\/ol>\n<h3><img loading=\"lazy\" decoding=\"async\" class=\"magic-20 aligncenter\" title=\"EMRF-Gesichts-Anti-Aging-Pflegeger\u00e4t\" src=\"https:\/\/sc04.alicdn.com\/kf\/H946fa0ed6edb44d3aee508e9e598902dU\/247315878\/H946fa0ed6edb44d3aee508e9e598902dU.png\" alt=\"EMRF-Gesichts-Anti-Aging-Pflegeger\u00e4t\" width=\"603\" height=\"492\" data-src=\"\/\/sc04.alicdn.com\/kf\/H946fa0ed6edb44d3aee508e9e598902dU\/247315878\/H946fa0ed6edb44d3aee508e9e598902dU.png\" \/><\/h3>\n<h3>Vorteile der EMRF-Behandlung<\/h3>\n<p>EMRF bietet zahlreiche Vorteile durch nicht-invasive Gesichtspflege, darunter:<\/p>\n<ul>\n<li><strong>Gesichtslifting<\/strong>: Strafft und festigt die Gesichtshaut.<\/li>\n<li><strong>Faltenreduzierung<\/strong>: Minimiert feine Linien und F\u00e4ltchen.<\/li>\n<li><strong>Kollagen- und Elastin-Boost<\/strong>: Erh\u00f6ht die Produktion von Kollagen und Elastin.<\/li>\n<li><strong>Verbesserung des Muskeltonus<\/strong>: Verbessert den Muskeltonus und die Hubkraft.<\/li>\n<li><strong>Verbessertes Erscheinungsbild<\/strong>: Verbessert das gesamte Erscheinungsbild des Gesichts.<\/li>\n<li><strong>Gleichm\u00e4\u00dfiger Hautton<\/strong>: Sorgt f\u00fcr einen gleichm\u00e4\u00dfigeren Hautton.<\/li>\n<li><strong>Jugendliches Aussehen<\/strong>: Verleiht ein nat\u00fcrlich jugendliches Aussehen.<\/li>\n<li><strong>Nat\u00fcrliche Ergebnisse<\/strong>: Sorgt f\u00fcr nat\u00fcrlich wirkende Ergebnisse.<\/li>\n<\/ul>\n<h3>Auswirkungen<\/h3>\n<p>EMRF verbessert den Muskeltonus, die Festigkeit und die Elastizit\u00e4t der Gesichtshaut deutlich und sorgt f\u00fcr ein jugendliches und verj\u00fcngtes Aussehen. Es reduziert effektiv Falten, strafft das Gesicht und verbessert die Hautstruktur, was es zu einer idealen L\u00f6sung f\u00fcr die Anti-Aging-Gesichtspflege macht.<\/p>\n<\/div>\n<\/div>\n<\/div>\n<div class=\"J_module\">\n<div class=\"icbu-pc-images magic-12\">\n<div>\n<div class=\"flex-layout-v\">\n<div class=\"flex-layout-h magic-12\">\n<div class=\"magic-29\"><img loading=\"lazy\" decoding=\"async\" class=\"magic-30 aligncenter\" title=\"EMRF-Gesichts-Anti-Aging-Pflegeger\u00e4t\" src=\"https:\/\/sc04.alicdn.com\/kf\/H7da226aae95c42ebad319912f98c54bfM\/247315878\/H7da226aae95c42ebad319912f98c54bfM.png\" alt=\"EMRF-Gesichts-Anti-Aging-Pflegeger\u00e4t\" width=\"572\" height=\"395\" data-src=\"\/\/sc04.alicdn.com\/kf\/H7da226aae95c42ebad319912f98c54bfM\/247315878\/H7da226aae95c42ebad319912f98c54bfM.png\" \/><\/div>\n<\/div>\n<\/div>\n<\/div>\n<\/div>\n<\/div>\n<div class=\"J_module\">\n<div class=\"detail-decorate-json-renderer-container\">\n<div class=\"magic-2\"><\/div>\n<\/div>\n<\/div>\n<div class=\"J_module\">\n<div class=\"icbu-pc-images magic-12\">\n<div class=\"flex-layout-v\">\n<div class=\"flex-layout-h magic-12\">\n<div class=\"magic-31\"><\/div>\n<\/div>\n<\/div>\n<\/div>\n<\/div>\n<div class=\"J_module\">\n<div id=\"ali-anchor-AliMagic-eac4ep\" class=\"magic-1\" data-section=\"AliMagic-eac4ep\" data-section-title=\"About Us\">\n<h3><strong>Anpassen Logo<\/strong><\/h3>\n<p>Wollen, machen Ihre Marke stand heraus? Wir bieten angepasst logo Dienstleistungen zu helfen Sie erstellen Sie eine einzigartige und personalisierte logo spiegelt Ihre Marke Identit\u00e4t. Unser team von Experten arbeiten eng mit Ihnen zusammen, um ein logo zu entwerfen, die in Resonanz mit Ihrer Marke und messaging. Egal, ob Sie Umbau Ihres bestehenden Logos oder eine neue erstellen von Grund auf neu, wir haben Sie abgedeckt. <a href=\"\/de\/kontakt\/\">Kontaktieren Sie uns<\/a> heute erfahren Sie mehr \u00fcber unsere ma\u00dfgeschneiderten logo-Service!<\/p>\n<\/div>\n<\/div>","protected":false},"excerpt":{"rendered":"<p><span class=\"magic-8\" style=\"font-family: Arial;\">EMRF ist ein nicht-invasives Anti-Aging-Gesichtspflegeger\u00e4t, das hochintensive elektromagnetische Gesichtsstimulation (HIFES) + monopolare Radiofrequenztechnologie (RF) verwendet, um eine kontinuierliche Kontraktion und Spannung der Gesichtsmuskeln zu induzieren, die Muskelkraft und Ruhespannung zu verbessern, um die St\u00fctzkraft des Gesichtsgewebes wiederherzustellen und zu verbessern, und gleichzeitig die Neubildung von Kollagen, Elastin und Bindegewebe zu steigern und so die durch den Verlust der Gesichtsmuskulatur verursachten Alterungsprobleme zu verbessern. Enth\u00fcllen Sie eine j\u00fcngere, st\u00e4rkere, ges\u00fcndere, straffere, energiegeladenere, erneuerte Version Ihrer selbst, innerlich und \u00e4u\u00dferlich.<\/span><\/p>","protected":false},"featured_media":2545,"comment_status":"open","ping_status":"closed","template":"","meta":{"_kad_post_transparent":"default","_kad_post_title":"","_kad_post_layout":"default","_kad_post_sidebar_id":"","_kad_post_content_style":"default","_kad_post_vertical_padding":"default","_kad_post_feature":"","_kad_post_feature_position":"","_kad_post_header":false,"_kad_post_footer":false,"_kad_post_classname":"","rank_math_title":"","rank_math_description":"","rank_math_focus_keyword":""},"product_brand":[],"product_cat":[31],"product_tag":[],"class_list":{"0":"post-2544","1":"product","2":"type-product","3":"status-publish","4":"has-post-thumbnail","6":"product_cat-body-slimming","8":"first","9":"instock","10":"shipping-taxable","11":"product-type-simple","12":"entry","13":"content-bg","14":"loop-entry"},"_links":{"self":[{"href":"https:\/\/skbty.com\/de\/wp-json\/wp\/v2\/product\/2544","targetHints":{"allow":["GET"]}}],"collection":[{"href":"https:\/\/skbty.com\/de\/wp-json\/wp\/v2\/product"}],"about":[{"href":"https:\/\/skbty.com\/de\/wp-json\/wp\/v2\/types\/product"}],"replies":[{"embeddable":true,"href":"https:\/\/skbty.com\/de\/wp-json\/wp\/v2\/comments?post=2544"}],"wp:featuredmedia":[{"embeddable":true,"href":"https:\/\/skbty.com\/de\/wp-json\/wp\/v2\/media\/2545"}],"wp:attachment":[{"href":"https:\/\/skbty.com\/de\/wp-json\/wp\/v2\/media?parent=2544"}],"wp:term":[{"taxonomy":"product_brand","embeddable":true,"href":"https:\/\/skbty.com\/de\/wp-json\/wp\/v2\/product_brand?post=2544"},{"taxonomy":"product_cat","embeddable":true,"href":"https:\/\/skbty.com\/de\/wp-json\/wp\/v2\/product_cat?post=2544"},{"taxonomy":"product_tag","embeddable":true,"href":"https:\/\/skbty.com\/de\/wp-json\/wp\/v2\/product_tag?post=2544"}],"curies":[{"name":"wp","href":"https:\/\/api.w.org\/{rel}","templated":true}]}}