{"id":2568,"date":"2024-01-15T19:06:08","date_gmt":"2024-01-15T11:06:08","guid":{"rendered":"https:\/\/skbty.com\/?post_type=product&#038;p=2568"},"modified":"2024-06-18T18:15:29","modified_gmt":"2024-06-18T10:15:29","slug":"7-farben-led-lichttherapie-gesichtspflegegerat","status":"publish","type":"product","link":"https:\/\/skbty.com\/de\/product\/7-farben-led-lichttherapie-gesichtspflegegerat\/","title":{"rendered":"7 Farben LED-Lichttherapie-Gesichtspflegeger\u00e4t"},"content":{"rendered":"<div class=\"J_module\">\n<div class=\"icbu-pc-images magic-1\">\n<div class=\"flex-layout-v\">\n<div class=\"flex-layout-h magic-1\">\n<div>\n<h3>Was ist die <strong>LED-Lichttherapieger\u00e4t?<\/strong><\/h3>\n<p><strong>LED-Lichttherapieger\u00e4t<\/strong> nutzt Strahlungsenergie, um die Gesundheit der Haut zu verbessern. Licht bewegt sich mit einer Geschwindigkeit von 3,0 \u00d7 10^8 m\/s und fungiert sowohl als elektromagnetische Welle als auch als Partikelstrom und bildet die Grundlage der Quantenlichttheorie. Diese duale Natur erm\u00f6glicht es verschiedenen Lichtstrahlen, photochemische Reaktionen auszul\u00f6sen, die die theoretische Grundlage der Phototherapiemedizin bilden.<\/p>\n<table style=\"border-collapse: collapse; width: 100%;\">\n<tbody>\n<tr>\n<td style=\"width: 50%;\"><img loading=\"lazy\" decoding=\"async\" class=\"magic-3 aligncenter\" title=\"LED-Lichttherapieger\u00e4t\" src=\"https:\/\/sc04.alicdn.com\/kf\/H5acfccd2a6fd440d8ad528534c2b0c0bP\/247315878\/H5acfccd2a6fd440d8ad528534c2b0c0bP.png\" alt=\"LED-Lichttherapieger\u00e4t\" width=\"383\" height=\"581\" data-src=\"\/\/sc04.alicdn.com\/kf\/H5acfccd2a6fd440d8ad528534c2b0c0bP\/247315878\/H5acfccd2a6fd440d8ad528534c2b0c0bP.png\" \/><\/td>\n<td style=\"width: 50%;\"><img loading=\"lazy\" decoding=\"async\" class=\"magic-15 aligncenter\" title=\"LED-Lichttherapieger\u00e4t\" src=\"https:\/\/sc04.alicdn.com\/kf\/H8a881e933cf94cf98b754dc536f9f9bco\/247315878\/H8a881e933cf94cf98b754dc536f9f9bco.jpg\" alt=\"LED-Lichttherapieger\u00e4t\" width=\"362\" height=\"582\" data-src=\"\/\/sc04.alicdn.com\/kf\/H8a881e933cf94cf98b754dc536f9f9bco\/247315878\/H8a881e933cf94cf98b754dc536f9f9bco.jpg\" \/><\/td>\n<\/tr>\n<\/tbody>\n<\/table>\n<h3>Technische Daten<\/h3>\n<ul>\n<li><strong>Name<\/strong>: LED-Lichttherapieger\u00e4t<\/li>\n<li><strong>Ma\u00dfe<\/strong>: 37<em>14.5<\/em>25 cm<\/li>\n<li><strong>Gewicht<\/strong>: 4 kg<\/li>\n<li><strong>OEM-Dienst<\/strong>: Unterst\u00fctzung<\/li>\n<li><strong>Technologie<\/strong>: PDT LED-Licht + Photon<\/li>\n<li><strong>LED-Farbe<\/strong>: 7 Farben, 7 Funktionen<\/li>\n<li><strong>Stromspannung<\/strong>: 110-220 V<\/li>\n<li><strong>Zubeh\u00f6r<\/strong>: Hauptmotor, Handbuch, Netzkabel, Schutzbrille<\/li>\n<\/ul>\n<h3>Funktionsprinzip<\/h3>\n<p>Die Photodynamische Therapie (PDT) basiert auf medizinischen Theorien und verwendet LED-Lichtquellen in Kombination mit lichtempfindlichen Kosmetika oder Medikamenten zur Behandlung von Hautproblemen wie Akne, Rosazea, R\u00f6tungen und mehr. PDT ist zu einer beliebten kosmetischen Technologie f\u00fcr die Hautpflege geworden. Photonenenergie wirkt sich positiv auf Hautzellen aus, indem sie das Zellwachstum beschleunigt, die Produktion von Kollagen und Elastin f\u00f6rdert, die Mikrodurchblutung verbessert und den allgemeinen Hautzustand verbessert. Sie wirkt gegen Alterung, Erschlaffung, feine Linien, Falten, vergr\u00f6\u00dferte Poren, Pigmentierung, Sommersprossen, Sonnenbrand, Akneentz\u00fcndungen und Depressionen.<\/p>\n<table style=\"border-collapse: collapse; width: 100%;\">\n<tbody>\n<tr>\n<td style=\"width: 50%;\"><img loading=\"lazy\" decoding=\"async\" class=\"magic-20 aligncenter\" title=\"LED-Lichttherapieger\u00e4t\" src=\"https:\/\/sc04.alicdn.com\/kf\/H4b47d17f3fe4487f98b941dbe02b2f1fe\/247315878\/H4b47d17f3fe4487f98b941dbe02b2f1fe.jpg\" alt=\"LED-Lichttherapieger\u00e4t\" width=\"525\" height=\"879\" data-src=\"\/\/sc04.alicdn.com\/kf\/H4b47d17f3fe4487f98b941dbe02b2f1fe\/247315878\/H4b47d17f3fe4487f98b941dbe02b2f1fe.jpg\" \/><\/td>\n<td style=\"width: 50%;\"><img loading=\"lazy\" decoding=\"async\" class=\"magic-22 aligncenter\" title=\"LED-Lichttherapieger\u00e4t\" src=\"https:\/\/sc04.alicdn.com\/kf\/H82020b3c91cf4bd1ba8afb63c15f668en\/247315878\/H82020b3c91cf4bd1ba8afb63c15f668en.jpg\" alt=\"LED-Lichttherapieger\u00e4t\" width=\"398\" height=\"1048\" data-src=\"\/\/sc04.alicdn.com\/kf\/H82020b3c91cf4bd1ba8afb63c15f668en\/247315878\/H82020b3c91cf4bd1ba8afb63c15f668en.jpg\" \/><\/td>\n<\/tr>\n<\/tbody>\n<\/table>\n<h3>Funktionen<\/h3>\n<ul>\n<li><strong>Rotlicht<\/strong>: Hellt die Haut auf, erneuert sie, verbessert grobe Poren, behandelt die Erweiterung der Mikrogef\u00e4\u00dfe.<\/li>\n<li><strong>Blaues Licht<\/strong>: Behandelt Akne, reduziert die Talgproduktion, beseitigt Aknebakterien, verbessert fettige Haut.<\/li>\n<li><strong>Gr\u00fcnes Licht<\/strong>: Beruhigt empfindliche Haut.<\/li>\n<li><strong>Gelbes Licht<\/strong>: Reduziert Sommersprossen, verbessert Hautr\u00f6tung, Erythem, Pigmentierung.<\/li>\n<li><strong>Cyan-Licht<\/strong>: Gleicht die Sekretion aus, stabilisiert die Haut, kontrolliert die Fettproduktion.<\/li>\n<li><strong>Lila Licht<\/strong>: Behandelt Akne und Aknemale.<\/li>\n<li><strong>Zyklisches Licht<\/strong>: Durchl\u00e4uft sieben Farben zur Hautverj\u00fcngung und Tiefenreparatur.<\/li>\n<\/ul>\n<h3>Anwendungen<\/h3>\n<ol>\n<li><strong>Gl\u00e4ttet feine Linien und F\u00e4ltchen<\/strong>: Reduziert das Auftreten feiner Linien und F\u00e4ltchen.<\/li>\n<li><strong>Reduziert Entz\u00fcndungen<\/strong>: Lindert Hautentz\u00fcndungen.<\/li>\n<li><strong>Verbessert Aknenarben<\/strong>: Verbessert das Erscheinungsbild von Aknenarben.<\/li>\n<li><strong>Verhindert Ausbr\u00fcche<\/strong>: T\u00f6tet Bakterien, die Akne verursachen.<\/li>\n<li><strong>F\u00f6rdert die Durchblutung<\/strong>: Verbessert die allgemeine Durchblutung.<\/li>\n<li><strong>Stimuliert die Kollagenproduktion<\/strong>: F\u00f6rdert die Kollagenproduktion f\u00fcr straffere Haut.<\/li>\n<li><strong>Hellt die Haut auf<\/strong>: Verbessert die Ausstrahlung und Klarheit der Haut.<\/li>\n<\/ol>\n<h3><img loading=\"lazy\" decoding=\"async\" class=\"magic-13 aligncenter\" title=\"LED-Lichttherapieger\u00e4t\" src=\"https:\/\/sc04.alicdn.com\/kf\/H60c223b12b0c44d9bf46cf46857a8920m\/247315878\/H60c223b12b0c44d9bf46cf46857a8920m.jpg\" alt=\"LED-Lichttherapieger\u00e4t\" width=\"482\" height=\"624\" data-src=\"\/\/sc04.alicdn.com\/kf\/H60c223b12b0c44d9bf46cf46857a8920m\/247315878\/H60c223b12b0c44d9bf46cf46857a8920m.jpg\" \/><\/h3>\n<h3>Merkmale<\/h3>\n<ol>\n<li><strong>PDT Farbsch\u00f6nheitsspektrometer<\/strong>: Fokussierung der Lichtenergie mit einstellbarer Temperatur und Rundum-Beleuchtungserlebnis. Kein direkter Hautkontakt, wodurch eine komfortable Anwendung gew\u00e4hrleistet wird.<\/li>\n<li><strong>LED-Sch\u00f6nheitslichter<\/strong>: Hellt die Haut auf, strafft sie und verj\u00fcngt sie mit 225 LED-Lichtquellen und einem Weitwinkeldesign f\u00fcr einen erweiterten Belichtungsbereich.<\/li>\n<li><strong>Benutzerfreundliches Design<\/strong>: Einfaches Tastendesign, wasserdicht und einfach zu bedienen.<\/li>\n<\/ol>\n<\/div>\n<\/div>\n<\/div>\n<\/div>\n<\/div>\n<div class=\"J_module\">\n<div class=\"detail-decorate-json-renderer-container\">\n<div class=\"magic-4\"><\/div>\n<\/div>\n<\/div>\n<div class=\"J_module\">\n<div class=\"detail-decorate-json-renderer-container\">\n<div class=\"magic-4\">\n<div class=\"magic-5\"><\/div>\n<\/div>\n<\/div>\n<\/div>\n<div class=\"J_module\">\n<div class=\"icbu-pc-images magic-1\">\n<div class=\"flex-layout-v\">\n<div class=\"flex-layout-h magic-1\">\n<div class=\"magic-24\">\n<table style=\"border-collapse: collapse; width: 100%;\">\n<tbody>\n<tr>\n<td style=\"width: 50%;\"><img loading=\"lazy\" decoding=\"async\" class=\"magic-25 aligncenter\" title=\"LED-Lichttherapieger\u00e4t\" src=\"https:\/\/sc04.alicdn.com\/kf\/Hd0774beaad504c64b1d4e8a707a2e5cdJ\/247315878\/Hd0774beaad504c64b1d4e8a707a2e5cdJ.jpg\" alt=\"LED-Lichttherapieger\u00e4t\" width=\"347\" height=\"481\" data-src=\"\/\/sc04.alicdn.com\/kf\/Hd0774beaad504c64b1d4e8a707a2e5cdJ\/247315878\/Hd0774beaad504c64b1d4e8a707a2e5cdJ.jpg\" \/><\/td>\n<td style=\"width: 50%;\"><img loading=\"lazy\" decoding=\"async\" class=\"magic-27 aligncenter\" title=\"LED-Lichttherapieger\u00e4t\" src=\"https:\/\/sc04.alicdn.com\/kf\/H629576496e5942e9a701c8dff5338865O\/247315878\/H629576496e5942e9a701c8dff5338865O.jpg\" alt=\"LED-Lichttherapieger\u00e4t\" width=\"433\" height=\"489\" data-src=\"\/\/sc04.alicdn.com\/kf\/H629576496e5942e9a701c8dff5338865O\/247315878\/H629576496e5942e9a701c8dff5338865O.jpg\" \/><\/td>\n<\/tr>\n<\/tbody>\n<\/table>\n<\/div>\n<\/div>\n<\/div>\n<\/div>\n<\/div>\n<div class=\"J_module\">\n<div class=\"icbu-pc-images magic-1\">\n<div class=\"flex-layout-v\">\n<div class=\"magic-26\">\n<h3><strong>Anpassen Logo<\/strong><\/h3>\n<p>Wollen, machen Ihre Marke stand heraus? Wir bieten angepasst logo Dienstleistungen zu helfen Sie erstellen Sie eine einzigartige und personalisierte logo spiegelt Ihre Marke Identit\u00e4t. Unser team von Experten arbeiten eng mit Ihnen zusammen, um ein logo zu entwerfen, die in Resonanz mit Ihrer Marke und messaging. Egal, ob Sie Umbau Ihres bestehenden Logos oder eine neue erstellen von Grund auf neu, wir haben Sie abgedeckt. <a href=\"\/de\/kontakt\/\">Kontaktieren Sie uns<\/a> heute erfahren Sie mehr \u00fcber unsere ma\u00dfgeschneiderten logo-Service!<\/p>\n<p style=\"text-align: center;\">\n<\/div>\n<\/div>\n<\/div>\n<\/div>","protected":false},"excerpt":{"rendered":"<p><span class=\"magic-8\" style=\"font-family: Arial;\">Licht ist eine Form von Strahlungsenergie, die sich geradlinig mit einer Geschwindigkeit von 3,0 \u00d7 10 ^ m\/s durch ein Vakuum bewegt. Man geht davon aus, dass Licht sowohl eine elektromagnetische Welle als auch ein Strom von Teilchen ist. Dieses Verst\u00e4ndnis der Welle-Teilchen-Dualit\u00e4t des Lichts ist die Grundlage der Quantentheorie des Lichts. Die Lichtquantentheorie besagt, dass aufgrund der unterschiedlichen Energien der Lichtquanten unterschiedliche Lichtstrahlen photochemische Reaktionen ausl\u00f6sen k\u00f6nnen. Der photoelektrische Effekt. Fluoreszierende Streiflichteffekte. Punktionseffekt und thermischer Effekt. Diese Effekte bilden die theoretische Grundlage der Phototherapiemedizin.<\/span><\/p>","protected":false},"featured_media":2569,"comment_status":"open","ping_status":"closed","template":"","meta":{"_kad_post_transparent":"default","_kad_post_title":"","_kad_post_layout":"default","_kad_post_sidebar_id":"","_kad_post_content_style":"default","_kad_post_vertical_padding":"default","_kad_post_feature":"","_kad_post_feature_position":"","_kad_post_header":false,"_kad_post_footer":false,"_kad_post_classname":"","rank_math_title":"","rank_math_description":"","rank_math_focus_keyword":""},"product_brand":[],"product_cat":[33],"product_tag":[],"class_list":{"0":"post-2568","1":"product","2":"type-product","3":"status-publish","4":"has-post-thumbnail","6":"product_cat-face-care","8":"first","9":"instock","10":"shipping-taxable","11":"product-type-simple","12":"entry","13":"content-bg","14":"loop-entry"},"_links":{"self":[{"href":"https:\/\/skbty.com\/de\/wp-json\/wp\/v2\/product\/2568","targetHints":{"allow":["GET"]}}],"collection":[{"href":"https:\/\/skbty.com\/de\/wp-json\/wp\/v2\/product"}],"about":[{"href":"https:\/\/skbty.com\/de\/wp-json\/wp\/v2\/types\/product"}],"replies":[{"embeddable":true,"href":"https:\/\/skbty.com\/de\/wp-json\/wp\/v2\/comments?post=2568"}],"wp:featuredmedia":[{"embeddable":true,"href":"https:\/\/skbty.com\/de\/wp-json\/wp\/v2\/media\/2569"}],"wp:attachment":[{"href":"https:\/\/skbty.com\/de\/wp-json\/wp\/v2\/media?parent=2568"}],"wp:term":[{"taxonomy":"product_brand","embeddable":true,"href":"https:\/\/skbty.com\/de\/wp-json\/wp\/v2\/product_brand?post=2568"},{"taxonomy":"product_cat","embeddable":true,"href":"https:\/\/skbty.com\/de\/wp-json\/wp\/v2\/product_cat?post=2568"},{"taxonomy":"product_tag","embeddable":true,"href":"https:\/\/skbty.com\/de\/wp-json\/wp\/v2\/product_tag?post=2568"}],"curies":[{"name":"wp","href":"https:\/\/api.w.org\/{rel}","templated":true}]}}