{"id":2584,"date":"2024-01-15T19:20:39","date_gmt":"2024-01-15T11:20:39","guid":{"rendered":"https:\/\/skbty.com\/?post_type=product&#038;p=2584"},"modified":"2025-12-05T19:04:11","modified_gmt":"2025-12-05T11:04:11","slug":"ozon-plasma-schonheitsmaschine","status":"publish","type":"product","link":"https:\/\/skbty.com\/de\/product\/ozon-plasma-schonheitsmaschine\/","title":{"rendered":"Ozon-Plasma-Sch\u00f6nheitsmaschine"},"content":{"rendered":"<div class=\"J_module\">\n<div class=\"detail-decorate-json-renderer-container\">\n<div class=\"magic-1\">\n<h3>Was ist die <strong>Ozon-Plasma-Sch\u00f6nheitsmaschine?<\/strong><\/h3>\n<p><strong>Ozon-Plasma-Sch\u00f6nheitsmaschine<\/strong> nutzt fortschrittliche Ozonplasmatechnologie, um die Gesundheit und Sch\u00f6nheit der Haut zu verbessern. Durch die Erzeugung einer Hochfrequenzspannung wird Sauerstoff in der Luft elektrolysiert, um Ozon zu erzeugen, das Bakterien, Pilze und Akne verursachende Krankheitserreger wirksam abt\u00f6tet, die Hautregeneration f\u00f6rdert und die Hautelastizit\u00e4t verbessert, ohne R\u00fcckst\u00e4nde oder Sekund\u00e4rverschmutzung zu verursachen.<\/p>\n<h3><img loading=\"lazy\" decoding=\"async\" class=\"magic-10 aligncenter\" title=\"Ozon-Plasma-Sch\u00f6nheitsmaschine\" src=\"https:\/\/sc04.alicdn.com\/kf\/Hd70375061cf243bf87c6b36a01917c3fn\/247315878\/Hd70375061cf243bf87c6b36a01917c3fn.png\" alt=\"Ozon-Plasma-Sch\u00f6nheitsmaschine\" width=\"557\" height=\"383\" data-src=\"\/\/sc04.alicdn.com\/kf\/Hd70375061cf243bf87c6b36a01917c3fn\/247315878\/Hd70375061cf243bf87c6b36a01917c3fn.png\" \/><\/h3>\n<h3>Was ist Ozon?<\/h3>\n<p>Ozon wird durch Elektrolyse von Sauerstoff in der Luft mithilfe einer Hochfrequenzspannung erzeugt. Es wirkt auf die Zellmembranen von Bakterien, sch\u00e4digt deren Membranbestandteile, zerst\u00f6rt Lipoproteine und Lipopolysaccharide, was zur Zelllyse und zum Tod f\u00fchrt. Dieser Prozess t\u00f6tet Bakterienpilze und Akne verursachende Krankheitserreger ab, hemmt Entz\u00fcndungen und reduziert Akne. Nach der Sterilisation wird Ozon zu Sauerstoff reduziert und hinterl\u00e4sst im Gegensatz zu jedem chemischen System keine R\u00fcckst\u00e4nde oder Sekund\u00e4rverschmutzung.<\/p>\n<h3>Technische Daten<\/h3>\n<ul>\n<li><strong>Name<\/strong>: Ozon-Plasma-Sch\u00f6nheitsmaschine<\/li>\n<li><strong>Technologie<\/strong>: Ozonplasma<\/li>\n<li><strong>Service<\/strong>: OEM \/ ODM<\/li>\n<li><strong>Stromspannung<\/strong>: 100 V bis 240 V<\/li>\n<li><strong>Ausgangsleistung<\/strong>Leistung: 27 W<\/li>\n<li><strong>Geregelte Ausgangsspannung<\/strong>: DC9V\/3A<\/li>\n<li><strong>Gr\u00f6\u00dfe<\/strong>: 40<em>33<\/em>16 cm<\/li>\n<li><strong>Bruttogewicht<\/strong>: Etwa 2,5 kg<\/li>\n<\/ul>\n<h3>Theorie<\/h3>\n<p><strong>Plasma<\/strong>: Plasma entsteht, wenn freie Elektronen Gas ionisieren und seinen Zustand ver\u00e4ndern. Die eingesetzte Energie kann W\u00e4rme, Wechselstrom, Gleichstrom, HF usw. sein. In diesem Ger\u00e4t wird Gleichstrom als Energiequelle verwendet.<\/p>\n<p><img loading=\"lazy\" decoding=\"async\" class=\"magic-18 aligncenter\" title=\"Ozon-Plasma-Sch\u00f6nheitsmaschine\" src=\"https:\/\/sc04.alicdn.com\/kf\/H0f2d4ca5d81b4a798968bff0808070b4z\/247315878\/H0f2d4ca5d81b4a798968bff0808070b4z.png\" alt=\"Ozon-Plasma-Sch\u00f6nheitsmaschine\" width=\"582\" height=\"226\" data-src=\"\/\/sc04.alicdn.com\/kf\/H0f2d4ca5d81b4a798968bff0808070b4z\/247315878\/H0f2d4ca5d81b4a798968bff0808070b4z.png\" \/><\/p>\n<table style=\"border-collapse: collapse; width: 100%;\">\n<tbody>\n<tr>\n<td style=\"width: 50%;\"><img loading=\"lazy\" decoding=\"async\" class=\"magic-20 aligncenter\" title=\"Ozon-Plasma-Sch\u00f6nheitsmaschine\" src=\"https:\/\/sc04.alicdn.com\/kf\/H15aa9e5f516449148cf30b3128840968w\/247315878\/H15aa9e5f516449148cf30b3128840968w.png\" alt=\"Ozon-Plasma-Sch\u00f6nheitsmaschine\" width=\"370\" height=\"339\" data-src=\"\/\/sc04.alicdn.com\/kf\/H15aa9e5f516449148cf30b3128840968w\/247315878\/H15aa9e5f516449148cf30b3128840968w.png\" \/><\/td>\n<td style=\"width: 50%;\"><img loading=\"lazy\" decoding=\"async\" class=\"magic-22 aligncenter\" title=\"Ozon-Plasma-Sch\u00f6nheitsmaschine\" src=\"https:\/\/sc04.alicdn.com\/kf\/H5117a312c5844745b951682205b242ed9\/247315878\/H5117a312c5844745b951682205b242ed9.png\" alt=\"Ozon-Plasma-Sch\u00f6nheitsmaschine\" width=\"750\" height=\"418\" data-src=\"\/\/sc04.alicdn.com\/kf\/H5117a312c5844745b951682205b242ed9\/247315878\/H5117a312c5844745b951682205b242ed9.png\" \/><\/td>\n<\/tr>\n<\/tbody>\n<\/table>\n<h3>Merkmale<\/h3>\n<ol>\n<li><strong>Universelle Anwendung<\/strong>: Kann an allen K\u00f6rperteilen angewendet werden.<\/li>\n<li><strong>Keine Wunden<\/strong>: Hinterl\u00e4sst nach der Behandlung keine Wunden auf der Epidermis.<\/li>\n<li><strong>Hautregeneration<\/strong>: F\u00f6rdert die Hautregeneration nach der Behandlung.<\/li>\n<li><strong>Kollagenproduktion<\/strong>: Stimuliert die Produktion von neuem Kollagen in der Dermis.<\/li>\n<li><strong>Verbesserte Hautelastizit\u00e4t<\/strong>: Verbessert die Hautelastizit\u00e4t durch Neubildung von Kollagen.<\/li>\n<li><strong>Nicht-invasiv<\/strong>: Schmerzfrei, narbenfrei, blutungsfrei, wundfrei, nicht-invasiv, sicherer und effektiver.<\/li>\n<\/ol>\n<h3>Funktionen<\/h3>\n<ol>\n<li><strong>Verbesserte Absorption<\/strong>: Verbessert die Absorptionsrate wirksamer Inhaltsstoffe in Hautpflegeprodukten.<\/li>\n<li><strong>Sterilisation und Entz\u00fcndungshemmung<\/strong>: Entfernt wirksam tief in der Haut sitzende Aknebakterien und Aknemale und beugt einem erneuten Auftreten vor.<\/li>\n<li><strong>Beschleunigt den Stoffwechsel<\/strong>: F\u00f6rdert die Kollagenregeneration und lindert die Hautalterung.<\/li>\n<li><strong>Lindert Juckreiz<\/strong>: Lindert durch Allergien und Trockenheit verursachten Juckreiz der Haut.<\/li>\n<li><strong>Hellt den Hautton auf<\/strong>: Hemmt Melanin, hellt den Hautton auf, verfeinert die Hautstruktur und verkleinert die Poren.<\/li>\n<\/ol>\n<h3>Auswirkungen von Ozonplasma<\/h3>\n<ol>\n<li><strong>Effizientes Eindringen<\/strong>: Aktiviert sofort die Epidermiszellen der Haut, erh\u00f6ht die Hydrophilie der Haut und tr\u00e4gt dazu bei, dass N\u00e4hrstoffl\u00f6sungen vollst\u00e4ndig aufgenommen werden, was zu einer verbesserten Hautstruktur und einem besseren Glanz f\u00fchrt.<\/li>\n<li><strong>Verbessert die Elastizit\u00e4t und wirkt Anti-Aging<\/strong>: Gleicht das Membranpotential aus, erm\u00f6glicht den Ionendurchgang, strafft die Membran und verbessert die Hautelastizit\u00e4t.<\/li>\n<li><strong>Entfernt Akne und H\u00e4morrhoiden<\/strong>: Peelt abgestorbene Gliazellen, t\u00f6tet Akne verursachende Bakterien und hemmt die Talgsekretion, wodurch ein erneutes Auftreten von Akne verhindert wird.<\/li>\n<li><strong>Antibakteriell und entz\u00fcndungshemmend<\/strong>: Enth\u00e4lt reaktive Sauerstoffatome und -molek\u00fcle, die bakterielle Zellmembranen, DNA und Proteine zerst\u00f6ren und so eine starke bakterizide Wirkung haben.<\/li>\n<\/ol>\n<\/div>\n<\/div>\n<\/div>\n<div class=\"J_module\">\n<div class=\"detail-decorate-json-renderer-container\">\n<div class=\"magic-1\">\n<div class=\"magic-4\"><\/div>\n<\/div>\n<\/div>\n<\/div>\n<div class=\"J_module\">\n<div class=\"detail-decorate-json-renderer-container\">\n<div class=\"magic-1\">\n<div class=\"magic-4\">\n<div class=\"magic-5\">\n<div class=\"magic-6\">\n<div><\/div>\n<\/div>\n<\/div>\n<\/div>\n<\/div>\n<\/div>\n<\/div>\n<div class=\"J_module\">\n<div class=\"icbu-pc-images magic-8\">\n<div>\n<div class=\"flex-layout-v\">\n<div class=\"flex-layout-h magic-8\">\n<div class=\"magic-27\"><img loading=\"lazy\" decoding=\"async\" class=\"magic-28 aligncenter\" title=\"Ozon-Plasma-Sch\u00f6nheitsmaschine\" src=\"https:\/\/sc04.alicdn.com\/kf\/Hc84e1501458c459f8036565a963fab8fG\/247315878\/Hc84e1501458c459f8036565a963fab8fG.png\" alt=\"Ozon-Plasma-Sch\u00f6nheitsmaschine\" width=\"750\" height=\"385\" data-src=\"\/\/sc04.alicdn.com\/kf\/Hc84e1501458c459f8036565a963fab8fG\/247315878\/Hc84e1501458c459f8036565a963fab8fG.png\" \/><\/div>\n<\/div>\n<div>\n<h3><strong>Anpassen Logo<\/strong><\/h3>\n<p>Wollen, machen Ihre Marke stand heraus? Wir bieten angepasst logo Dienstleistungen zu helfen Sie erstellen Sie eine einzigartige und personalisierte logo spiegelt Ihre Marke Identit\u00e4t. Unser team von Experten arbeiten eng mit Ihnen zusammen, um ein logo zu entwerfen, die in Resonanz mit Ihrer Marke und messaging. Egal, ob Sie Umbau Ihres bestehenden Logos oder eine neue erstellen von Grund auf neu, wir haben Sie abgedeckt. <a href=\"\/de\/kontakt\/\">Kontaktieren Sie uns<\/a> heute erfahren Sie mehr \u00fcber unsere ma\u00dfgeschneiderten logo-Service!<\/p>\n<p style=\"text-align: center;\">\n<\/div>\n<\/div>\n<\/div>\n<\/div>\n<\/div>","protected":false},"excerpt":{"rendered":"<p><span class=\"magic-7\" style=\"font-family: Arial;\">Ozon wirkt auf die Zellmembran von Bakterien, sch\u00e4digt die Membrankomponenten, zerst\u00f6rt Lipoproteine und Lipopolysaccharide in der Membran, ver\u00e4ndert die Zelllyse und den Zelltod, wodurch Bakterienpilze und Blattl\u00e4use in sehr kurzer Zeit abget\u00f6tet und Entz\u00fcndungen gehemmt werden. Die Wirkung auf Akne ist offensichtlich. Ozon wird nach der Sterilisation zu Sauerstoff reduziert. Es bleiben keine R\u00fcckst\u00e4nde oder Sekund\u00e4rverschmutzung zur\u00fcck, was mit keinem chemischen System erreicht werden kann.<\/span><\/p>","protected":false},"featured_media":2585,"comment_status":"open","ping_status":"closed","template":"","meta":{"_kad_post_transparent":"default","_kad_post_title":"","_kad_post_layout":"default","_kad_post_sidebar_id":"","_kad_post_content_style":"default","_kad_post_vertical_padding":"default","_kad_post_feature":"","_kad_post_feature_position":"","_kad_post_header":false,"_kad_post_footer":false,"_kad_post_classname":"","rank_math_title":"","rank_math_description":"","rank_math_focus_keyword":""},"product_brand":[],"product_cat":[33],"product_tag":[],"class_list":{"0":"post-2584","1":"product","2":"type-product","3":"status-publish","4":"has-post-thumbnail","6":"product_cat-face-care","7":"product_shipping_class-included-shipping","9":"first","10":"instock","11":"sale","12":"shipping-taxable","13":"purchasable","14":"product-type-simple","15":"entry","16":"content-bg","17":"loop-entry"},"_links":{"self":[{"href":"https:\/\/skbty.com\/de\/wp-json\/wp\/v2\/product\/2584","targetHints":{"allow":["GET"]}}],"collection":[{"href":"https:\/\/skbty.com\/de\/wp-json\/wp\/v2\/product"}],"about":[{"href":"https:\/\/skbty.com\/de\/wp-json\/wp\/v2\/types\/product"}],"replies":[{"embeddable":true,"href":"https:\/\/skbty.com\/de\/wp-json\/wp\/v2\/comments?post=2584"}],"wp:featuredmedia":[{"embeddable":true,"href":"https:\/\/skbty.com\/de\/wp-json\/wp\/v2\/media\/2585"}],"wp:attachment":[{"href":"https:\/\/skbty.com\/de\/wp-json\/wp\/v2\/media?parent=2584"}],"wp:term":[{"taxonomy":"product_brand","embeddable":true,"href":"https:\/\/skbty.com\/de\/wp-json\/wp\/v2\/product_brand?post=2584"},{"taxonomy":"product_cat","embeddable":true,"href":"https:\/\/skbty.com\/de\/wp-json\/wp\/v2\/product_cat?post=2584"},{"taxonomy":"product_tag","embeddable":true,"href":"https:\/\/skbty.com\/de\/wp-json\/wp\/v2\/product_tag?post=2584"}],"curies":[{"name":"wp","href":"https:\/\/api.w.org\/{rel}","templated":true}]}}