{"id":2592,"date":"2024-01-15T19:28:05","date_gmt":"2024-01-15T11:28:05","guid":{"rendered":"https:\/\/skbty.com\/?post_type=product&#038;p=2592"},"modified":"2025-12-05T18:42:05","modified_gmt":"2025-12-05T10:42:05","slug":"5-in-1-v9-velashape-korperformungsmaschine","status":"publish","type":"product","link":"https:\/\/skbty.com\/de\/product\/5-in-1-v9-velashape-korperformungsmaschine\/","title":{"rendered":"5-in-1-K\u00f6rperformungsmaschine V9 Velashape"},"content":{"rendered":"<div class=\"J_module\">\n<div class=\"icbu-pc-images magic-1\">\n<div class=\"flex-layout-v\">\n<div class=\"flex-layout-h magic-1\">\n<div>\n<h3>Was ist die <strong>V9 Velashape K\u00f6rperformungsmaschine?<\/strong><\/h3>\n<p><strong>Desktop V9 Velashape K\u00f6rperformungsmaschine<\/strong> ist ein multifunktionales Ger\u00e4t zur umfassenden Verj\u00fcngung von K\u00f6rper und Gesicht. Es bek\u00e4mpft effektiv Probleme wie Fettleibigkeit und Gesichtsalterung, indem es sichere Hochfrequenz-Energiewellen verwendet, um subkutane Fettzellen anzugreifen. Dieser Prozess erzeugt starke Sto\u00dfwellen, freie Radikale und Hochgeschwindigkeits-Mikrostrahlen, die die Fettzellw\u00e4nde von innen zersetzen. Die Zelltr\u00fcmmer werden von Phagozyten aufgenommen und freies Fett wird \u00fcber Lymphe und Blut in die Leber transportiert. Dieses Ger\u00e4t verbessert die K\u00f6rperkonturen, hebt schlaffe Bereiche an, verbessert die Hautfestigkeit und reduziert hartn\u00e4ckige Cellulite.<\/p>\n<table style=\"border-collapse: collapse; width: 100%;\">\n<tbody>\n<tr>\n<td style=\"width: 50%;\">\n<h3><img loading=\"lazy\" decoding=\"async\" class=\"magic-3 aligncenter\" title=\"V9 Velashape K\u00f6rperformungsmaschine\" src=\"https:\/\/sc04.alicdn.com\/kf\/Hbdfdeb1c61eb43ef8ca7ab596539ac92F\/247315878\/Hbdfdeb1c61eb43ef8ca7ab596539ac92F.jpg\" alt=\"V9 Velashape K\u00f6rperformungsmaschine\" width=\"351\" height=\"596\" data-src=\"\/\/sc04.alicdn.com\/kf\/Hbdfdeb1c61eb43ef8ca7ab596539ac92F\/247315878\/Hbdfdeb1c61eb43ef8ca7ab596539ac92F.jpg\" \/><\/h3>\n<\/td>\n<td style=\"width: 50%;\"><img loading=\"lazy\" decoding=\"async\" class=\"magic-23 aligncenter\" title=\"V9 Velashape K\u00f6rperformungsmaschine\" src=\"https:\/\/sc04.alicdn.com\/kf\/H10f32915c4784cc7ad70204cb19d588bo\/247315878\/H10f32915c4784cc7ad70204cb19d588bo.jpg\" alt=\"V9 Velashape K\u00f6rperformungsmaschine\" width=\"492\" height=\"519\" data-src=\"\/\/sc04.alicdn.com\/kf\/H10f32915c4784cc7ad70204cb19d588bo\/247315878\/H10f32915c4784cc7ad70204cb19d588bo.jpg\" \/><\/td>\n<\/tr>\n<\/tbody>\n<\/table>\n<h3>Technische Daten<\/h3>\n<ul>\n<li><strong>Produkt<\/strong>: Desktop VelashapeIII K\u00f6rperformungsmaschine<\/li>\n<li><strong>Stromspannung<\/strong>: 220 V\/50 Hz, 110 V\/60 Hz<\/li>\n<li><strong>Paketdimension<\/strong>: 63 cm<em>63 cm<\/em>63 cm<\/li>\n<li><strong>Maximale Leistung<\/strong>Leistung: 800 W<\/li>\n<li><strong>Sicherung<\/strong>: 220 V-5 A\/110 V-10 A<\/li>\n<\/ul>\n<h4>40-kHz-Kavitationskopf<\/h4>\n<ul>\n<li><strong>Stromspannung<\/strong>: 36 V<\/li>\n<li><strong>Kavitationsfrequenz<\/strong>: 40KHz<\/li>\n<li><strong>Maximale Ausgangsleistung<\/strong>Leistung: 54 W<\/li>\n<li><strong>Arbeitsbereich<\/strong>: 33cm\u00b2<\/li>\n<li><strong>Energieintensit\u00e4t<\/strong>: 1,62W\/cm\u00b2<\/li>\n<li><strong>Ausgabe<\/strong>: Puls<\/li>\n<li><strong>Ausgangspegel<\/strong>: 8<\/li>\n<\/ul>\n<h4>RF-Vakuumkopf f\u00fcr das Gesicht<\/h4>\n<ul>\n<li><strong>Luftpumpenspannung<\/strong>: 220 V\/110 V<\/li>\n<li><strong>HF-Spannung<\/strong>Leistung: DC36V<\/li>\n<li><strong>HF-Frequenz<\/strong>: 5 MHz<\/li>\n<li><strong>Ausgangspegel<\/strong>: 10<\/li>\n<\/ul>\n<h4>Mittlerer Rollenkopf<\/h4>\n<ul>\n<li><strong>Luftpumpenspannung<\/strong>: 220 V\/110 V<\/li>\n<li><strong>Motor-Getriebespannung<\/strong>Leistung: DC 5 V<\/li>\n<li><strong>HF-Spannung<\/strong>Leistung: DC36V<\/li>\n<li><strong>HF-Frequenz<\/strong>: 5 MHz<\/li>\n<li><strong>HF-Pegel<\/strong>: 10<\/li>\n<li><strong>Rotlicht<\/strong>: 650 nm<\/li>\n<\/ul>\n<h4>Augen Vakuum RF Stift<\/h4>\n<ul>\n<li><strong>Luftpumpenspannung<\/strong>: 220 V\/110 V<\/li>\n<li><strong>HF-Spannung<\/strong>Leistung: DC36V<\/li>\n<li><strong>HF-Frequenz<\/strong>: 5 MHz<\/li>\n<li><strong>Ausgangspegel<\/strong>: 10<\/li>\n<\/ul>\n<h4>Gro\u00dfer Rollenkopf<\/h4>\n<ul>\n<li><strong>Luftpumpenspannung<\/strong>: 220 V\/110 V<\/li>\n<li><strong>Motor-Getriebespannung<\/strong>Leistung: DC12V<\/li>\n<li><strong>HF-Frequenz<\/strong>: 5 MHz<\/li>\n<li><strong>HF-Ausgangspegel<\/strong>: 10<\/li>\n<li><strong>Maximale HF-Ausgangsleistung<\/strong>Leistung: 60 W<\/li>\n<li><strong>Leistung der Luftpumpe<\/strong>Leistung: 270 W<\/li>\n<li><strong>Rotlicht<\/strong>: 650 nm<\/li>\n<li><strong>Gr\u00fcnes Licht<\/strong>: 560 nm<\/li>\n<li><strong>Blaues Licht<\/strong>: 490 nm<\/li>\n<\/ul>\n<table style=\"border-collapse: collapse; width: 100%;\">\n<tbody>\n<tr>\n<td style=\"width: 50%;\"><img loading=\"lazy\" decoding=\"async\" class=\"magic-39 aligncenter\" title=\"V9 Velashape K\u00f6rperformungsmaschine\" src=\"https:\/\/sc04.alicdn.com\/kf\/Ha745133d14f9408aa651085591c3922ah\/247315878\/Ha745133d14f9408aa651085591c3922ah.jpg\" alt=\"V9 Velashape K\u00f6rperformungsmaschine\" width=\"427\" height=\"478\" data-src=\"\/\/sc04.alicdn.com\/kf\/Ha745133d14f9408aa651085591c3922ah\/247315878\/Ha745133d14f9408aa651085591c3922ah.jpg\" \/><\/td>\n<td style=\"width: 50%;\"><img loading=\"lazy\" decoding=\"async\" class=\"magic-41 aligncenter\" title=\"V9 Velashape K\u00f6rperformungsmaschine\" src=\"https:\/\/sc04.alicdn.com\/kf\/H49524add0fbe4a4ebbb4911a61adf65d4\/247315878\/H49524add0fbe4a4ebbb4911a61adf65d4.jpg\" alt=\"V9 Velashape K\u00f6rperformungsmaschine\" width=\"348\" height=\"458\" data-src=\"\/\/sc04.alicdn.com\/kf\/H49524add0fbe4a4ebbb4911a61adf65d4\/247315878\/H49524add0fbe4a4ebbb4911a61adf65d4.jpg\" \/><\/td>\n<\/tr>\n<\/tbody>\n<\/table>\n<h3>Funktionsprinzip<\/h3>\n<h4>Gro\u00dfer Rollenkopf<\/h4>\n<p>Verwendet Unterdruckabsaugung und ein einzigartiges Rollendesign, um Haut und Unterhautmuskelgewebe anzuheben. Die vorderen und hinteren Rollen mit Vakuumabsaugung f\u00fchren eine Tiefenmassage durch und beschleunigen den Stoffwechsel von Triglyceriden und Fetts\u00e4uren, die durch Fettabbau zersetzt werden. Die dreifarbige Lampe (rot, blau, gr\u00fcn) f\u00f6rdert die Durchblutung, beruhigt die Haut und f\u00f6rdert die Aufnahme. Diese Tiefenmassage erh\u00f6ht die lymphatische Entgiftung und die Durchblutung und verbraucht effektiv angesammeltes Fett f\u00fcr einen Schlankheitseffekt.<\/p>\n<h4>Mittlerer Rollenkopf<\/h4>\n<p>Verwendet Unterdruckabsaugung und ein einzigartiges Rollendesign zum Anheben der Haut und des subkutanen Muskelgewebes. Infrarotlicht f\u00f6rdert die Durchblutung. Diese Tiefenmassage beschleunigt den Fettstoffwechsel und die Entgiftung und verbraucht effektiv angesammeltes Fett f\u00fcr einen Schlankheitseffekt.<\/p>\n<table style=\"width: 100%; border-collapse: collapse;\" border=\"1\">\n<tbody>\n<tr>\n<td style=\"width: 20%;\">\n<h5>Gro\u00dfer Rollenkopf<\/h5>\n<\/td>\n<td style=\"width: 20%;\">\n<h5>Mittlerer Rollenkopf<\/h5>\n<\/td>\n<td style=\"width: 20%;\">\n<h5>40-kHz-Kavitationskopf<\/h5>\n<\/td>\n<td style=\"width: 20%;\">\n<h5>RF-Vakuumkopf f\u00fcr das Gesicht<\/h5>\n<\/td>\n<td style=\"width: 20%;\">\n<h5>Augen Vakuum RF Stift<\/h5>\n<\/td>\n<\/tr>\n<tr>\n<td style=\"width: 20%;\"><img loading=\"lazy\" decoding=\"async\" class=\"magic-30 aligncenter\" title=\"V9 Velashape K\u00f6rperformungsmaschine\" src=\"https:\/\/sc04.alicdn.com\/kf\/He62f99bdba0b40b1b5ad8aa981862649R\/247315878\/He62f99bdba0b40b1b5ad8aa981862649R.jpg\" alt=\"V9 Velashape K\u00f6rperformungsmaschine\" width=\"172\" height=\"172\" data-src=\"\/\/sc04.alicdn.com\/kf\/He62f99bdba0b40b1b5ad8aa981862649R\/247315878\/He62f99bdba0b40b1b5ad8aa981862649R.jpg\" \/><\/td>\n<td style=\"width: 20%;\"><img loading=\"lazy\" decoding=\"async\" class=\"magic-30 alignnone\" title=\"V9 Velashape K\u00f6rperformungsmaschine\" src=\"https:\/\/sc04.alicdn.com\/kf\/Hf3902ca765b5449d9e253deb76ac2ac1Q\/247315878\/Hf3902ca765b5449d9e253deb76ac2ac1Q.jpg\" alt=\"V9 Velashape K\u00f6rperformungsmaschine\" width=\"750\" height=\"750\" data-src=\"\/\/sc04.alicdn.com\/kf\/Hf3902ca765b5449d9e253deb76ac2ac1Q\/247315878\/Hf3902ca765b5449d9e253deb76ac2ac1Q.jpg\" \/><\/td>\n<td style=\"width: 20%;\"><span class=\"magic-13\" style=\"font-family: Arial;\"><img loading=\"lazy\" decoding=\"async\" class=\"magic-33 alignnone\" title=\"V9 Velashape K\u00f6rperformungsmaschine\" src=\"https:\/\/sc04.alicdn.com\/kf\/Hf7f3d7bdcd1945ef93f3091323db06e9e\/247315878\/Hf7f3d7bdcd1945ef93f3091323db06e9e.jpg\" alt=\"V9 Velashape K\u00f6rperformungsmaschine\" width=\"750\" height=\"750\" data-src=\"\/\/sc04.alicdn.com\/kf\/Hf7f3d7bdcd1945ef93f3091323db06e9e\/247315878\/Hf7f3d7bdcd1945ef93f3091323db06e9e.jpg\" \/><\/span><\/td>\n<td style=\"width: 20%;\"><img loading=\"lazy\" decoding=\"async\" class=\"magic-33 alignnone\" title=\"V9 Velashape K\u00f6rperformungsmaschine\" src=\"https:\/\/sc04.alicdn.com\/kf\/H33e9bb628a4946a59bd36e9c5ebf68be5\/247315878\/H33e9bb628a4946a59bd36e9c5ebf68be5.jpg\" alt=\"V9 Velashape K\u00f6rperformungsmaschine\" width=\"750\" height=\"750\" data-src=\"\/\/sc04.alicdn.com\/kf\/H33e9bb628a4946a59bd36e9c5ebf68be5\/247315878\/H33e9bb628a4946a59bd36e9c5ebf68be5.jpg\" \/><\/td>\n<td style=\"width: 20%;\"><img loading=\"lazy\" decoding=\"async\" class=\"magic-33 alignnone\" title=\"V9 Velashape K\u00f6rperformungsmaschine\" src=\"https:\/\/sc04.alicdn.com\/kf\/H9105239f72634cd5b5caeaf57377b2aei\/247315878\/H9105239f72634cd5b5caeaf57377b2aei.jpg\" alt=\"V9 Velashape K\u00f6rperformungsmaschine\" width=\"750\" height=\"750\" data-src=\"\/\/sc04.alicdn.com\/kf\/H9105239f72634cd5b5caeaf57377b2aei\/247315878\/H9105239f72634cd5b5caeaf57377b2aei.jpg\" \/><\/td>\n<\/tr>\n<\/tbody>\n<\/table>\n<h4>40-kHz-Kavitationskopf<\/h4>\n<p>Sendet 40-kHz-Schallwellen aus, um Sto\u00dfwellen und Mikrostrahlen zu erzeugen, die Fettzellen sicher zersetzen. Die R\u00fcckst\u00e4nde werden dann verstoffwechselt und \u00fcber das Lymphsystem ausgeschieden.<\/p>\n<h4>RF-Vakuumkopf f\u00fcr das Gesicht<\/h4>\n<p>Kombiniert Unterdruck, HF und Infrarotlicht, um schlaffe Gesichtshaut und Kollagenverlust zu verbessern. St\u00e4rkt die Durchblutung, aktiviert Zellen, f\u00f6rdert die Kollagenregeneration und bek\u00e4mpft Gesichtsfett, schlaffe Gesichtshaut und Falten.<\/p>\n<h4>Augen Vakuum RF Stift<\/h4>\n<p>Verwendet Unterdruck und HF, um die Blutzirkulation um die Augen zu verbessern, Tr\u00e4nens\u00e4cke zu beseitigen, feine Linien und Augenringe zu verbessern und die N\u00e4hrstoffaufnahme zu f\u00f6rdern.<\/p>\n<table style=\"border-collapse: collapse; width: 100%;\">\n<tbody>\n<tr>\n<td style=\"width: 50%;\"><img loading=\"lazy\" decoding=\"async\" class=\"magic-35 aligncenter\" title=\"V9 Velashape K\u00f6rperformungsmaschine\" src=\"https:\/\/sc04.alicdn.com\/kf\/H0d1631f1a406439481b88d010ccecf5df\/247315878\/H0d1631f1a406439481b88d010ccecf5df.jpg\" alt=\"V9 Velashape K\u00f6rperformungsmaschine\" width=\"399\" height=\"361\" data-src=\"\/\/sc04.alicdn.com\/kf\/H0d1631f1a406439481b88d010ccecf5df\/247315878\/H0d1631f1a406439481b88d010ccecf5df.jpg\" \/><\/td>\n<td style=\"width: 50%;\"><img loading=\"lazy\" decoding=\"async\" class=\"magic-37 aligncenter\" title=\"V9 Velashape K\u00f6rperformungsmaschine\" src=\"https:\/\/sc04.alicdn.com\/kf\/Hf1c4e13a540047bdb66c78ed4505919fu\/247315878\/Hf1c4e13a540047bdb66c78ed4505919fu.jpg\" alt=\"V9 Velashape K\u00f6rperformungsmaschine\" width=\"308\" height=\"410\" data-src=\"\/\/sc04.alicdn.com\/kf\/Hf1c4e13a540047bdb66c78ed4505919fu\/247315878\/Hf1c4e13a540047bdb66c78ed4505919fu.jpg\" \/><\/td>\n<\/tr>\n<\/tbody>\n<\/table>\n<h3>\u00a0Eigenschaften und Vorteile<\/h3>\n<ol>\n<li><strong>Nachgewiesene Wirksamkeit<\/strong>: Verbessert Cellulite und reduziert Fettansammlungen.<\/li>\n<li><strong>Weltweit empfohlen<\/strong>: Von der Weltgesundheitsorganisation empfohlen.<\/li>\n<li><strong>Von Prominenten empfohlen<\/strong>: Beliebt bei Hollywood-Stars und in zahlreichen Zeitschriften vorgestellt.<\/li>\n<li><strong>Fortschrittliche Technologie<\/strong>: Kombiniert Licht und HF, um die Wirksamkeit der Behandlung zu verbessern.<\/li>\n<li><strong>Nicht-invasiv<\/strong>: Angenehme Behandlung ohne Ausfallzeiten.<\/li>\n<li><strong>Umfassende Behandlung<\/strong>: Befasst sich sowohl mit der K\u00f6rperformung als auch mit der Gesichtsverj\u00fcngung.<\/li>\n<li><strong>Schnell und effektiv<\/strong>: Kurz- und langfristige Ergebnisse sind vorhersehbar und beeindruckend.<\/li>\n<li><strong>Sicher und komfortabel<\/strong>: Keine Nadeln oder Operation erforderlich.<\/li>\n<\/ol>\n<h3>Anwendungen<\/h3>\n<ol>\n<li><strong>Lifting und Straffung des Gesichts<\/strong>: Strafft und festigt die Gesichtshaut effektiv.<\/li>\n<li><strong>K\u00f6rperformung und Umfangreduzierung<\/strong>: Reduziert K\u00f6rperfett und formt den K\u00f6rper.<\/li>\n<li><strong>Beseitigen Sie Gesichts- und Halsfalten<\/strong>: Reduziert F\u00e4ltchen f\u00fcr ein glatteres Aussehen.<\/li>\n<li><strong>Behandeln Sie Akne, Augenringe und Tr\u00e4nens\u00e4cke<\/strong>: Verbessert die Gesundheit und das Aussehen der Haut.<\/li>\n<li><strong>Verbessern Sie den Hautstoffwechsel<\/strong>: Steigert den Hautstoffwechsel f\u00fcr ges\u00fcndere Haut.<\/li>\n<li><strong>Behandlung des oberen Augenlids<\/strong>: Speziell entwickelt, um das Aussehen des oberen Augenlids zu verbessern.<\/li>\n<li><strong>Glatte Hautoberfl\u00e4che und Massage<\/strong>: Sorgt f\u00fcr eine glatte Hautoberfl\u00e4che und eine entspannende Massage.<\/li>\n<li><strong>Reduzieren Sie Cellulite<\/strong>: Reduziert wirksam Cellulite f\u00fcr glattere Haut.<\/li>\n<\/ol>\n<h3><strong>Anpassen Logo<\/strong><\/h3>\n<p>Wollen, machen Ihre Marke stand heraus? Wir bieten angepasst logo Dienstleistungen zu helfen Sie erstellen Sie eine einzigartige und personalisierte logo spiegelt Ihre Marke Identit\u00e4t. Unser team von Experten arbeiten eng mit Ihnen zusammen, um ein logo zu entwerfen, die in Resonanz mit Ihrer Marke und messaging. Egal, ob Sie Umbau Ihres bestehenden Logos oder eine neue erstellen von Grund auf neu, wir haben Sie abgedeckt. <a href=\"\/de\/kontakt\/\">Kontaktieren Sie uns<\/a> heute erfahren Sie mehr \u00fcber unsere ma\u00dfgeschneiderten logo-Service!<\/p>\n<p style=\"text-align: center;\">\n<\/div>\n<\/div>\n<\/div>\n<\/div>\n<\/div>","protected":false},"excerpt":{"rendered":"<p><span class=\"magic-10\" style=\"font-family: Arial;\">Die K\u00f6rperformungsmaschine Desktop V9 Velashape ist ein multifunktionales, in das Betriebssystem integriertes Instrument, das K\u00f6rper und Gesicht kombiniert und Probleme wie K\u00f6rperfett und Gesichtsalterung verbessern kann. Das Instrument wirkt auf die subkutanen Fettzellen des menschlichen K\u00f6rpers durch eine sichere Hochfrequenzenergiewelle, die im Inneren der Fettzellen die gleiche Frequenzresonanz erzeugt, um starke Sto\u00dfwellen, freie Radikale und Hochgeschwindigkeitsmikrostrahlen zu erzeugen. Zersetzt die Fettzellwand sicher von innen, um Zelltr\u00fcmmer und freies Fett zu erzeugen. Zelltr\u00fcmmer werden von Phagozyten aufgenommen und freies Fett wird \u00fcber Lymphe und Blut in die Leber verstoffwechselt.<\/span><\/p>","protected":false},"featured_media":2593,"comment_status":"open","ping_status":"closed","template":"","meta":{"_kad_post_transparent":"default","_kad_post_title":"","_kad_post_layout":"default","_kad_post_sidebar_id":"","_kad_post_content_style":"default","_kad_post_vertical_padding":"default","_kad_post_feature":"","_kad_post_feature_position":"","_kad_post_header":false,"_kad_post_footer":false,"_kad_post_classname":"","rank_math_title":"","rank_math_description":"","rank_math_focus_keyword":""},"product_brand":[],"product_cat":[31],"product_tag":[],"class_list":{"0":"post-2592","1":"product","2":"type-product","3":"status-publish","4":"has-post-thumbnail","6":"product_cat-body-slimming","8":"first","9":"instock","10":"sale","11":"shipping-taxable","12":"purchasable","13":"product-type-simple","14":"entry","15":"content-bg","16":"loop-entry"},"_links":{"self":[{"href":"https:\/\/skbty.com\/de\/wp-json\/wp\/v2\/product\/2592","targetHints":{"allow":["GET"]}}],"collection":[{"href":"https:\/\/skbty.com\/de\/wp-json\/wp\/v2\/product"}],"about":[{"href":"https:\/\/skbty.com\/de\/wp-json\/wp\/v2\/types\/product"}],"replies":[{"embeddable":true,"href":"https:\/\/skbty.com\/de\/wp-json\/wp\/v2\/comments?post=2592"}],"wp:featuredmedia":[{"embeddable":true,"href":"https:\/\/skbty.com\/de\/wp-json\/wp\/v2\/media\/2593"}],"wp:attachment":[{"href":"https:\/\/skbty.com\/de\/wp-json\/wp\/v2\/media?parent=2592"}],"wp:term":[{"taxonomy":"product_brand","embeddable":true,"href":"https:\/\/skbty.com\/de\/wp-json\/wp\/v2\/product_brand?post=2592"},{"taxonomy":"product_cat","embeddable":true,"href":"https:\/\/skbty.com\/de\/wp-json\/wp\/v2\/product_cat?post=2592"},{"taxonomy":"product_tag","embeddable":true,"href":"https:\/\/skbty.com\/de\/wp-json\/wp\/v2\/product_tag?post=2592"}],"curies":[{"name":"wp","href":"https:\/\/api.w.org\/{rel}","templated":true}]}}