{"id":2600,"date":"2024-01-15T19:33:42","date_gmt":"2024-01-15T11:33:42","guid":{"rendered":"https:\/\/skbty.com\/?post_type=product&#038;p=2600"},"modified":"2024-06-18T15:36:58","modified_gmt":"2024-06-18T07:36:58","slug":"gesichts-mesotherapiegerat","status":"publish","type":"product","link":"https:\/\/skbty.com\/de\/product\/gesichts-mesotherapiegerat\/","title":{"rendered":"2-in-1-Mesotherapieger\u00e4t \u201eHello Face\u201c"},"content":{"rendered":"<div class=\"J_module\">\n<div class=\"detail-decorate-json-renderer-container\">\n<div class=\"magic-1\">\n<h3>Was ist die <strong>Hallo Ger\u00e4t zur Gesichtsmesotherapie?<\/strong><\/h3>\n<p><strong>2-in-1-Mesotherapieger\u00e4t \u201eHello Face\u201c<\/strong> ist ein fortschrittliches Hautpflegeger\u00e4t, das N\u00e4hrstoffe tief in die Haut einbringt und die Kollagenregeneration aktiviert. Durch die Kombination von Mesotherapie und HF-Technologien behandelt dieses Ger\u00e4t effektiv verschiedene Hautprobleme wie Falten, Erschlaffung und ungleichm\u00e4\u00dfigen Hautton und bietet eine umfassende L\u00f6sung zur Hautverj\u00fcngung.<\/p>\n<h3>Technologie der <strong>Mesotherapie f\u00fcr das Gesicht<\/strong><\/h3>\n<p><strong>Mesotherapie-Griff<\/strong>: Der ultraschnelle Luftstrom str\u00f6mt durch einen Partikelgenerator und zerlegt N\u00e4hrstoffe in Hunderte Millionen feiner Partikel. Diese Partikel werden dann auf \u00dcberschallgeschwindigkeit beschleunigt, durchbrechen die Hautbarriere und transportieren N\u00e4hrstoffe tief in die Hautschichten.<\/p>\n<p><strong>HF-Griff<\/strong>: Die elektrische HF-Welle dringt in die oberfl\u00e4chlichen, mittleren und tiefen Hautschichten ein und aktiviert die Neuorganisation und Regeneration von Kollagen, um Lifting- und Straffungseffekte zu erzielen.<\/p>\n<table style=\"border-collapse: collapse; width: 100%;\">\n<tbody>\n<tr>\n<td style=\"width: 50%;\"><img loading=\"lazy\" decoding=\"async\" class=\"magic-23 aligncenter\" title=\" Hello Face Mesotherapie-Ger\u00e4t\" src=\"https:\/\/sc04.alicdn.com\/kf\/H30209224264e47ed9573b5099bd4f395z\/247315878\/H30209224264e47ed9573b5099bd4f395z.jpg\" alt=\" Hello Face Mesotherapie-Ger\u00e4t\" width=\"385\" height=\"1191\" data-src=\"\/\/sc04.alicdn.com\/kf\/H30209224264e47ed9573b5099bd4f395z\/247315878\/H30209224264e47ed9573b5099bd4f395z.jpg\" \/><\/td>\n<td style=\"width: 50%;\"><img loading=\"lazy\" decoding=\"async\" class=\"magic-25 aligncenter\" title=\" Hello Face Mesotherapie-Ger\u00e4t\" src=\"https:\/\/sc04.alicdn.com\/kf\/H5be873a0debe4678b204d55227619797E\/247315878\/H5be873a0debe4678b204d55227619797E.jpg\" alt=\" Hello Face Mesotherapie-Ger\u00e4t\" width=\"364\" height=\"1185\" data-src=\"\/\/sc04.alicdn.com\/kf\/H5be873a0debe4678b204d55227619797E\/247315878\/H5be873a0debe4678b204d55227619797E.jpg\" \/><\/td>\n<\/tr>\n<\/tbody>\n<\/table>\n<h3>Technische Daten<\/h3>\n<ul>\n<li><strong>Name<\/strong>: 2 in 1 Hello Face Mesotherapieger\u00e4t<\/li>\n<li><strong>Merkmale<\/strong>: Faltenentferner, Hautstraffung, Anti-Aging, Festigung, Hautrevitalisierer, Aufhellung, Hautverj\u00fcngung, Beseitigung von Hautunreinheiten, Feuchtigkeitsspender, Porenreiniger<\/li>\n<li><strong>Service<\/strong>: OEM \/ ODM<\/li>\n<li><strong>Betriebsspannung<\/strong>: Wechselstrom 220 V-230 V<\/li>\n<li><strong>Frequenz<\/strong>: 4 MHz<\/li>\n<li><strong>Luftdruck<\/strong>: 0,65 MPA<\/li>\n<li><strong>Leistung<\/strong>Leistung: 160 W<\/li>\n<li><strong>Gr\u00f6\u00dfe<\/strong>: 40<em>33<\/em>16 cm<\/li>\n<li><strong>Bruttogewicht<\/strong>: 7,2 kg<\/li>\n<\/ul>\n<h3>Eigenschaften und Vorteile<\/h3>\n<ol>\n<li><strong>Straffung zarter Haut<\/strong>: Der schnelle Abbau der N\u00e4hrstoffe tief in der Haut sorgt f\u00fcr eine effektive Straffung.<\/li>\n<li><strong>All-in-One-Ger\u00e4t<\/strong>: Kombiniert mehrere Energien f\u00fcr eine umfassende Hautpflege.<\/li>\n<li><strong>Verbessertes Erlebnis<\/strong>: RF-Radiowellen dringen tief in die Haut ein und aktivieren die Kollagenrekombination und -regeneration.<\/li>\n<li><strong>Leistungsstarke Pr\u00e4zisionsreparatur<\/strong>: Sorgt f\u00fcr die gezielte Reparatur und Wiederherstellung der Hautschichten.<\/li>\n<li><strong>Praktisch und miniaturisiert<\/strong>: Miniaturisiertes RF-Sch\u00f6nheitsinstrument, das pr\u00e4zise und leistungsstark ist.<\/li>\n<li><strong>Sicher und einfach zu bedienen<\/strong>: Bietet Hautpflege wie im Salon zu Hause mit einfacher Bedienung.<\/li>\n<li><strong>Behandlungsbereiche<\/strong>: Wirksam bei Nasenfalten, Tr\u00e4nens\u00e4cken, Doppelkinn und zur Schaffung eines V-f\u00f6rmigen Gesichts.<\/li>\n<\/ol>\n<table style=\"border-collapse: collapse; width: 100%;\">\n<tbody>\n<tr>\n<td style=\"width: 50%;\"><img loading=\"lazy\" decoding=\"async\" class=\"magic-19 aligncenter\" title=\" Hello Face Mesotherapie-Ger\u00e4t\" src=\"https:\/\/sc04.alicdn.com\/kf\/H3439a3b8cf9547babe1f7210168b5618B\/247315878\/H3439a3b8cf9547babe1f7210168b5618B.jpg\" alt=\" Hello Face Mesotherapie-Ger\u00e4t\" width=\"545\" height=\"1024\" data-src=\"\/\/sc04.alicdn.com\/kf\/H3439a3b8cf9547babe1f7210168b5618B\/247315878\/H3439a3b8cf9547babe1f7210168b5618B.jpg\" \/><\/td>\n<td style=\"width: 50%;\"><img loading=\"lazy\" decoding=\"async\" class=\"magic-21 aligncenter\" title=\" Hello Face Mesotherapie-Ger\u00e4t\" src=\"https:\/\/sc04.alicdn.com\/kf\/H314468e725b240be8fa67f2a0d8ef969s\/247315878\/H314468e725b240be8fa67f2a0d8ef969s.jpg\" alt=\" Hello Face Mesotherapie-Ger\u00e4t\" width=\"470\" height=\"1023\" data-src=\"\/\/sc04.alicdn.com\/kf\/H314468e725b240be8fa67f2a0d8ef969s\/247315878\/H314468e725b240be8fa67f2a0d8ef969s.jpg\" \/><\/td>\n<\/tr>\n<\/tbody>\n<\/table>\n<h3>Anwendungen<\/h3>\n<ul>\n<li><strong>Faltenentfernung<\/strong>: Reduziert effektiv feine Linien und F\u00e4ltchen.<\/li>\n<li><strong>Hautstraffung<\/strong>: Strafft und festigt schlaffe Haut.<\/li>\n<li><strong>Anti-Aging<\/strong>: Bek\u00e4mpft Zeichen der Hautalterung f\u00fcr ein jugendliches Aussehen.<\/li>\n<li><strong>Hautrevitalisierung<\/strong>: Revitalisiert und verj\u00fcngt die Haut und verbessert das gesamte Hautbild.<\/li>\n<li><strong>Zahnaufhellung<\/strong>: Verbessert den Hautton und reduziert Hautunreinheiten.<\/li>\n<li><strong>Feuchtigkeitsspendend<\/strong>: Spendet der Haut tiefenwirksam Feuchtigkeit.<\/li>\n<li><strong>Porenreinigung<\/strong>: Reinigt und minimiert die Poren f\u00fcr glattere Haut.<\/li>\n<\/ul>\n<div class=\"magic-4\">\n<div class=\"magic-5\">\n<div class=\"magic-6\">\n<table style=\"border-collapse: collapse; width: 100%;\">\n<tbody>\n<tr>\n<td style=\"width: 50%;\"><img loading=\"lazy\" decoding=\"async\" class=\"magic-27 aligncenter\" title=\" Hello Face Mesotherapie-Ger\u00e4t\" src=\"https:\/\/sc04.alicdn.com\/kf\/H0d22ccafebd342b1839b00dd85a9fb5e4\/247315878\/H0d22ccafebd342b1839b00dd85a9fb5e4.jpg\" alt=\" Hello Face Mesotherapie-Ger\u00e4t\" width=\"460\" height=\"786\" data-src=\"\/\/sc04.alicdn.com\/kf\/H0d22ccafebd342b1839b00dd85a9fb5e4\/247315878\/H0d22ccafebd342b1839b00dd85a9fb5e4.jpg\" \/><\/td>\n<td style=\"width: 50%;\"><img loading=\"lazy\" decoding=\"async\" class=\"magic-29 aligncenter\" title=\" Hello Face Mesotherapie-Ger\u00e4t\" src=\"https:\/\/sc04.alicdn.com\/kf\/Ha2da571fd45d47deb19ac768bc3765eer\/247315878\/Ha2da571fd45d47deb19ac768bc3765eer.jpg\" alt=\" Hello Face Mesotherapie-Ger\u00e4t\" width=\"495\" height=\"787\" data-src=\"\/\/sc04.alicdn.com\/kf\/Ha2da571fd45d47deb19ac768bc3765eer\/247315878\/Ha2da571fd45d47deb19ac768bc3765eer.jpg\" \/><\/td>\n<\/tr>\n<\/tbody>\n<\/table>\n<\/div>\n<\/div>\n<\/div>\n<\/div>\n<\/div>\n<\/div>\n<div class=\"J_module\">\n<div class=\"icbu-pc-images magic-8\">\n<div class=\"flex-layout-v\">\n<div class=\"flex-layout-h magic-8\"><\/div>\n<\/div>\n<\/div>\n<\/div>\n<div class=\"J_module\">\n<div class=\"detail-decorate-json-renderer-container\">\n<div class=\"magic-1\">\n<div class=\"magic-4\">\n<div class=\"magic-5\">\n<div class=\"magic-6\"><\/div>\n<\/div>\n<\/div>\n<\/div>\n<\/div>\n<\/div>\n<div class=\"J_module\">\n<div class=\"icbu-pc-images magic-8\">\n<div class=\"flex-layout-v\">\n<div class=\"flex-layout-h magic-8\">\n<div class=\"magic-18\">\n<h3><strong>Anpassen Logo<\/strong><\/h3>\n<p>Wollen, machen Ihre Marke stand heraus? Wir bieten angepasst logo Dienstleistungen zu helfen Sie erstellen Sie eine einzigartige und personalisierte logo spiegelt Ihre Marke Identit\u00e4t. Unser team von Experten arbeiten eng mit Ihnen zusammen, um ein logo zu entwerfen, die in Resonanz mit Ihrer Marke und messaging. Egal, ob Sie Umbau Ihres bestehenden Logos oder eine neue erstellen von Grund auf neu, wir haben Sie abgedeckt. <a href=\"\/de\/kontakt\/\">Kontaktieren Sie uns<\/a> heute erfahren Sie mehr \u00fcber unsere ma\u00dfgeschneiderten logo-Service!<\/p>\n<\/div>\n<\/div>\n<\/div>\n<\/div>\n<\/div>","protected":false},"excerpt":{"rendered":"<p><span class=\"magic-7\" style=\"font-family: Arial;\"><b>Mesotherapie-Griff:<\/b> Der ultraschnelle Luftstrom durchstr\u00f6mt den Partikelgenerator und zerlegt die N\u00e4hrstoffe sofort in Hunderte Millionen feiner Partikel. Anschlie\u00dfend beschleunigt der Partikelbeschleuniger die N\u00e4hrstoffpartikel auf \u00dcberschallgeschwindigkeit, durchbricht sofort die Hautbarriere und liefert die N\u00e4hrstoffe an die tiefen Hautschichten.<\/span><\/p>\n<p><span class=\"magic-7\" style=\"font-family: Arial;\"><b>RF-Griff: <\/b>Die elektrische HF-Welle wird auf die oberfl\u00e4chlichen, mittleren und tiefen Schichten der Haut \u00fcbertragen, um die Neuorganisation und Regeneration von Kollagen zu aktivieren und den Effekt des Anhebens und Straffens zu erzielen.<\/span><\/p>","protected":false},"featured_media":2601,"comment_status":"open","ping_status":"closed","template":"","meta":{"_kad_post_transparent":"default","_kad_post_title":"","_kad_post_layout":"default","_kad_post_sidebar_id":"","_kad_post_content_style":"default","_kad_post_vertical_padding":"default","_kad_post_feature":"","_kad_post_feature_position":"","_kad_post_header":false,"_kad_post_footer":false,"_kad_post_classname":"","rank_math_title":"","rank_math_description":"","rank_math_focus_keyword":""},"product_brand":[],"product_cat":[33],"product_tag":[],"class_list":{"0":"post-2600","1":"product","2":"type-product","3":"status-publish","4":"has-post-thumbnail","6":"product_cat-face-care","8":"first","9":"instock","10":"shipping-taxable","11":"product-type-simple","12":"entry","13":"content-bg","14":"loop-entry"},"_links":{"self":[{"href":"https:\/\/skbty.com\/de\/wp-json\/wp\/v2\/product\/2600","targetHints":{"allow":["GET"]}}],"collection":[{"href":"https:\/\/skbty.com\/de\/wp-json\/wp\/v2\/product"}],"about":[{"href":"https:\/\/skbty.com\/de\/wp-json\/wp\/v2\/types\/product"}],"replies":[{"embeddable":true,"href":"https:\/\/skbty.com\/de\/wp-json\/wp\/v2\/comments?post=2600"}],"wp:featuredmedia":[{"embeddable":true,"href":"https:\/\/skbty.com\/de\/wp-json\/wp\/v2\/media\/2601"}],"wp:attachment":[{"href":"https:\/\/skbty.com\/de\/wp-json\/wp\/v2\/media?parent=2600"}],"wp:term":[{"taxonomy":"product_brand","embeddable":true,"href":"https:\/\/skbty.com\/de\/wp-json\/wp\/v2\/product_brand?post=2600"},{"taxonomy":"product_cat","embeddable":true,"href":"https:\/\/skbty.com\/de\/wp-json\/wp\/v2\/product_cat?post=2600"},{"taxonomy":"product_tag","embeddable":true,"href":"https:\/\/skbty.com\/de\/wp-json\/wp\/v2\/product_tag?post=2600"}],"curies":[{"name":"wp","href":"https:\/\/api.w.org\/{rel}","templated":true}]}}