{"id":2608,"date":"2024-01-15T19:39:47","date_gmt":"2024-01-15T11:39:47","guid":{"rendered":"https:\/\/skbty.com\/?post_type=product&#038;p=2608"},"modified":"2024-06-18T12:09:39","modified_gmt":"2024-06-18T04:09:39","slug":"5-zoll-v10-cellulite-velashape-korperformungsmaschine","status":"publish","type":"product","link":"https:\/\/skbty.com\/de\/product\/5-zoll-v10-cellulite-velashape-korperformungsmaschine\/","title":{"rendered":"5 in 1 V10 Velashape K\u00f6rperformungsmaschine"},"content":{"rendered":"<div class=\"J_module\">\n<div class=\"icbu-pc-images magic-1\">\n<div class=\"flex-layout-v\">\n<div class=\"flex-layout-h magic-1\">\n<h3 class=\"magic-2\">Was ist die <strong>V10 Velashape K\u00f6rperformungsmaschine?<\/strong><\/h3>\n<\/div>\n<\/div>\n<\/div>\n<\/div>\n<div class=\"J_module\">\n<div class=\"detail-decorate-json-renderer-container\">\n<div class=\"magic-4\">\n<p><strong>Desktop V10 Velashape K\u00f6rperformungsmaschine<\/strong> ist ein multifunktionales Ger\u00e4t, das f\u00fcr eine umfassende K\u00f6rperstraffung und Gesichtsverj\u00fcngung entwickelt wurde. Durch die Kombination fortschrittlicher Technologien bek\u00e4mpft es effektiv Fettleibigkeit und Gesichtsalterung. Das Ger\u00e4t verwendet sichere Hochfrequenz-Energiewellen, um subkutane Fettzellen anzugreifen, und erzeugt Sto\u00dfwellen, freie Radikale und Hochgeschwindigkeits-Mikrostrahlen, um Fettzellen zu zersetzen. Diese nicht-invasive Methode hebt schlaffe Ges\u00e4\u00dfbacken an, reduziert Bauchfett und strafft die Haut, w\u00e4hrend sie gleichzeitig hartn\u00e4ckige Cellulite verbessert. Der HF-Gesichtskopf stimuliert die Kollagenproduktion und verbessert so Gesichtserschlaffung und F\u00e4ltchen.<\/p>\n<table style=\"border-collapse: collapse; width: 100%;\">\n<tbody>\n<tr>\n<td style=\"width: 50%;\">\n<h3><img loading=\"lazy\" decoding=\"async\" class=\"magic-3 aligncenter\" title=\"V10 Velashape K\u00f6rperformungsmaschine\" src=\"https:\/\/sc04.alicdn.com\/kf\/H6fbc105297674cd383d026b64b01f4eel\/247315878\/H6fbc105297674cd383d026b64b01f4eel.png\" alt=\"V10 Velashape K\u00f6rperformungsmaschine\" width=\"342\" height=\"697\" data-src=\"\/\/sc04.alicdn.com\/kf\/H6fbc105297674cd383d026b64b01f4eel\/247315878\/H6fbc105297674cd383d026b64b01f4eel.png\" \/><\/h3>\n<\/td>\n<td style=\"width: 50%;\"><img loading=\"lazy\" decoding=\"async\" class=\"magic-23 aligncenter\" title=\"V10 Velashape K\u00f6rperformungsmaschine\" src=\"https:\/\/sc04.alicdn.com\/kf\/H430ac6c0b9364bd687ad96e530fbfbf2W\/247315878\/H430ac6c0b9364bd687ad96e530fbfbf2W.jpg\" alt=\"V10 Velashape K\u00f6rperformungsmaschine\" width=\"437\" height=\"468\" data-src=\"\/\/sc04.alicdn.com\/kf\/H430ac6c0b9364bd687ad96e530fbfbf2W\/247315878\/H430ac6c0b9364bd687ad96e530fbfbf2W.jpg\" \/><\/td>\n<\/tr>\n<\/tbody>\n<\/table>\n<h3>Funktionsprinzip<\/h3>\n<p>Die <strong>Desktop V10 Velashape K\u00f6rperformungsmaschine<\/strong> nutzt mehrere Technologien f\u00fcr eine umfassende Behandlung:<\/p>\n<ul>\n<li><strong>Multifunktionaler integrierter Kopf<\/strong>: Kombiniert 40K starke Schallwellen, BIO-Mikrostr\u00f6me, HF, Unterdruck und Infrarotlicht. Es zielt mit starken Schallwellen auf das Unterhautfettgewebe ab und nutzt dann hochfrequente HF-Wellen, um den Abbau des Fettgewebes in freie Fetts\u00e4uren und Glycerin zu f\u00f6rdern, die dann verstoffwechselt und ausgeschieden werden.<\/li>\n<li><strong>3D-Vakuum-RF-Kopf<\/strong>: Verwendet eine fortschrittliche Vakuum-Unterdruck-Fettabsaugungstechnologie in Kombination mit Infrarotstrahlen und HF-Elektroden. Dadurch wird freies Fett effektiv platziert und aufgel\u00f6st, wodurch Cellulite gemindert und schlankmachende und formende Effekte erzielt werden.<\/li>\n<li><strong>40-kHz-Kavitationskopf<\/strong>: Sendet 40-kHz-Schallwellen aus, um in subkutane Fettzellen einzudringen und Sto\u00dfwellen und Hochgeschwindigkeits-Mikrostrahlen zu erzeugen, die Fettzellen sicher zersetzen. Die R\u00fcckst\u00e4nde werden dann verstoffwechselt und ausgeschieden.<\/li>\n<li><strong>Multipolare HF<\/strong>: Verbessert die lokale Durchblutung, f\u00f6rdert den Fettzellstoffwechsel, strafft die Haut und erzielt einen schlankmachenden und formenden Effekt.<\/li>\n<li><strong>RF-Vakuumstift f\u00fcr Gesicht und Augen<\/strong>: Verwendet Unterdruck, HF und Infrarotlicht, um schlaffe Gesichtshaut zu verbessern, die Kollagenregeneration anzuregen und Alterungsprobleme im Gesicht und im Augenbereich zu behandeln.<\/li>\n<\/ul>\n<h3><img loading=\"lazy\" decoding=\"async\" class=\"magic-39 aligncenter\" title=\"V10 Velashape K\u00f6rperformungsmaschine\" src=\"https:\/\/sc04.alicdn.com\/kf\/Hf219cc11f3b044d4b5661c1590a9ea17g\/247315878\/Hf219cc11f3b044d4b5661c1590a9ea17g.jpg\" alt=\"V10 Velashape K\u00f6rperformungsmaschine\" width=\"466\" height=\"490\" data-src=\"\/\/sc04.alicdn.com\/kf\/Hf219cc11f3b044d4b5661c1590a9ea17g\/247315878\/Hf219cc11f3b044d4b5661c1590a9ea17g.jpg\" \/><\/h3>\n<h3>Eigenschaften und Vorteile<\/h3>\n<ol>\n<li><strong>Nachgewiesene Wirksamkeit<\/strong>: Verbessert Cellulite und reduziert Fettansammlungen.<\/li>\n<li><strong>Weltweit empfohlen<\/strong>: Von der Weltgesundheitsorganisation empfohlen.<\/li>\n<li><strong>Von Prominenten empfohlen<\/strong>: Beliebt bei Hollywood-Stars und in zahlreichen Zeitschriften vorgestellt.<\/li>\n<li><strong>Fortschrittliche Technologie<\/strong>: Kombiniert Licht und HF, um die Wirksamkeit der Behandlung zu verbessern.<\/li>\n<li><strong>Nicht-invasiv<\/strong>: Angenehme Behandlung ohne Ausfallzeiten.<\/li>\n<li><strong>Umfassende Behandlung<\/strong>: Befasst sich sowohl mit der K\u00f6rperformung als auch mit der Gesichtsverj\u00fcngung.<\/li>\n<li><strong>Schnell und effektiv<\/strong>: Kurz- und langfristige Ergebnisse sind vorhersehbar und beeindruckend.<\/li>\n<li><strong>Sicher und komfortabel<\/strong>: Keine Nadeln oder Operation erforderlich.<\/li>\n<\/ol>\n<h3>Anwendungen<\/h3>\n<ol>\n<li><strong>Gesicht heben und Haut straffen<\/strong>: Strafft und festigt die Gesichtshaut effektiv.<\/li>\n<li><strong>K\u00f6rperformung und Umfangreduzierung<\/strong>: Reduziert K\u00f6rperfett und formt den K\u00f6rper.<\/li>\n<li><strong>Beseitigen Sie Gesichts- und Halsfalten<\/strong>: Reduziert F\u00e4ltchen f\u00fcr ein glatteres Aussehen.<\/li>\n<li><strong>Behandeln Sie Akne, Augenringe und Tr\u00e4nens\u00e4cke<\/strong>: Verbessert die Gesundheit und das Aussehen der Haut.<\/li>\n<li><strong>Verbessern Sie den Hautstoffwechsel<\/strong>: Steigert den Hautstoffwechsel f\u00fcr ges\u00fcndere Haut.<\/li>\n<li><strong>Behandlung des oberen Augenlids<\/strong>: Speziell entwickelt, um das Aussehen des oberen Augenlids zu verbessern.<\/li>\n<li><strong>Glatte Hautoberfl\u00e4che und Massage<\/strong>: Sorgt f\u00fcr eine glatte Hautoberfl\u00e4che und eine entspannende Massage.<\/li>\n<li><strong>Reduzieren Sie Cellulite<\/strong>: Reduziert wirksam Cellulite f\u00fcr glattere Haut.<\/li>\n<\/ol>\n<h3>\u00a0Mehrere Funktionsk\u00f6pfe<\/h3>\n<\/div>\n<\/div>\n<\/div>\n<div class=\"J_module\">\n<div class=\"detail-decorate-json-renderer-container\">\n<div class=\"magic-4\">\n<div class=\"magic-24\">\n<table class=\"hight-light-first-column all magic-11\" style=\"width: 100%; height: 1164px;\">\n<tbody>\n<tr style=\"height: 248px;\">\n<td style=\"width: 20.5541%; height: 248px;\" colspan=\"1\" rowspan=\"1\">\n<div class=\"magic-12\" data-spm-anchor-id=\"a2700.details.0.i87.6eb928absgMT6Q\"><img loading=\"lazy\" decoding=\"async\" class=\"magic-30 alignnone\" title=\"V10 Velashape K\u00f6rperformungsmaschine\" src=\"https:\/\/sc04.alicdn.com\/kf\/He1f964e1e3014c77aaf8fd49e852a03bT\/247315878\/He1f964e1e3014c77aaf8fd49e852a03bT.jpg\" alt=\"V10 Velashape K\u00f6rperformungsmaschine\" width=\"750\" height=\"750\" data-src=\"\/\/sc04.alicdn.com\/kf\/He1f964e1e3014c77aaf8fd49e852a03bT\/247315878\/He1f964e1e3014c77aaf8fd49e852a03bT.jpg\" \/><\/div>\n<\/td>\n<td style=\"width: 78.731%; height: 248px;\" colspan=\"1\" rowspan=\"1\">\n<div class=\"magic-14\"><span class=\"magic-13\" style=\"font-family: Arial;\"><b>Multifunktionaler integrierter Kopf <\/b><br \/>\nIn Kombination mit zwei 40K starken Schallwellen, zwei BIO-Mikrostr\u00f6men, zwei Radiofrequenz-, Unterdruck- und Infrarotlampen verwendet der Multifunktionsgriff zuerst 40K starke Schallwellen und dann hochfrequente Radiofrequenzwellen, um gezielt auf die Wassermolek\u00fcle im Unterhautfettgewebe einzuwirken. Die bipolaren Wassermolek\u00fcle erzeugen schnelle Vibrationen. Die durch diese schnell rotierende Reibung und die subtile mechanische Stimulation des tiefen Hautgewebes unter der abwechselnden Wirkung des Unterdrucks erzeugte W\u00e4rme f\u00f6rdert die biochemische Reaktion des tiefen Fettgewebes und beschleunigt so den Fettabbau. Unter Einwirkung von Magnetwellen und Radiofrequenz wird schnell Lipase aktiviert, um den Fettabbau zu beschleunigen, das Fettgewebe der Fettzellen in freie Fetts\u00e4uren und Glycerin zu zerlegen und es \u00fcber den menschlichen Stoffwechsel aus dem K\u00f6rper auszuscheiden, wodurch das Orangenhautgewebe verbessert und Gewicht verloren geht.<\/span><\/div>\n<\/td>\n<\/tr>\n<tr style=\"height: 229px;\">\n<td style=\"width: 20.5541%; height: 229px;\" colspan=\"1\" rowspan=\"1\">\n<div class=\"magic-15\"><img loading=\"lazy\" decoding=\"async\" class=\"magic-30 alignnone\" title=\"V10 Velashape K\u00f6rperformungsmaschine\" src=\"https:\/\/sc04.alicdn.com\/kf\/H28cfd846e0b448cd85ba83bce3eab031a\/247315878\/H28cfd846e0b448cd85ba83bce3eab031a.jpg\" alt=\"V10 Velashape K\u00f6rperformungsmaschine\" width=\"750\" height=\"750\" data-src=\"\/\/sc04.alicdn.com\/kf\/H28cfd846e0b448cd85ba83bce3eab031a\/247315878\/H28cfd846e0b448cd85ba83bce3eab031a.jpg\" \/><\/div>\n<\/td>\n<td style=\"width: 78.731%; height: 229px;\" colspan=\"1\" rowspan=\"1\">\n<div class=\"magic-14\"><span class=\"magic-13\" style=\"font-family: Arial;\"><b>3D-Vakuum-RF-Kopf <\/b><br \/>\nDurch die Verwendung einer fortschrittlichen Vakuum-Unterdruck-Fettabsaugungstechnologie in Kombination mit Infrarotstrahlen, die eine Tiefe von 650 nm erreichen k\u00f6nnen, und gleichzeitiger Verwendung von Radiofrequenzelektroden wird freies Fett platziert, \u00fcbersch\u00fcssiges Fett verbrannt und aufgel\u00f6st und durch den Stoffwechsel des K\u00f6rpers ausgeschieden, um eine Verbesserung der Orangenhautorganisation sowie einen Schlankheits- und Formungseffekt zu erzielen.<\/span><\/div>\n<\/td>\n<\/tr>\n<tr style=\"height: 229px;\">\n<td style=\"width: 20.5541%; height: 229px;\" colspan=\"1\" rowspan=\"1\">\n<div class=\"magic-15\"><img loading=\"lazy\" decoding=\"async\" class=\"magic-33 alignnone\" title=\"V10 Velashape K\u00f6rperformungsmaschine\" src=\"https:\/\/sc04.alicdn.com\/kf\/Hf7f3d7bdcd1945ef93f3091323db06e9e\/247315878\/Hf7f3d7bdcd1945ef93f3091323db06e9e.jpg\" alt=\"V10 Velashape K\u00f6rperformungsmaschine\" width=\"750\" height=\"750\" data-src=\"\/\/sc04.alicdn.com\/kf\/Hf7f3d7bdcd1945ef93f3091323db06e9e\/247315878\/Hf7f3d7bdcd1945ef93f3091323db06e9e.jpg\" \/><\/div>\n<\/td>\n<td style=\"width: 78.731%; height: 229px;\" colspan=\"1\" rowspan=\"1\">\n<div class=\"magic-14\">\n<p><b><span class=\"magic-13\" style=\"font-family: Arial;\">40-kHz-Kavitationskopf<\/span><\/b><\/p>\n<div><span class=\"magic-13\" style=\"font-family: Arial;\">Die Schallwelle mit einer Frequenz von 40.000 Hz wird von einem starken Schallwellenkopf ausgesendet, der starke Schallwellen sammelt. Die Energiewelle dringt in die subkutanen Fettzellen des menschlichen K\u00f6rpers ein und erzeugt im Fett die gleiche Frequenzresonanz, um starke Sto\u00dfwellen, freie Radikale und Hochgeschwindigkeitsmikrostrahlen zu erzeugen. Die Fettzellwand ist von innen sicher und wird zersetzt, um Zelltr\u00fcmmer und freies Fett zu erzeugen. Zelltr\u00fcmmer werden von Phagozyten aufgenommen und freies Fett wird \u00fcber Lymphe und Blut in die Leber metabolisiert.<\/span><\/div>\n<\/div>\n<\/td>\n<\/tr>\n<tr style=\"height: 229px;\">\n<td style=\"width: 20.5541%; height: 229px;\" colspan=\"1\" rowspan=\"1\">\n<div class=\"magic-15\"><img loading=\"lazy\" decoding=\"async\" class=\"magic-33 alignnone\" title=\"V10 Velashape K\u00f6rperformungsmaschine\" src=\"https:\/\/sc04.alicdn.com\/kf\/H724ea3d832604acd897f69294d5f134d0\/247315878\/H724ea3d832604acd897f69294d5f134d0.jpg\" alt=\"V10 Velashape K\u00f6rperformungsmaschine\" width=\"750\" height=\"750\" data-src=\"\/\/sc04.alicdn.com\/kf\/H724ea3d832604acd897f69294d5f134d0\/247315878\/H724ea3d832604acd897f69294d5f134d0.jpg\" \/><\/div>\n<\/td>\n<td style=\"width: 78.731%; height: 229px;\" colspan=\"1\" rowspan=\"1\">\n<div class=\"magic-14\"><span style=\"font-family: Arial;\"><b>Multipolare HF <\/b><br \/>\nHochfrequente Radiofrequenz kann die lokale Durchblutung schnell verbessern, Fetts\u00e4ure verursachen<br \/>\nAbbau und Fettzellstoffwechsel, f\u00f6rdern die Durchblutung, straffen die Haut und erzielen die Wirkung<br \/>\nder Abnehm- und<\/span><span style=\"font-family: Arial;\">\u00a0Gestaltung.<\/span><\/div>\n<\/td>\n<\/tr>\n<tr style=\"height: 229px;\">\n<td style=\"width: 20.5541%; height: 229px;\" colspan=\"1\" rowspan=\"1\">\n<div class=\"magic-15\"><img loading=\"lazy\" decoding=\"async\" class=\"magic-33 alignnone\" title=\"V10 Velashape K\u00f6rperformungsmaschine\" src=\"https:\/\/sc04.alicdn.com\/kf\/H9105239f72634cd5b5caeaf57377b2aei\/247315878\/H9105239f72634cd5b5caeaf57377b2aei.jpg\" alt=\"V10 Velashape K\u00f6rperformungsmaschine\" width=\"750\" height=\"750\" data-src=\"\/\/sc04.alicdn.com\/kf\/H9105239f72634cd5b5caeaf57377b2aei\/247315878\/H9105239f72634cd5b5caeaf57377b2aei.jpg\" \/><\/div>\n<\/td>\n<td style=\"width: 78.731%; height: 229px;\" colspan=\"1\" rowspan=\"1\">\n<div class=\"magic-14\"><span style=\"font-family: Arial;\"><b>RF-Vakuumstift f\u00fcr Gesicht und Augen <\/b><br \/>\nVerwenden Sie Unterdruck, Radiofrequenz und Infrarot, um Altersprobleme wie Gesichts<br \/>\nErschlaffung und weiterer Kollagenverlust, st\u00e4rken die Durchblutung des Gesichts, aktivieren schlafende Zellen,<br \/>\nF\u00f6rdern Sie die Kollagenregeneration, l\u00f6sen Sie \u00fcbersch\u00fcssiges Fett im Gesicht und entspannen Sie Erschlaffung und Falten, verbessern Sie<br \/>\nStraffende Gesichtshaut, mildert F\u00e4ltchen. F\u00f6rdert die Durchblutung der Augen, beseitigt Tr\u00e4nens\u00e4cke, mildert trockene feine Linien und dunkle Augenringe, beseitigt die Ansammlung von \u00fcbersch\u00fcssigem Fett in den Augen und f\u00f6rdert die Aufnahme von N\u00e4hrstoffen.<\/span><\/div>\n<\/td>\n<\/tr>\n<\/tbody>\n<\/table>\n<\/div>\n<\/div>\n<\/div>\n<\/div>\n<div class=\"J_module\">\n<div class=\"icbu-pc-images magic-1\">\n<div class=\"flex-layout-v\">\n<div class=\"flex-layout-h magic-1\">\n<div class=\"magic-34\">\n<table style=\"border-collapse: collapse; width: 100%;\">\n<tbody>\n<tr>\n<td style=\"width: 50%;\"><img loading=\"lazy\" decoding=\"async\" class=\"magic-35 aligncenter\" title=\"V10 Velashape K\u00f6rperformungsmaschine\" src=\"https:\/\/sc04.alicdn.com\/kf\/H2158c7927b664de880edcb8cb34a477ca\/247315878\/H2158c7927b664de880edcb8cb34a477ca.jpg\" alt=\"V10 Velashape K\u00f6rperformungsmaschine\" width=\"790\" height=\"692\" data-src=\"\/\/sc04.alicdn.com\/kf\/H2158c7927b664de880edcb8cb34a477ca\/247315878\/H2158c7927b664de880edcb8cb34a477ca.jpg\" \/><\/td>\n<td style=\"width: 50%;\"><img loading=\"lazy\" decoding=\"async\" class=\"magic-37 aligncenter\" title=\"V10 Velashape K\u00f6rperformungsmaschine\" src=\"https:\/\/sc04.alicdn.com\/kf\/H2c5be636130b4f7db0ddda00c9962ceeJ\/247315878\/H2c5be636130b4f7db0ddda00c9962ceeJ.jpg\" alt=\"V10 Velashape K\u00f6rperformungsmaschine\" width=\"377\" height=\"483\" data-src=\"\/\/sc04.alicdn.com\/kf\/H2c5be636130b4f7db0ddda00c9962ceeJ\/247315878\/H2c5be636130b4f7db0ddda00c9962ceeJ.jpg\" \/><\/td>\n<\/tr>\n<\/tbody>\n<\/table>\n<\/div>\n<\/div>\n<\/div>\n<\/div>\n<\/div>\n<div class=\"J_module\">\n<div class=\"icbu-pc-images magic-1\">\n<div class=\"flex-layout-v\">\n<div class=\"flex-layout-h magic-1\">\n<div class=\"magic-36\"><\/div>\n<\/div>\n<\/div>\n<\/div>\n<\/div>\n<div class=\"J_module\">\n<div class=\"icbu-pc-images magic-1\">\n<div class=\"flex-layout-v\">\n<div class=\"flex-layout-h magic-1\"><\/div>\n<\/div>\n<\/div>\n<\/div>\n<div class=\"J_module\">\n<div class=\"detail-decorate-json-renderer-container\">\n<div class=\"magic-4\">\n<div class=\"magic-7\">\n<div class=\"magic-8\">\n<div class=\"magic-9\">\n<h3><strong>Anpassen Logo<\/strong><\/h3>\n<p>Wollen, machen Ihre Marke stand heraus? Wir bieten angepasst logo Dienstleistungen zu helfen Sie erstellen Sie eine einzigartige und personalisierte logo spiegelt Ihre Marke Identit\u00e4t. Unser team von Experten arbeiten eng mit Ihnen zusammen, um ein logo zu entwerfen, die in Resonanz mit Ihrer Marke und messaging. Egal, ob Sie Umbau Ihres bestehenden Logos oder eine neue erstellen von Grund auf neu, wir haben Sie abgedeckt. <a href=\"\/de\/kontakt\/\">Kontaktieren Sie uns<\/a> heute erfahren Sie mehr \u00fcber unsere ma\u00dfgeschneiderten logo-Service!<\/p>\n<\/div>\n<\/div>\n<\/div>\n<\/div>\n<\/div>\n<\/div>\n<div class=\"J_module\">\n<div class=\"detail-decorate-json-renderer-container\">\n<div class=\"magic-4\">\n<div class=\"magic-7\">\n<div class=\"magic-8\">\n<div class=\"magic-9\"><\/div>\n<\/div>\n<\/div>\n<\/div>\n<\/div>\n<\/div>","protected":false},"excerpt":{"rendered":"<p><span class=\"magic-10\" style=\"font-family: Arial;\">Das umfassende Schlankheits- und Gewichtsverlustger\u00e4t V10 f\u00fcr den Desktop ist ein multifunktionales, in das Betriebssystem integriertes Ger\u00e4t, das K\u00f6rper und Gesicht kombiniert und Probleme wie Fettleibigkeit und Gesichtsalterung verbessern kann. Das Ger\u00e4t wirkt auf die subkutanen Fettzellen des Menschen durch eine sichere Hochfrequenzenergiewelle und wird in den Fettzellen erzeugt. Die gleiche Frequenzresonanz erzeugt starke Sto\u00dfwellen, freie Radikale und Hochgeschwindigkeitsmikrostrahlen. Die Fettzellwand wird sicher von innen zersetzt, um Zelltr\u00fcmmer und freies Fett zu erzeugen. Zelltr\u00fcmmer werden von Phagozyten aufgenommen und freies Fett wird \u00fcber Lymphe und Blut in die Leber verstoffwechselt.<\/span><\/p>","protected":false},"featured_media":2609,"comment_status":"open","ping_status":"closed","template":"","meta":{"_kad_post_transparent":"default","_kad_post_title":"","_kad_post_layout":"default","_kad_post_sidebar_id":"","_kad_post_content_style":"default","_kad_post_vertical_padding":"default","_kad_post_feature":"","_kad_post_feature_position":"","_kad_post_header":false,"_kad_post_footer":false,"_kad_post_classname":"","rank_math_title":"","rank_math_description":"","rank_math_focus_keyword":""},"product_brand":[],"product_cat":[31],"product_tag":[],"class_list":{"0":"post-2608","1":"product","2":"type-product","3":"status-publish","4":"has-post-thumbnail","6":"product_cat-body-slimming","8":"first","9":"instock","10":"shipping-taxable","11":"product-type-simple","12":"entry","13":"content-bg","14":"loop-entry"},"_links":{"self":[{"href":"https:\/\/skbty.com\/de\/wp-json\/wp\/v2\/product\/2608","targetHints":{"allow":["GET"]}}],"collection":[{"href":"https:\/\/skbty.com\/de\/wp-json\/wp\/v2\/product"}],"about":[{"href":"https:\/\/skbty.com\/de\/wp-json\/wp\/v2\/types\/product"}],"replies":[{"embeddable":true,"href":"https:\/\/skbty.com\/de\/wp-json\/wp\/v2\/comments?post=2608"}],"wp:featuredmedia":[{"embeddable":true,"href":"https:\/\/skbty.com\/de\/wp-json\/wp\/v2\/media\/2609"}],"wp:attachment":[{"href":"https:\/\/skbty.com\/de\/wp-json\/wp\/v2\/media?parent=2608"}],"wp:term":[{"taxonomy":"product_brand","embeddable":true,"href":"https:\/\/skbty.com\/de\/wp-json\/wp\/v2\/product_brand?post=2608"},{"taxonomy":"product_cat","embeddable":true,"href":"https:\/\/skbty.com\/de\/wp-json\/wp\/v2\/product_cat?post=2608"},{"taxonomy":"product_tag","embeddable":true,"href":"https:\/\/skbty.com\/de\/wp-json\/wp\/v2\/product_tag?post=2608"}],"curies":[{"name":"wp","href":"https:\/\/api.w.org\/{rel}","templated":true}]}}