{"id":2678,"date":"2024-03-08T16:21:57","date_gmt":"2024-03-08T08:21:57","guid":{"rendered":"https:\/\/skbty.com\/?post_type=product&#038;p=2678"},"modified":"2025-01-17T18:53:07","modified_gmt":"2025-01-17T10:53:07","slug":"emr-gesichts-anti-aging-pflegegerat","status":"publish","type":"product","link":"https:\/\/skbty.com\/de\/product\/emr-gesichts-anti-aging-pflegegerat\/","title":{"rendered":"EMRF-Gesichts-Anti-Aging-Pflegeger\u00e4t"},"content":{"rendered":"<div class=\"J_module\">\n<div class=\"detail-decorate-json-renderer-container\">\n<div class=\"magic-2\">\n<h3>Was ist das EMRF-Anti-Aging-Gesichtspflegeger\u00e4t?<\/h3>\n<p><strong>EMRF-Gesichts-Anti-Aging-Pflegeger\u00e4t<\/strong> ist ein nicht-invasives Ger\u00e4t zur Verj\u00fcngung und Wiederherstellung der Gesichtshaut. Durch die Verwendung hochintensiver elektromagnetischer Gesichtsstimulation (HIFES) und monopolarer Radiofrequenztechnologie (RF) wird eine kontinuierliche Kontraktion und Spannung der Gesichtsmuskeln hervorgerufen. Dies verbessert die Muskelkraft und die Ruhespannung und stellt die Unterst\u00fctzung des Gesichtsgewebes wieder her und verbessert sie. Die Behandlung f\u00f6rdert auch die Neubildung von Kollagen, Elastin und Bindegewebe und wirkt der durch Muskelschwund verursachten Gesichtsalterung entgegen. Erleben Sie mit EMRF ein jugendliches, straffes und revitalisiertes Aussehen.<\/p>\n<table style=\"border-collapse: collapse; width: 100%;\">\n<tbody>\n<tr>\n<td style=\"width: 45.1743%;\">\n<h3><img loading=\"lazy\" decoding=\"async\" class=\"magic-14 aligncenter\" title=\"EMRF-Gesichts-Anti-Aging-Pflegeger\u00e4t\" src=\"https:\/\/sc04.alicdn.com\/kf\/H8cb289016bd44c31996067f807c12c6fU\/247315878\/H8cb289016bd44c31996067f807c12c6fU.jpg\" alt=\"EMRF-Gesichts-Anti-Aging-Pflegeger\u00e4t\" width=\"395\" height=\"458\" data-src=\"\/\/sc04.alicdn.com\/kf\/H8cb289016bd44c31996067f807c12c6fU\/247315878\/H8cb289016bd44c31996067f807c12c6fU.jpg\" \/><\/h3>\n<\/td>\n<td style=\"width: 54.8257%;\">\n<h3><img loading=\"lazy\" decoding=\"async\" class=\"magic-20 aligncenter\" title=\"EMRF-Gesichts-Anti-Aging-Pflegeger\u00e4t\" src=\"https:\/\/sc04.alicdn.com\/kf\/Hd8056e039d7648b2a10504e49d700824I\/247315878\/Hd8056e039d7648b2a10504e49d700824I.jpg\" alt=\"EMRF-Gesichts-Anti-Aging-Pflegeger\u00e4t\" width=\"563\" height=\"460\" data-src=\"\/\/sc04.alicdn.com\/kf\/Hd8056e039d7648b2a10504e49d700824I\/247315878\/Hd8056e039d7648b2a10504e49d700824I.jpg\" \/><\/h3>\n<\/td>\n<\/tr>\n<\/tbody>\n<\/table>\n<h3>Arbeitsprinzip<\/h3>\n<p>Das EMRF-Ger\u00e4t gibt hochintensive elektromagnetische Gesichtsstimulation (HIFES) und HF-Energie \u00fcber ein Behandlungskopfpflaster ab. Diese Kombination l\u00f6st rhythmische Muskelkontraktionen und -z\u00fcge aus und verbessert so Muskelkraft und -spannung. Die HF-Energie erw\u00e4rmt die Dermis gleichm\u00e4\u00dfig und stimuliert die Kollagen- und Elastinproduktion. Dadurch werden die Gesichtskonturen verbessert und gefestigt, das Gesicht geformt und die Hautstruktur verbessert, was zu einem klareren, definierteren und revitalisierteren Aussehen f\u00fchrt.<\/p>\n<h3>Technische Daten<\/h3>\n<ul>\n<li><strong>Name<\/strong>: EMRF-Gesichts-Anti-Aging-Pflegeger\u00e4t<\/li>\n<li><strong>Technologie<\/strong>: Hochintensive elektromagnetische Gesichtsstimulation + monopolare Radiofrequenz<\/li>\n<li><strong>Touch-Screen<\/strong>: 15 Zoll<\/li>\n<li><strong>HF-Frequenz<\/strong>: 1-4MHz<\/li>\n<li><strong>OEM-Dienst<\/strong>: OEM\/ODM\/24-Stunden-Online-Service<\/li>\n<li><strong>Versorgungsspannung<\/strong>: Wechselstrom 100\u00a0V \u2013 240\u00a0V, 50\u00a0Hz \u2013 60\u00a0Hz<\/li>\n<li><strong>Leistung<\/strong>: 100-200W<\/li>\n<li><strong>Airbox-Gr\u00f6\u00dfe<\/strong>: 40\u00d743\u00d750cm<\/li>\n<li><strong>Bruttogewicht<\/strong>: 15 kg<\/li>\n<\/ul>\n<h3>Vorteile<\/h3>\n<ol>\n<li><strong>Nicht-invasiv und komfortabel<\/strong>: Bietet eine schmerzlose, nicht-invasive Behandlung ohne An\u00e4sthesie.<\/li>\n<li><strong>Effektive Kombination<\/strong>: Verwendet hochintensive elektromagnetische Gesichtsstimulation und synchrone HF f\u00fcr eine umfassende Behandlung der Gesichtshaut und -muskulatur.<\/li>\n<li><strong>Freih\u00e4ndiger Betrieb<\/strong>: Einfach und sicher in der Anwendung, einfach auftragen und loslegen.<\/li>\n<li><strong>Schnelle Behandlung<\/strong>: F\u00fcr eine komplette Gesichtspflege reicht eine einzige 20-min\u00fctige Sitzung aus.<\/li>\n<li><strong>Anti-Aging-Vorteile<\/strong>: Strafft das Gesicht effektiv und reduziert feine Linien und F\u00e4ltchen.<\/li>\n<li><strong>Komfortables Erlebnis<\/strong>: F\u00fchlt sich an wie eine Hot-Stone-Massage f\u00fcrs Gesicht, ohne Nebenwirkungen.<\/li>\n<li><strong>Keine Nadeln oder Operationen<\/strong>: Eine vorteilhafte Alternative zu invasiven Behandlungen.<\/li>\n<\/ol>\n<h3>Hauptfunktionen<\/h3>\n<ol>\n<li><strong>Gl\u00e4ttet Stirnfalten<\/strong><\/li>\n<li><strong>Hebt die Wangen an<\/strong><\/li>\n<li><strong>Anti-Aging<\/strong><\/li>\n<li><strong>Reduziert Falten<\/strong><\/li>\n<li><strong>Formt die Kieferpartie<\/strong><\/li>\n<li><strong>Erh\u00f6ht den Muskeltonus<\/strong><\/li>\n<li><strong>Verbessert die Hautelastizit\u00e4t<\/strong><\/li>\n<\/ol>\n<h3>Vorteile der EMRF-Behandlung<\/h3>\n<p>EMRF bietet zahlreiche Vorteile durch nicht-invasive Gesichtspflege, darunter:<\/p>\n<ul>\n<li><strong>Gesichtslifting<\/strong>: Strafft und festigt die Gesichtshaut.<\/li>\n<li><strong>Faltenreduzierung<\/strong>: Minimiert feine Linien und F\u00e4ltchen.<\/li>\n<li><strong>Kollagen- und Elastin-Boost<\/strong>: Erh\u00f6ht die Produktion von Kollagen und Elastin.<\/li>\n<li><strong>Verbesserung des Muskeltonus<\/strong>: Verbessert den Muskeltonus und die Hubkraft.<\/li>\n<li><strong>Verbessertes Erscheinungsbild<\/strong>: Verbessert das gesamte Erscheinungsbild des Gesichts.<\/li>\n<li><strong>Gleichm\u00e4\u00dfiger Hautton<\/strong>: Sorgt f\u00fcr einen gleichm\u00e4\u00dfigeren Hautton.<\/li>\n<li><strong>Jugendliches Aussehen<\/strong>: Verleiht ein nat\u00fcrlich jugendliches Aussehen.<\/li>\n<\/ul>\n<\/div>\n<\/div>\n<\/div>\n<div class=\"J_module\">\n<div class=\"detail-decorate-json-renderer-container\">\n<div class=\"magic-2\">\n<div class=\"magic-5\">\n<div class=\"magic-6\">\n<div class=\"magic-7\">\n<table style=\"border-collapse: collapse; width: 100%;\">\n<tbody>\n<tr>\n<td style=\"width: 50%;\"><img loading=\"lazy\" decoding=\"async\" class=\"magic-28 aligncenter\" title=\"EMRF-Gesichts-Anti-Aging-Pflegeger\u00e4t\" src=\"https:\/\/sc04.alicdn.com\/kf\/Ha93beaaf080d4b1f9bfb63303635cf49r\/247315878\/Ha93beaaf080d4b1f9bfb63303635cf49r.jpg\" alt=\"EMRF-Gesichts-Anti-Aging-Pflegeger\u00e4t\" width=\"850\" height=\"548\" data-src=\"\/\/sc04.alicdn.com\/kf\/Ha93beaaf080d4b1f9bfb63303635cf49r\/247315878\/Ha93beaaf080d4b1f9bfb63303635cf49r.jpg\" \/><\/td>\n<td style=\"width: 50%;\"><img loading=\"lazy\" decoding=\"async\" class=\"magic-30 aligncenter\" title=\"EMRF-Gesichts-Anti-Aging-Pflegeger\u00e4t\" src=\"https:\/\/sc04.alicdn.com\/kf\/H7da226aae95c42ebad319912f98c54bfM\/247315878\/H7da226aae95c42ebad319912f98c54bfM.png\" alt=\"EMRF-Gesichts-Anti-Aging-Pflegeger\u00e4t\" width=\"849\" height=\"586\" data-src=\"\/\/sc04.alicdn.com\/kf\/H7da226aae95c42ebad319912f98c54bfM\/247315878\/H7da226aae95c42ebad319912f98c54bfM.png\" \/><\/td>\n<\/tr>\n<\/tbody>\n<\/table>\n<\/div>\n<\/div>\n<\/div>\n<\/div>\n<\/div>\n<\/div>\n<div class=\"J_module\">\n<div class=\"icbu-pc-images magic-12\">\n<div class=\"flex-layout-v\">\n<div class=\"flex-layout-h magic-12\">\n<div class=\"magic-16\"><\/div>\n<\/div>\n<\/div>\n<\/div>\n<\/div>\n<div class=\"J_module\">\n<div class=\"detail-decorate-json-renderer-container\">\n<div class=\"magic-2\"><\/div>\n<\/div>\n<\/div>\n<div class=\"J_module\">\n<div class=\"detail-decorate-json-renderer-container\">\n<div class=\"magic-2\">\n<div class=\"magic-5\">\n<div class=\"magic-6\">\n<div class=\"magic-7\">\n<h3><strong>Anpassen Logo<\/strong><\/h3>\n<p>Wollen, machen Ihre Marke stand heraus? Wir bieten angepasst logo Dienstleistungen zu helfen Sie erstellen Sie eine einzigartige und personalisierte logo spiegelt Ihre Marke Identit\u00e4t. Unser team von Experten arbeiten eng mit Ihnen zusammen, um ein logo zu entwerfen, die in Resonanz mit Ihrer Marke und messaging. Egal, ob Sie Umbau Ihres bestehenden Logos oder eine neue erstellen von Grund auf neu, wir haben Sie abgedeckt. <a href=\"\/de\/kontakt\/\">Kontaktieren Sie uns<\/a> heute erfahren Sie mehr \u00fcber unsere ma\u00dfgeschneiderten logo-Service!<\/p>\n<\/div>\n<\/div>\n<\/div>\n<\/div>\n<\/div>\n<\/div>\n<div class=\"J_module\">\n<div class=\"icbu-pc-images magic-12\">\n<div class=\"flex-layout-v\">\n<div class=\"flex-layout-h magic-12\">\n<div class=\"magic-23\"><\/div>\n<\/div>\n<\/div>\n<\/div>\n<\/div>\n<div class=\"J_module\">\n<div class=\"icbu-pc-images magic-12\">\n<div class=\"flex-layout-v\">\n<div class=\"flex-layout-h magic-12\">\n<div class=\"magic-27\"><\/div>\n<\/div>\n<\/div>\n<\/div>\n<\/div>\n<div class=\"J_module\">\n<div class=\"icbu-pc-images magic-12\">\n<div class=\"flex-layout-v\">\n<div class=\"flex-layout-h magic-12\">\n<div class=\"magic-29\"><\/div>\n<\/div>\n<\/div>\n<\/div>\n<\/div>\n<div class=\"J_module\">\n<div class=\"detail-decorate-json-renderer-container\">\n<div class=\"magic-2\">\n<h3 class=\"magic-3\"><\/h3>\n<div class=\"magic-5\">\n<div class=\"magic-6\">\n<div class=\"magic-7\"><\/div>\n<\/div>\n<\/div>\n<\/div>\n<\/div>\n<\/div>\n<div class=\"J_module\">\n<div class=\"icbu-pc-images magic-12\">\n<div class=\"flex-layout-v\">\n<div class=\"flex-layout-h magic-12\">\n<div class=\"magic-31\"><\/div>\n<\/div>\n<\/div>\n<\/div>\n<\/div>","protected":false},"excerpt":{"rendered":"<p><span class=\"magic-8\" style=\"font-family: Arial;\">EMRF ist ein nicht-invasives Anti-Aging-Gesichtspflegeger\u00e4t, das hochintensive elektromagnetische Gesichtsstimulation (HIFES) + monopolare Radiofrequenztechnologie (RF) verwendet, um eine kontinuierliche Kontraktion und Spannung der Gesichtsmuskeln zu induzieren, die Muskelkraft und Ruhespannung zu verbessern, um die St\u00fctzkraft des Gesichtsgewebes wiederherzustellen und zu verbessern, und gleichzeitig die Neubildung von Kollagen, Elastin und Bindegewebe zu steigern und so die durch den Verlust der Gesichtsmuskulatur verursachten Alterungsprobleme zu verbessern. Enth\u00fcllen Sie eine j\u00fcngere, st\u00e4rkere, ges\u00fcndere, straffere, energiegeladenere, erneuerte Version Ihrer selbst, innerlich und \u00e4u\u00dferlich.<\/span><\/p>","protected":false},"featured_media":2679,"comment_status":"open","ping_status":"closed","template":"","meta":{"_kad_post_transparent":"default","_kad_post_title":"","_kad_post_layout":"default","_kad_post_sidebar_id":"","_kad_post_content_style":"default","_kad_post_vertical_padding":"default","_kad_post_feature":"","_kad_post_feature_position":"","_kad_post_header":false,"_kad_post_footer":false,"_kad_post_classname":"","rank_math_title":"","rank_math_description":"","rank_math_focus_keyword":""},"product_brand":[],"product_cat":[33],"product_tag":[],"class_list":{"0":"post-2678","1":"product","2":"type-product","3":"status-publish","4":"has-post-thumbnail","6":"product_cat-face-care","8":"first","9":"instock","10":"shipping-taxable","11":"product-type-simple","12":"entry","13":"content-bg","14":"loop-entry"},"_links":{"self":[{"href":"https:\/\/skbty.com\/de\/wp-json\/wp\/v2\/product\/2678","targetHints":{"allow":["GET"]}}],"collection":[{"href":"https:\/\/skbty.com\/de\/wp-json\/wp\/v2\/product"}],"about":[{"href":"https:\/\/skbty.com\/de\/wp-json\/wp\/v2\/types\/product"}],"replies":[{"embeddable":true,"href":"https:\/\/skbty.com\/de\/wp-json\/wp\/v2\/comments?post=2678"}],"wp:featuredmedia":[{"embeddable":true,"href":"https:\/\/skbty.com\/de\/wp-json\/wp\/v2\/media\/2679"}],"wp:attachment":[{"href":"https:\/\/skbty.com\/de\/wp-json\/wp\/v2\/media?parent=2678"}],"wp:term":[{"taxonomy":"product_brand","embeddable":true,"href":"https:\/\/skbty.com\/de\/wp-json\/wp\/v2\/product_brand?post=2678"},{"taxonomy":"product_cat","embeddable":true,"href":"https:\/\/skbty.com\/de\/wp-json\/wp\/v2\/product_cat?post=2678"},{"taxonomy":"product_tag","embeddable":true,"href":"https:\/\/skbty.com\/de\/wp-json\/wp\/v2\/product_tag?post=2678"}],"curies":[{"name":"wp","href":"https:\/\/api.w.org\/{rel}","templated":true}]}}