{"id":2685,"date":"2024-03-08T16:28:03","date_gmt":"2024-03-08T08:28:03","guid":{"rendered":"https:\/\/skbty.com\/?post_type=product&#038;p=2685"},"modified":"2024-06-17T17:02:20","modified_gmt":"2024-06-17T09:02:20","slug":"hallo-gesicht-mesotherapie-maschine","status":"publish","type":"product","link":"https:\/\/skbty.com\/de\/product\/hallo-gesicht-mesotherapie-maschine\/","title":{"rendered":"HELLO FACE Mesotherapie-Ger\u00e4t"},"content":{"rendered":"<div class=\"J_module\">\n<div class=\"detail-decorate-json-renderer-container\">\n<div class=\"magic-1\"><\/div>\n<\/div>\n<\/div>\n<div class=\"J_module\">\n<div class=\"icbu-pc-images magic-8\">\n<div class=\"flex-layout-v\">\n<div class=\"flex-layout-h magic-8\">\n<h3>Was ist das HELLO FACE Mesotherapieger\u00e4t?<\/h3>\n<p><strong>HELLO FACE Mesotherapieger\u00e4t<\/strong> nutzt eine fortschrittliche Hochdruck-Spr\u00fchtechnologie, um N\u00e4hrl\u00f6sungen in Nanomolek\u00fcle umzuwandeln, die sofort in die Haut eindringen. Bei einer konstanten Temperatur von 36 Grad Celsius erf\u00e4hrt die Haut einen sofortigen K\u00fchleffekt, der die Durchblutung aktiviert und die Poren \u00f6ffnet. Dadurch k\u00f6nnen ultrafeine Molek\u00fcle die tieferen Schichten der Haut erreichen und N\u00e4hrstoffe liefern, die die Zellregeneration anregen, besch\u00e4digte Zellen reparieren und die Barrierefunktion der Haut wiederherstellen. Dieses Ger\u00e4t bek\u00e4mpft Hautprobleme an der Wurzel, verbessert die Widerstandskraft der Haut und sorgt f\u00fcr eine ges\u00fcndere Haut. Es funktioniert in Kombination mit verschiedenen Feuchtigkeits-, Reparatur- und Anti-Aging-Produkten, um optimale Ergebnisse zu erzielen.<\/p>\n<h3>Funktionsprinzip<\/h3>\n<p><strong>HELLO FACE II Super-\u00dcbertragungstechnologie<\/strong><\/p>\n<p>Das HELLO FACE II-Ger\u00e4t verwendet Hochdruckstrahltechnologie, um N\u00e4hrstoffl\u00f6sungen sofort in kleine Nanomolek\u00fcle zu zerlegen. Diese Molek\u00fcle dringen Schicht f\u00fcr Schicht tief in die Haut ein und liefern N\u00e4hrstoffe, die die Zellregeneration anregen und besch\u00e4digte Zellen reparieren. Diese Technologie verbessert die Widerstandskraft der Haut, f\u00f6rdert die allgemeine Hautgesundheit und arbeitet effektiv mit Feuchtigkeits-, Reparatur- und Anti-Aging-Produkten zusammen, um perfekte Ergebnisse zu erzielen.<\/p>\n<h3>Vorteile<\/h3>\n<ul>\n<li><strong>Spitzentechnologie<\/strong>: Wegweisend f\u00fcr neue Hautpflege-Erlebnisse.<\/li>\n<li><strong>Hightech und nicht-invasiv<\/strong>: Bietet schmerzlose, nicht-invasive Behandlungen.<\/li>\n<li><strong>Jugendliche Haut<\/strong>: F\u00f6rdert kollagenreiche, jugendliche Haut.<\/li>\n<\/ul>\n<h3>Technische Daten<\/h3>\n<ul>\n<li><strong>Name<\/strong>: Hello Face Mesotherapie-Ger\u00e4t<\/li>\n<li><strong>Merkmale<\/strong>: Faltenentferner, Hautstraffung, Anti-Aging, Festigung, Hautrevitalisierer, Aufhellung, Hautverj\u00fcngung, Beseitigung von Hautunreinheiten, Feuchtigkeitsspender, Porenreiniger.<\/li>\n<li><strong>Service<\/strong>: OEM \/ ODM<\/li>\n<li><strong>Stromspannung<\/strong>: Wechselstrom 210 V-240 V<\/li>\n<li><strong>Betriebsspannung<\/strong>: 24 V<\/li>\n<li><strong>Luftdruck<\/strong>: 1 MPA<\/li>\n<li><strong>Leistung<\/strong>Leistung: 140 W<\/li>\n<li><strong>Gr\u00f6\u00dfe<\/strong>: 38<em>31<\/em>24 cm<\/li>\n<li><strong>Bruttogewicht<\/strong>: 6,8 kg<\/li>\n<\/ul>\n<table style=\"border-collapse: collapse; width: 100%;\">\n<tbody>\n<tr>\n<td style=\"width: 33.311%;\"><img loading=\"lazy\" decoding=\"async\" class=\"magic-19 aligncenter\" title=\"HELLO FACE Mesotherapie-Ger\u00e4t\" src=\"https:\/\/sc04.alicdn.com\/kf\/H8bb0410966ba41b18b472670e6618d2cW\/247315878\/H8bb0410966ba41b18b472670e6618d2cW.jpg\" alt=\"HELLO FACE Mesotherapie-Ger\u00e4t\" width=\"309\" height=\"384\" data-src=\"\/\/sc04.alicdn.com\/kf\/H8bb0410966ba41b18b472670e6618d2cW\/247315878\/H8bb0410966ba41b18b472670e6618d2cW.jpg\" \/><\/td>\n<td style=\"width: 35.0983%;\"><img loading=\"lazy\" decoding=\"async\" class=\"magic-21 aligncenter\" title=\"HELLO FACE Mesotherapie-Ger\u00e4t\" src=\"https:\/\/sc04.alicdn.com\/kf\/H7e69602adb5e46528734352c165cfc8bM\/247315878\/H7e69602adb5e46528734352c165cfc8bM.jpg\" alt=\"HELLO FACE Mesotherapie-Ger\u00e4t\" width=\"415\" height=\"418\" data-src=\"\/\/sc04.alicdn.com\/kf\/H7e69602adb5e46528734352c165cfc8bM\/247315878\/H7e69602adb5e46528734352c165cfc8bM.jpg\" \/><\/td>\n<td style=\"width: 31.5907%;\"><img loading=\"lazy\" decoding=\"async\" class=\"magic-33 aligncenter\" title=\"HELLO FACE Mesotherapie-Ger\u00e4t\" src=\"https:\/\/sc04.alicdn.com\/kf\/H601523f71c1646f8a2003eb91d514bd0A\/247315878\/H601523f71c1646f8a2003eb91d514bd0A.jpg\" alt=\"HELLO FACE Mesotherapie-Ger\u00e4t\" width=\"273\" height=\"461\" data-src=\"\/\/sc04.alicdn.com\/kf\/H601523f71c1646f8a2003eb91d514bd0A\/247315878\/H601523f71c1646f8a2003eb91d514bd0A.jpg\" \/><\/td>\n<\/tr>\n<\/tbody>\n<\/table>\n<h3>Vorteile und Funktionen<\/h3>\n<ol>\n<li><strong>Fortschrittliche Technologie<\/strong>: Nutzt Hochdruckstrahltechnologie f\u00fcr tiefes Eindringen in die Haut.<\/li>\n<li><strong>Konstante Temperatur<\/strong>: H\u00e4lt eine konstante Temperatur von 36 Grad Celsius f\u00fcr eine optimale Aufnahme durch die Haut.<\/li>\n<li><strong>Sofortige Wirkung<\/strong>: Aktiviert die Durchblutung, \u00f6ffnet die Poren und liefert sofort N\u00e4hrstoffe.<\/li>\n<li><strong>Zellregeneration<\/strong>: Stimuliert die Zellregeneration und repariert besch\u00e4digte Zellen.<\/li>\n<li><strong>Wiederherstellung der Barrierefunktion<\/strong>: Stellt die Barrierefunktion der Haut wieder her und sorgt f\u00fcr eine ges\u00fcndere Haut.<\/li>\n<li><strong>Umfassende Hautpflege<\/strong>: Funktioniert mit Feuchtigkeits-, Reparatur- und Anti-Aging-Produkten, um die besten Ergebnisse zu erzielen.<\/li>\n<\/ol>\n<table style=\"border-collapse: collapse; width: 100%;\">\n<tbody>\n<tr>\n<td style=\"width: 50%;\"><img loading=\"lazy\" decoding=\"async\" class=\"magic-25 aligncenter\" title=\"HELLO FACE Mesotherapie-Ger\u00e4t\" src=\"https:\/\/sc04.alicdn.com\/kf\/H28aecbc8fde6430fa2efd2d9d75984faI\/247315878\/H28aecbc8fde6430fa2efd2d9d75984faI.jpg\" alt=\"HELLO FACE Mesotherapie-Ger\u00e4t\" width=\"431\" height=\"582\" data-src=\"\/\/sc04.alicdn.com\/kf\/H28aecbc8fde6430fa2efd2d9d75984faI\/247315878\/H28aecbc8fde6430fa2efd2d9d75984faI.jpg\" \/><\/td>\n<td style=\"width: 50%;\"><img loading=\"lazy\" decoding=\"async\" class=\"magic-27 aligncenter\" title=\"HELLO FACE Mesotherapie-Ger\u00e4t\" src=\"https:\/\/sc04.alicdn.com\/kf\/H8c508d6eefac429aabd7cd5ad074a82bS\/247315878\/H8c508d6eefac429aabd7cd5ad074a82bS.jpg\" alt=\"HELLO FACE Mesotherapie-Ger\u00e4t\" width=\"359\" height=\"631\" data-src=\"\/\/sc04.alicdn.com\/kf\/H8c508d6eefac429aabd7cd5ad074a82bS\/247315878\/H8c508d6eefac429aabd7cd5ad074a82bS.jpg\" \/><\/td>\n<\/tr>\n<\/tbody>\n<\/table>\n<h3>Anwendungen<\/h3>\n<ul>\n<li><strong>Faltenentfernung<\/strong>: Reduziert wirksam F\u00e4ltchen und feine Linien.<\/li>\n<li><strong>Hautstraffung<\/strong>: Strafft und festigt die Haut.<\/li>\n<li><strong>Anti-Aging<\/strong>: Bek\u00e4mpft Zeichen der Hautalterung f\u00fcr ein jugendliches Aussehen.<\/li>\n<li><strong>Hautrevitalisierung<\/strong>: Revitalisiert und verj\u00fcngt die Haut.<\/li>\n<li><strong>Zahnaufhellung<\/strong>: Verbessert den Hautton und reduziert Hautunreinheiten.<\/li>\n<li><strong>Feuchtigkeitsspendend<\/strong>: Spendet der Haut tiefenwirksam Feuchtigkeit.<\/li>\n<li><strong>Porenreinigung<\/strong>: Reinigt und minimiert die Poren f\u00fcr ein glatteres Hautbild.<\/li>\n<\/ul>\n<\/div>\n<\/div>\n<\/div>\n<\/div>\n<div class=\"J_module\">\n<div class=\"icbu-pc-images magic-8\">\n<div class=\"flex-layout-v\">\n<div class=\"flex-layout-h magic-8\">\n<div class=\"magic-30\">\n<h3><strong>Anpassen Logo<\/strong><\/h3>\n<p>Wollen, machen Ihre Marke stand heraus? Wir bieten angepasst logo Dienstleistungen zu helfen Sie erstellen Sie eine einzigartige und personalisierte logo spiegelt Ihre Marke Identit\u00e4t. Unser team von Experten arbeiten eng mit Ihnen zusammen, um ein logo zu entwerfen, die in Resonanz mit Ihrer Marke und messaging. Egal, ob Sie Umbau Ihres bestehenden Logos oder eine neue erstellen von Grund auf neu, wir haben Sie abgedeckt. <a href=\"\/de\/kontakt\/\">Kontaktieren Sie uns<\/a> heute erfahren Sie mehr \u00fcber unsere ma\u00dfgeschneiderten logo-Service!<\/p>\n<\/div>\n<\/div>\n<\/div>\n<\/div>\n<\/div>\n<div class=\"J_module\">\n<div class=\"icbu-pc-images magic-8\">\n<div class=\"flex-layout-v\">\n<div class=\"flex-layout-h magic-8\">\n<div class=\"magic-32\"><\/div>\n<\/div>\n<\/div>\n<\/div>\n<\/div>\n<div class=\"J_module\">\n<div class=\"icbu-pc-images magic-8\">\n<div class=\"flex-layout-v\">\n<div class=\"flex-layout-h magic-8\">\n<div class=\"magic-34\"><\/div>\n<\/div>\n<\/div>\n<\/div>\n<\/div>\n<div class=\"J_module\">\n<div class=\"icbu-pc-images magic-8\">\n<div>\n<div class=\"flex-layout-v\">\n<div class=\"flex-layout-h magic-8\"><\/div>\n<\/div>\n<\/div>\n<\/div>\n<\/div>\n<div class=\"J_module\">\n<div class=\"icbu-pc-detailManyImage magic-40\">\n<div class=\"magic-41\"><\/div>\n<\/div>\n<\/div>","protected":false},"excerpt":{"rendered":"<p>Die N\u00e4hrl\u00f6sung wird durch Hochdruck-Spr\u00fchtechnologie sofort in kleine Nanomolek\u00fcle zerlegt. Das Produkt wird bei einer konstanten Temperatur von 36 Grad Celsius gehalten. Die Haut k\u00fchlt sofort ab und reagiert, indem sie die Blutzirkulation aktiviert und die Poren der Haut \u00f6ffnet, sodass die ultrafeine N\u00e4hrstoffessenz mit kleinen Molek\u00fclen innerhalb einer Mikrosekunde eindringt. Die unterste Hautschicht gibt Schicht f\u00fcr Schicht N\u00e4hrstoffe an die Haut ab und weckt die Zellregenerationsfunktion.<\/p>","protected":false},"featured_media":2686,"comment_status":"open","ping_status":"closed","template":"","meta":{"_kad_post_transparent":"default","_kad_post_title":"","_kad_post_layout":"default","_kad_post_sidebar_id":"","_kad_post_content_style":"default","_kad_post_vertical_padding":"default","_kad_post_feature":"","_kad_post_feature_position":"","_kad_post_header":false,"_kad_post_footer":false,"_kad_post_classname":"","rank_math_title":"","rank_math_description":"","rank_math_focus_keyword":""},"product_brand":[],"product_cat":[33],"product_tag":[],"class_list":{"0":"post-2685","1":"product","2":"type-product","3":"status-publish","4":"has-post-thumbnail","6":"product_cat-face-care","8":"first","9":"instock","10":"shipping-taxable","11":"product-type-simple","12":"entry","13":"content-bg","14":"loop-entry"},"_links":{"self":[{"href":"https:\/\/skbty.com\/de\/wp-json\/wp\/v2\/product\/2685","targetHints":{"allow":["GET"]}}],"collection":[{"href":"https:\/\/skbty.com\/de\/wp-json\/wp\/v2\/product"}],"about":[{"href":"https:\/\/skbty.com\/de\/wp-json\/wp\/v2\/types\/product"}],"replies":[{"embeddable":true,"href":"https:\/\/skbty.com\/de\/wp-json\/wp\/v2\/comments?post=2685"}],"wp:featuredmedia":[{"embeddable":true,"href":"https:\/\/skbty.com\/de\/wp-json\/wp\/v2\/media\/2686"}],"wp:attachment":[{"href":"https:\/\/skbty.com\/de\/wp-json\/wp\/v2\/media?parent=2685"}],"wp:term":[{"taxonomy":"product_brand","embeddable":true,"href":"https:\/\/skbty.com\/de\/wp-json\/wp\/v2\/product_brand?post=2685"},{"taxonomy":"product_cat","embeddable":true,"href":"https:\/\/skbty.com\/de\/wp-json\/wp\/v2\/product_cat?post=2685"},{"taxonomy":"product_tag","embeddable":true,"href":"https:\/\/skbty.com\/de\/wp-json\/wp\/v2\/product_tag?post=2685"}],"curies":[{"name":"wp","href":"https:\/\/api.w.org\/{rel}","templated":true}]}}