{"id":2692,"date":"2024-03-08T16:42:03","date_gmt":"2024-03-08T08:42:03","guid":{"rendered":"https:\/\/skbty.com\/?post_type=product&#038;p=2692"},"modified":"2024-06-17T16:30:43","modified_gmt":"2024-06-17T08:30:43","slug":"massagegerat-mit-innerer-kugelrolle","status":"publish","type":"product","link":"https:\/\/skbty.com\/de\/product\/massagegerat-mit-innerer-kugelrolle\/","title":{"rendered":"Massageger\u00e4t mit innerer Kugelrolle"},"content":{"rendered":"<div class=\"J_module\">\n<div class=\"detail-decorate-json-renderer-container\">\n<div class=\"magic-1\">\n<div class=\"magic-2\">\n<div class=\"magic-3\">\n<div>\n<h3>Was ist die Inner Ball Roller Massagemaschine?<\/h3>\n<p><strong>Die innere Kugelrolle<\/strong> ist ein hochmodernes, weltweit anerkanntes Ger\u00e4t zur K\u00f6rperformung. Durch die Verwendung innovativer Kompressions-Mikrovibrationstechnologie verbessert es die Lymphdrainage, f\u00f6rdert die Durchblutung, reduziert und verbessert Cellulite, kehrt Zeichen der Hautalterung um, st\u00e4rkt die Muskeln und unterst\u00fctzt die Entgiftung. Es kann sowohl im Gesicht als auch am K\u00f6rper verwendet werden, wobei Oberschenkel, Ges\u00e4\u00df und Oberarme die beliebtesten Behandlungsbereiche sind.<\/p>\n<p><img loading=\"lazy\" decoding=\"async\" class=\"magic-8 aligncenter\" title=\"Massageger\u00e4t mit innerer Kugelrolle\" src=\"https:\/\/sc04.alicdn.com\/kf\/Hc470fc6b3f8b4adcbdf42de4e32f6260g\/247315878\/Hc470fc6b3f8b4adcbdf42de4e32f6260g.jpg\" alt=\"Massageger\u00e4t mit innerer Kugelrolle\" width=\"473\" height=\"363\" data-src=\"\/\/sc04.alicdn.com\/kf\/Hc470fc6b3f8b4adcbdf42de4e32f6260g\/247315878\/Hc470fc6b3f8b4adcbdf42de4e32f6260g.jpg\" \/><\/p>\n<p><strong>Spezifikationen:<\/strong><\/p>\n<ul>\n<li><strong>Bildschirmgr\u00f6\u00dfe:<\/strong> 10,4 Zoll gro\u00dfes LCD<\/li>\n<li><strong>Anzahl Griffe:<\/strong> 2<\/li>\n<li><strong>Technologie:<\/strong> Kompressions-Mikrovibration + Infrarot<\/li>\n<li><strong>Ausgabefrequenz:<\/strong> 40-355 Hz<\/li>\n<li><strong>Eingangsspannung:<\/strong> Wechselstrom 110 V\/220 V<\/li>\n<li><strong>Ausgangsleistung:<\/strong> 10-300 W<\/li>\n<li><strong>Sicherung:<\/strong> 5A<\/li>\n<li><strong>Gr\u00f6\u00dfe der Airbox:<\/strong> 46\u00d752\u00d735cm<\/li>\n<li><strong>Gesamtgewicht:<\/strong> 13 kg<\/li>\n<\/ul>\n<h3>Funktionsprinzip<\/h3>\n<p>Das Inner Ball Roller-Ger\u00e4t verwendet nichtinvasive Kompressionsmikrovibrationen in Kombination mit Infrarottechnologie. Silikonb\u00e4lle rotieren 360\u00b0 entlang der Rollen und erzeugen so einen \u201ePulsationskompressions\u201c-Effekt. Diese kontinuierliche Druck-, Zug- und Knetbewegung \u00fcbt Druck auf die Haut aus und stimuliert die Zellaktivit\u00e4t, den Blutfluss und die Sauerstoffversorgung. Fettablagerungen werden gel\u00f6st und abgebaut, wodurch Cellulite reduziert wird. Die Tiefengewebsmassage macht auch die Muskeln weich und dehnt sie, wodurch Steifheit reduziert, der Stoffwechsel beschleunigt und die Entgiftung gef\u00f6rdert wird. Dar\u00fcber hinaus werden Fibroblasten stimuliert, um die Produktion von Kollagen und Elastin zu steigern, was zu glatterer, festerer und jugendlicherer Haut f\u00fchrt.<\/p>\n<h3><img loading=\"lazy\" decoding=\"async\" class=\"magic-20 aligncenter\" title=\"Massageger\u00e4t mit innerer Kugelrolle\" src=\"https:\/\/sc04.alicdn.com\/kf\/H542d399a3e6a44e1aabae96cf61fc452V\/247315878\/H542d399a3e6a44e1aabae96cf61fc452V.png\" alt=\"Massageger\u00e4t mit innerer Kugelrolle\" width=\"662\" height=\"370\" data-src=\"\/\/sc04.alicdn.com\/kf\/H542d399a3e6a44e1aabae96cf61fc452V\/247315878\/H542d399a3e6a44e1aabae96cf61fc452V.png\" \/><\/h3>\n<h3>Funktionen<\/h3>\n<ul>\n<li><strong>Cellulite-Entfernung:<\/strong> Reduziert und verbessert wirksam das Erscheinungsbild von Cellulite.<\/li>\n<li><strong>Verbesserung der Durchblutung:<\/strong> Verbessert die lokale Durchblutung.<\/li>\n<li><strong>Hautfestigkeit:<\/strong> Strafft und festigt die Haut.<\/li>\n<li><strong>Muskelaufbau:<\/strong> St\u00e4rkt und entspannt die Muskeln.<\/li>\n<li><strong>Kollagenproduktion:<\/strong> Stimuliert die Kollagen- und Elastinproduktion.<\/li>\n<li><strong>Hautpflege:<\/strong> Hellt die Haut auf und pflegt sie.<\/li>\n<li><strong>Minimierung von Ausdruckslinien:<\/strong> Reduziert feine Linien.<\/li>\n<li><strong>Anti-Durchh\u00e4ngen:<\/strong> Verhindert und reduziert schlaffe Haut.<\/li>\n<li><strong>Schmerzlinderung:<\/strong> Lindert Schmerzen durch Verringerung der Gewebeentz\u00fcndung.<\/li>\n<\/ul>\n<h3><img loading=\"lazy\" decoding=\"async\" class=\"magic-23 aligncenter\" title=\"Massageger\u00e4t mit innerer Kugelrolle\" src=\"https:\/\/sc04.alicdn.com\/kf\/H0e2cb347cd8447cb9d0bdfb4370ef8e8o\/247315878\/H0e2cb347cd8447cb9d0bdfb4370ef8e8o.jpg\" alt=\"Massageger\u00e4t mit innerer Kugelrolle\" width=\"466\" height=\"436\" data-src=\"\/\/sc04.alicdn.com\/kf\/H0e2cb347cd8447cb9d0bdfb4370ef8e8o\/247315878\/H0e2cb347cd8447cb9d0bdfb4370ef8e8o.jpg\" \/><\/h3>\n<h3>Merkmale<\/h3>\n<ol>\n<li><strong>Intelligenter, um 360\u00b0 drehbarer Trommelgriff:<\/strong> Gew\u00e4hrleistet einen kontinuierlichen, sicheren und stabilen Betrieb.<\/li>\n<li><strong>LED Anzeige:<\/strong> Zeigt Zeit und Geschwindigkeit an und erleichtert so die Steuerung und Anpassung.<\/li>\n<li><strong>Ein-Tasten-Richtungsschalter:<\/strong> Erm\u00f6glicht einfaches Umschalten zwischen Vorw\u00e4rts- und R\u00fcckw\u00e4rtsrichtung.<\/li>\n<li><strong>Flexibler Silikonball:<\/strong> Erm\u00f6glicht einen gleichm\u00e4\u00dfigen, sanften Rollvorgang ohne Stechen.<\/li>\n<li><strong>M\u00fchelose Bedienung:<\/strong> Eine aufw\u00e4ndige Massage entf\u00e4llt, was eine einfache und sichere Anwendung gew\u00e4hrleistet.<\/li>\n<\/ol>\n<h3>Anwendungen<\/h3>\n<h4>Gesichts- und Halsbehandlung<\/h4>\n<ol>\n<li><strong>Faltenreduzierung:<\/strong> Reduziert durch Sonne und Stress verursachte F\u00e4ltchen und hinterl\u00e4sst eine verj\u00fcngte und strahlende Haut.<\/li>\n<li><strong>Aufhellung des Hauttons:<\/strong> Stimuliert die Sauerstoffversorgung und sorgt f\u00fcr einen gesunden Glanz.<\/li>\n<li><strong>Muskelentspannung und Muskelaufbau:<\/strong> Entspannt und strafft die Gesichtsmuskulatur und verbessert das Erscheinungsbild und den Teint der Haut.<\/li>\n<li><strong>Wiederherstellung der Vitalit\u00e4t:<\/strong> Verbessert den Hautton, reduziert dunkle Ringe und Tr\u00e4nens\u00e4cke und stimuliert die Kollagen- und Elastinproduktion f\u00fcr straffere, glattere Haut.<\/li>\n<\/ol>\n<h4>K\u00f6rperbehandlung<\/h4>\n<ol>\n<li><strong>Cellulite-Reduktion:<\/strong> Reduziert die Fettzellen- und Wassereinlagerung und verbessert so die Problemzonen.<\/li>\n<li><strong>Lymphkreislauf:<\/strong> Aktiviert die lokale Blut- und Lymphzirkulation.<\/li>\n<li><strong>Verbesserung von Ton und Textur:<\/strong> Strafft und festigt das Gewebe und sorgt f\u00fcr einen jugendlicheren Hautton.<\/li>\n<\/ol>\n<h3>Auswirkungen<\/h3>\n<p>Die Synergie aus mechanischer Kompression, Mikrovibration und Infrarotstrahlen verbessert die Durchblutung, den Lymphfluss und l\u00f6st Fettansammlungen auf. Es reduziert Cellulite, strafft die Haut und formt den K\u00f6rper bereits nach den ersten Behandlungen neu. Eine verbesserte Durchblutung und ein verbesserter Stoffwechsel f\u00f6rdern die Gewebereorganisation, Entgiftung und verbessern das Erscheinungsbild von Cellulite.<\/p>\n<p><img loading=\"lazy\" decoding=\"async\" class=\"magic-28 aligncenter\" title=\"Massageger\u00e4t mit innerer Kugelrolle\" src=\"https:\/\/sc04.alicdn.com\/kf\/H81b16f5c732140efae6eb2f92802a79be\/247315878\/H81b16f5c732140efae6eb2f92802a79be.png\" alt=\"Massageger\u00e4t mit innerer Kugelrolle\" width=\"406\" height=\"486\" data-src=\"\/\/sc04.alicdn.com\/kf\/H81b16f5c732140efae6eb2f92802a79be\/247315878\/H81b16f5c732140efae6eb2f92802a79be.png\" \/><\/p>\n<h3>Klinische Beobachtungen<\/h3>\n<p>Klinische Studien haben gezeigt, dass die Kompressions-Mikrovibrationstherapie das Blutvolumen stimuliert, die Sauerstoffversorgung erh\u00f6ht, die Lymphdrainage verbessert und die Mikrozirkulation steigert. Sie ist auch ideal zur Behandlung von Venenstauungen und zur Beseitigung von Giftstoffen.<\/p>\n<\/div>\n<div><\/div>\n<\/div>\n<\/div>\n<\/div>\n<\/div>\n<\/div>\n<div class=\"J_module\">\n<div class=\"detail-decorate-json-renderer-container\">\n<div class=\"magic-1\">\n<div class=\"magic-2\">\n<div class=\"magic-3\">\n<div class=\"magic-4\">\n<h3><strong>Anpassen Logo<\/strong><\/h3>\n<p>Wollen, machen Ihre Marke stand heraus? Wir bieten angepasst logo Dienstleistungen zu helfen Sie erstellen Sie eine einzigartige und personalisierte logo spiegelt Ihre Marke Identit\u00e4t. Unser team von Experten arbeiten eng mit Ihnen zusammen, um ein logo zu entwerfen, die in Resonanz mit Ihrer Marke und messaging. Egal, ob Sie Umbau Ihres bestehenden Logos oder eine neue erstellen von Grund auf neu, wir haben Sie abgedeckt. <a href=\"\/de\/kontakt\/\">Kontaktieren Sie uns<\/a> heute erfahren Sie mehr \u00fcber unsere ma\u00dfgeschneiderten logo-Service!<\/p>\n<\/div>\n<\/div>\n<\/div>\n<\/div>\n<\/div>\n<\/div>\n<div class=\"J_module\">\n<div class=\"icbu-pc-images magic-6\">\n<div class=\"flex-layout-v\">\n<div class=\"flex-layout-h magic-6\">\n<div class=\"magic-19\"><\/div>\n<\/div>\n<\/div>\n<\/div>\n<\/div>\n<div class=\"J_module\">\n<div class=\"detail-decorate-json-renderer-container\">\n<div class=\"magic-1\">\n<div><\/div>\n<\/div>\n<\/div>\n<\/div>\n<div class=\"J_module\">\n<div class=\"detail-decorate-json-renderer-container\">\n<div class=\"magic-1\">\n<div class=\"magic-2\">\n<div class=\"magic-3\">\n<div class=\"magic-4\">\n<div><\/div>\n<\/div>\n<\/div>\n<\/div>\n<\/div>\n<\/div>\n<\/div>\n<div class=\"J_module\">\n<div class=\"icbu-pc-images magic-6\">\n<div class=\"flex-layout-v\">\n<div class=\"flex-layout-h magic-6\">\n<div class=\"magic-27\"><\/div>\n<\/div>\n<\/div>\n<\/div>\n<\/div>","protected":false},"excerpt":{"rendered":"<p><span class=\"magic-5\" style=\"font-family: Arial;\"><span data-spm-anchor-id=\"a2700.details.0.i61.27b89d639KtIbM\">Der Inner Ball Roller ist ein hochmodernes, weltweit anerkanntes Ger\u00e4t zur K\u00f6rperformung. Durch innovative Kompressionsmikrovibration wird die Lymphdrainage verbessert, die Durchblutung gesteigert, Cellulite gelindert, Cellulite reduziert, Alterserscheinungen umgekehrt, Muskeln gest\u00e4rkt und eine Entgiftungsbehandlung durchgef\u00fchrt. Kann im Gesicht und am K\u00f6rper angewendet werden. Die beliebtesten Behandlungsbereiche sind Oberschenkel, Ges\u00e4\u00df und Oberarme.<\/span><\/span><\/p>","protected":false},"featured_media":2693,"comment_status":"open","ping_status":"closed","template":"","meta":{"_kad_post_transparent":"default","_kad_post_title":"","_kad_post_layout":"default","_kad_post_sidebar_id":"","_kad_post_content_style":"default","_kad_post_vertical_padding":"default","_kad_post_feature":"","_kad_post_feature_position":"","_kad_post_header":false,"_kad_post_footer":false,"_kad_post_classname":"","rank_math_title":"","rank_math_description":"","rank_math_focus_keyword":""},"product_brand":[],"product_cat":[31],"product_tag":[],"class_list":{"0":"post-2692","1":"product","2":"type-product","3":"status-publish","4":"has-post-thumbnail","6":"product_cat-body-slimming","8":"first","9":"instock","10":"shipping-taxable","11":"product-type-simple","12":"entry","13":"content-bg","14":"loop-entry"},"_links":{"self":[{"href":"https:\/\/skbty.com\/de\/wp-json\/wp\/v2\/product\/2692","targetHints":{"allow":["GET"]}}],"collection":[{"href":"https:\/\/skbty.com\/de\/wp-json\/wp\/v2\/product"}],"about":[{"href":"https:\/\/skbty.com\/de\/wp-json\/wp\/v2\/types\/product"}],"replies":[{"embeddable":true,"href":"https:\/\/skbty.com\/de\/wp-json\/wp\/v2\/comments?post=2692"}],"wp:featuredmedia":[{"embeddable":true,"href":"https:\/\/skbty.com\/de\/wp-json\/wp\/v2\/media\/2693"}],"wp:attachment":[{"href":"https:\/\/skbty.com\/de\/wp-json\/wp\/v2\/media?parent=2692"}],"wp:term":[{"taxonomy":"product_brand","embeddable":true,"href":"https:\/\/skbty.com\/de\/wp-json\/wp\/v2\/product_brand?post=2692"},{"taxonomy":"product_cat","embeddable":true,"href":"https:\/\/skbty.com\/de\/wp-json\/wp\/v2\/product_cat?post=2692"},{"taxonomy":"product_tag","embeddable":true,"href":"https:\/\/skbty.com\/de\/wp-json\/wp\/v2\/product_tag?post=2692"}],"curies":[{"name":"wp","href":"https:\/\/api.w.org\/{rel}","templated":true}]}}