{"id":2700,"date":"2024-04-03T15:16:36","date_gmt":"2024-04-03T07:16:36","guid":{"rendered":"https:\/\/skbty.com\/?post_type=product&#038;p=2700"},"modified":"2025-12-05T19:09:31","modified_gmt":"2025-12-05T11:09:31","slug":"mikrovibrations-rollmassagegerat","status":"publish","type":"product","link":"https:\/\/skbty.com\/de\/product\/mikrovibrations-rollmassagegerat\/","title":{"rendered":"Rollmassageger\u00e4t mit Mikrovibration"},"content":{"rendered":"<div id=\"module_product_packaging_and_quick_detail\">\n<div class=\"widget-detail-overview\">\n<h3>Beschreibung der Rolling Massage<\/h3>\n<p>Wir stellen die Mikrovibrations-Rollmassagemaschine vor, ein fortschrittliches elektrisches Kugelinstrument, das f\u00fcr eine pr\u00e4zise Behandlung von Gewebe und Muskeln konzipiert ist. Das Ger\u00e4t verf\u00fcgt \u00fcber ein zylindrisches Design aus mehreren rollenden Kugeln, die Mikrovibrationsdruck f\u00fcr eine effektive Massagetherapie nutzen. Die einzigartige \u201eWabenkonfiguration\u201c der Kugeln entspricht ergonomischen Kurven und erzeugt pulsierende und rhythmische Bewegungen, die die Behandlung effizienter, kraftvoller und tiefer machen.<\/p>\n<p style=\"text-align: center;\"><iframe loading=\"lazy\" src=\"\/\/www.youtube.com\/embed\/L7FbNVF0yFg\" width=\"560\" height=\"314\" allowfullscreen=\"allowfullscreen\"><\/iframe><\/p>\n<div data-spm-anchor-id=\"a2700.details.0.i61.57065ba5t7RUMd\">\n<p><img loading=\"lazy\" decoding=\"async\" class=\"magic-8 aligncenter\" title=\"Rollenmassage\" src=\"https:\/\/sc04.alicdn.com\/kf\/H14e7e9450be84060b0aa2613cc8770ebh\/247315878\/H14e7e9450be84060b0aa2613cc8770ebh.jpg\" alt=\"Rollenmassage\" width=\"472\" height=\"472\" data-src=\"\/\/sc04.alicdn.com\/kf\/H14e7e9450be84060b0aa2613cc8770ebh\/247315878\/H14e7e9450be84060b0aa2613cc8770ebh.jpg\" \/><\/p>\n<\/div>\n<h3>Produktdetails<\/h3>\n<ul>\n<li><strong>Produktname<\/strong>: Mikrovibrations-Rollmaschine<\/li>\n<li><strong>Technische Daten<\/strong>: 55*7,2 cm<\/li>\n<li><strong>Maximale Leistung<\/strong>Leistung: 40 W<\/li>\n<li><strong>Stromversorgung<\/strong>Leistung: 12 V, 1 A<\/li>\n<li><strong>Gewicht<\/strong>: 1200 g<\/li>\n<\/ul>\n<h3>Vorteile<\/h3>\n<p>Die Micro-Vibrations-Rollmaschine verf\u00fcgt \u00fcber 39 Rollkugeln mit einem Durchmesser von jeweils 25 mm. Der Zylinder rotiert mit einer Frequenz von 40 \u2013 320 Hz, die f\u00fcr verschiedene K\u00f6rperteile einstellbar ist. Das Doppelgriff-Design sorgt f\u00fcr eine gleichm\u00e4\u00dfige Kraftverteilung und einfache Bedienung.<\/p>\n<h3><img loading=\"lazy\" decoding=\"async\" class=\"magic-8 aligncenter\" title=\"Rollenmassage\" src=\"https:\/\/sc04.alicdn.com\/kf\/H268ec1c00f264a20a2b18321871d3de9c\/247315878\/H268ec1c00f264a20a2b18321871d3de9c.jpg\" alt=\"Rollenmassage\" width=\"466\" height=\"466\" data-src=\"\/\/sc04.alicdn.com\/kf\/H268ec1c00f264a20a2b18321871d3de9c\/247315878\/H268ec1c00f264a20a2b18321871d3de9c.jpg\" \/><\/h3>\n<h3>Produktwirksamkeit<\/h3>\n<ol>\n<li><strong>Meridianbaggerung<\/strong>: Hilft bei der Regulierung des Blutflusses und lindert Muskelkater durch die Stimulation der K\u00f6rpermeridiane.<\/li>\n<li><strong>Linderung von R\u00fcckenprotrusionen<\/strong>: Lindert Beschwerden, die mit einem R\u00fcckenvorsprung verbunden sind.<\/li>\n<li><strong>Fettabbau<\/strong>: Hilft beim Abbau von Fettablagerungen und verbessert die K\u00f6rperkurven.<\/li>\n<li><strong>Verdauungshilfe<\/strong>: Durch die Massage des Bauches wird die Magen-Darm-Peristaltik gef\u00f6rdert und die Verdauung unterst\u00fctzt.<\/li>\n<li><strong>Bruststraffung<\/strong>: Verbessert die Festigkeit und Form der Brust.<\/li>\n<\/ol>\n<div class=\"J_module\">\n<div class=\"detail-decorate-json-renderer-container\">\n<div class=\"magic-1\">\n<div class=\"magic-2\">\n<div class=\"magic-3\">\n<div class=\"magic-4\" data-spm-anchor-id=\"a2700.details.0.i61.57065ba5t7RUMd\"><\/div>\n<\/div>\n<\/div>\n<\/div>\n<\/div>\n<\/div>\n<div class=\"J_module\">\n<div>\n<table style=\"border-collapse: collapse; width: 100%;\">\n<tbody>\n<tr>\n<td style=\"width: 50%;\"><img loading=\"lazy\" decoding=\"async\" class=\"magic-15 aligncenter\" title=\"Rollenmassage\" src=\"https:\/\/sc04.alicdn.com\/kf\/H5c39bd4597c4410c92a5dd73744359eb6\/247315878\/H5c39bd4597c4410c92a5dd73744359eb6.png\" alt=\"Rollenmassage\" width=\"428\" height=\"428\" data-src=\"\/\/sc04.alicdn.com\/kf\/H5c39bd4597c4410c92a5dd73744359eb6\/247315878\/H5c39bd4597c4410c92a5dd73744359eb6.png\" \/><\/td>\n<td style=\"width: 50%;\"><img loading=\"lazy\" decoding=\"async\" class=\"magic-17 aligncenter\" title=\"Rollenmassage\" src=\"https:\/\/sc04.alicdn.com\/kf\/Hb08d9005680a4d21b6c2c875f5964b5eC\/247315878\/Hb08d9005680a4d21b6c2c875f5964b5eC.jpg\" alt=\"Rollenmassage\" width=\"315\" height=\"420\" data-src=\"\/\/sc04.alicdn.com\/kf\/Hb08d9005680a4d21b6c2c875f5964b5eC\/247315878\/Hb08d9005680a4d21b6c2c875f5964b5eC.jpg\" \/><\/td>\n<\/tr>\n<\/tbody>\n<\/table>\n<\/div>\n<div class=\"icbu-pc-images magic-6\">\n<div class=\"flex-layout-v\">\n<div class=\"flex-layout-h magic-6\">\n<div class=\"magic-14\"><\/div>\n<\/div>\n<\/div>\n<\/div>\n<\/div>\n<h3>Erweiterte Funktionen<\/h3>\n<ul>\n<li><strong>Ergonomisches Design<\/strong>: Die wabenf\u00f6rmige Kugelanordnung sorgt daf\u00fcr, dass sich das Ger\u00e4t den nat\u00fcrlichen Kurven des K\u00f6rpers anpasst und so eine angenehmere und effektivere Massage erm\u00f6glicht.<\/li>\n<li><strong>Einstellbare Frequenz<\/strong>: Durch die anpassbare Rotationsfrequenz ist eine gezielte Therapie verschiedener K\u00f6rperteile m\u00f6glich, wodurch der Nutzen maximiert wird.<\/li>\n<li><strong>Benutzerfreundlichkeit<\/strong>: Das Doppelgriff-Design erleichtert nicht nur die Bedienung des Ger\u00e4ts, sondern gew\u00e4hrleistet auch eine gleichm\u00e4\u00dfige Krafteinwirkung und verringert so die Erm\u00fcdung des Bedieners.<\/li>\n<\/ul>\n<p>Die Micro-Vibration Rolling Machine ist ein hervorragendes Ger\u00e4t f\u00fcr alle, die ihr k\u00f6rperliches Wohlbefinden durch eine effektive, nicht-invasive Massagetherapie verbessern m\u00f6chten. Ihre fortschrittlichen Funktionen und ihr ergonomisches Design machen sie zu einem Muss f\u00fcr die K\u00f6rperpflege.<\/p>\n<\/div>\n<\/div>\n<div id=\"module_product_specification\">\n<div id=\"J-rich-text-description\" class=\"richtext richtext-detail rich-text-description is-magic\">\n<div id=\"detail_decorate_root\" data-magic-global=\"%7B%22bizId%22%3A2209652043073%2C%22pageId%22%3A21408191363%2C%22siteId%22%3A10002137009%7D\">\n<div class=\"J_module\">\n<div class=\"detail-decorate-json-renderer-container\">\n<div class=\"magic-1\">\n<div class=\"magic-2\">\n<div class=\"magic-3\"><\/div>\n<\/div>\n<\/div>\n<\/div>\n<\/div>\n<div class=\"J_module\">\n<div class=\"detail-decorate-json-renderer-container\">\n<div class=\"magic-1\">\n<div class=\"magic-2\">\n<div class=\"magic-3\">\n<div>\n<h3><strong>Anpassen Logo<\/strong><\/h3>\n<p>Wollen, machen Ihre Marke stand heraus? Wir bieten angepasst logo Dienstleistungen zu helfen Sie erstellen Sie eine einzigartige und personalisierte logo spiegelt Ihre Marke Identit\u00e4t. Unser team von Experten arbeiten eng mit Ihnen zusammen, um ein logo zu entwerfen, die in Resonanz mit Ihrer Marke und messaging. Egal, ob Sie Umbau Ihres bestehenden Logos oder eine neue erstellen von Grund auf neu, wir haben Sie abgedeckt. <a href=\"\/de\/kontakt\/\">Kontaktieren Sie uns<\/a> heute erfahren Sie mehr \u00fcber unsere ma\u00dfgeschneiderten logo-Service!<\/p>\n<p style=\"text-align: center;\"><iframe loading=\"lazy\" src=\"\/\/www.youtube.com\/embed\/Vds_NGy93qk\" width=\"560\" height=\"314\" allowfullscreen=\"allowfullscreen\"><\/iframe><\/p>\n<\/div>\n<\/div>\n<\/div>\n<\/div>\n<\/div>\n<\/div>\n<div class=\"J_module\">\n<div class=\"detail-decorate-json-renderer-container\">\n<div class=\"magic-1\">\n<div style=\"text-align: center;\"><\/div>\n<div class=\"magic-2\">\n<div>\n<table style=\"border-collapse: collapse; width: 100%;\">\n<tbody>\n<tr>\n<td style=\"width: 50%;\"><\/td>\n<td style=\"width: 50%;\"><\/td>\n<\/tr>\n<\/tbody>\n<\/table>\n<\/div>\n<\/div>\n<\/div>\n<\/div>\n<\/div>\n<div class=\"J_module\">\n<div class=\"icbu-pc-images magic-6\">\n<div class=\"flex-layout-v\">\n<div class=\"flex-layout-h magic-6\">\n<div class=\"magic-7\"><\/div>\n<\/div>\n<\/div>\n<div><\/div>\n<\/div>\n<\/div>\n<\/div>\n<\/div>\n<\/div>","protected":false},"excerpt":{"rendered":"<p>Dies ist ein elektrisches Kugelinstrument mit Mikrovibrationsdruck, das auf Gewebe und Muskeln wirkt. Es besteht aus einem Zylinder, der aus mehreren Kugeln besteht. Es wirkt durch Dr\u00fccken und Rollen auf verschiedene K\u00f6rperteile. Die spezielle \u201eWabenkonfiguration\u201c der Kugeln entspricht eher dem ergonomischen Kurvendesign und erzeugt pulsierende und rhythmische Bewegungen, wodurch die Anwendung arbeitssparender, die Massage kraftvoller und die Penetration st\u00e4rker wird.<\/p>","protected":false},"featured_media":2702,"comment_status":"open","ping_status":"closed","template":"","meta":{"_kad_post_transparent":"default","_kad_post_title":"","_kad_post_layout":"default","_kad_post_sidebar_id":"","_kad_post_content_style":"default","_kad_post_vertical_padding":"default","_kad_post_feature":"","_kad_post_feature_position":"","_kad_post_header":false,"_kad_post_footer":false,"_kad_post_classname":"","rank_math_title":"","rank_math_description":"","rank_math_focus_keyword":""},"product_brand":[],"product_cat":[67],"product_tag":[71,73,72],"class_list":{"0":"post-2700","1":"product","2":"type-product","3":"status-publish","4":"has-post-thumbnail","6":"product_cat-vera-roller-machines","7":"product_tag-micro-vibration","8":"product_tag-rolling-massage","9":"product_tag-rolling-massage-device","10":"product_shipping_class-included-shipping","12":"first","13":"instock","14":"sale","15":"shipping-taxable","16":"purchasable","17":"product-type-simple","18":"entry","19":"content-bg","20":"loop-entry"},"_links":{"self":[{"href":"https:\/\/skbty.com\/de\/wp-json\/wp\/v2\/product\/2700","targetHints":{"allow":["GET"]}}],"collection":[{"href":"https:\/\/skbty.com\/de\/wp-json\/wp\/v2\/product"}],"about":[{"href":"https:\/\/skbty.com\/de\/wp-json\/wp\/v2\/types\/product"}],"replies":[{"embeddable":true,"href":"https:\/\/skbty.com\/de\/wp-json\/wp\/v2\/comments?post=2700"}],"wp:featuredmedia":[{"embeddable":true,"href":"https:\/\/skbty.com\/de\/wp-json\/wp\/v2\/media\/2702"}],"wp:attachment":[{"href":"https:\/\/skbty.com\/de\/wp-json\/wp\/v2\/media?parent=2700"}],"wp:term":[{"taxonomy":"product_brand","embeddable":true,"href":"https:\/\/skbty.com\/de\/wp-json\/wp\/v2\/product_brand?post=2700"},{"taxonomy":"product_cat","embeddable":true,"href":"https:\/\/skbty.com\/de\/wp-json\/wp\/v2\/product_cat?post=2700"},{"taxonomy":"product_tag","embeddable":true,"href":"https:\/\/skbty.com\/de\/wp-json\/wp\/v2\/product_tag?post=2700"}],"curies":[{"name":"wp","href":"https:\/\/api.w.org\/{rel}","templated":true}]}}