{"id":2752,"date":"2024-06-04T16:50:54","date_gmt":"2024-06-04T08:50:54","guid":{"rendered":"https:\/\/skbty.com\/?post_type=product&#038;p=2752"},"modified":"2024-06-18T15:47:15","modified_gmt":"2024-06-18T07:47:15","slug":"2-in-1-pico-laser-tattoo-und-haarentfernungsgerat","status":"publish","type":"product","link":"https:\/\/skbty.com\/de\/product\/2-in-1-pico-laser-tattoo-und-haarentfernungsgerat\/","title":{"rendered":"2-in-1-Pico-Laser-Tattoo- und Haarentfernungsger\u00e4t"},"content":{"rendered":"<div class=\"J_module\">\n<div data-section=\"AliMagic-75po0l\" data-section-title=\"Products Description\" data-spm-anchor-id=\"a2700.details.0.i53.7ac112f70cwNC0\">\n<h2>2-in-1-Pico-Laser-Tattoo- und Haarentfernungsger\u00e4t<\/h2>\n<h3>Funktionsprinzip<\/h3>\n<h4>Laserprinzip<\/h4>\n<p>Das 2-in-1-Pico-Laser-Tattoo- und Haarentfernungsger\u00e4t verwendet den GEM-Q-Switch-Modus und das Prinzip des Photostrahlens. Hochenergetische Laserimpulse werden sofort abgegeben, sodass der Laser mit fester Wellenl\u00e4nge in sehr kurzer Zeit in die Epidermis eindringen kann. Die anvisierte Pigmentgruppe erhitzt sich schnell, dehnt sich aus und bricht auseinander. Feine Pigmentpartikel werden dann von Makrophagen absorbiert und \u00fcber das Lymphsystem ausgeschieden, wodurch Flecken effektiv entfernt werden.<\/p>\n<h4>Prinzip der Haarentfernung<\/h4>\n<p>Basierend auf selektiver Photothermodynamik passt dieses Ger\u00e4t Wellenl\u00e4nge, Energie und Impulsbreite so an, dass die Lichtenergie in die Haut eindringen und die Haarfollikelwurzeln erreichen kann. Dadurch wird das Haarfollikelgewebe gesch\u00e4digt, was das Haarwachstum verlangsamt oder stoppt. Das Haarentfernungssystem mit schnellem Gefrierpunkt verwendet eine einzigartige K\u00fchltechnologie, um die lokale Epidermistemperatur auf 5 \u00b0C zu senken und so einen schmerzlosen, effizienten Haarentfernungsprozess ohne Hautsch\u00e4den zu gew\u00e4hrleisten.<\/p>\n<table style=\"border-collapse: collapse; width: 100%;\">\n<tbody>\n<tr>\n<td style=\"width: 50%;\"><img loading=\"lazy\" decoding=\"async\" class=\"magic-27 alignnone\" title=\"2-in-1-Pico-Laser-Tattoo- und Haarentfernungsger\u00e4t\" src=\"https:\/\/sc04.alicdn.com\/kf\/H2b36a04f94984e03afec782eaeccd6c4m\/247315878\/H2b36a04f94984e03afec782eaeccd6c4m.png\" alt=\"2-in-1-Pico-Laser-Tattoo- und Haarentfernungsger\u00e4t\" width=\"750\" height=\"402\" data-src=\"\/\/sc04.alicdn.com\/kf\/H2b36a04f94984e03afec782eaeccd6c4m\/247315878\/H2b36a04f94984e03afec782eaeccd6c4m.png\" \/><\/td>\n<td style=\"width: 50%;\"><img loading=\"lazy\" decoding=\"async\" class=\"magic-29 aligncenter\" title=\"2-in-1-Pico-Laser-Tattoo- und Haarentfernungsger\u00e4t\" src=\"https:\/\/sc04.alicdn.com\/kf\/Hdfe137e0fb5a4c5c8d4eacd1e4351dd31\/247315878\/Hdfe137e0fb5a4c5c8d4eacd1e4351dd31.png\" alt=\"2-in-1-Pico-Laser-Tattoo- und Haarentfernungsger\u00e4t\" width=\"405\" height=\"310\" data-src=\"\/\/sc04.alicdn.com\/kf\/Hdfe137e0fb5a4c5c8d4eacd1e4351dd31\/247315878\/Hdfe137e0fb5a4c5c8d4eacd1e4351dd31.png\" \/><\/td>\n<\/tr>\n<\/tbody>\n<\/table>\n<h3>Produktspezifikationen<\/h3>\n<ul>\n<li><strong>Name<\/strong>: 2-in-1-Pico-Laser-Tattoo- und Haarentfernungsger\u00e4t<\/li>\n<\/ul>\n<h4>Laser-Griffparameter<\/h4>\n<ul>\n<li><strong>Lichtwellenl\u00e4nge<\/strong>: 532 nm\/785 nm\/1064 nm<\/li>\n<li><strong>Frequenz<\/strong>: 0-3,0 Hz<\/li>\n<li><strong>Energie<\/strong>: 0,5-2,9J\/cm\u00b2<\/li>\n<\/ul>\n<h4>Parameter des Haarentfernungsger\u00e4ts<\/h4>\n<ul>\n<li><strong>Spotgr\u00f6\u00dfe<\/strong>: 12 x 26 mm<\/li>\n<li><strong>Aufl\u00f6sung<\/strong>: 1080\u00d71920<\/li>\n<li><strong>Operationen<\/strong>: 50,000,000<\/li>\n<li><strong>Wellenl\u00e4nge<\/strong>: 808 nm<\/li>\n<li><strong>Frequenz<\/strong>: 1-10Hz<\/li>\n<li><strong>Energie<\/strong>: 1-50J\/cm\u00b2<\/li>\n<li><strong>Leistung<\/strong>Leistung: 2000 W<\/li>\n<li><strong>Impulsbreite<\/strong>: 1MS-400MS<\/li>\n<li><strong>Stromspannung<\/strong>: 200-240 V<\/li>\n<li><strong>K\u00fchlung<\/strong>: Halbleiter + Luftk\u00fchlung + TEC-K\u00fchlung<\/li>\n<li><strong>Paketgr\u00f6\u00dfe<\/strong>: 61cm 55cm 57cm<\/li>\n<li><strong>Sprachunterst\u00fctzung<\/strong>: Anpassbar<\/li>\n<li><strong>Gewicht<\/strong>: 32,5 kg<\/li>\n<\/ul>\n<h3>Merkmale<\/h3>\n<ul>\n<li>Neues Erlebnis mit verfeinerter Optik<\/li>\n<li>Schnelle Wiederherstellung und pr\u00e4zise Positionierung<\/li>\n<li>Eisgek\u00fchlte Haarentfernung mit Mikronfilter<\/li>\n<li>Schonende und komfortable Mehrzwecknutzung<\/li>\n<\/ul>\n<div class=\"magic-28\"><\/div>\n<div>\n<table style=\"border-collapse: collapse; width: 100%;\">\n<tbody>\n<tr>\n<td style=\"width: 50%;\"><img loading=\"lazy\" decoding=\"async\" class=\"magic-31 aligncenter\" title=\"2-in-1-Pico-Laser-Tattoo- und Haarentfernungsger\u00e4t\" src=\"https:\/\/sc04.alicdn.com\/kf\/Hcd4539f86171472996b55ef04ae039a25\/247315878\/Hcd4539f86171472996b55ef04ae039a25.png\" alt=\"2-in-1-Pico-Laser-Tattoo- und Haarentfernungsger\u00e4t\" width=\"422\" height=\"422\" data-src=\"\/\/sc04.alicdn.com\/kf\/Hcd4539f86171472996b55ef04ae039a25\/247315878\/Hcd4539f86171472996b55ef04ae039a25.png\" \/><\/td>\n<td style=\"width: 50%;\"><img loading=\"lazy\" decoding=\"async\" class=\"magic-33 aligncenter\" title=\"2-in-1-Pico-Laser-Tattoo- und Haarentfernungsger\u00e4t\" src=\"https:\/\/sc04.alicdn.com\/kf\/Ha4e108c318d04b3db4693932245fde4fd\/247315878\/Ha4e108c318d04b3db4693932245fde4fd.png\" alt=\"2-in-1-Pico-Laser-Tattoo- und Haarentfernungsger\u00e4t\" width=\"415\" height=\"378\" data-src=\"\/\/sc04.alicdn.com\/kf\/Ha4e108c318d04b3db4693932245fde4fd\/247315878\/Ha4e108c318d04b3db4693932245fde4fd.png\" \/><\/td>\n<\/tr>\n<\/tbody>\n<\/table>\n<\/div>\n<h4>Funktionen<\/h4>\n<ol>\n<li>Flecken entfernen<\/li>\n<li>Tattooentfernung<\/li>\n<li>Leichte Narbenbehandlung<\/li>\n<li>Haarentfernung<\/li>\n<li>Hautverj\u00fcngung<\/li>\n<\/ol>\n<h3>Vorteile<\/h3>\n<ol>\n<li><strong>Marke Laseremitter<\/strong>: Stabiles Licht und Leistung, lange Lebensdauer.<\/li>\n<li><strong>Sicherheit<\/strong>: Stabile und sichere Behandlung ohne Sch\u00e4digung der Haut.<\/li>\n<li><strong>Hohe Effizienz<\/strong>: Effektive Melaninabsorption f\u00fcr schmerzlose Haarentfernung.<\/li>\n<li><strong>Schmerzfrei<\/strong>: Das Saphir-Touch-K\u00fchlsystem sorgt f\u00fcr eine sichere und schmerzfreie Behandlung.<\/li>\n<li><strong>Schnelle Ergebnisse<\/strong>: Gro\u00dfe Spotgr\u00f6\u00dfe erh\u00f6ht die Behandlungsgeschwindigkeit.<\/li>\n<li><strong>Dauerhafte Haarentfernung<\/strong>: Geeignet f\u00fcr alle Hauttypen mit hervorragenden Ergebnissen.<\/li>\n<\/ol>\n<h3><img loading=\"lazy\" decoding=\"async\" class=\"magic-35 aligncenter\" title=\"2-in-1-Pico-Laser-Tattoo- und Haarentfernungsger\u00e4t\" src=\"https:\/\/sc04.alicdn.com\/kf\/Hf399b3f702a64dfea0beaf4dc9e4b2c9F\/247315878\/Hf399b3f702a64dfea0beaf4dc9e4b2c9F.png\" alt=\"2-in-1-Pico-Laser-Tattoo- und Haarentfernungsger\u00e4t\" width=\"557\" height=\"447\" data-src=\"\/\/sc04.alicdn.com\/kf\/Hf399b3f702a64dfea0beaf4dc9e4b2c9F\/247315878\/Hf399b3f702a64dfea0beaf4dc9e4b2c9F.png\" \/><\/h3>\n<h3>Anwendungen<\/h3>\n<ol>\n<li><strong>Porenverkleinerung<\/strong>: Sichtbarer Verengungseffekt bereits nach einer Behandlungskur.<\/li>\n<li><strong>Fleckentfernung<\/strong>: Entfernt m\u00fchelos Flecken, ohne dass Sie sich um Hyperpigmentierung sorgen m\u00fcssen.<\/li>\n<li><strong>Reduzierung feiner Linien<\/strong>: Sp\u00fcrbare Verbesserung feiner Linien durch die Waben-Pikosekundenlaserbehandlung.<\/li>\n<li><strong>Narbenbehandlung<\/strong>: Wirksam bei hartn\u00e4ckigen Narben und Pockennarben.<\/li>\n<li><strong>Gl\u00e4tte der Haut<\/strong>: Verbessert die Hautstruktur und macht sie glatt und zart.<\/li>\n<li><strong>Tattooentfernung<\/strong>: Entfernt schwierige Tattoofarben (rot, orange, gelb, gr\u00fcn, blau), ohne Spuren zu hinterlassen.<\/li>\n<\/ol>\n<\/div>\n<\/div>\n<div class=\"J_module\">\n<div class=\"detail-decorate-json-renderer-container\">\n<div class=\"magic-4\">\n<div class=\"magic-7\">\n<div class=\"magic-8\">\n<h3 class=\"magic-9\"><span style=\"font-family: Arial;\">Produktbilder<\/span><\/h3>\n<\/div>\n<\/div>\n<\/div>\n<\/div>\n<\/div>\n<div class=\"J_module\">\n<div class=\"detail-decorate-json-renderer-container\">\n<div class=\"magic-4\">\n<div class=\"magic-7\">\n<div class=\"magic-8\">\n<div class=\"magic-9\">\n<table style=\"border-collapse: collapse; width: 100%;\">\n<tbody>\n<tr>\n<td style=\"width: 50%;\"><img loading=\"lazy\" decoding=\"async\" class=\"magic-31 alignnone\" title=\"2-in-1-Pico-Laser-Tattoo- und Haarentfernungsger\u00e4t\" src=\"https:\/\/sc04.alicdn.com\/kf\/H873a43bc0ea642aa8ec9487c0c7de1d8K\/247315878\/H873a43bc0ea642aa8ec9487c0c7de1d8K.png\" alt=\"2-in-1-Pico-Laser-Tattoo- und Haarentfernungsger\u00e4t\" width=\"1000\" height=\"1000\" data-src=\"\/\/sc04.alicdn.com\/kf\/H873a43bc0ea642aa8ec9487c0c7de1d8K\/247315878\/H873a43bc0ea642aa8ec9487c0c7de1d8K.png\" \/><\/td>\n<td style=\"width: 50%;\"><img loading=\"lazy\" decoding=\"async\" class=\"magic-31 alignnone\" title=\"2-in-1-Pico-Laser-Tattoo- und Haarentfernungsger\u00e4t\" src=\"https:\/\/sc04.alicdn.com\/kf\/H8397ceef7d3c4ecdb5a598f1b67b8be6C\/247315878\/H8397ceef7d3c4ecdb5a598f1b67b8be6C.png\" alt=\"2-in-1-Pico-Laser-Tattoo- und Haarentfernungsger\u00e4t\" width=\"1000\" height=\"1000\" data-src=\"\/\/sc04.alicdn.com\/kf\/H8397ceef7d3c4ecdb5a598f1b67b8be6C\/247315878\/H8397ceef7d3c4ecdb5a598f1b67b8be6C.png\" \/><\/td>\n<\/tr>\n<\/tbody>\n<\/table>\n<\/div>\n<\/div>\n<\/div>\n<\/div>\n<\/div>\n<\/div>\n<div class=\"J_module\">\n<div class=\"icbu-pc-images magic-1\">\n<div class=\"flex-layout-v\">\n<div class=\"flex-layout-h magic-1\">\n<div class=\"magic-30\"><\/div>\n<\/div>\n<\/div>\n<\/div>\n<\/div>\n<div class=\"J_module\">\n<div class=\"icbu-pc-images magic-1\">\n<div class=\"flex-layout-v\">\n<div class=\"flex-layout-h magic-1\">\n<div class=\"magic-30\">\n<h3><strong>Anpassen Logo<\/strong><\/h3>\n<p>Wollen, machen Ihre Marke stand heraus? Wir bieten angepasst logo Dienstleistungen zu helfen Sie erstellen Sie eine einzigartige und personalisierte logo spiegelt Ihre Marke Identit\u00e4t. Unser team von Experten arbeiten eng mit Ihnen zusammen, um ein logo zu entwerfen, die in Resonanz mit Ihrer Marke und messaging. Egal, ob Sie Umbau Ihres bestehenden Logos oder eine neue erstellen von Grund auf neu, wir haben Sie abgedeckt. <a href=\"\/de\/kontakt\/\">Kontaktieren Sie uns<\/a> heute erfahren Sie mehr \u00fcber unsere ma\u00dfgeschneiderten logo-Service!<\/p>\n<p>&nbsp;<\/p>\n<\/div>\n<div style=\"text-align: center;\"><iframe loading=\"lazy\" src=\"\/\/www.youtube.com\/embed\/_Tv6Vu_I_Mw?si=UIqSYODM4GoOZp64\" width=\"560\" height=\"314\" allowfullscreen=\"allowfullscreen\"><\/iframe><\/div>\n<\/div>\n<\/div>\n<\/div>\n<\/div>","protected":false},"excerpt":{"rendered":"<p>Erleben Sie die Desktop Picosecond + 808 Laserdiodenmaschine zur effizienten Fleckenentfernung, Tattooentfernung, Narbenbehandlung und dauerhaften Haarentfernung. Sicher, effektiv und vielseitig.<\/p>","protected":false},"featured_media":2755,"comment_status":"open","ping_status":"closed","template":"","meta":{"_kad_post_transparent":"default","_kad_post_title":"","_kad_post_layout":"default","_kad_post_sidebar_id":"","_kad_post_content_style":"default","_kad_post_vertical_padding":"default","_kad_post_feature":"","_kad_post_feature_position":"","_kad_post_header":false,"_kad_post_footer":false,"_kad_post_classname":"","rank_math_title":"","rank_math_description":"","rank_math_focus_keyword":"Laser Tattoo Removal"},"product_brand":[],"product_cat":[29],"product_tag":[],"class_list":{"0":"post-2752","1":"product","2":"type-product","3":"status-publish","4":"has-post-thumbnail","6":"product_cat-pico-laser","8":"first","9":"instock","10":"shipping-taxable","11":"product-type-simple","12":"entry","13":"content-bg","14":"loop-entry"},"_links":{"self":[{"href":"https:\/\/skbty.com\/de\/wp-json\/wp\/v2\/product\/2752","targetHints":{"allow":["GET"]}}],"collection":[{"href":"https:\/\/skbty.com\/de\/wp-json\/wp\/v2\/product"}],"about":[{"href":"https:\/\/skbty.com\/de\/wp-json\/wp\/v2\/types\/product"}],"replies":[{"embeddable":true,"href":"https:\/\/skbty.com\/de\/wp-json\/wp\/v2\/comments?post=2752"}],"wp:featuredmedia":[{"embeddable":true,"href":"https:\/\/skbty.com\/de\/wp-json\/wp\/v2\/media\/2755"}],"wp:attachment":[{"href":"https:\/\/skbty.com\/de\/wp-json\/wp\/v2\/media?parent=2752"}],"wp:term":[{"taxonomy":"product_brand","embeddable":true,"href":"https:\/\/skbty.com\/de\/wp-json\/wp\/v2\/product_brand?post=2752"},{"taxonomy":"product_cat","embeddable":true,"href":"https:\/\/skbty.com\/de\/wp-json\/wp\/v2\/product_cat?post=2752"},{"taxonomy":"product_tag","embeddable":true,"href":"https:\/\/skbty.com\/de\/wp-json\/wp\/v2\/product_tag?post=2752"}],"curies":[{"name":"wp","href":"https:\/\/api.w.org\/{rel}","templated":true}]}}