{"id":2782,"date":"2024-06-04T17:44:50","date_gmt":"2024-06-04T09:44:50","guid":{"rendered":"https:\/\/skbty.com\/?post_type=product&#038;p=2782"},"modified":"2025-01-09T17:13:41","modified_gmt":"2025-01-09T09:13:41","slug":"6t-neuer-beckenbodenmuskelreparatur-magiestuhl-nicht-invasive-elektromagnetische-stimulation-rehabilitationsstuhl-ems","status":"publish","type":"product","link":"https:\/\/skbty.com\/de\/product\/6t-neuer-beckenbodenmuskelreparatur-magiestuhl-nicht-invasive-elektromagnetische-stimulation-rehabilitationsstuhl-ems\/","title":{"rendered":"6T Tread-Stuhl zur Reparatur der Beckenbodenmuskulatur"},"content":{"rendered":"<h3>Prinzip der Beckenbodenmuskulatur-Reparatur<\/h3>\n<p>Der BTL Emsella Pelvic Resonance Chair, auch bekannt als \u201eHappy Chair\u201c, revolutioniert die Behandlung von Harninkontinenz. Mithilfe der fortschrittlichen \u201eHIFEM\u201c-Technologie (High-Intensity Focused Electromagnetic) stimuliert er motorische Neuronen zur Steuerung der Beckenbodenmuskulatur. Dieser Prozess l\u00f6st wiederholte Hyperkontraktionen aus, um die Kraft und Ausdauer der Beckenbodenmuskulatur und des Harnsystems wiederherzustellen und so effektiv zur Reparatur, Kraft und Ausdauer der Beckenbodenmuskulatur beizutragen.<\/p>\n<p><img loading=\"lazy\" decoding=\"async\" class=\"wp-image-2789 aligncenter\" title=\"Reparatur der Beckenbodenmuskulatur\" src=\"https:\/\/skbty.com\/wp-content\/uploads\/2024\/06\/GirlSit-xuanchuan-1024x585.jpg\" alt=\"Reparatur der Beckenbodenmuskulatur\" width=\"677\" height=\"387\" srcset=\"https:\/\/skbty.com\/wp-content\/uploads\/2024\/06\/GirlSit-xuanchuan-1024x585.jpg 1024w, https:\/\/skbty.com\/wp-content\/uploads\/2024\/06\/GirlSit-xuanchuan-300x171.jpg 300w, https:\/\/skbty.com\/wp-content\/uploads\/2024\/06\/GirlSit-xuanchuan-768x439.jpg 768w, https:\/\/skbty.com\/wp-content\/uploads\/2024\/06\/GirlSit-xuanchuan-1536x878.jpg 1536w, https:\/\/skbty.com\/wp-content\/uploads\/2024\/06\/GirlSit-xuanchuan-600x343.jpg 600w, https:\/\/skbty.com\/wp-content\/uploads\/2024\/06\/GirlSit-xuanchuan.jpg 1792w\" sizes=\"auto, (max-width: 677px) 100vw, 677px\" \/><\/p>\n<h4>So funktioniert die HIFEM-Technologie<\/h4>\n<p>Die HIFEM-Technologie erzeugt ein hochintensives elektromagnetisches Feld, das tief in die Beckenbodenmuskulatur eindringt. Dieser nicht-invasive Ansatz stellt sicher, dass die Motorneuronen stimuliert werden, ohne dass eine Operation oder invasive Eingriffe erforderlich sind. Die elektromagnetischen Impulse bewirken, dass sich die Muskeln schnell und wiederholt zusammenziehen, was die Anzahl der Kontraktionen, die allein durch willk\u00fcrliche \u00dcbungen erreicht werden k\u00f6nnten, bei weitem \u00fcbersteigt.<\/p>\n<p><img loading=\"lazy\" decoding=\"async\" class=\"wp-image-2786 aligncenter\" title=\"Reparatur der Beckenbodenmuskulatur\" src=\"https:\/\/skbty.com\/wp-content\/uploads\/2024\/06\/\u56fe\u7247\u5df2\u7c98\u8d34\u81f32024-4-16-15-31.png\" alt=\"Reparatur der Beckenbodenmuskulatur\" width=\"425\" height=\"418\" srcset=\"https:\/\/skbty.com\/wp-content\/uploads\/2024\/06\/\u56fe\u7247\u5df2\u7c98\u8d34\u81f32024-4-16-15-31.png 750w, https:\/\/skbty.com\/wp-content\/uploads\/2024\/06\/\u56fe\u7247\u5df2\u7c98\u8d34\u81f32024-4-16-15-31-300x295.png 300w, https:\/\/skbty.com\/wp-content\/uploads\/2024\/06\/\u56fe\u7247\u5df2\u7c98\u8d34\u81f32024-4-16-15-31-600x590.png 600w\" sizes=\"auto, (max-width: 425px) 100vw, 425px\" \/><\/p>\n<h4>Behandlungsprozess<\/h4>\n<p>Jede Sitzung mit dem BTL Emsella-Stuhl dauert etwa 30 Minuten. W\u00e4hrend dieser Zeit bleiben die Patienten vollst\u00e4ndig bekleidet und sitzen bequem. Die Behandlung erfordert keine An\u00e4sthesie und ist schmerzfrei. Die Patienten k\u00f6nnen ihre normalen Aktivit\u00e4ten unmittelbar nach der Sitzung wieder aufnehmen, da keine Erholungsphase erforderlich ist.<\/p>\n<h4>Vorteile des Metis Happy Chair<\/h4>\n<ol>\n<li><strong>Aktivierung der Beckenbodenmuskulatur<\/strong>: Der Metis Happy Chair aktiviert das Beckenbodenmuskelgewebe und f\u00f6rdert die Kollagenregeneration, die f\u00fcr die Aufrechterhaltung der St\u00e4rke und Elastizit\u00e4t dieser Muskeln entscheidend ist. Kollagen ist ein wichtiger Bestandteil, der dem Gewebe Struktur und Halt verleiht und daf\u00fcr sorgt, dass es fest und elastisch bleibt.<\/li>\n<li><strong>St\u00e4rkung der Beckenbodenmuskulatur<\/strong>: Regelm\u00e4\u00dfige Sitzungen mit dem Happy Chair st\u00e4rken effektiv die Beckenbodenmuskulatur und stellen ihre Festigkeit und Elastizit\u00e4t wieder her. Dies f\u00fchrt zu einer verbesserten Blasenkontrolle und einer Verringerung der Symptome von Harninkontinenz. Eine verbesserte Muskelkraft unterst\u00fctzt auch eine bessere Positionierung und Funktion der Beckenorgane.<\/li>\n<li><strong>Inkontinenz und Reduzierung von Urinverlust<\/strong>: Durch die St\u00e4rkung der Beckenbodenmuskulatur hilft der Happy Chair bei der Bek\u00e4mpfung verschiedener Probleme wie Inkontinenz, Harnverlust und Harntropfen. Er behandelt auch Probleme im Zusammenhang mit einem schwachen Unterleib, der zu einem Beckenorganprolaps und anderen gesundheitlichen Problemen f\u00fchren kann.<\/li>\n<li><strong>Verbesserte sexuelle Gesundheit<\/strong>: St\u00e4rkere Beckenbodenmuskeln k\u00f6nnen zu einer verbesserten sexuellen Gesundheit f\u00fchren und Probleme wie Orgasmusschwierigkeiten reduzieren. Verbesserter Muskeltonus und bessere Kontrolle k\u00f6nnen zu befriedigenderen sexuellen Erfahrungen und allgemeinem sexuellen Wohlbefinden beitragen.<\/li>\n<\/ol>\n<h4>Vorteile und Wirksamkeit<\/h4>\n<ul>\n<li><strong>Intensive Muskelkontraktion<\/strong>: Der Stuhl l\u00f6st innerhalb von 30 Minuten etwa 12.000 Beckenbodenmuskelkontraktionen aus. Dieses intensive Training st\u00e4rkt die Muskeln deutlich und verbessert die Harnkontrolle. Die Wirkung \u00fcbertrifft die traditioneller Kegel-\u00dcbungen und sorgt f\u00fcr eine effizientere und effektivere Behandlung.<\/li>\n<li><strong>Nicht-invasive Technologie<\/strong>: Die Behandlung wird mit der modernsten nicht-invasiven Vaginalstraffungstechnologie durchgef\u00fchrt. Sie ist sicher und angenehm und erfordert weder Entkleiden noch Abstinenzzeit. Die Patientinnen k\u00f6nnen ihren normalen Tagesablauf ohne Unterbrechungen beibehalten.<\/li>\n<li><strong>Effektiver Behandlungsverlauf<\/strong>: Eine Sitzung im Metis Happy Chair ist effektiver als 10.000 Kegel-\u00dcbungen. Diese bemerkenswerte Effizienz bedeutet, dass Patienten in k\u00fcrzerer Zeit sp\u00fcrbare Verbesserungen erzielen k\u00f6nnen.<\/li>\n<li><strong>Bequemlichkeit und Komfort<\/strong>: Jede Behandlungssitzung dauert nur 30 Minuten und erfordert weder Schmerzen noch An\u00e4sthesie oder Erholungsphasen. Dank dieser praktischen Anwendung k\u00f6nnen Patienten die Behandlung problemlos in ihren vollen Terminkalender integrieren.<\/li>\n<\/ul>\n<p><img loading=\"lazy\" decoding=\"async\" class=\"wp-image-2785 aligncenter\" title=\"Reparatur der Beckenbodenmuskulatur,\" src=\"https:\/\/skbty.com\/wp-content\/uploads\/2024\/06\/\u56fe\u7247\u5df2\u7c98\u8d34\u81f32024-4-16-15-32.png\" alt=\"Reparatur der Beckenbodenmuskulatur,\" width=\"456\" height=\"442\" srcset=\"https:\/\/skbty.com\/wp-content\/uploads\/2024\/06\/\u56fe\u7247\u5df2\u7c98\u8d34\u81f32024-4-16-15-32.png 750w, https:\/\/skbty.com\/wp-content\/uploads\/2024\/06\/\u56fe\u7247\u5df2\u7c98\u8d34\u81f32024-4-16-15-32-300x291.png 300w, https:\/\/skbty.com\/wp-content\/uploads\/2024\/06\/\u56fe\u7247\u5df2\u7c98\u8d34\u81f32024-4-16-15-32-600x582.png 600w\" sizes=\"auto, (max-width: 456px) 100vw, 456px\" \/><\/p>\n<h3>Langfristige Vorteile<\/h3>\n<p>Die regelm\u00e4\u00dfige Verwendung des BTL Emsella-Stuhls kann zu einer nachhaltigen Verbesserung der Gesundheit des Beckenbodens f\u00fchren. Patienten berichten h\u00e4ufig von langfristigen Vorteilen wie verbesserter Blasenkontrolle, reduziertem Harnverlust, Wiederherstellung der Beckenbodenmuskulatur und verbesserter sexueller Befriedigung. Eine konsequente Behandlung hilft, die St\u00e4rke und Funktionalit\u00e4t der Beckenbodenmuskulatur aufrechtzuerhalten, zuk\u00fcnftigen Problemen vorzubeugen und das allgemeine Wohlbefinden zu f\u00f6rdern.<\/p>\n<h3><strong>Anpassen Logo<\/strong><\/h3>\n<p>Wollen, machen Ihre Marke stand heraus? Wir bieten angepasst logo Dienstleistungen zu helfen Sie erstellen Sie eine einzigartige und personalisierte logo spiegelt Ihre Marke Identit\u00e4t. Unser team von Experten arbeiten eng mit Ihnen zusammen, um ein logo zu entwerfen, die in Resonanz mit Ihrer Marke und messaging. Egal, ob Sie Umbau Ihres bestehenden Logos oder eine neue erstellen von Grund auf neu, wir haben Sie abgedeckt. <a href=\"\/de\/kontakt\/\">Kontaktieren Sie uns<\/a> heute erfahren Sie mehr \u00fcber unsere ma\u00dfgeschneiderten logo-Service!<\/p>\n<p style=\"text-align: center;\"><iframe loading=\"lazy\" src=\"\/\/www.youtube.com\/embed\/HE8EiDrZZU0?si=oZgDwGREVs-M2BzF\" width=\"560\" height=\"314\" allowfullscreen=\"allowfullscreen\"><\/iframe><\/p>","protected":false},"excerpt":{"rendered":"<p>Der BTL Emsella Pelvic Resonance Chair, auch bekannt als \u201eHappy Chair\u201c, revolutioniert die Behandlung von Harninkontinenz mit fortschrittlicher HIFEM-Technologie. Er stimuliert die Beckenbodenmuskulatur, verbessert Kraft und Ausdauer und f\u00f6rdert die Kollagenregeneration. Diese nicht-invasive, 30-min\u00fctige Behandlung bietet erhebliche Vorteile gegen\u00fcber herk\u00f6mmlichen Kegel-\u00dcbungen und verbessert die Festigkeit, Elastizit\u00e4t und Harnkontrolle der Beckenmuskulatur ohne Schmerzen oder Erholungszeit. Der Metis Happy Chair ist ideal zur Behandlung von Inkontinenz, Harnverlust und sexuellen Gesundheitsproblemen und bietet eine bequeme und effektive L\u00f6sung zur Reparatur der Beckenbodenmuskulatur und zum allgemeinen Wohlbefinden.<\/p>","protected":false},"featured_media":2783,"comment_status":"open","ping_status":"closed","template":"","meta":{"_kad_post_transparent":"default","_kad_post_title":"","_kad_post_layout":"default","_kad_post_sidebar_id":"","_kad_post_content_style":"default","_kad_post_vertical_padding":"default","_kad_post_feature":"","_kad_post_feature_position":"","_kad_post_header":false,"_kad_post_footer":false,"_kad_post_classname":"","rank_math_title":"","rank_math_description":"","rank_math_focus_keyword":"Floor Muscle Repair"},"product_brand":[],"product_cat":[183],"product_tag":[],"class_list":{"0":"post-2782","1":"product","2":"type-product","3":"status-publish","4":"has-post-thumbnail","6":"product_cat-magic-chair","8":"first","9":"instock","10":"shipping-taxable","11":"product-type-simple","12":"entry","13":"content-bg","14":"loop-entry"},"_links":{"self":[{"href":"https:\/\/skbty.com\/de\/wp-json\/wp\/v2\/product\/2782","targetHints":{"allow":["GET"]}}],"collection":[{"href":"https:\/\/skbty.com\/de\/wp-json\/wp\/v2\/product"}],"about":[{"href":"https:\/\/skbty.com\/de\/wp-json\/wp\/v2\/types\/product"}],"replies":[{"embeddable":true,"href":"https:\/\/skbty.com\/de\/wp-json\/wp\/v2\/comments?post=2782"}],"wp:featuredmedia":[{"embeddable":true,"href":"https:\/\/skbty.com\/de\/wp-json\/wp\/v2\/media\/2783"}],"wp:attachment":[{"href":"https:\/\/skbty.com\/de\/wp-json\/wp\/v2\/media?parent=2782"}],"wp:term":[{"taxonomy":"product_brand","embeddable":true,"href":"https:\/\/skbty.com\/de\/wp-json\/wp\/v2\/product_brand?post=2782"},{"taxonomy":"product_cat","embeddable":true,"href":"https:\/\/skbty.com\/de\/wp-json\/wp\/v2\/product_cat?post=2782"},{"taxonomy":"product_tag","embeddable":true,"href":"https:\/\/skbty.com\/de\/wp-json\/wp\/v2\/product_tag?post=2782"}],"curies":[{"name":"wp","href":"https:\/\/api.w.org\/{rel}","templated":true}]}}