{"id":3306,"date":"2025-03-24T18:10:32","date_gmt":"2025-03-24T10:10:32","guid":{"rendered":"https:\/\/skbty.com\/?post_type=product&#038;p=3306"},"modified":"2025-06-20T17:32:04","modified_gmt":"2025-06-20T09:32:04","slug":"einen-fleische-prototyp","status":"publish","type":"product","link":"https:\/\/skbty.com\/de\/product\/einen-fleische-prototyp\/","title":{"rendered":"Instrument zur Reparatur der Beckenbodenmuskulatur \u2013 Wiederherstellung von Kraft und Blasenkontrolle"},"content":{"rendered":"<h1>Revitalisieren Sie Ihren Rumpf: Einf\u00fchrung des Instruments zur Reparatur der Beckenbodenmuskulatur<\/h1>\n<p>Leiden Sie unter den frustrierenden Symptomen eines geschw\u00e4chten Beckenbodens? Vielleicht liegt es an der Geburt, dem Alter oder einfach an den allt\u00e4glichen Belastungen. Was auch immer der Grund ist, ein schwacher Beckenboden kann Ihre Lebensqualit\u00e4t erheblich beeintr\u00e4chtigen.<\/p>\n<p>Aber was w\u00e4re, wenn es eine nicht-invasive, effektive M\u00f6glichkeit g\u00e4be, die Kontrolle zur\u00fcckzugewinnen und Ihren Rumpf zu revitalisieren?<\/p>\n<p>Einf\u00fchrung der <strong>Instrument zur Reparatur der Beckenbodenmuskulatur<\/strong>, ein revolution\u00e4res Ger\u00e4t zur m\u00fchelosen und komfortablen St\u00e4rkung und Regeneration Ihrer Beckenbodenmuskulatur. Es ist mehr als nur eine Behandlung; es ist eine Investition in Ihr langfristiges Wohlbefinden.<\/p>\n<h2 style=\"text-align: center;\"><iframe loading=\"lazy\" src=\"\/\/www.youtube.com\/embed\/WK_L5E9aUuQ\" width=\"560\" height=\"314\" allowfullscreen=\"allowfullscreen\"><\/iframe><\/h2>\n<h2>Warum ist die Gesundheit des Beckenbodens wichtig?<\/h2>\n<p>Die Beckenbodenmuskulatur ist wichtig f\u00fcr die Unterst\u00fctzung von Blase, Geb\u00e4rmutter (bei Frauen), Rektum und anderen Beckenorganen. Eine Schw\u00e4chung dieser Muskeln kann zu einer Reihe von Problemen f\u00fchren, die sich auf alles auswirken, von der Blasenkontrolle bis zur sexuellen Funktion.<\/p>\n<h3>H\u00e4ufige Probleme im Zusammenhang mit schwachen Beckenbodenmuskeln:<\/h3>\n<ul>\n<li>Harninkontinenz (Harnverlust)<\/li>\n<li>Beckenorganprolaps<\/li>\n<li>Verminderte sexuelle Befriedigung<\/li>\n<li>Schwierigkeiten bei der Kontrolle des Stuhlgangs<\/li>\n<\/ul>\n<p>Lassen Sie sich von diesen Problemen nicht zur\u00fcckhalten. Die <strong>Instrument zur Reparatur der Beckenbodenmuskulatur<\/strong> ist f\u00fcr alle gedacht, die ihre Beckenbodenmuskulatur st\u00e4rken und ihre Blasenkontrolle verbessern m\u00f6chten. Diese fortschrittliche, nicht-invasive L\u00f6sung nutzt die HIFEM-Technologie (High-Intensity Focused Electromagnetic) und sorgt durch tiefe Muskelstimulation f\u00fcr effektive Ergebnisse. Der innovative elektromagnetische Energieansatz zielt auf den Beckenboden ab, f\u00f6rdert Muskelwachstum und verbessert die neuromuskul\u00e4re Kontrolle. Damit ist sie die ideale Wahl f\u00fcr alle, die ihr Selbstvertrauen zur\u00fcckgewinnen und ihre Lebensqualit\u00e4t verbessern m\u00f6chten.<\/p>\n<h2><img loading=\"lazy\" decoding=\"async\" class=\"aligncenter wp-image-3308\" src=\"https:\/\/skbty.com\/wp-content\/uploads\/2025\/03\/MagicChair-main2.jpg\" alt=\"MagicChair zur Reparatur der Beckenbodenmuskulatur\" width=\"575\" height=\"575\" data-wp-pid=\"3308\" srcset=\"https:\/\/skbty.com\/wp-content\/uploads\/2025\/03\/MagicChair-main2.jpg 800w, https:\/\/skbty.com\/wp-content\/uploads\/2025\/03\/MagicChair-main2-300x300.jpg 300w, https:\/\/skbty.com\/wp-content\/uploads\/2025\/03\/MagicChair-main2-150x150.jpg 150w, https:\/\/skbty.com\/wp-content\/uploads\/2025\/03\/MagicChair-main2-768x768.jpg 768w, https:\/\/skbty.com\/wp-content\/uploads\/2025\/03\/MagicChair-main2-12x12.jpg 12w, https:\/\/skbty.com\/wp-content\/uploads\/2025\/03\/MagicChair-main2-600x600.jpg 600w, https:\/\/skbty.com\/wp-content\/uploads\/2025\/03\/MagicChair-main2-100x100.jpg 100w\" sizes=\"auto, (max-width: 575px) 100vw, 575px\" \/><\/h2>\n<h2>Die Wissenschaft hinter der L\u00f6sung: HIFEM-Technologie<\/h2>\n<p>Unser <strong>Instrument zur Reparatur der Beckenbodenmuskulatur<\/strong> nutzt die Kraft der hochintensiven fokussierten Magnetvibration (HIFEM), einem hochmodernen Ansatz zur Muskelst\u00e4rkung.<\/p>\n<h3>Wie funktioniert HIFEM?<\/h3>\n<ol>\n<li><strong>Gezielte Stimulation:<\/strong> Das Ger\u00e4t gibt fokussierte magnetische Energie ab, die die Motoneuronen, die Ihre Beckenbodenmuskulatur steuern, direkt stimuliert.<\/li>\n<li><strong>Intensive Muskelkontraktionen:<\/strong> Diese Stimulation l\u00f6st Tausende supramaximale Kontraktionen aus \u2013 Kontraktionen, die weitaus st\u00e4rker sind, als Sie mit herk\u00f6mmlichen \u00dcbungen wie Kegels erreichen k\u00f6nnten.<\/li>\n<li><strong>Muskelst\u00e4rkung und -reparatur:<\/strong> Diese intensiven Kontraktionen st\u00e4rken vorhandene Muskelfasern und f\u00f6rdern das Wachstum neuer, was zu einem st\u00e4rkeren, belastbareren Beckenboden f\u00fchrt.<\/li>\n<\/ol>\n<p>Es ist, als w\u00fcrden Sie in einer einzigen 30-min\u00fctigen Sitzung \u00fcber 10.000 Kegel\u00fcbungen machen \u2013 ohne dass Sie sich anstrengen m\u00fcssen!<\/p>\n<h2>Hauptvorteile des Instruments zur Reparatur der Beckenbodenmuskulatur<\/h2>\n<ul>\n<li><strong>Nicht-invasiv und schmerzlos:<\/strong> Keine Operation, keine Beschwerden, keine Ausfallzeiten. Sitzen Sie einfach bequem da und \u00fcberlassen Sie dem Ger\u00e4t die Arbeit.<\/li>\n<li><strong>Wirksam:<\/strong> Die HIFEM-Technologie sorgt f\u00fcr intensivere und effektivere Muskelkontraktionen als herk\u00f6mmliche \u00dcbungen.<\/li>\n<li><strong>Schnell und bequem:<\/strong> Jede Behandlungssitzung dauert nur 30 Minuten und l\u00e4sst sich problemlos in Ihren vollen Terminkalender integrieren.<\/li>\n<li><strong>Diskret:<\/strong> W\u00e4hrend der Behandlung ist es nicht erforderlich, sich auszuziehen oder die Kleidung zu wechseln.<\/li>\n<li><strong>Geeignet f\u00fcr M\u00e4nner und Frauen:<\/strong> Verbessert die St\u00e4rke und Funktion des Beckenbodens bei vielen Menschen.<\/li>\n<\/ul>\n<h3>Wer kann davon profitieren?<\/h3>\n<ul>\n<li>Frauen mit Beckenbodenschw\u00e4che nach der Geburt<\/li>\n<li>Personen, die mit Harninkontinenz zu k\u00e4mpfen haben<\/li>\n<li>Diejenigen, die ihre sexuelle Funktion und Befriedigung verbessern m\u00f6chten<\/li>\n<li>M\u00e4nner, die ihre Prostatagesundheit verbessern und Inkontinenz im Alter vorbeugen m\u00f6chten<\/li>\n<li>Jeder, der seinen Rumpf st\u00e4rken und die allgemeine Beckengesundheit verbessern m\u00f6chte<\/li>\n<\/ul>\n<h2>Ein genauerer Blick auf die Funktionen<\/h2>\n<ul>\n<li>Ergonomisches Stuhldesign: Entwickelt f\u00fcr maximalen Komfort w\u00e4hrend der Behandlungssitzungen.<\/li>\n<li>Benutzerfreundliche Oberfl\u00e4che: Einfache Steuerung und anpassbare Einstellungen.<\/li>\n<li>HIFEM-Technologie: Sorgt f\u00fcr gezielte und effektive Muskelstimulation.<\/li>\n<li>Mehrere Behandlungsmodi: Bietet verschiedene Einstellungen f\u00fcr unterschiedliche Bed\u00fcrfnisse.<\/li>\n<\/ul>\n<h3>HIFEM-Technologie \u2013 Eine empirische Ultraschallentwicklung<\/h3>\n<h4>Vor<\/h4>\n<ul>\n<li>Mit zunehmendem Alter, Geburten und Wechseljahren kann es zu Inkontinenz oder einer Beeintr\u00e4chtigung der Beziehungssituation kommen.<\/li>\n<\/ul>\n<h4>Nach<\/h4>\n<ul>\n<li>Die HIFEM-Technologie kann die Beckenbodenmuskulatur und das Hauptbindegewebe st\u00e4rken.<\/li>\n<li>Die Wahrnehmung und Kontraktion der Beckenbodenmuskulatur ist mangelhaft.<\/li>\n<li>Die neuromuskul\u00e4re Kontrolle geht verloren.<\/li>\n<li>Unkontrollierbarer Urinverlust, schwache Beckenbodenmuskulatur<\/li>\n<li>HIFEM stimuliert die Beckenbodenmuskulatur<\/li>\n<li>Entspannte und lockere Beckenbodenmuskulatur<\/li>\n<li>Aktivierung der Beckenbodenmuskulatur durch HIFEM-Technologie<\/li>\n<\/ul>\n<h2>Warum uns w\u00e4hlen?<\/h2>\n<p>Wir verstehen, dass Sie Entscheidungen treffen k\u00f6nnen, wenn es um Ihre Gesundheit und Ihr Wohlbefinden geht. Hier erfahren Sie, warum unsere <strong>Instrument zur Reparatur der Beckenbodenmuskulatur<\/strong> hebt sich von der Konkurrenz ab:<\/p>\n<ul>\n<li><strong>Fortschrittliche Technologie:<\/strong> F\u00fcr optimale Ergebnisse nutzen wir die neueste HIFEM-Technologie.<\/li>\n<li><strong>Qualit\u00e4t und Sicherheit:<\/strong> Unser Ger\u00e4t wird nach den h\u00f6chsten Standards hergestellt und strengen Tests hinsichtlich Sicherheit und Wirksamkeit unterzogen.<\/li>\n<li><strong>Kundendienst:<\/strong> Wir bieten Ihnen umfassende Unterst\u00fctzung, damit Sie den gr\u00f6\u00dftm\u00f6glichen Nutzen aus Ihrer Behandlung ziehen.<\/li>\n<\/ul>\n<h2>Werden Sie st\u00e4rker und ges\u00fcnder<\/h2>\n<p>Die <strong>Instrument zur Reparatur der Beckenbodenmuskulatur<\/strong> ist mehr als nur ein Produkt; es ist Ihr Weg zu einem st\u00e4rkeren, ges\u00fcnderen und selbstbewussteren Ich. \u00dcbernehmen Sie die Kontrolle \u00fcber Ihre Beckengesundheit und erleben Sie den Unterschied.<\/p>\n<h3>Vorteile der Verbesserung der Beckenbodenmuskulatur<\/h3>\n<ul>\n<li>St\u00e4rkung der Beckenbodenmuskulatur zur Verbesserung der Kontrollkraft beim Stuhlgang.<\/li>\n<li>Vorbeugung oder Verbesserung von Blasen-, Geb\u00e4rmutter- oder Rektumerschlaffungen durch Entspannung der Beckenbodenmuskulatur.<\/li>\n<li>Verringerung des Urinverlusts durch Husten, Niesen oder Schlagen.<\/li>\n<li>Aktivierung und St\u00e4rkung des Beckenbodenmuskelgewebes zur Wiederherstellung der Muskelspannung und Erh\u00f6hung der Elastizit\u00e4t.<\/li>\n<li>Verbesserung der Durchblutung und Nervenfunktion des Beckenbodens.<\/li>\n<li>St\u00e4rkung des Pubococcygealmuskels (PC-Muskel) zur Verbesserung der Sensibilit\u00e4t und der sexuellen Funktion.<\/li>\n<\/ul>\n<p><strong>Bereit, Ihre Vitalit\u00e4t zur\u00fcckzugewinnen? Kontaktieren Sie uns noch heute, um mehr \u00fcber das Instrument zu erfahren!<\/strong><\/p>\n<h2>H\u00e4ufig Gestellte Fragen (FAQs)<\/h2>\n<p><strong>1. Ist das Instrument zur Reparatur der Beckenbodenmuskulatur sicher?<\/strong><\/p>\n<p>Ja! Die HIFEM-Technologie ist nicht-invasiv und schmerzlos.<\/p>\n<p><strong>2. Wie lange dauert eine Behandlungssitzung?<\/strong><\/p>\n<p>Jede Sitzung dauert ungef\u00e4hr 30 Minuten.<\/p>\n<p><strong>3. Wie viele Behandlungen werden empfohlen?<\/strong><\/p>\n<p>Eine typische Behandlungskur umfasst 6\u20138 Sitzungen, die normalerweise 2\u20133 Mal pro Woche stattfinden.<\/p>\n<p><strong>4. Wann werde ich Ergebnisse sehen?<\/strong><\/p>\n<p>Viele Menschen erleben bereits nach 1\u20132 Behandlungen eine sp\u00fcrbare Verbesserung, die sich in den folgenden Wochen fortsetzt.<\/p>\n<p><strong>5. Gibt es nach der Behandlung Ausfallzeiten?<\/strong><\/p>\n<p>Nein! Sie k\u00f6nnen Ihre normalen Aktivit\u00e4ten unmittelbar nach jeder Sitzung wieder aufnehmen.<\/p>\n<h2><strong>Anpassen Logo<\/strong><\/h2>\n<p>Wollen, machen Ihre Marke stand heraus? Wir bieten angepasst logo Dienstleistungen zu helfen Sie erstellen Sie eine einzigartige und personalisierte logo spiegelt Ihre Marke Identit\u00e4t. Unser team von Experten arbeiten eng mit Ihnen zusammen, um ein logo zu entwerfen, die in Resonanz mit Ihrer Marke und messaging. Egal, ob Sie Umbau Ihres bestehenden Logos oder eine neue erstellen von Grund auf neu, wir haben Sie abgedeckt.\u00a0<a href=\"https:\/\/skbty.com\/de\/kontakt\/\">Kontaktieren Sie uns<\/a>\u00a0heute erfahren Sie mehr \u00fcber unsere ma\u00dfgeschneiderten logo-Service!<\/p>","protected":false},"excerpt":{"rendered":"<p>St\u00e4rken Sie Ihren Beckenboden m\u00fchelos! Das Beckenbodenmuskel-Reparaturinstrument nutzt die revolution\u00e4re HIFEM-Technologie f\u00fcr Tausende von Muskelkontraktionen in nur 30 Minuten. Sicher, effektiv und nicht-invasiv.<\/p>","protected":false},"featured_media":3312,"comment_status":"open","ping_status":"closed","template":"","meta":{"_kad_post_transparent":"default","_kad_post_title":"","_kad_post_layout":"default","_kad_post_sidebar_id":"","_kad_post_content_style":"default","_kad_post_vertical_padding":"default","_kad_post_feature":"","_kad_post_feature_position":"","_kad_post_header":false,"_kad_post_footer":false,"_kad_post_classname":"","rank_math_title":"","rank_math_description":"","rank_math_focus_keyword":""},"product_brand":[],"product_cat":[183],"product_tag":[],"class_list":{"0":"post-3306","1":"product","2":"type-product","3":"status-publish","4":"has-post-thumbnail","6":"product_cat-magic-chair","8":"first","9":"instock","10":"shipping-taxable","11":"product-type-simple","12":"entry","13":"content-bg","14":"loop-entry"},"_links":{"self":[{"href":"https:\/\/skbty.com\/de\/wp-json\/wp\/v2\/product\/3306","targetHints":{"allow":["GET"]}}],"collection":[{"href":"https:\/\/skbty.com\/de\/wp-json\/wp\/v2\/product"}],"about":[{"href":"https:\/\/skbty.com\/de\/wp-json\/wp\/v2\/types\/product"}],"replies":[{"embeddable":true,"href":"https:\/\/skbty.com\/de\/wp-json\/wp\/v2\/comments?post=3306"}],"wp:featuredmedia":[{"embeddable":true,"href":"https:\/\/skbty.com\/de\/wp-json\/wp\/v2\/media\/3312"}],"wp:attachment":[{"href":"https:\/\/skbty.com\/de\/wp-json\/wp\/v2\/media?parent=3306"}],"wp:term":[{"taxonomy":"product_brand","embeddable":true,"href":"https:\/\/skbty.com\/de\/wp-json\/wp\/v2\/product_brand?post=3306"},{"taxonomy":"product_cat","embeddable":true,"href":"https:\/\/skbty.com\/de\/wp-json\/wp\/v2\/product_cat?post=3306"},{"taxonomy":"product_tag","embeddable":true,"href":"https:\/\/skbty.com\/de\/wp-json\/wp\/v2\/product_tag?post=3306"}],"curies":[{"name":"wp","href":"https:\/\/api.w.org\/{rel}","templated":true}]}}