{"id":3449,"date":"2025-07-09T19:05:19","date_gmt":"2025-07-09T11:05:19","guid":{"rendered":"https:\/\/skbty.com\/?post_type=product&#038;p=3449"},"modified":"2025-12-05T18:49:23","modified_gmt":"2025-12-05T10:49:23","slug":"ture-eines-modernen-laser-enthaarungsgerats-anhand-eines-multimillionen-nm","status":"publish","type":"product","link":"https:\/\/skbty.com\/de\/product\/ture-eines-modernen-laser-enthaarungsgerats-anhand-eines-multimillionen-nm\/","title":{"rendered":"Multimillionen-nm\/multienten-laser, der preiswert f\u00fcr einen multimillionen-laser \/ -enthaarungsger\u00e4t"},"content":{"rendered":"<h1><strong>Revolutionieren Sie Ihre Klinik: Einf\u00fchrung in die 156WF-2T Drei-Leiter Dioden-808nm Erschwingliche Laser-Haar-Abbau-Maschine<\/strong><\/h1>\n<p>In der sich st\u00e4ndig weiter entwickelnden Welt der \u00e4sthetik, zu bleiben vor der Kurve ist nicht nur ein Vorteil; es ist eine Notwendigkeit. Ihre Kunden fordern wirksame, sichere und komfortable Behandlungen, die echte, dauerhafte Ergebnisse. Der endlose Zyklus von rasieren, wachsen und zupfen ist eine l\u00e4stige B\u00fcrde, die Sie m\u00f6chten, Schuppen f\u00fcr immer. Also, die Frage ist, sind Sie ausger\u00fcstet, um Ihnen die ultimative L\u00f6sung? Sind Sie bereit, zur Erh\u00f6hung Ihrer Praxis steigern Sie Ihren Umsatz, und bauen eine Ruf f\u00fcr Exzellenz?<\/p>\n<p>Geben Sie die <strong>156WF-2T Drei-Leiter Dioden-808nm Erschwingliche Laser-Haar-Abbau-Maschine<\/strong>. Dies ist nicht nur ein weiteres St\u00fcck der Ausr\u00fcstung; es ist eine umfassende business-partner entwickelt, um eine un\u00fcbertroffene Leistung, Flexibilit\u00e4t und Kunden-Zufriedenheit. Combining cutting-edge technology with user-centric design, die 156WF-2T ist bereit, werden die Eckpfeiler Ihres \u00e4sthetischen Dienstleistungen.<\/p>\n<h2><img loading=\"lazy\" decoding=\"async\" class=\"aligncenter wp-image-3451\" src=\"https:\/\/skbty.com\/wp-content\/uploads\/2025\/07\/affordable-laser-hair-removal-1024x1024.jpg\" alt=\"erschwingliche laser-Haar-Abbau-Maschine Multi-funktionale Haar Entfernung Ger\u00e4t\" width=\"650\" height=\"650\" srcset=\"https:\/\/skbty.com\/wp-content\/uploads\/2025\/07\/affordable-laser-hair-removal-1024x1024.jpg 1024w, https:\/\/skbty.com\/wp-content\/uploads\/2025\/07\/affordable-laser-hair-removal-300x300.jpg 300w, https:\/\/skbty.com\/wp-content\/uploads\/2025\/07\/affordable-laser-hair-removal-150x150.jpg 150w, https:\/\/skbty.com\/wp-content\/uploads\/2025\/07\/affordable-laser-hair-removal-768x768.jpg 768w, https:\/\/skbty.com\/wp-content\/uploads\/2025\/07\/affordable-laser-hair-removal-12x12.jpg 12w, https:\/\/skbty.com\/wp-content\/uploads\/2025\/07\/affordable-laser-hair-removal-600x600.jpg 600w, https:\/\/skbty.com\/wp-content\/uploads\/2025\/07\/affordable-laser-hair-removal-100x100.jpg 100w, https:\/\/skbty.com\/wp-content\/uploads\/2025\/07\/affordable-laser-hair-removal.jpg 1200w\" sizes=\"auto, (max-width: 650px) 100vw, 650px\" \/><\/h2>\n<h2><strong>Die Zukunft der \u00c4sthetischen Technologie ist Hier<\/strong><\/h2>\n<p>F\u00fcr die Jahre, die beauty-Branche hat jagte den Traum von wirklich dauerhaften, schmerzfreien Haarentfernung. Kunden sind besser ausgebildet als je zuvor, und Sie suchen nach L\u00f6sungen, die sich \u00fcber die zeitweilige und oft schmerzhaften Methoden der Vergangenheit. Sie wollen ein endg\u00fcltiges, um unerw\u00fcnschte Haare auf Ihrem Gesicht, Beine, R\u00fccken, bikini-Linie, und \u00fcberall in zwischen.<\/p>\n<h3><strong>Dar\u00fcber hinaus Tempor\u00e4re L\u00f6sungen: Die Quest f\u00fcr die Dauerhafte Haarentfernung<\/strong><\/h3>\n<p>Die <strong>Erschwingliche Laser-Haar-Abbau-Maschine<\/strong> beantwortet diese direkt aufrufen. Es nutzt die Kraft von einer der effektivsten Technologien auf dem Markt bieten einen service, der nicht nur entfernen Haar, es systematisch reduziert seine F\u00e4higkeit zu wachsen zur\u00fcck. Durch die Bereitstellung dieser high-demand-service, sind Sie nicht nur der Verkauf einer einzigen Sitzung; Sie bieten eine sein Leben ver\u00e4ndernde Reise in Richtung l\u00e4ssig, unbek\u00fcmmert Haut. Dies ist die Art von transformativen Ergebnis, dass schafft loyale Kunden, die zu Ihrem sch\u00e4rfsten Verfechter.<\/p>\n<h2><strong>Entsperren die Wissenschaft: Wie 808nm Dioden-Laser-Technologie Arbeiten<\/strong><\/h2>\n<p>Was macht die <strong>Erschwingliche Laser-Haar-Abbau-Maschine<\/strong> so unglaublich effektiv? Die Magie liegt in der core-Technologie: die 808nm diode laser. Um wirklich zu sch\u00e4tzen, seine macht, m\u00fcssen wir verstehen, wie elegant die Wissenschaft hinter es.<\/p>\n<h3><strong>Das Prinzip der Selektiven Photothermodynamics Erkl\u00e4rt<\/strong><\/h3>\n<p>In seinem Herzen, die Maschine arbeitet nach dem Prinzip der selektiven photothermodynamics. Es klingt kompliziert, aber das Konzept ist einfach wundersch\u00f6n. Die Maschine strahlt eine hoch konzentrierte Strahl von Licht bei einer bestimmten Wellenl\u00e4nge (808nm). Dieses Licht harmlos durch die \u00e4u\u00dfere Schicht der Haut (die epidermis) und ist selektiv absorbiert durch das melanin (das pigment) konzentriert sich auf die Haarfollikel und seiner Wurzel.<\/p>\n<p>Einmal absorbiert, die Licht Energie ist umgewandelt in thermische Energie oder W\u00e4rme. Diese kontrollierte Hitze pr\u00e4zise Ziele und sch\u00e4digt die Haarfollikel regenerativen Strukturen, effektiv Deaktivierung von dessen F\u00e4higkeit, um neue Haare zu produzieren. Betrachten Sie es als ein smart missile, dass nur sucht sich der Haarfollikel, verlassen Sie die umliegenden Haut Gewebe, cool, komfortabel und v\u00f6llig unversehrt.<\/p>\n<h3><strong>Warum 808nm ist die Gold-Standard-Wellenl\u00e4nge<\/strong><\/h3>\n<p>Verschiedenen laser Wellenl\u00e4ngen Ziel melanin zu unterschiedlichen Grad. Die 808nm Wellenl\u00e4nge ist der &#034;gold standard&#034; f\u00fcr Haar Entfernung, weil es Streiks die perfekte balance. Es dringt tief genug ist, um zu erreichen, auch die hartn\u00e4ckigsten Haarfollikel w\u00e4hrend moderate melanin absorption rate. Dies macht es au\u00dfergew\u00f6hnlich wirksam f\u00fcr eine Breite Palette von Haut Arten (sehr fair zu dunkleren T\u00f6nen) - und-Haar-Farben, eine Vielseitigkeit, die ist entscheidend f\u00fcr jede moderne Klinik, dem Ziel zu dienen, eine vielf\u00e4ltige Kundschaft.<\/p>\n<h2><strong>Eine Dreifach-Bedrohung, die zu Unerw\u00fcnschten Haare: Die Unerreichte Vielseitigkeit von Drei Austauschbaren K\u00f6pfen<\/strong><\/h2>\n<p>Eine der wichtigsten Einschr\u00e4nkungen von \u00e4lteren laser-Systeme war Ihr one-size-fits-all &#034; - Ansatz. Der menschliche K\u00f6rper hingegen, ist eine Landschaft, Kurven, Winkeln und unterschiedlichen Oberfl\u00e4chen. Die <strong>Erschwingliche Laser-Haar-Abbau-Maschine<\/strong> \u2013 <strong>Multi-funktionale Haar Entfernung Ger\u00e4t<\/strong> zerbricht diese Einschr\u00e4nkung mit dem revolution\u00e4ren drei-Kopf-system, geben Ihnen das perfekte Werkzeug f\u00fcr jeden job.<\/p>\n<h4><strong>Die Pr\u00e4zision &#034;Elefanten Nase&#034;, Kopf: F\u00fcr Die Komplizierten Und Empfindlichen Bereichen<\/strong><\/h4>\n<p>Haben Sie jemals gek\u00e4mpft, um effektiv zu behandeln die Oberlippe, die den Raum zwischen den Augenbrauen, den Kn\u00f6cheln oder den Konturen der Ohren? Die einzigartig entworfen &#034;Elefanten Nase&#034;, Kopf ist Ihre L\u00f6sung. Seine kleine, gezielte Spitze erm\u00f6glicht f\u00fcr beispiellose Pr\u00e4zision, sicherzustellen, dass Sie sicher und effektiv zu behandeln die hard-zu-erreichen Bereiche, die anderen Maschinen einfach nicht umgehen kann.<\/p>\n<h4><strong>Das Arbeitspferd im Kopf (15x15mm): Perfekt f\u00fcr Mittlere Zonen<\/strong><\/h4>\n<p>Dies ist Ihre go-to-Applikator f\u00fcr die h\u00e4ufigsten Anwendungsgebiete. Die 15x15mm spot Gr\u00f6\u00dfe ist perfekt ausbalanciert f\u00fcr Effizienz und Kontrolle, wodurch es ideal f\u00fcr den Achselh\u00f6hlen, BIKINIZONE und Arme. Es bietet eine ausgezeichnete Abdeckung, w\u00e4hrend so dass f\u00fcr eine sorgf\u00e4ltige Anwendung, gew\u00e4hrleisten keine Haar ist Links hinter.<\/p>\n<h4><strong>Die Hohe-Effizienz Kopf (21x19mm): Bedecken Gro\u00dfe Fl\u00e4chen in Rekordzeit<\/strong><\/h4>\n<p>F\u00fcr gro\u00dfe K\u00f6rperbereiche wie R\u00fccken, Brust, und volle Beine, Zeit ist Geld. Die gro\u00dfe 21x19mm spot Gr\u00f6\u00dfe Kopf ist ein Effizienz-Kraftwerk. Es erlaubt Ihnen zu decken, deutlich mehr Fl\u00e4che mit jedem Impuls, drastisch zu reduzieren Behandlung Zeit. Dies bedeutet Sie k\u00f6nnen fit mehr Kunden in Ihren Zeitplan und Ihre Kunden genie\u00dfen k\u00f6nnen, schneller, mehr komfortable Sitzungen\u2014eine win-win Situation f\u00fcr alle.<\/p>\n<h2><strong>Die Neudefinition Client Komfort: Die Fortschrittliche Triple-Action-K\u00fchlsystem<\/strong><\/h2>\n<p>Vielleicht die gr\u00f6\u00dfte H\u00fcrde f\u00fcr den Kunden unter Ber\u00fccksichtigung der laser Haar Entfernung ist die Angst vor Schmerzen. Die 156WF-2T-Adressen dieser Kopf mit eine Industrie-f\u00fchrenden triple-action-K\u00fchlsystem. Dies ist nicht nur eine einzelne K\u00fchlung Methode; es ist eine synergistische Kombination von <strong>Semiconductor K\u00fchlung + Luftk\u00fchlung + advanced TEC (Thermoelektrische K\u00fchlung) K\u00fchlung.<\/strong><\/p>\n<p>Dieses leistungsf\u00e4hige system arbeitet im echt-Zeit zu halten die Spitze der Handst\u00fcck an einem frostigen 5\u00b0 Celsius. Da der laser seine thermische Energie tiefer in den Follikel und die Oberfl\u00e4che der Haut gehalten wird selig k\u00fchl und komfortabel. Diese &#034;schnelle Gefrierpunkt&#034; - Technologie bet\u00e4ubt den Bereich, drehen, was verwendet werden, um eine schmerzhafte, snapping sensation in eine sanfte, nahezu schmerzfreie Erfahrung. Das einzige Merkmal, verwandeln Sie Ihre Kunden Wahrnehmung von laser-Haarentfernung und setzen Ihre Praxis von der Konkurrenz abheben.<\/p>\n<h2><strong>Power, Pr\u00e4zision und Performance: Ein Deep Dive in die 156WF-2T multi-funktionale Haar Entfernung Ger\u00e4t den Technischen Spezifikationen<\/strong><\/h2>\n<p>F\u00fcr den anspruchsvollen Profi, die zahlen sind wichtig. Die 156WF-2T<strong>\u00a0<\/strong>ist gebaut mit Komponenten, die Versprechen, Leistung, Zuverl\u00e4ssigkeit, und eine unglaubliche Rendite.<\/p>\n<ul>\n<li><strong>Wellenl\u00e4nge:<\/strong>\u00a0808nm Diode Laser<\/li>\n<li><strong>Griff K\u00f6pfe:<\/strong>\u00a015x15mm, 21x19mm, und die spezialisierten &#034;Elefanten Nase&#034;, Kopf<\/li>\n<li><strong>Shot Count:<\/strong>\u00a0Eine Staffelung\u00a0<strong>20,000,000 operations<\/strong>, gew\u00e4hrleisten Jahre von zuverl\u00e4ssigen service und eine niedrige cost-per-Behandlung.<\/li>\n<li><strong>Insgesamt Power:<\/strong>\u00a0Eine robuste\u00a0<strong>2000W<\/strong>\u00a0system f\u00fcr konsistente und effiziente Energie Lieferung.<\/li>\n<li><strong>Energie Fluence:<\/strong>\u00a0Ein hoch Einstellbereich\u00a0<strong>1-120 J\/cm2<\/strong>, so dass Sie anpassen, Behandlungen f\u00fcr verschiedene Haut Arten, Haar st\u00e4rken und K\u00f6rper Bereichen.<\/li>\n<li><strong>Puls Breite:<\/strong>\u00a0Eine Breite Palette von\u00a0<strong>5ms-400ms<\/strong>\u00a0f\u00fcr die ultimative Kontrolle \u00fcber den thermischen Effekt.<\/li>\n<li><strong>Frequenz:<\/strong>\u00a0<strong>1-10Hz<\/strong>eine schnelle, Segelfliegen &#034;in-motion&#034; Technik f\u00fcr schnellere Sitzungen.<\/li>\n<li><strong>Anzeige:<\/strong>\u00a0Eine gro\u00dfe, Kristall-klar\u00a0<strong>15.6-Zoll-touchscreen<\/strong>\u00a0f\u00fcr eine m\u00fchelose Bedienung.<\/li>\n<li><strong>K\u00fchlsystem:<\/strong>\u00a0Semiconductor + Luft + TEC K\u00fchlung f\u00fcr superior client Komfort.<\/li>\n<li><strong>Sicherheit Protections:<\/strong>\u00a0Integrierte Systeme f\u00fcr Temperatur, Spannung, Wasser Mangel Schutz.<\/li>\n<li><strong>Spannung:<\/strong>\u00a0Universelle Kompatibilit\u00e4t mit\u00a0<strong>110V-220V<\/strong>.<\/li>\n<li><strong>Wasser Tank:<\/strong>\u00a0Gro\u00dfe\u00a0<strong>Kapazit\u00e4t 5L<\/strong>\u00a0f\u00fcr einen l\u00e4ngeren Betrieb ohne \u00fcberhitzung.<\/li>\n<\/ul>\n<h2><strong>Eine Schnittstelle speziell f\u00fcr Sie: Intuitive Kontrolle an Ihren Fingerspitzen<\/strong><\/h2>\n<p>Das leistungsst\u00e4rkste Ger\u00e4t n\u00fctzt nichts, wenn es zu kompliziert zu bedienen. Die 156WF-2T bietet ein genial-einfache und intuitive Benutzeroberfl\u00e4che angezeigt, auf seinen massiven 15.6-Zoll-Bildschirm. Der workflow ist logisch und optimiert:<\/p>\n<ol>\n<li><strong>W\u00e4hlen Sie Geschlecht:<\/strong>\u00a0W\u00e4hlen Sie zwischen m\u00e4nnlichen und weiblichen Vorgaben.<\/li>\n<li><strong>W\u00e4hlen Haut Typ:<\/strong>\u00a0W\u00e4hlen Sie die entsprechende Haut Ton, der eine sichere und effektive Parameter vorgeschlagen.<\/li>\n<li><strong>W\u00e4hlen Sie Den K\u00f6rperteil:<\/strong>\u00a0Ber\u00fchren Sie den zu behandelnden Bereich (Gesicht, Arme, Beine, BIKINIZONE, etc.).<\/li>\n<\/ol>\n<p>Das system stellt dann eine klare Behandlung-Bildschirm, wo k\u00f6nnen Sie die Feinabstimmung der Energie (fluence), Puls-Breite und Frequenz. Gro\u00dfe, klare Messwerte f\u00fcr Temperatur und der Wasserstand halten Sie auf dem Laufenden zu allen Zeiten. Mit &#034;Ready&#034; und &#034;Standby&#034; - Tasten, Sie sind immer in v\u00f6lliger Kontrolle. Diesem Benutzer-freundliche design minimiert die Lernkurve, empowering Ihr Techniker durchf\u00fchren zuversichtlich, wirksame Behandlungen vom ersten Tag an.<\/p>\n<h2><strong>Sicherheit als Eckpfeiler: Gebaut-in Schutz-und Client-Care-Protokolle<\/strong><\/h2>\n<p>Client-Sicherheit ist nicht verhandelbar. Die 156WF-2T <strong>multi-funktionale Haar Entfernung Ger\u00e4t <\/strong>ist engineered mit mehrere Schichten von Schutz, und wir bieten klare Richtlinien f\u00fcr den professionellen Einsatz zu gew\u00e4hrleisten die besten Ergebnisse.<\/p>\n<h3><strong>Pre-Behandlung und Kontraindikationen<\/strong><\/h3>\n<p>Dies ist eine professionelle medizinische \u00e4sthetik-Ger\u00e4t und sollte nicht verwendet werden Personen, die Schwanger sind oder hohen Blutdruck, Herz-Kreislauf-Erkrankungen, diabetes, oder eine bekannte Allergie gegen Licht. Behandlung auf Bereiche mit offenen Wunden ist ebenfalls verboten. Eine Gr\u00fcndliche Kundenberatung ist wichtig, vor Beginn einer Behandlung nat\u00fcrlich.<\/p>\n<h3><strong>Essential Post-Treatment Care<\/strong><\/h3>\n<p>Richtige Nachsorge ist entscheidend f\u00fcr die Erreichung einwandfreie Ergebnisse und Vermeidung von Reizungen. Beraten Sie Ihre Kunden auf:<\/p>\n<ul>\n<li>Vermeiden Sie Seife, Dusch-Shampoo, make-up und auf der behandelten Fl\u00e4che f\u00fcr mindestens 6 Stunden.<\/li>\n<li>Schonend reinigen mit nur Wasser auf die Tag der Behandlung.<\/li>\n<li>Gelten Sie nur milde, beruhigende Hautpflege-Formeln f\u00fcr die ersten paar Tage.<\/li>\n<li>Tragen Sie Locker sitzende Kleidung zu vermeiden Reibung.<\/li>\n<li>Streng vermeiden Sonne Belichtung, Saunen und schwimmen f\u00fcr mehrere Tage nach der Behandlung zu sch\u00fctzen die sensibilisierte Haut.<\/li>\n<\/ul>\n<h2><strong>Fazit: Die Intelligente Investition f\u00fcr eine Bl\u00fchende \u00c4sthetischen Business<\/strong><\/h2>\n<p>Die Wahl der 156WF-2T Drei-Kopf 808nm Diode Laser ist mehr als eine Ausr\u00fcstung kaufen, es ist eine strategische Investition in die Zukunft Ihres Unternehmens. Investieren Sie in <strong>Vielseitigkeit<\/strong> mit drei spezialisierten K\u00f6pfen zu behandeln jede K\u00f6rper Bereich. Investieren Sie in <strong>Kundenzufriedenheit<\/strong> mit eine nahezu schmerzfreie und h\u00f6chst effektive Behandlung. Investieren Sie in <strong>Effizienz<\/strong> mit einem leistungsstarken system und gro\u00dfen spot Gr\u00f6\u00dfe, reduzieren Behandlung Zeit. Und investieren Sie in eine unglaubliche <strong>return on investment<\/strong> Dank seiner 20-Millionen-shot Lebensdauer und robuste Konstruktion.<\/p>\n<p>Stoppen und bietet temporary fixes und beginnen, einen dauerhaften L\u00f6sungen. Erh\u00f6hen Sie Ihre Dienstleistungen begeistern Sie Ihre Kunden, und beobachten Sie Ihr Unternehmen wachsen mit der 156WF-2T.<\/p>\n<h2><strong>H\u00e4ufig Gestellte Fragen (FAQs)<\/strong><\/h2>\n<p><strong>1. Wer ist der ideale Kunde f\u00fcr die 808nm diode laser Behandlung?<\/strong> Die 808nm diode laser ist bekannt f\u00fcr seine Vielseitigkeit. Es ist sicher und wirksam f\u00fcr eine Breite Palette von Haut Arten, von Fitzpatrick Haut Arten ich (sehr fair) bis VI (sehr dunkel), obwohl eine Beratung und patch-test werden immer empfohlen. Es funktioniert am besten auf die Kunden mit dunkleren Haaren (Braun, schwarz), da die laser Ziele die melanin in die Haarfollikel.<\/p>\n<p><strong>2. Wie funktioniert diese Maschine Technologie unterscheiden sich von Intense Pulsed Light (IPL)?<\/strong> W\u00e4hrend beide mit Licht f\u00fcr Haar Entfernung, diode laser ist viel mehr erweiterte. Ein laser verwendet eine einzelne, konzentriert und pr\u00e4zise Wellenl\u00e4nge (808nm), um gezielt auf den Haarfollikel. IPL verwendet ein breites Spektrum von Streulicht, das ist weniger zielgerichtete, weniger wirksam auf die Follikel und tragen k\u00f6nnen, die ein h\u00f6heres Risiko von Auswirkungen auf das umliegende Haut, vor allem auf dunkler Haut-T\u00f6ne. Die 156WF-2T bietet eine leistungsstarke, pr\u00e4zise und sicherere Behandlung.<\/p>\n<p><strong>3. Was ist die erwartete Lebensdauer und Wartung der Maschine?<\/strong> Das Handst\u00fcck ist ausgelegt f\u00fcr eine unglaubliche 20 Millionen Aufnahmen, bietet au\u00dfergew\u00f6hnliche Langlebigkeit f\u00fcr eine besch\u00e4ftigte der Klinik. Die routinem\u00e4\u00dfige Wartung ist einfach und vor allem darum geht, regelm\u00e4\u00dfig zu pr\u00fcfen und zu \u00e4ndern die destilliertes Wasser 5L K\u00fchlung tank und halten die Maschine die L\u00fcftungsschlitze sauber, um eine optimale Luftzirkulation f\u00fcr die K\u00fchlung.<\/p>\n<p><strong>4. Wie viele Behandlungen werden einen client ben\u00f6tigen in der Regel?<\/strong> Haar w\u00e4chst in verschiedenen Zyklen (anagen, catagen, telogen), und laser-Haar-Abbau ist nur effektiv auf das Haar in der aktiven Wachstumsphase (anagen). Daher, mehrere Sitzungen sind erforderlich, um zu erfassen alle Haare in dieser phase. In der Regel erreichen Kunden optimale Ergebnisse mit einem Kurs von 6-8 Sitzungen im Abstand von 4-8 Wochen auseinander abh\u00e4ngig von der Behandlung Bereich.<\/p>\n<p><strong>5. Wie wichtig ist die triple-cooling system f\u00fcr den client-Erfahrung?<\/strong> Es ist von entscheidender Bedeutung und ein wichtiges Verkaufsargument. Die erweiterte K\u00fchlsystem h\u00e4lt, dass die Applikator-Spitze bei 5\u00b0C ist der Schl\u00fcssel f\u00fcr eine praktisch schmerzfreie Behandlung. Dieses hohe Ma\u00df an Komfort f\u00f6rdert die Kunden zu komplette Ihre volle Behandlung nat\u00fcrlich und Schw\u00e4rmen \u00fcber Ihre positiven Erfahrungen an Freunde und Familie, so dass es eines der wertvollsten features f\u00fcr die Kundenbindung und Verweise.<\/p>\n<h2><strong>Anpassen Logo<\/strong><\/h2>\n<p>Wollen, machen Ihre Marke stand heraus? Wir bieten angepasst logo Dienstleistungen zu helfen Sie erstellen Sie eine einzigartige und personalisierte logo spiegelt Ihre Marke Identit\u00e4t. Unser team von Experten arbeiten eng mit Ihnen zusammen, um ein logo zu entwerfen, die in Resonanz mit Ihrer Marke und messaging. Egal, ob Sie Umbau Ihres bestehenden Logos oder eine neue erstellen von Grund auf neu, wir haben Sie abgedeckt.\u00a0<a href=\"https:\/\/skbty.com\/de\/kontakt\/\">Kontaktieren Sie uns<\/a>\u00a0heute erfahren Sie mehr \u00fcber unsere ma\u00dfgeschneiderten logo-Service!<\/p>","protected":false},"excerpt":{"rendered":"<p>Unterst\u00fctzen Sie Ihre Praxis mit der <strong>156WF-2T Drei-Leiter Dioden-808nm Laser<\/strong>die all-in-one-L\u00f6sung f\u00fcr professionelle Haarentfernung. Dieses Kraftpaket Maschine kombiniert eine robuste 2000W-system mit dem gold-standard 808nm Wellenl\u00e4nge f\u00fcr klinisch bew\u00e4hrte Ergebnisse. Zu erreichen unvergleichliche Vielseitigkeit mit drei spezielle Behandlung K\u00f6pfe entwickelt f\u00fcr alles, von gro\u00dfen K\u00f6rperbereichen zu komplizierte Gesichts Konturen. Seine revolution\u00e4re triple-action-K\u00fchlsystem sorgt f\u00fcr jede Sitzung ist praktisch schmerzlos, Gew\u00e4hrleistung \u00fcberlegene Kunden Komfort und Zufriedenheit. Mit einem intuitiven 15.6-Zoll-touchscreen und einer 20-Millionen-shot Lebensdauer, die 156WF-2T ist die intelligente Investitionen zur Erh\u00f6hung Ihrer Leistungen, reduzieren Bearbeitungszeiten, and drive business growth.<\/p>","protected":false},"featured_media":3450,"comment_status":"open","ping_status":"closed","template":"","meta":{"_kad_post_transparent":"default","_kad_post_title":"","_kad_post_layout":"default","_kad_post_sidebar_id":"","_kad_post_content_style":"default","_kad_post_vertical_padding":"default","_kad_post_feature":"","_kad_post_feature_position":"","_kad_post_header":false,"_kad_post_footer":false,"_kad_post_classname":"","rank_math_title":"","rank_math_description":"","rank_math_focus_keyword":""},"product_brand":[],"product_cat":[28],"product_tag":[],"class_list":{"0":"post-3449","1":"product","2":"type-product","3":"status-publish","4":"has-post-thumbnail","6":"product_cat-hair-removal","8":"first","9":"instock","10":"sale","11":"shipping-taxable","12":"purchasable","13":"product-type-simple","14":"entry","15":"content-bg","16":"loop-entry"},"_links":{"self":[{"href":"https:\/\/skbty.com\/de\/wp-json\/wp\/v2\/product\/3449","targetHints":{"allow":["GET"]}}],"collection":[{"href":"https:\/\/skbty.com\/de\/wp-json\/wp\/v2\/product"}],"about":[{"href":"https:\/\/skbty.com\/de\/wp-json\/wp\/v2\/types\/product"}],"replies":[{"embeddable":true,"href":"https:\/\/skbty.com\/de\/wp-json\/wp\/v2\/comments?post=3449"}],"wp:featuredmedia":[{"embeddable":true,"href":"https:\/\/skbty.com\/de\/wp-json\/wp\/v2\/media\/3450"}],"wp:attachment":[{"href":"https:\/\/skbty.com\/de\/wp-json\/wp\/v2\/media?parent=3449"}],"wp:term":[{"taxonomy":"product_brand","embeddable":true,"href":"https:\/\/skbty.com\/de\/wp-json\/wp\/v2\/product_brand?post=3449"},{"taxonomy":"product_cat","embeddable":true,"href":"https:\/\/skbty.com\/de\/wp-json\/wp\/v2\/product_cat?post=3449"},{"taxonomy":"product_tag","embeddable":true,"href":"https:\/\/skbty.com\/de\/wp-json\/wp\/v2\/product_tag?post=3449"}],"curies":[{"name":"wp","href":"https:\/\/api.w.org\/{rel}","templated":true}]}}