{"id":1385,"date":"2023-06-03T22:39:08","date_gmt":"2023-06-03T14:39:08","guid":{"rendered":"https:\/\/skbty.com\/?post_type=product&#038;p=1385"},"modified":"2026-03-31T17:07:28","modified_gmt":"2026-03-31T09:07:28","slug":"maquina-de-radiofrecuencia-fraccionada-con-microagujas-doradas","status":"publish","type":"product","link":"https:\/\/skbty.com\/es\/producto\/maquina-de-radiofrecuencia-fraccionada-con-microagujas-doradas\/","title":{"rendered":"M\u00e1quina de radiofrecuencia fraccionada con microagujas doradas"},"content":{"rendered":"<div class=\"J_module\">\n<div id=\"ali-anchor-AliMagic-9mo2rc\" class=\"magic-0\" data-section=\"AliMagic-9mo2rc\" data-section-title=\"Products Description\" data-spm-anchor-id=\"a2700.details.0.i25.41b676aerROOHh\">\n<h2>Radiofrecuencia fraccionada con microagujas doradas: consiga una piel m\u00e1s firme, suave y de aspecto m\u00e1s joven<\/h2>\n<p>\u00bfTiene problemas con las arrugas, las cicatrices del acn\u00e9 o la flacidez de la piel? La m\u00e1quina de radiofrecuencia fraccionada Golden Microneedle ofrece una soluci\u00f3n revolucionaria para el rejuvenecimiento de la piel, que ofrece resultados extraordinarios con un tiempo de recuperaci\u00f3n m\u00ednimo. Este tratamiento innovador combina el poder de la microaguja con la energ\u00eda de la radiofrecuencia para estimular la producci\u00f3n de col\u00e1geno y tensar la piel para lograr una apariencia m\u00e1s suave y juvenil.<\/p>\n<h2><img loading=\"lazy\" decoding=\"async\" class=\"magic-9 aligncenter\" title=\"M\u00e1quina de radiofrecuencia fraccionada con microagujas doradas\" src=\"https:\/\/sc04.alicdn.com\/kf\/Hfba3514d2b8c4427b0126b236b9ba9d7R\/247315878\/Hfba3514d2b8c4427b0126b236b9ba9d7R.jpg\" alt=\"M\u00e1quina de radiofrecuencia fraccionada con microagujas doradas\" width=\"582\" height=\"553\" data-src=\"\/\/sc04.alicdn.com\/kf\/Hfba3514d2b8c4427b0126b236b9ba9d7R\/247315878\/Hfba3514d2b8c4427b0126b236b9ba9d7R.jpg\" \/><\/h2>\n<h2>C\u00f3mo funciona la radiofrecuencia fraccionada con microagujas doradas<\/h2>\n<p>Este tratamiento de vanguardia utiliza una pieza de mano especializada con microagujas ultrafinas ba\u00f1adas en oro que penetran la piel a profundidades controladas (0,25-3 mm). A medida que las agujas penetran, env\u00edan energ\u00eda de radiofrecuencia precisa directamente a la dermis, sin pasar por la epidermis y minimizando el da\u00f1o a la superficie de la piel.<\/p>\n<p>Esta administraci\u00f3n de energ\u00eda dirigida estimula la producci\u00f3n de col\u00e1geno y elastina, los componentes esenciales de una piel joven. \u00bfEl resultado? Una piel m\u00e1s tersa, suave y radiante con una textura y un tono mejorados.<\/p>\n<h2><img loading=\"lazy\" decoding=\"async\" class=\"magic-18 aligncenter\" title=\"M\u00e1quina de radiofrecuencia fraccionada con microagujas doradas\" src=\"https:\/\/sc04.alicdn.com\/kf\/H6fefb9fcf28c406aa7e1bba756337a69B\/247315878\/H6fefb9fcf28c406aa7e1bba756337a69B.png\" alt=\"M\u00e1quina de radiofrecuencia fraccionada con microagujas doradas\" width=\"637\" height=\"254\" data-src=\"\/\/sc04.alicdn.com\/kf\/H6fefb9fcf28c406aa7e1bba756337a69B\/247315878\/H6fefb9fcf28c406aa7e1bba756337a69B.png\" \/><\/h2>\n<h2>\u00bfQu\u00e9 problemas de la piel puede abordar?<\/h2>\n<p>El tratamiento RF fraccionada con microagujas doradas es muy vers\u00e1til y eficaz para abordar una amplia gama de problemas de la piel, entre ellos:<\/p>\n<p><strong>Cara y cuello:<\/strong><\/p>\n<ul>\n<li>Arrugas y l\u00edneas finas<\/li>\n<li>Piel fl\u00e1cida y papada<\/li>\n<li>Cicatrices de acn\u00e9<\/li>\n<li>Poros dilatados<\/li>\n<li>Tono y textura de piel desiguales<\/li>\n<\/ul>\n<p><strong>Ojos:<\/strong><\/p>\n<ul>\n<li>Ojos de aspecto cansado<\/li>\n<li>L\u00edneas finas y arrugas<\/li>\n<li>P\u00e1rpados encapuchados<\/li>\n<li>Piel crepey<\/li>\n<\/ul>\n<p><strong>Cuerpo:<\/strong><\/p>\n<ul>\n<li>Piel suelta o fl\u00e1cida en el abdomen, brazos, piernas y gl\u00fateos.<\/li>\n<li>Estr\u00edas<\/li>\n<li>Celulitis<\/li>\n<\/ul>\n<h2><img loading=\"lazy\" decoding=\"async\" class=\"magic-20 aligncenter\" title=\"M\u00e1quina de radiofrecuencia fraccionada con microagujas doradas\" src=\"https:\/\/sc04.alicdn.com\/kf\/H78a661c1241e42e690315e255865985ct\/247315878\/H78a661c1241e42e690315e255865985ct.jpg\" alt=\"M\u00e1quina de radiofrecuencia fraccionada con microagujas doradas\" width=\"471\" height=\"466\" data-src=\"\/\/sc04.alicdn.com\/kf\/H78a661c1241e42e690315e255865985ct\/247315878\/H78a661c1241e42e690315e255865985ct.jpg\" \/><\/h2>\n<h2>Experimente las ventajas<\/h2>\n<p>El tratamiento RF Fraccionada con Microagujas Doradas ofrece una multitud de beneficios:<\/p>\n<ul>\n<li><strong>M\u00ednimamente invasivo:<\/strong>\u00a0A diferencia de los procedimientos quir\u00fargicos tradicionales, este tratamiento es m\u00ednimamente invasivo y requiere poco o ning\u00fan tiempo de recuperaci\u00f3n.<\/li>\n<li><strong>Seguro y eficaz:<\/strong>\u00a0La entrega precisa de energ\u00eda de RF garantiza resultados \u00f3ptimos con un m\u00ednimo de molestias y riesgo de efectos secundarios.<\/li>\n<li><strong>Apto para todo tipo de piel:<\/strong>\u00a0Este tratamiento es seguro y eficaz para todo tipo de piel, incluida la piel sensible.<\/li>\n<li><strong>Resultados duraderos:<\/strong>\u00a0La producci\u00f3n de col\u00e1geno estimulada contin\u00faa mejorando la textura y el tono de la piel durante meses despu\u00e9s del tratamiento, proporcionando resultados duraderos.<\/li>\n<\/ul>\n<h2><img loading=\"lazy\" decoding=\"async\" class=\"magic-22 aligncenter\" title=\"M\u00e1quina de radiofrecuencia fraccionada con microagujas doradas\" src=\"https:\/\/sc04.alicdn.com\/kf\/H4eef1bf8fc684ced9730c0bc99cf73eac\/247315878\/H4eef1bf8fc684ced9730c0bc99cf73eac.jpg\" alt=\"M\u00e1quina de radiofrecuencia fraccionada con microagujas doradas\" width=\"560\" height=\"790\" data-src=\"\/\/sc04.alicdn.com\/kf\/H4eef1bf8fc684ced9730c0bc99cf73eac\/247315878\/H4eef1bf8fc684ced9730c0bc99cf73eac.jpg\" \/><\/h2>\n<h2>Principales caracter\u00edsticas y beneficios:<\/h2>\n<ul>\n<li><strong>Comodidad asistida por vac\u00edo:<\/strong>\u00a0El cabezal de tratamiento utiliza tecnolog\u00eda de vac\u00edo para tensar suavemente la piel, lo que garantiza una mayor comodidad durante el procedimiento.<\/li>\n<li><strong>Agujas sin aislamiento:<\/strong>\u00a0Permite una distribuci\u00f3n uniforme de la energ\u00eda en la epidermis y la dermis para obtener resultados \u00f3ptimos.<\/li>\n<li><strong>Tecnolog\u00eda de motor paso a paso:<\/strong>\u00a0Asegura una penetraci\u00f3n suave y precisa de la aguja, minimizando las molestias y el sangrado.<\/li>\n<li><strong>Agujas ba\u00f1adas en oro:<\/strong>\u00a0Hipoalerg\u00e9nico y biocompatible, reduce el riesgo de reacciones al\u00e9rgicas y promueve una conductividad de RF \u00f3ptima.<\/li>\n<li><strong>Control de profundidad preciso:<\/strong>\u00a0La profundidad de la aguja ajustable permite realizar tratamientos personalizados adaptados a las necesidades individuales de la piel y \u00e1reas del cuerpo.<\/li>\n<li><strong>Sistema de aguja de seguridad:<\/strong>\u00a0Las puntas de aguja est\u00e9riles y desechables garantizan la higiene y la seguridad.<\/li>\n<\/ul>\n<h2><img loading=\"lazy\" decoding=\"async\" class=\"magic-30 aligncenter\" title=\"M\u00e1quina de radiofrecuencia fraccionada con microagujas doradas\" src=\"https:\/\/sc04.alicdn.com\/kf\/H7ab83577142c43f8a6e29578a7b6779fd\/247315878\/H7ab83577142c43f8a6e29578a7b6779fd.png\" alt=\"M\u00e1quina de radiofrecuencia fraccionada con microagujas doradas\" width=\"651\" height=\"505\" data-src=\"\/\/sc04.alicdn.com\/kf\/H7ab83577142c43f8a6e29578a7b6779fd\/247315878\/H7ab83577142c43f8a6e29578a7b6779fd.png\" \/><\/h2>\n<h2>Descubra el est\u00e1ndar de oro en rejuvenecimiento de la piel<\/h2>\n<p>La m\u00e1quina de radiofrecuencia fraccionada Golden Microneedle ofrece una soluci\u00f3n segura, eficaz y m\u00ednimamente invasiva para lograr una piel joven y radiante. Si est\u00e1 listo para dar marcha atr\u00e1s en el tiempo y lograr la tez de sus sue\u00f1os, este tratamiento revolucionario podr\u00eda ser la soluci\u00f3n perfecta para usted.<\/p>\n<h2><strong>Personalizar El Logotipo De<\/strong><\/h2>\n<p>Queremos hacer de su marca se destaque? Ofrecemos logotipo modificado para requisitos particulares de los servicios que te ayudar\u00e1n a crear un entorno \u00fanico y personalizado logotipo que refleja la identidad de su marca. Nuestro equipo de expertos trabajar\u00e1 estrechamente con usted para dise\u00f1ar un logotipo que resuena con los valores de tu marca y de mensajer\u00eda. Si usted est\u00e1 buscando para renovar su logotipo existente o crear uno nuevo desde cero, lo tenemos cubierto. <a href=\"\/es\/contacto\/\">P\u00f3ngase en contacto con nosotros<\/a> hoy para aprender m\u00e1s acerca de nuestro logotipo modificado para requisitos particulares de los servicios!<\/p>\n<\/div>\n<\/div>","protected":false},"excerpt":{"rendered":"<p>El sistema de agujas de radiofrecuencia de matriz fraccionaria atraviesa la epidermis y la dermis a trav\u00e9s de una matriz multipunto especialmente dise\u00f1ada, una secuencia de control de motor digital de alta velocidad, controla con precisi\u00f3n la profundidad de 0,25-3 mm y luego libera la radiofrecuencia desde la ra\u00edz. El extremo de la aguja de matriz estimula el col\u00e1geno y el tejido el\u00e1stico, lo que es seguro para la epidermis, y la energ\u00eda de radiofrecuencia puede penetrar bien en la dermis para estimular la hiperplasia de col\u00e1geno, que no solo es la mejor manera de mejorar las cicatrices, sino tambi\u00e9n un tratamiento eficaz. m\u00e9todo de tratamiento. A largo plazo, esta es una excelente manera de tensar las arrugas de la piel.<\/p>","protected":false},"featured_media":1386,"comment_status":"open","ping_status":"closed","template":"","meta":{"_kad_post_transparent":"default","_kad_post_title":"","_kad_post_layout":"default","_kad_post_sidebar_id":"","_kad_post_content_style":"default","_kad_post_vertical_padding":"default","_kad_post_feature":"","_kad_post_feature_position":"","_kad_post_header":false,"_kad_post_footer":false,"_kad_post_classname":"","rank_math_title":"","rank_math_description":"","rank_math_focus_keyword":""},"product_brand":[],"product_cat":[30],"product_tag":[],"class_list":{"0":"post-1385","1":"product","2":"type-product","3":"status-publish","4":"has-post-thumbnail","6":"product_cat-microneedle","8":"first","9":"instock","10":"sale","11":"shipping-taxable","12":"purchasable","13":"product-type-simple","14":"entry","15":"content-bg","16":"loop-entry"},"_links":{"self":[{"href":"https:\/\/skbty.com\/es\/wp-json\/wp\/v2\/product\/1385","targetHints":{"allow":["GET"]}}],"collection":[{"href":"https:\/\/skbty.com\/es\/wp-json\/wp\/v2\/product"}],"about":[{"href":"https:\/\/skbty.com\/es\/wp-json\/wp\/v2\/types\/product"}],"replies":[{"embeddable":true,"href":"https:\/\/skbty.com\/es\/wp-json\/wp\/v2\/comments?post=1385"}],"wp:featuredmedia":[{"embeddable":true,"href":"https:\/\/skbty.com\/es\/wp-json\/wp\/v2\/media\/1386"}],"wp:attachment":[{"href":"https:\/\/skbty.com\/es\/wp-json\/wp\/v2\/media?parent=1385"}],"wp:term":[{"taxonomy":"product_brand","embeddable":true,"href":"https:\/\/skbty.com\/es\/wp-json\/wp\/v2\/product_brand?post=1385"},{"taxonomy":"product_cat","embeddable":true,"href":"https:\/\/skbty.com\/es\/wp-json\/wp\/v2\/product_cat?post=1385"},{"taxonomy":"product_tag","embeddable":true,"href":"https:\/\/skbty.com\/es\/wp-json\/wp\/v2\/product_tag?post=1385"}],"curies":[{"name":"WP","href":"https:\/\/api.w.org\/{rel}","templated":true}]}}