{"id":1403,"date":"2023-06-04T13:30:09","date_gmt":"2023-06-04T05:30:09","guid":{"rendered":"https:\/\/skbty.com\/?post_type=product&#038;p=1403"},"modified":"2024-08-11T01:24:53","modified_gmt":"2024-08-10T17:24:53","slug":"maquina-de-belleza-hifu-multifuncion-6-en-1","status":"publish","type":"product","link":"https:\/\/skbty.com\/es\/producto\/maquina-de-belleza-hifu-multifuncion-6-en-1\/","title":{"rendered":"M\u00e1quina de belleza HIFU multifunci\u00f3n 6 en 1"},"content":{"rendered":"<h2>M\u00e1quina de belleza HIFU multifunci\u00f3n 6 en 1: logre un rejuvenecimiento corporal total<\/h2>\n<p><strong>\u00bfCansado de las arrugas, la piel fl\u00e1cida y la grasa rebelde?<\/strong>\u00a0La m\u00e1quina de belleza multifunci\u00f3n HIFU 6 en 1 ofrece una soluci\u00f3n integral para el rejuvenecimiento corporal total. Este dispositivo de vanguardia combina seis tecnolog\u00edas potentes:\u00a0<strong>Radar Carving, HIFU multifila 4D, estrechamiento vaginal, detecci\u00f3n de piel, lipos\u00f3nico y microcristales de RF<\/strong>\u00a0\u2013 para ofrecer resultados extraordinarios sin tiempo de inactividad.<\/p>\n<h2><img loading=\"lazy\" decoding=\"async\" class=\"aligncenter wp-image-1415\" src=\"https:\/\/skbty.com\/wp-content\/uploads\/2023\/06\/\u4e3b\u56fe3-819x1024.png\" alt=\"\" width=\"633\" height=\"791\" srcset=\"\" sizes=\"auto, (max-width: 633px) 100vw, 633px\" data-srcset=\"\" \/><\/h2>\n<h2>Aborde m\u00faltiples problemas desde una sola m\u00e1quina<\/h2>\n<p>Este dispositivo revolucionario es su soluci\u00f3n todo en uno para:<\/p>\n<ul>\n<li><strong>Estiramiento y lifting de la piel:<\/strong>\u00a0Revierte los signos del envejecimiento con Radar Carving y 4D Multi-row HIFU, reduciendo eficazmente las arrugas y levantando la piel fl\u00e1cida del rostro, el cuello y el cuerpo.<\/li>\n<li><strong>Contorno corporal y reducci\u00f3n de grasa:<\/strong>\u00a0Destruye las c\u00e9lulas grasas y esculpe tu f\u00edsico con el sistema Liposonic, consiguiendo resultados notables de adelgazamiento y remodelaci\u00f3n corporal.<\/li>\n<li><strong>Rejuvenecimiento vaginal:<\/strong>\u00a0Restaure la tensi\u00f3n vaginal, aborde la sequedad y mejore la salud \u00edntima con el tratamiento HIFU vaginal espec\u00edfico.<\/li>\n<li><strong>Rejuvenecimiento de la piel:<\/strong>\u00a0Estimule la producci\u00f3n de col\u00e1geno y consiga un brillo juvenil con la tecnolog\u00eda Gold RF Microcrystal, minimizando las arrugas, mejorando la textura de la piel e iluminando la tez.<\/li>\n<\/ul>\n<h2><img loading=\"lazy\" decoding=\"async\" class=\"aligncenter wp-image-1412\" src=\"https:\/\/skbty.com\/wp-content\/uploads\/2023\/06\/hbl9t2po.png\" alt=\"\" width=\"567\" height=\"446\" srcset=\"https:\/\/skbty.com\/wp-content\/uploads\/2023\/06\/hbl9t2po.png 773w, https:\/\/skbty.com\/wp-content\/uploads\/2023\/06\/hbl9t2po-300x236.png 300w, https:\/\/skbty.com\/wp-content\/uploads\/2023\/06\/hbl9t2po-768x604.png 768w, https:\/\/skbty.com\/wp-content\/uploads\/2023\/06\/hbl9t2po-600x472.png 600w\" sizes=\"auto, (max-width: 567px) 100vw, 567px\" \/><\/h2>\n<h2>Experimente las ventajas<\/h2>\n<p>La m\u00e1quina de belleza multifunci\u00f3n HIFU 6 en 1 ofrece una variedad de beneficios:<\/p>\n<ul>\n<li><strong>No invasivo e indoloro:<\/strong>\u00a0Disfrute de tratamientos c\u00f3modos sin inyecciones, cirug\u00eda ni tiempo de recuperaci\u00f3n.<\/li>\n<li><strong>Seguro y eficaz:<\/strong>\u00a0Las tecnolog\u00edas cl\u00ednicamente probadas garantizan resultados \u00f3ptimos con un riesgo m\u00ednimo.<\/li>\n<li><strong>Tratamientos Personalizables:<\/strong>\u00a0M\u00faltiples cabezales de tratamiento y par\u00e1metros ajustables permiten realizar tratamientos personalizados adaptados a sus necesidades espec\u00edficas.<\/li>\n<li><strong>R\u00e1pido y eficiente:<\/strong>\u00a0Las sesiones de tratamiento cortas y los resultados duraderos hacen de esta una soluci\u00f3n ideal para personas ocupadas.<\/li>\n<\/ul>\n<h2>Tecnolog\u00edas avanzadas para resultados superiores<\/h2>\n<ul>\n<li><strong>Talla de radar:<\/strong>\u00a0La tecnolog\u00eda no invasiva de 360\u00b0 se dirige a m\u00faltiples profundidades de la piel y proporciona energ\u00eda precisa para lograr un levantamiento y un tensado \u00f3ptimos.<\/li>\n<li><strong>HIFU multifila 4D:<\/strong>\u00a0Trata un \u00e1rea m\u00e1s grande con cada pasada, reduciendo significativamente el tiempo de tratamiento y asegurando una distribuci\u00f3n uniforme de la energ\u00eda para obtener mejores resultados.<\/li>\n<li><strong>Lipos\u00f3nico:<\/strong>\u00a0Utiliza energ\u00eda ultras\u00f3nica enfocada para destruir las c\u00e9lulas grasas de manera efectiva y precisa, dando como resultado un contorno corporal notable.<\/li>\n<li><strong>Microcristales RF de oro:<\/strong>\u00a0Combina microcristales aislados, RF de alta temperatura, adsorci\u00f3n al vac\u00edo y administraci\u00f3n transd\u00e9rmica para un mejor rejuvenecimiento de la piel sin tiempo de recuperaci\u00f3n.<\/li>\n<li><strong>HIFU vaginal:<\/strong>\u00a0La tecnolog\u00eda giratoria de 360 grados garantiza una entrega precisa de energ\u00eda a las paredes vaginales, estimulando la producci\u00f3n de col\u00e1geno y restaurando la firmeza.<\/li>\n<\/ul>\n<h2 class=\"p1\">Cabezales y sondas de varios tipos<\/h2>\n<ul>\n<li class=\"p1\"><b>Cabezales aislantes:<\/b> Cuatro tipos (10p, 25p, 64p, nano) garantizan una distribuci\u00f3n de energ\u00eda de RF consistente y equilibrada.<\/li>\n<li class=\"p1\"><b>Cabezas microcristalinas:<\/b> Presenta un espaciado perfecto para evitar interferencias y superposiciones, lo que garantiza una entrega de energ\u00eda precisa.<\/li>\n<li class=\"p1\"><b>Especificaciones de la aguja:<\/b> Cuerpo de la aguja (0,22 mm), punta (0,1 mm); el cuerpo de la aguja aislado libera energ\u00eda solo en la punta (0,3-0,5 mm), evitando la pigmentaci\u00f3n de la piel y el dolor.<\/li>\n<\/ul>\n<p><img loading=\"lazy\" decoding=\"async\" class=\"aligncenter  wp-image-1417\" src=\"https:\/\/skbty.com\/wp-content\/uploads\/2023\/06\/probes-1024x691.png\" alt=\"\" width=\"664\" height=\"448\" srcset=\"https:\/\/skbty.com\/wp-content\/uploads\/2023\/06\/probes-1024x691.png 1024w, https:\/\/skbty.com\/wp-content\/uploads\/2023\/06\/probes-300x202.png 300w, https:\/\/skbty.com\/wp-content\/uploads\/2023\/06\/probes-768x518.png 768w, https:\/\/skbty.com\/wp-content\/uploads\/2023\/06\/probes-1536x1036.png 1536w, https:\/\/skbty.com\/wp-content\/uploads\/2023\/06\/probes-600x405.png 600w, https:\/\/skbty.com\/wp-content\/uploads\/2023\/06\/probes.png 1708w\" sizes=\"auto, (max-width: 664px) 100vw, 664px\" \/><\/p>\n<p><img loading=\"lazy\" decoding=\"async\" class=\"aligncenter  wp-image-1413\" src=\"https:\/\/skbty.com\/wp-content\/uploads\/2023\/06\/face-1024x563.png\" alt=\"\" width=\"720\" height=\"396\" srcset=\"https:\/\/skbty.com\/wp-content\/uploads\/2023\/06\/face-1024x563.png 1024w, https:\/\/skbty.com\/wp-content\/uploads\/2023\/06\/face-300x165.png 300w, https:\/\/skbty.com\/wp-content\/uploads\/2023\/06\/face-768x422.png 768w, https:\/\/skbty.com\/wp-content\/uploads\/2023\/06\/face-1536x844.png 1536w, https:\/\/skbty.com\/wp-content\/uploads\/2023\/06\/face-600x330.png 600w, https:\/\/skbty.com\/wp-content\/uploads\/2023\/06\/face.png 1572w\" sizes=\"auto, (max-width: 720px) 100vw, 720px\" \/><\/p>\n<h2>Descubra el poder del rejuvenecimiento corporal total<\/h2>\n<p>La m\u00e1quina de belleza multifunci\u00f3n HIFU 6 en 1 ofrece una soluci\u00f3n integral y eficaz para lograr sus objetivos est\u00e9ticos. Experimente el poder transformador de este dispositivo innovador y redescubra su confianza con una apariencia m\u00e1s joven, tonificada y revitalizada.<\/p>\n<h2><strong>Personalizar El Logotipo De<\/strong><\/h2>\n<p>Queremos hacer de su marca se destaque? Ofrecemos logotipo modificado para requisitos particulares de los servicios que te ayudar\u00e1n a crear un entorno \u00fanico y personalizado logotipo que refleja la identidad de su marca. Nuestro equipo de expertos trabajar\u00e1 estrechamente con usted para dise\u00f1ar un logotipo que resuena con los valores de tu marca y de mensajer\u00eda. Si usted est\u00e1 buscando para renovar su logotipo existente o crear uno nuevo desde cero, lo tenemos cubierto. <a href=\"\/es\/contacto\/\">P\u00f3ngase en contacto con nosotros<\/a> hoy para aprender m\u00e1s acerca de nuestro logotipo modificado para requisitos particulares de los servicios!<\/p>\n<p style=\"text-align: center;\">\n<div style=\"width: 1290px;\" class=\"wp-video\"><video class=\"wp-video-shortcode\" id=\"video-1403-1\" width=\"1290\" height=\"726\" preload=\"metadata\" controls=\"controls\"><source type=\"video\/mp4\" src=\"https:\/\/skbty.com\/wp-content\/uploads\/2023\/06\/\u6d77\u677e6\u54081-\u4e3b\u56fe\u89c6\u9891.mp4?_=1\" \/><a href=\"https:\/\/skbty.com\/wp-content\/uploads\/2023\/06\/\u6d77\u677e6\u54081-\u4e3b\u56fe\u89c6\u9891.mp4\">https:\/\/skbty.com\/wp-content\/uploads\/2023\/06\/\u6d77\u677e6\u54081-\u4e3b\u56fe\u89c6\u9891.mp4<\/a><\/video><\/div>\n<p>&nbsp;<\/p>","protected":false},"excerpt":{"rendered":"<p class=\"p1\">Instrumento de belleza HIFU 6 en 1. Es un tipo seccional de microcristales RF + punto fijo de m\u00faltiples filas + 360 \u00b0 sin esquinas muertas + punto personalizado + tecnolog\u00eda envolvente 3D de 360 \u00b0. Combina m\u00faltiples filas 4D, Radar Carving, lipos\u00f3nico y microcristales RF, 4D multifila, Radar Carving est\u00e1 dirigido al envejecimiento de la piel y lipos\u00f3nico est\u00e1 dirigido al problema de la obesidad corporal, que puede tensar y levantar eficazmente la piel, disolver la grasa y dar forma al cuerpo. La radiofrecuencia dorada puede mejorar eficazmente la condici\u00f3n de la piel y restaurar la piel joven y saludable, HIFU vaginal trata la flacidez vaginal y la sequedad de los huargen y otros problemas.<\/p>","protected":false},"featured_media":1404,"comment_status":"open","ping_status":"closed","template":"","meta":{"_kad_post_transparent":"default","_kad_post_title":"","_kad_post_layout":"default","_kad_post_sidebar_id":"","_kad_post_content_style":"default","_kad_post_vertical_padding":"default","_kad_post_feature":"","_kad_post_feature_position":"","_kad_post_header":false,"_kad_post_footer":false,"_kad_post_classname":"","rank_math_title":"","rank_math_description":"","rank_math_focus_keyword":""},"product_brand":[],"product_cat":[35],"product_tag":[],"class_list":{"0":"post-1403","1":"product","2":"type-product","3":"status-publish","4":"has-post-thumbnail","6":"product_cat-hifu","8":"first","9":"instock","10":"shipping-taxable","11":"product-type-simple","12":"entry","13":"content-bg","14":"loop-entry"},"_links":{"self":[{"href":"https:\/\/skbty.com\/es\/wp-json\/wp\/v2\/product\/1403","targetHints":{"allow":["GET"]}}],"collection":[{"href":"https:\/\/skbty.com\/es\/wp-json\/wp\/v2\/product"}],"about":[{"href":"https:\/\/skbty.com\/es\/wp-json\/wp\/v2\/types\/product"}],"replies":[{"embeddable":true,"href":"https:\/\/skbty.com\/es\/wp-json\/wp\/v2\/comments?post=1403"}],"wp:featuredmedia":[{"embeddable":true,"href":"https:\/\/skbty.com\/es\/wp-json\/wp\/v2\/media\/1404"}],"wp:attachment":[{"href":"https:\/\/skbty.com\/es\/wp-json\/wp\/v2\/media?parent=1403"}],"wp:term":[{"taxonomy":"product_brand","embeddable":true,"href":"https:\/\/skbty.com\/es\/wp-json\/wp\/v2\/product_brand?post=1403"},{"taxonomy":"product_cat","embeddable":true,"href":"https:\/\/skbty.com\/es\/wp-json\/wp\/v2\/product_cat?post=1403"},{"taxonomy":"product_tag","embeddable":true,"href":"https:\/\/skbty.com\/es\/wp-json\/wp\/v2\/product_tag?post=1403"}],"curies":[{"name":"WP","href":"https:\/\/api.w.org\/{rel}","templated":true}]}}