{"id":1419,"date":"2023-06-04T13:45:13","date_gmt":"2023-06-04T05:45:13","guid":{"rendered":"https:\/\/skbty.com\/?post_type=product&#038;p=1419"},"modified":"2025-06-20T11:44:20","modified_gmt":"2025-06-20T03:44:20","slug":"maquina-de-depilacion-laser-de-diodo-con-longitudes-de-onda-de-755-808-y-1064-nm","status":"publish","type":"product","link":"https:\/\/skbty.com\/es\/producto\/maquina-de-depilacion-laser-de-diodo-con-longitudes-de-onda-de-755-808-y-1064-nm\/","title":{"rendered":"M\u00e1quina de depilaci\u00f3n l\u00e1ser de diodo con longitudes de onda de 755\/808\/1064 nm"},"content":{"rendered":"<div class=\"J_module\">\n<h2>M\u00e1quina de depilaci\u00f3n l\u00e1ser de diodo de triple longitud de onda de 755\/808\/1064 nm: la soluci\u00f3n definitiva para la depilaci\u00f3n permanente<\/h2>\n<h2>Introducci\u00f3n<\/h2>\n<p>Experimente el est\u00e1ndar de oro en depilaci\u00f3n l\u00e1ser con la m\u00e1quina de depilaci\u00f3n l\u00e1ser de diodo de triple longitud de onda de 755\/808\/1064 nm de \u00faltima generaci\u00f3n. Este potente dispositivo combina los beneficios \u00fanicos de tres longitudes de onda altamente efectivas para brindar resultados de depilaci\u00f3n excepcionales y duraderos para todo tipo de piel y color de vello.<\/p>\n<h2><img loading=\"lazy\" decoding=\"async\" class=\"magic-25 aligncenter\" title=\"M\u00e1quina de depilaci\u00f3n l\u00e1ser de diodo 755\/808\/1064\" src=\"https:\/\/sc04.alicdn.com\/kf\/H0b8b12d6e1ec4f668c6c1f124d4d4fa0m\/247315878\/H0b8b12d6e1ec4f668c6c1f124d4d4fa0m.png\" alt=\"M\u00e1quina de depilaci\u00f3n l\u00e1ser de diodo 755\/808\/1064\" width=\"432\" height=\"496\" data-src=\"\/\/sc04.alicdn.com\/kf\/H0b8b12d6e1ec4f668c6c1f124d4d4fa0m\/247315878\/H0b8b12d6e1ec4f668c6c1f124d4d4fa0m.png\" \/><\/h2>\n<h2>El poder de tres: c\u00f3mo lograr una depilaci\u00f3n superior<\/h2>\n<h3>Trata con precisi\u00f3n todo tipo de piel y cabello<\/h3>\n<p>Esta innovadora m\u00e1quina aprovecha el poder de tres longitudes de onda l\u00e1ser distintas, cada una de las cuales se dirige a la melanina (pigmento del cabello) a diferentes profundidades dentro de la piel:<\/p>\n<ul>\n<li><strong>L\u00e1ser de diodo de 808 nm:<\/strong>\u00a0Considerada el est\u00e1ndar de oro para la depilaci\u00f3n, esta longitud de onda ataca eficazmente la melanina en la mayor\u00eda de los tipos de cabello y tonos de piel, brindando resultados excepcionales con una m\u00ednima incomodidad.<\/li>\n<li><strong>L\u00e1ser de alejandrita de 755 nm:<\/strong>\u00a0Ideal para tonos de piel m\u00e1s claros y cabello m\u00e1s fino, esta longitud de onda es altamente absorbida por la melanina, lo que la hace particularmente efectiva para tratar \u00e1reas como la cara, el cuello y los brazos.<\/li>\n<li><strong>L\u00e1ser Nd:YAG de 1064 nm:<\/strong>\u00a0Al tratar de forma segura y eficaz los tonos de piel m\u00e1s oscuros, esta longitud de onda penetra m\u00e1s profundamente en la piel para atacar la melanina y minimizar el riesgo de hiperpigmentaci\u00f3n.<\/li>\n<\/ul>\n<h3><img loading=\"lazy\" decoding=\"async\" class=\"magic-23 aligncenter\" title=\"M\u00e1quina de depilaci\u00f3n l\u00e1ser de diodo 755\/808\/1064\" src=\"https:\/\/sc04.alicdn.com\/kf\/H0899b67941c348e39e6762b4892d9dab8\/247315878\/H0899b67941c348e39e6762b4892d9dab8.png\" alt=\"M\u00e1quina de depilaci\u00f3n l\u00e1ser de diodo 755\/808\/1064\" width=\"754\" height=\"276\" data-src=\"\/\/sc04.alicdn.com\/kf\/H0899b67941c348e39e6762b4892d9dab8\/247315878\/H0899b67941c348e39e6762b4892d9dab8.png\" \/><\/h3>\n<h3>Beneficios de la tecnolog\u00eda de triple longitud de onda<\/h3>\n<p>Este enfoque de m\u00faltiples longitudes de onda ofrece una variedad de ventajas:<\/p>\n<ul>\n<li><strong>Versatilidad para todo tipo de piel y cabello:<\/strong>\u00a0Trata de forma segura y eficaz una amplia gama de tonos de piel y colores de cabello, desde claro a oscuro y desde fino a grueso.<\/li>\n<li><strong>Tratamiento dirigido:<\/strong>\u00a0Cada longitud de onda se dirige espec\u00edficamente a la melanina del fol\u00edculo piloso, dejando intacta la piel circundante.<\/li>\n<li><strong>Tratamientos m\u00e1s r\u00e1pidos:<\/strong>\u00a0El gran tama\u00f1o del punto y la alta potencia de salida permiten un tratamiento r\u00e1pido de \u00e1reas m\u00e1s grandes, como la espalda, las piernas y el pecho.<\/li>\n<li><strong>Comodidad mejorada:<\/strong>\u00a0El avanzado sistema de enfriamiento garantiza la m\u00e1xima comodidad durante el tratamiento, minimizando las molestias a menudo asociadas con los m\u00e9todos tradicionales de depilaci\u00f3n.<\/li>\n<li><strong>Reducci\u00f3n del vello a largo plazo:<\/strong>\u00a0Experimente una reducci\u00f3n significativa del vello no deseado despu\u00e9s de una serie de tratamientos, y muchas personas logran una reducci\u00f3n permanente del vello.<\/li>\n<\/ul>\n<h2><img loading=\"lazy\" decoding=\"async\" class=\"magic-27 aligncenter\" title=\"M\u00e1quina de depilaci\u00f3n l\u00e1ser de diodo 755\/808\/1064\" src=\"https:\/\/sc04.alicdn.com\/kf\/Ha8a7754b8d33400381abc3ae534622e8x\/247315878\/Ha8a7754b8d33400381abc3ae534622e8x.png\" alt=\"M\u00e1quina de depilaci\u00f3n l\u00e1ser de diodo 755\/808\/1064\" width=\"451\" height=\"564\" data-src=\"\/\/sc04.alicdn.com\/kf\/Ha8a7754b8d33400381abc3ae534622e8x\/247315878\/Ha8a7754b8d33400381abc3ae534622e8x.png\" \/><\/h2>\n<h2>Experimente la diferencia: \u00bfPor qu\u00e9 elegir esta m\u00e1quina?<\/h2>\n<h3>Funciones avanzadas para obtener resultados \u00f3ptimos<\/h3>\n<p>Esta m\u00e1quina de depilaci\u00f3n l\u00e1ser de diodo de triple longitud de onda est\u00e1 equipada con caracter\u00edsticas que la distinguen:<\/p>\n<ul>\n<li><strong>Alta potencia de salida:<\/strong>\u00a0La potente salida (600W-3000W) garantiza una depilaci\u00f3n eficaz y tiempos de tratamiento m\u00e1s r\u00e1pidos.<\/li>\n<li><strong>Interfaz de pantalla t\u00e1ctil grande:<\/strong>\u00a0La intuitiva pantalla t\u00e1ctil LCD de 15,6 pulgadas proporciona f\u00e1cil acceso a las configuraciones y protocolos del tratamiento.<\/li>\n<li><strong>Configuraciones ajustables:<\/strong>\u00a0Personalice los tratamientos para distintos tipos de piel, colores de cabello y \u00e1reas de tratamiento con densidad de energ\u00eda ajustable, duraci\u00f3n del pulso y configuraciones de frecuencia.<\/li>\n<li><strong>Sistema de enfriamiento avanzado:<\/strong>\u00a0El sistema integrado de refrigeraci\u00f3n por semiconductores, aire y agua garantiza la m\u00e1xima comodidad durante el tratamiento y minimiza el riesgo de efectos secundarios.<\/li>\n<li><strong>Personalizaci\u00f3n en l\u00ednea:<\/strong>\u00a0Adapte la m\u00e1quina a sus necesidades espec\u00edficas con servicios OEM y ODM opcionales, que incluyen personalizaci\u00f3n del logotipo, opciones de idioma y m\u00e1s.<\/li>\n<\/ul>\n<h2>Conclusi\u00f3n<\/h2>\n<p>La m\u00e1quina de depilaci\u00f3n l\u00e1ser de diodo de triple longitud de onda de 755\/808\/1064 nm es la soluci\u00f3n definitiva para lograr resultados duraderos en la depilaci\u00f3n con una comodidad y seguridad excepcionales. \u00a1Experimente la confianza que brinda una piel suave y sin vello!<\/p>\n<h2><strong>Personalizar El Logotipo De<\/strong><\/h2>\n<p>Queremos hacer de su marca se destaque? Ofrecemos logotipo modificado para requisitos particulares de los servicios que te ayudar\u00e1n a crear un entorno \u00fanico y personalizado logotipo que refleja la identidad de su marca. Nuestro equipo de expertos trabajar\u00e1 estrechamente con usted para dise\u00f1ar un logotipo que resuena con los valores de tu marca y de mensajer\u00eda. Si usted est\u00e1 buscando para renovar su logotipo existente o crear uno nuevo desde cero, lo tenemos cubierto. <a href=\"\/es\/contacto\/\">P\u00f3ngase en contacto con nosotros<\/a> hoy para aprender m\u00e1s acerca de nuestro logotipo modificado para requisitos particulares de los servicios!<\/p>\n<\/div>","protected":false},"excerpt":{"rendered":"<p>Consiga una piel suave y sin vello con la potente m\u00e1quina de depilaci\u00f3n l\u00e1ser de diodo de triple longitud de onda de 755\/808\/1064 nm. Esta tecnolog\u00eda avanzada se enfoca en todo tipo de piel y vello para obtener resultados excepcionales y duraderos. \u00a1Reserve su consulta!<\/p>","protected":false},"featured_media":2061,"comment_status":"open","ping_status":"closed","template":"","meta":{"_kad_post_transparent":"default","_kad_post_title":"","_kad_post_layout":"default","_kad_post_sidebar_id":"","_kad_post_content_style":"default","_kad_post_vertical_padding":"default","_kad_post_feature":"","_kad_post_feature_position":"","_kad_post_header":false,"_kad_post_footer":false,"_kad_post_classname":"","rank_math_title":"","rank_math_description":"","rank_math_focus_keyword":""},"product_brand":[],"product_cat":[28],"product_tag":[],"class_list":{"0":"post-1419","1":"product","2":"type-product","3":"status-publish","4":"has-post-thumbnail","6":"product_cat-hair-removal","8":"first","9":"instock","10":"shipping-taxable","11":"product-type-simple","12":"entry","13":"content-bg","14":"loop-entry"},"_links":{"self":[{"href":"https:\/\/skbty.com\/es\/wp-json\/wp\/v2\/product\/1419","targetHints":{"allow":["GET"]}}],"collection":[{"href":"https:\/\/skbty.com\/es\/wp-json\/wp\/v2\/product"}],"about":[{"href":"https:\/\/skbty.com\/es\/wp-json\/wp\/v2\/types\/product"}],"replies":[{"embeddable":true,"href":"https:\/\/skbty.com\/es\/wp-json\/wp\/v2\/comments?post=1419"}],"wp:featuredmedia":[{"embeddable":true,"href":"https:\/\/skbty.com\/es\/wp-json\/wp\/v2\/media\/2061"}],"wp:attachment":[{"href":"https:\/\/skbty.com\/es\/wp-json\/wp\/v2\/media?parent=1419"}],"wp:term":[{"taxonomy":"product_brand","embeddable":true,"href":"https:\/\/skbty.com\/es\/wp-json\/wp\/v2\/product_brand?post=1419"},{"taxonomy":"product_cat","embeddable":true,"href":"https:\/\/skbty.com\/es\/wp-json\/wp\/v2\/product_cat?post=1419"},{"taxonomy":"product_tag","embeddable":true,"href":"https:\/\/skbty.com\/es\/wp-json\/wp\/v2\/product_tag?post=1419"}],"curies":[{"name":"WP","href":"https:\/\/api.w.org\/{rel}","templated":true}]}}