{"id":1482,"date":"2023-06-06T11:11:13","date_gmt":"2023-06-06T03:11:13","guid":{"rendered":"https:\/\/skbty.com\/?post_type=product&#038;p=1482"},"modified":"2025-02-27T00:33:38","modified_gmt":"2025-02-26T16:33:38","slug":"maquina-de-belleza-inteligente-7-en-1-para-el-tratamiento-de-la-piel-con-tecnologia-ice-blue","status":"publish","type":"product","link":"https:\/\/skbty.com\/es\/producto\/maquina-de-belleza-inteligente-7-en-1-para-el-tratamiento-de-la-piel-con-tecnologia-ice-blue\/","title":{"rendered":"M\u00e1quina de belleza inteligente 7 en 1 para el tratamiento de la piel con tecnolog\u00eda Ice Blue"},"content":{"rendered":"<div class=\"J_module\">\n<h2>M\u00e1quina de belleza inteligente 7 en 1 para el cuidado de la piel con tecnolog\u00eda Ice Blue: revolucionando el cuidado personalizado de la piel<\/h2>\n<h3>Introducci\u00f3n<\/h3>\n<p>Experimente el futuro del cuidado de la piel con la m\u00e1quina de belleza 7 en 1 Smart Ice Blue Skin Management, un dispositivo revolucionario que combina un an\u00e1lisis avanzado de la piel con tratamientos multifuncionales para un enfoque verdaderamente personalizado y efectivo para el rejuvenecimiento de la piel.<\/p>\n<h2><img loading=\"lazy\" decoding=\"async\" class=\"magic-7 aligncenter\" src=\"https:\/\/sc04.alicdn.com\/kf\/H8e4e37642f384735aa0bda622bf5d07fg\/247315878\/H8e4e37642f384735aa0bda622bf5d07fg.png\" width=\"572\" height=\"715\" data-src=\"\/\/sc04.alicdn.com\/kf\/H8e4e37642f384735aa0bda622bf5d07fg\/247315878\/H8e4e37642f384735aa0bda622bf5d07fg.png\" \/><\/h2>\n<h2>Descubriendo el Smart Ice Blue: una nueva era en el cuidado de la piel<\/h2>\n<h3>An\u00e1lisis avanzado de la piel para tratamientos personalizados<\/h3>\n<p>Este sistema de vanguardia va m\u00e1s all\u00e1 del cuidado de la piel tradicional al analizar primero las necesidades \u00fanicas de su piel:<\/p>\n<ol>\n<li><strong>Im\u00e1genes de alta definici\u00f3n:<\/strong>\u00a0Una c\u00e1mara de microrango de 10 megap\u00edxeles captura im\u00e1genes detalladas de tu piel.<\/li>\n<li><strong>Im\u00e1genes de tres espectros:<\/strong>\u00a0Utiliza tres espectros de luz diferentes para revelar condiciones de la piel subsuperficial.<\/li>\n<li><strong>An\u00e1lisis impulsado por IA:<\/strong>\u00a0Un motor central inteligente impulsado por inteligencia artificial analiza ocho dimensiones clave de la piel, identificando problemas espec\u00edficos como arrugas, pigmentaci\u00f3n, poros y m\u00e1s.<\/li>\n<li><strong>Planes de tratamiento personalizados:<\/strong>\u00a0Bas\u00e1ndose en el an\u00e1lisis, el sistema genera planes de tratamiento personalizados y recomienda productos de cuidado de la piel de calidad profesional adaptados a sus necesidades espec\u00edficas.<\/li>\n<\/ol>\n<h3><img loading=\"lazy\" decoding=\"async\" class=\"magic-21 aligncenter\" src=\"https:\/\/sc04.alicdn.com\/kf\/Had23fe22a052424781d12f7318a4a543X\/247315878\/Had23fe22a052424781d12f7318a4a543X.jpg\" width=\"586\" height=\"330\" data-src=\"\/\/sc04.alicdn.com\/kf\/Had23fe22a052424781d12f7318a4a543X\/247315878\/Had23fe22a052424781d12f7318a4a543X.jpg\" \/><\/h3>\n<h3>Siete tecnolog\u00edas poderosas, un sistema innovador<\/h3>\n<p>Luego, Smart Ice Blue ofrece tratamientos espec\u00edficos utilizando una combinaci\u00f3n de siete tecnolog\u00edas avanzadas:<\/p>\n<ol>\n<li><strong>Refrigeraci\u00f3n con hielo:<\/strong>\u00a0Suaviza, repara y reafirma la piel al mismo tiempo que retiene la humedad.<\/li>\n<li><strong>Infusi\u00f3n ultras\u00f3nica:<\/strong>\u00a0Mejora la absorci\u00f3n del producto al impulsar los ingredientes del cuidado de la piel profundamente en la piel.<\/li>\n<li><strong>Terapia de RF con oro:<\/strong>\u00a0Estimula la producci\u00f3n de col\u00e1geno y reafirma la piel mediante energ\u00eda de radiofrecuencia suministrada a trav\u00e9s de una sonda ba\u00f1ada en oro de 24K.<\/li>\n<li><strong>Bol\u00edgrafo pulverizador i\u00f3nico:<\/strong>\u00a0Proporciona ingredientes para el cuidado de la piel nanoatomizados para una penetraci\u00f3n profunda y una absorci\u00f3n \u00f3ptima.<\/li>\n<li><strong>Bistur\u00ed de alta frecuencia:<\/strong>\u00a0Exfolia suavemente y elimina las impurezas sin da\u00f1ar la barrera cut\u00e1nea.<\/li>\n<li><strong>Bol\u00edgrafo de burbujas i\u00f3nico:<\/strong>\u00a0Mejora el metabolismo celular y mejora la circulaci\u00f3n sangu\u00ednea para un brillo saludable.<\/li>\n<\/ol>\n<h2>Beneficios del sistema Smart Ice Blue<\/h2>\n<h3>Experimente la transformaci\u00f3n<\/h3>\n<p>Esta soluci\u00f3n todo en uno para el cuidado de la piel ofrece una variedad de beneficios:<\/p>\n<ul>\n<li><strong>Tratamientos personalizados:<\/strong>\u00a0Los tratamientos personalizados abordan los problemas espec\u00edficos de su piel para obtener resultados \u00f3ptimos.<\/li>\n<li><strong>No invasivo y seguro:<\/strong>\u00a0Disfrute de una experiencia c\u00f3moda sin tiempo de inactividad.<\/li>\n<li><strong>Aplicaciones multifuncionales:<\/strong>\u00a0Trata una amplia gama de problemas de la piel, incluido el envejecimiento, la pigmentaci\u00f3n, el acn\u00e9 y m\u00e1s.<\/li>\n<li><strong>Absorci\u00f3n mejorada del producto:<\/strong>\u00a0Maximice la eficacia de los productos para el cuidado de la piel con tecnolog\u00edas de infusi\u00f3n profunda.<\/li>\n<li><strong>Resultados visibles:<\/strong>\u00a0Experimente una tez m\u00e1s brillante, m\u00e1s suave y m\u00e1s juvenil.<\/li>\n<\/ul>\n<h2 class=\"p1\"><b>Manijas<\/b><\/h2>\n<p class=\"p3\"><span class=\"s1\"> 1. <\/span><b>Sonda de refrigeraci\u00f3n de hielo:<\/b> Combina refrigeraci\u00f3n de semiconductores, enfriamiento por aire y enfriamiento por agua para reducir la temperatura a -5 \u2103, aliviando y reparando la piel sensible, reduciendo los poros y reteniendo la humedad y la nutrici\u00f3n.<\/p>\n<p class=\"p3\"><span class=\"s1\"> 2. <\/span><b>Sonda de importaci\u00f3n ultras\u00f3nica:<\/b> Las ondas ultras\u00f3nicas de alta frecuencia (1000.000 de veces\/s) llegan a la capa de la fascia, difundiendo los ingredientes del cuidado de la piel profundamente en la piel y promoviendo la absorci\u00f3n.<\/p>\n<p class=\"p3\"><span class=\"s1\"> 3. <\/span><b>Sonda RF dorada:<\/b> La sonda de RF ba\u00f1ada en oro de 24 K mejora la absorci\u00f3n de los productos para el cuidado de la piel, dirige la energ\u00eda t\u00e9rmica a la capa inferior de la piel, estimula la proliferaci\u00f3n de col\u00e1geno y reconstruye la red de fibras de col\u00e1geno.<\/p>\n<p class=\"p3\"><span class=\"s1\"> 4. <\/span><b>Bol\u00edgrafo pulverizador i\u00f3nico:<\/b> La atomizaci\u00f3n ultramicro nano descompone los ingredientes del cuidado de la piel en mol\u00e9culas a escala nanom\u00e9trica para lograr una penetraci\u00f3n profunda y un suministro de nutrici\u00f3n.<\/p>\n<p class=\"p3\"><span class=\"s1\"> 5. <\/span><b>Cuchillo de pala de alta frecuencia:<\/b> Las vibraciones de alta frecuencia (24 KHZ-25 KHZ) eliminan la suciedad, los puntos negros, el acn\u00e9 y los residuos de maquillaje de los poros sin da\u00f1ar la barrera cut\u00e1nea.<\/p>\n<p class=\"p3\"><span class=\"s1\"> 6. <\/span><b>Bol\u00edgrafo de burbujas i\u00f3nico:<\/b> Utiliza de 1 a 3 millones de vibraciones para penetrar la esencia profundamente en la piel, masajeando suavemente las c\u00e9lulas, promoviendo el metabolismo, aumentando la viabilidad celular y mejorando la circulaci\u00f3n sangu\u00ednea y linf\u00e1tica.<\/p>\n<h2><img loading=\"lazy\" decoding=\"async\" class=\"magic-23 aligncenter\" src=\"https:\/\/sc04.alicdn.com\/kf\/H73e7652001e84b35ac6e72069be3d48dC\/247315878\/H73e7652001e84b35ac6e72069be3d48dC.png\" width=\"546\" height=\"1372\" data-src=\"\/\/sc04.alicdn.com\/kf\/H73e7652001e84b35ac6e72069be3d48dC\/247315878\/H73e7652001e84b35ac6e72069be3d48dC.png\" \/><\/h2>\n<\/div>\n<div class=\"J_module\">\n<div class=\"detail-decorate-json-renderer-container\">\n<div class=\"magic-14\">\n<div class=\"magic-17\">\n<div class=\"magic-18\">\n<div>\n<h2 class=\"p1\"><b>Efectos del producto<\/b><\/h2>\n<p class=\"p3\">El sistema de an\u00e1lisis de la piel 7 en 1 Smart Ice Blue ofrece un tratamiento integral de la piel, integrando tecnolog\u00eda de vanguardia para la belleza facial. Sus funciones avanzadas garantizan tratamientos efectivos y no invasivos que mejoran la salud y el aspecto de la piel, lo que lo convierte en una herramienta indispensable tanto para los profesionales del cuidado de la piel como para los entusiastas de la belleza.<\/p>\n<\/div>\n<div class=\"magic-19\"><img decoding=\"async\" class=\"magic-31\" src=\"https:\/\/sc04.alicdn.com\/kf\/H505110bc16ac4170b4230287e6b6bd35a\/247315878\/H505110bc16ac4170b4230287e6b6bd35a.png\" data-src=\"\/\/sc04.alicdn.com\/kf\/H505110bc16ac4170b4230287e6b6bd35a\/247315878\/H505110bc16ac4170b4230287e6b6bd35a.png\" \/><\/div>\n<\/div>\n<\/div>\n<\/div>\n<\/div>\n<\/div>\n<div class=\"J_module\">\n<div class=\"icbu-pc-images magic-5\">\n<div class=\"flex-layout-v\">\n<div class=\"flex-layout-h magic-5\">\n<div class=\"magic-24\">\n<h2><strong>Personalizar El Logotipo De<\/strong><\/h2>\n<p>Queremos hacer de su marca se destaque? Ofrecemos logotipo modificado para requisitos particulares de los servicios que te ayudar\u00e1n a crear un entorno \u00fanico y personalizado logotipo que refleja la identidad de su marca. Nuestro equipo de expertos trabajar\u00e1 estrechamente con usted para dise\u00f1ar un logotipo que resuena con los valores de tu marca y de mensajer\u00eda. Si usted est\u00e1 buscando para renovar su logotipo existente o crear uno nuevo desde cero, lo tenemos cubierto. <a href=\"\/es\/contacto\/\">P\u00f3ngase en contacto con nosotros<\/a> hoy para aprender m\u00e1s acerca de nuestro logotipo modificado para requisitos particulares de los servicios!<\/p>\n<div class=\"J_module\">\n<h2>Conclusi\u00f3n<\/h2>\n<p>El sistema de an\u00e1lisis de la piel 7 en 1 Smart Ice Blue representa una nueva era en el cuidado de la piel personalizado. Este dispositivo revolucionario, que combina un an\u00e1lisis avanzado de la piel con tratamientos multifuncionales, le permite lograr la mejor piel que jam\u00e1s haya tenido.<\/p>\n<\/div>\n<\/div>\n<\/div>\n<\/div>\n<\/div>\n<\/div>","protected":false},"excerpt":{"rendered":"<p>\u00a1Disfrute de un cuidado de la piel personalizado con el sistema de an\u00e1lisis de piel 7 en 1 Smart Ice Blue! Este dispositivo revolucionario analiza su piel y ofrece tratamientos personalizados para obtener resultados \u00f3ptimos. \u00a1Logre hoy mismo el cutis de sus sue\u00f1os!<\/p>","protected":false},"featured_media":1501,"comment_status":"open","ping_status":"closed","template":"","meta":{"_kad_post_transparent":"default","_kad_post_title":"","_kad_post_layout":"default","_kad_post_sidebar_id":"","_kad_post_content_style":"default","_kad_post_vertical_padding":"default","_kad_post_feature":"","_kad_post_feature_position":"","_kad_post_header":false,"_kad_post_footer":false,"_kad_post_classname":"","rank_math_title":"","rank_math_description":"","rank_math_focus_keyword":""},"product_brand":[],"product_cat":[32],"product_tag":[],"class_list":{"0":"post-1482","1":"product","2":"type-product","3":"status-publish","4":"has-post-thumbnail","6":"product_cat-skin-analyzer","8":"first","9":"instock","10":"shipping-taxable","11":"product-type-simple","12":"entry","13":"content-bg","14":"loop-entry"},"_links":{"self":[{"href":"https:\/\/skbty.com\/es\/wp-json\/wp\/v2\/product\/1482","targetHints":{"allow":["GET"]}}],"collection":[{"href":"https:\/\/skbty.com\/es\/wp-json\/wp\/v2\/product"}],"about":[{"href":"https:\/\/skbty.com\/es\/wp-json\/wp\/v2\/types\/product"}],"replies":[{"embeddable":true,"href":"https:\/\/skbty.com\/es\/wp-json\/wp\/v2\/comments?post=1482"}],"wp:featuredmedia":[{"embeddable":true,"href":"https:\/\/skbty.com\/es\/wp-json\/wp\/v2\/media\/1501"}],"wp:attachment":[{"href":"https:\/\/skbty.com\/es\/wp-json\/wp\/v2\/media?parent=1482"}],"wp:term":[{"taxonomy":"product_brand","embeddable":true,"href":"https:\/\/skbty.com\/es\/wp-json\/wp\/v2\/product_brand?post=1482"},{"taxonomy":"product_cat","embeddable":true,"href":"https:\/\/skbty.com\/es\/wp-json\/wp\/v2\/product_cat?post=1482"},{"taxonomy":"product_tag","embeddable":true,"href":"https:\/\/skbty.com\/es\/wp-json\/wp\/v2\/product_tag?post=1482"}],"curies":[{"name":"WP","href":"https:\/\/api.w.org\/{rel}","templated":true}]}}