{"id":1557,"date":"2023-06-06T14:02:41","date_gmt":"2023-06-06T06:02:41","guid":{"rendered":"https:\/\/skbty.com\/?post_type=product&#038;p=1557"},"modified":"2025-06-20T11:31:31","modified_gmt":"2025-06-20T03:31:31","slug":"maquina-para-quemar-grasa-y-perder-peso-mediante-criolipolisis","status":"publish","type":"product","link":"https:\/\/skbty.com\/es\/producto\/maquina-para-quemar-grasa-y-perder-peso-mediante-criolipolisis\/","title":{"rendered":"M\u00e1quina para quemar grasa y perder peso mediante criolip\u00f3lisis"},"content":{"rendered":"<div class=\"J_module\">\n<div class=\"icbu-pc-images magic-7\">\n<div class=\"text-wrapper-below text-theme-light text-align-left\">\n<h2>M\u00e1quina para quemar grasa y perder peso mediante criolip\u00f3lisis: congele la grasa y esculpa el cuerpo de sus sue\u00f1os<\/h2>\n<h2>Introducci\u00f3n<\/h2>\n<p>Descubra el poder del fr\u00edo con la revolucionaria m\u00e1quina para adelgazar Cryolipolysis Fat Burn. Este tratamiento de modelado corporal no invasivo utiliza tecnolog\u00eda de enfriamiento avanzada para atacar y eliminar las c\u00e9lulas grasas rebeldes, revelando una figura m\u00e1s delgada y esculpida, todo sin cirug\u00eda, tiempo de recuperaci\u00f3n ni entrenamientos extenuantes.<\/p>\n<table style=\"border-collapse: collapse; width: 100%;\">\n<tbody>\n<tr>\n<td style=\"width: 50%;\">\n<h2><img loading=\"lazy\" decoding=\"async\" class=\"magic-9 aligncenter\" title=\"M\u00e1quina para quemar grasa y perder peso mediante criolip\u00f3lisis\" src=\"https:\/\/sc04.alicdn.com\/kf\/H1225e24c7d0a40b69b6379145f3586fc1\/247315878\/H1225e24c7d0a40b69b6379145f3586fc1.jpg\" alt=\"M\u00e1quina para quemar grasa y perder peso mediante criolip\u00f3lisis\" width=\"353\" height=\"499\" data-src=\"\/\/sc04.alicdn.com\/kf\/H1225e24c7d0a40b69b6379145f3586fc1\/247315878\/H1225e24c7d0a40b69b6379145f3586fc1.jpg\" \/><\/h2>\n<\/td>\n<td style=\"width: 50%;\"><img decoding=\"async\" class=\"magic-35\" src=\"https:\/\/sc04.alicdn.com\/kf\/H093616f2167d4ed4beaa7138e1a0433bg\/247315878\/H093616f2167d4ed4beaa7138e1a0433bg.png\" data-src=\"\/\/sc04.alicdn.com\/kf\/H093616f2167d4ed4beaa7138e1a0433bg\/247315878\/H093616f2167d4ed4beaa7138e1a0433bg.png\" \/><\/td>\n<\/tr>\n<\/tbody>\n<\/table>\n<h2>La ciencia detr\u00e1s de la criolip\u00f3lisis: c\u00f3mo funciona la congelaci\u00f3n de grasa<\/h2>\n<h3>Congelaci\u00f3n de c\u00e9lulas grasas a la perfecci\u00f3n<\/h3>\n<p>La criolip\u00f3lisis, tambi\u00e9n conocida como congelaci\u00f3n de grasa, es un m\u00e9todo cient\u00edficamente probado para reducir los dep\u00f3sitos de grasa persistentes. As\u00ed es como funciona:<\/p>\n<ol>\n<li><strong>Enfriamiento dirigido:<\/strong>\u00a0El dispositivo utiliza aplicadores que se colocan en la zona a tratar y que aplican un enfriamiento controlado a las c\u00e9lulas grasas objetivo.<\/li>\n<li><strong>Cristalizaci\u00f3n y apoptosis:<\/strong>\u00a0El proceso de enfriamiento controlado con precisi\u00f3n hace que las c\u00e9lulas grasas se cristalicen (se congelen) sin da\u00f1ar la piel ni los tejidos circundantes. Estas c\u00e9lulas grasas cristalizadas experimentan un proceso natural de muerte celular llamado apoptosis.<\/li>\n<li><strong>Eliminaci\u00f3n natural:<\/strong>\u00a0Durante las siguientes semanas y meses, el sistema linf\u00e1tico de su cuerpo procesa y elimina naturalmente las c\u00e9lulas grasas muertas, lo que resulta en una reducci\u00f3n gradual de la capa de grasa.<\/li>\n<\/ol>\n<h2><img loading=\"lazy\" decoding=\"async\" class=\"magic-13 aligncenter\" title=\"M\u00e1quina para quemar grasa y perder peso mediante criolip\u00f3lisis\" src=\"https:\/\/sc04.alicdn.com\/kf\/H48809e87124041a7a635b10c35580101z\/247315878\/H48809e87124041a7a635b10c35580101z.png\" alt=\"M\u00e1quina para quemar grasa y perder peso mediante criolip\u00f3lisis\" width=\"513\" height=\"542\" data-src=\"\/\/sc04.alicdn.com\/kf\/H48809e87124041a7a635b10c35580101z\/247315878\/H48809e87124041a7a635b10c35580101z.png\" \/><\/h2>\n<h2>Beneficios de la criolip\u00f3lisis: experimente la transformaci\u00f3n<\/h2>\n<h3>Alcanza tus objetivos corporales con facilidad<\/h3>\n<p>Este tratamiento de contorno corporal no invasivo ofrece una variedad de beneficios:<\/p>\n<ul>\n<li><strong>No quir\u00fargico y no invasivo:<\/strong>\u00a0D\u00edgale adi\u00f3s a las agujas, incisiones y anestesia.<\/li>\n<li><strong>Sin tiempo de inactividad:<\/strong>\u00a0Regrese a sus actividades diarias inmediatamente despu\u00e9s de su sesi\u00f3n de tratamiento.<\/li>\n<li><strong>Reducci\u00f3n de grasa dirigida:<\/strong>\u00a0Apunte espec\u00edficamente a los bultos de grasa rebeldes en \u00e1reas como el abdomen, los michelines, los muslos y la parte superior de los brazos.<\/li>\n<li><strong>Seguro y eficaz:<\/strong> La m\u00e1quina para perder peso mediante criolip\u00f3lisis quemagrasas es segura y eficaz.<\/li>\n<li><strong>Resultados de aspecto natural:<\/strong>\u00a0Consiga un f\u00edsico m\u00e1s delgado y esculpido con resultados graduales y de aspecto natural.<\/li>\n<\/ul>\n<table style=\"border-collapse: collapse; width: 100%;\">\n<tbody>\n<tr>\n<td style=\"width: 50%;\"><img loading=\"lazy\" decoding=\"async\" class=\"magic-16 aligncenter\" title=\"M\u00e1quina para quemar grasa y perder peso mediante criolip\u00f3lisis\" src=\"https:\/\/sc04.alicdn.com\/kf\/H68368ec364544162bf73bcd22d52f6f4M\/247315878\/H68368ec364544162bf73bcd22d52f6f4M.png\" alt=\"M\u00e1quina para quemar grasa y perder peso mediante criolip\u00f3lisis\" width=\"375\" height=\"473\" data-src=\"\/\/sc04.alicdn.com\/kf\/H68368ec364544162bf73bcd22d52f6f4M\/247315878\/H68368ec364544162bf73bcd22d52f6f4M.png\" \/><\/td>\n<td style=\"width: 50%;\"><img loading=\"lazy\" decoding=\"async\" class=\"magic-18 alignnone\" title=\"M\u00e1quina para quemar grasa y perder peso mediante criolip\u00f3lisis\" src=\"https:\/\/sc04.alicdn.com\/kf\/Ha676949c75c448118969b1d4175e38bby\/247315878\/Ha676949c75c448118969b1d4175e38bby.png\" alt=\"M\u00e1quina para quemar grasa y perder peso mediante criolip\u00f3lisis\" width=\"800\" height=\"800\" data-src=\"\/\/sc04.alicdn.com\/kf\/Ha676949c75c448118969b1d4175e38bby\/247315878\/Ha676949c75c448118969b1d4175e38bby.png\" \/><\/td>\n<\/tr>\n<\/tbody>\n<\/table>\n<h2>Funciones avanzadas para una mayor comodidad y mejores resultados<\/h2>\n<p>Esta m\u00e1quina de congelaci\u00f3n de grasa de \u00faltima generaci\u00f3n est\u00e1 equipada con caracter\u00edsticas que mejoran tanto la comodidad como los resultados:<\/p>\n<ul>\n<li><strong>Refrigeraci\u00f3n de doble canal:<\/strong>\u00a0Se pueden utilizar dos aplicadores de tratamiento simult\u00e1neamente, lo que reduce el tiempo de tratamiento y permite realizar tratamientos personalizados.<\/li>\n<li><strong>Refrigeraci\u00f3n de 360 grados:<\/strong>\u00a0El dise\u00f1o avanzado del aplicador garantiza un enfriamiento uniforme y resultados \u00f3ptimos.<\/li>\n<li><strong>Intensidad de presi\u00f3n negativa de cinco etapas:<\/strong>\u00a0Los ajustes de presi\u00f3n ajustables mejoran la comodidad y la eficacia del tratamiento.<\/li>\n<li><strong>Funciones de seguridad integradas:<\/strong>\u00a0Los sensores de temperatura y la detecci\u00f3n autom\u00e1tica del flujo de agua garantizan tratamientos seguros y efectivos.<\/li>\n<\/ul>\n<h2><img loading=\"lazy\" decoding=\"async\" class=\"magic-37 aligncenter\" title=\"M\u00e1quina para quemar grasa y perder peso mediante criolip\u00f3lisis\" src=\"https:\/\/sc04.alicdn.com\/kf\/H869fef358bad48e59465e0e217f119915\/247315878\/H869fef358bad48e59465e0e217f119915.png\" alt=\"M\u00e1quina para quemar grasa y perder peso mediante criolip\u00f3lisis\" width=\"515\" height=\"629\" data-src=\"\/\/sc04.alicdn.com\/kf\/H869fef358bad48e59465e0e217f119915\/247315878\/H869fef358bad48e59465e0e217f119915.png\" \/><\/h2>\n<h2>Conclusi\u00f3n<\/h2>\n<p>La m\u00e1quina para quemar grasa mediante criolip\u00f3lisis es una soluci\u00f3n revolucionaria para lograr sus objetivos de modelado corporal sin cirug\u00eda ni tiempo de recuperaci\u00f3n. Experimente el poder de la congelaci\u00f3n de grasa y descubra su yo m\u00e1s seguro.<\/p>\n<h2><strong>Personalizar El Logotipo De<\/strong><\/h2>\n<p>Queremos hacer de su marca se destaque? Ofrecemos logotipo modificado para requisitos particulares de los servicios que te ayudar\u00e1n a crear un entorno \u00fanico y personalizado logotipo que refleja la identidad de su marca. Nuestro equipo de expertos trabajar\u00e1 estrechamente con usted para dise\u00f1ar un logotipo que resuena con los valores de tu marca y de mensajer\u00eda. Si usted est\u00e1 buscando para renovar su logotipo existente o crear uno nuevo desde cero, lo tenemos cubierto. <a href=\"\/es\/contacto\/\">P\u00f3ngase en contacto con nosotros<\/a> hoy para aprender m\u00e1s acerca de nuestro logotipo modificado para requisitos particulares de los servicios!<\/p>\n<\/div>\n<\/div>\n<\/div>","protected":false},"excerpt":{"rendered":"<p>\u00a1Elimine la grasa rebelde con la m\u00e1quina para adelgazar quemagrasas mediante criolip\u00f3lisis! Este tratamiento no invasivo utiliza tecnolog\u00eda de enfriamiento avanzada para atacar y eliminar las c\u00e9lulas grasas, revelando una imagen m\u00e1s delgada y esculpida. \u00a1Reserve su consulta hoy!<\/p>","protected":false},"featured_media":1533,"comment_status":"open","ping_status":"closed","template":"","meta":{"_kad_post_transparent":"default","_kad_post_title":"","_kad_post_layout":"default","_kad_post_sidebar_id":"","_kad_post_content_style":"default","_kad_post_vertical_padding":"default","_kad_post_feature":"","_kad_post_feature_position":"","_kad_post_header":false,"_kad_post_footer":false,"_kad_post_classname":"","rank_math_title":"","rank_math_description":"","rank_math_focus_keyword":""},"product_brand":[],"product_cat":[31],"product_tag":[],"class_list":{"0":"post-1557","1":"product","2":"type-product","3":"status-publish","4":"has-post-thumbnail","6":"product_cat-body-slimming","8":"first","9":"instock","10":"shipping-taxable","11":"product-type-simple","12":"entry","13":"content-bg","14":"loop-entry"},"_links":{"self":[{"href":"https:\/\/skbty.com\/es\/wp-json\/wp\/v2\/product\/1557","targetHints":{"allow":["GET"]}}],"collection":[{"href":"https:\/\/skbty.com\/es\/wp-json\/wp\/v2\/product"}],"about":[{"href":"https:\/\/skbty.com\/es\/wp-json\/wp\/v2\/types\/product"}],"replies":[{"embeddable":true,"href":"https:\/\/skbty.com\/es\/wp-json\/wp\/v2\/comments?post=1557"}],"wp:featuredmedia":[{"embeddable":true,"href":"https:\/\/skbty.com\/es\/wp-json\/wp\/v2\/media\/1533"}],"wp:attachment":[{"href":"https:\/\/skbty.com\/es\/wp-json\/wp\/v2\/media?parent=1557"}],"wp:term":[{"taxonomy":"product_brand","embeddable":true,"href":"https:\/\/skbty.com\/es\/wp-json\/wp\/v2\/product_brand?post=1557"},{"taxonomy":"product_cat","embeddable":true,"href":"https:\/\/skbty.com\/es\/wp-json\/wp\/v2\/product_cat?post=1557"},{"taxonomy":"product_tag","embeddable":true,"href":"https:\/\/skbty.com\/es\/wp-json\/wp\/v2\/product_tag?post=1557"}],"curies":[{"name":"WP","href":"https:\/\/api.w.org\/{rel}","templated":true}]}}