{"id":1563,"date":"2023-06-06T14:28:39","date_gmt":"2023-06-06T06:28:39","guid":{"rendered":"https:\/\/skbty.com\/?post_type=product&#038;p=1563"},"modified":"2024-07-09T00:59:17","modified_gmt":"2024-07-08T16:59:17","slug":"eliminacion-de-tatuajes-con-laser-de-picosegundos","status":"publish","type":"product","link":"https:\/\/skbty.com\/es\/producto\/eliminacion-de-tatuajes-con-laser-de-picosegundos\/","title":{"rendered":"M\u00e1quina de eliminaci\u00f3n de tatuajes con l\u00e1ser de picosegundos"},"content":{"rendered":"<div class=\"J_module\">\n<div class=\"icbu-pc-images magic-8\">\n<div class=\"flex-layout-h\">\n<div class=\"text-wrapper magic-9\">\n<div class=\"text-wrapper-left text-theme-light text-align-left\" data-spm-anchor-id=\"a2700.details.0.i35.8f875a66JkJuxO\">\n<div class=\"J_module\">\n<div class=\"detail-decorate-json-renderer-container\">\n<div class=\"magic-1\">\n<h3>\u00bfQu\u00e9 es el? <strong>\u00bfM\u00e1quina de eliminaci\u00f3n de tatuajes con l\u00e1ser de picosegundos?<\/strong><\/h3>\n<p><strong>M\u00e1quina de eliminaci\u00f3n de tatuajes con l\u00e1ser de picosegundos<\/strong> es un dispositivo avanzado dise\u00f1ado para eliminar tatuajes con tiempos de pulso ultracortos (tan cortos como 375-450 picosegundos). Esta velocidad supera los picosegundos de PICOSURE Honeycomb, lo que permite un pico de energ\u00eda m\u00e1s alto que elimina eficazmente las part\u00edculas de pigmento a trav\u00e9s del &quot;efecto de fotoshock&quot;. El ancho de pulso ultracorto minimiza la conversi\u00f3n de calor, lo que reduce el da\u00f1o a los tejidos circundantes, acorta la recuperaci\u00f3n posoperatoria y evita efectos secundarios como el anti-negro. Su sonda de enfoque hologr\u00e1fico \u00fanica amplifica la energ\u00eda hasta 22 veces, lo que mejora la disoluci\u00f3n del pigmento.<\/p>\n<\/div>\n<div class=\"magic-1\">\n<h3>Principio<\/h3>\n<p>El <strong>M\u00e1quina de eliminaci\u00f3n de tatuajes con l\u00e1ser de picosegundos<\/strong> Funciona con duraciones de pulso ultracortas, significativamente m\u00e1s r\u00e1pido que los l\u00e1seres de eliminaci\u00f3n de tatuajes convencionales. Esta r\u00e1pida velocidad genera un pico de energ\u00eda m\u00e1s alto al instante, eliminando eficazmente las part\u00edculas de pigmento a trav\u00e9s del &quot;efecto de fotoshock&quot;. El ancho de pulso ultracorto garantiza una conversi\u00f3n de calor m\u00ednima, lo que reduce el da\u00f1o a los tejidos circundantes, acorta los per\u00edodos de recuperaci\u00f3n, evita efectos secundarios como el anti-negro y reduce la cantidad de tratamientos necesarios. Adem\u00e1s, la sonda de enfoque hologr\u00e1fico \u00fanica amplifica la energ\u00eda 22 veces, lo que mejora la disoluci\u00f3n de los pigmentos.<\/p>\n<p><img loading=\"lazy\" decoding=\"async\" class=\"aligncenter wp-image-2823\" title=\"Eliminaci\u00f3n de tatuajes con l\u00e1ser de picosegundos\" src=\"https:\/\/skbty.com\/wp-content\/uploads\/2024\/01\/WX20240619-1530052x-832x1024.jpg\" alt=\" M\u00e1quina de eliminaci\u00f3n de tatuajes con l\u00e1ser de picosegundos\" width=\"500\" height=\"615\" data-wp-pid=\"2823\" srcset=\"https:\/\/skbty.com\/wp-content\/uploads\/2024\/01\/WX20240619-1530052x-832x1024.jpg 832w, https:\/\/skbty.com\/wp-content\/uploads\/2024\/01\/WX20240619-1530052x-244x300.jpg 244w, https:\/\/skbty.com\/wp-content\/uploads\/2024\/01\/WX20240619-1530052x-768x945.jpg 768w, https:\/\/skbty.com\/wp-content\/uploads\/2024\/01\/WX20240619-1530052x-600x738.jpg 600w, https:\/\/skbty.com\/wp-content\/uploads\/2024\/01\/WX20240619-1530052x.jpg 1110w\" sizes=\"auto, (max-width: 500px) 100vw, 500px\" \/><\/p>\n<h3>Caracter\u00edsticas y beneficios<\/h3>\n<ol>\n<li><strong>Duraci\u00f3n de pulso ultracorta<\/strong>Con tiempos de pulso tan cortos como 375-450 picosegundos, la m\u00e1quina elimina las part\u00edculas de pigmento de manera m\u00e1s efectiva.<\/li>\n<li><strong>Pico de alta energ\u00eda<\/strong>:Genera picos de energ\u00eda m\u00e1s altos instant\u00e1neamente para una eliminaci\u00f3n de pigmento m\u00e1s limpia.<\/li>\n<li><strong>Da\u00f1o tisular m\u00ednimo<\/strong>:El ancho de pulso ultracorto minimiza la conversi\u00f3n de calor, reduciendo el da\u00f1o a los tejidos circundantes.<\/li>\n<li><strong>Per\u00edodo de recuperaci\u00f3n acortado<\/strong>:Recuperaci\u00f3n postoperatoria m\u00e1s r\u00e1pida con menos efectos secundarios.<\/li>\n<li><strong>Sesiones de tratamiento reducidas<\/strong>:Se necesitan menos sesiones debido a la disoluci\u00f3n efectiva del pigmento.<\/li>\n<li><strong>Disoluci\u00f3n mejorada de pigmentos<\/strong>:La sonda de enfoque hologr\u00e1fico \u00fanica amplifica la energ\u00eda hasta 22 veces para una mejor eliminaci\u00f3n del pigmento.<\/li>\n<\/ol>\n<h3><img loading=\"lazy\" decoding=\"async\" class=\"magic-21 aligncenter\" src=\"https:\/\/sc04.alicdn.com\/kf\/He3e4afe14ac24097bb41413b1a5d16ecd\/247315878\/He3e4afe14ac24097bb41413b1a5d16ecd.png\" width=\"533\" height=\"397\" data-src=\"\/\/sc04.alicdn.com\/kf\/He3e4afe14ac24097bb41413b1a5d16ecd\/247315878\/He3e4afe14ac24097bb41413b1a5d16ecd.png\" \/><\/h3>\n<h3>Aplicaciones<\/h3>\n<ul>\n<li><strong>Eliminaci\u00f3n de tatuajes<\/strong>:Elimina eficazmente tatuajes de distintos colores y profundidades.<\/li>\n<li><strong>Eliminaci\u00f3n de pigmentos<\/strong>:Disuelve los pigmentos no deseados en la piel.<\/li>\n<li><strong>Rejuvenecimiento de la piel<\/strong>:Mejora la textura y la apariencia general de la piel.<\/li>\n<\/ul>\n<\/div>\n<\/div>\n<\/div>\n<div class=\"J_module\">\n<div class=\"icbu-pc-detailManyImage magic-13\">\n<h3>Funciones<\/h3>\n<ol>\n<li>Quitar manchas<\/li>\n<li>Eliminaci\u00f3n de tatuajes<\/li>\n<li>Tratamiento de cicatrices leves<\/li>\n<li>Depilaci\u00f3n<\/li>\n<li>Rejuvenecimiento de la piel<\/li>\n<\/ol>\n<div>\n<table style=\"border-collapse: collapse; width: 100%;\">\n<tbody>\n<tr>\n<td style=\"width: 50%;\"><img loading=\"lazy\" decoding=\"async\" class=\"aligncenter wp-image-2824\" title=\"Eliminaci\u00f3n de tatuajes con l\u00e1ser de picosegundos\" src=\"https:\/\/skbty.com\/wp-content\/uploads\/2024\/01\/WX20240619-1531072x-764x1024.jpg\" alt=\" M\u00e1quina de eliminaci\u00f3n de tatuajes con l\u00e1ser de picosegundos\" width=\"323\" height=\"433\" data-wp-pid=\"2824\" srcset=\"https:\/\/skbty.com\/wp-content\/uploads\/2024\/01\/WX20240619-1531072x-764x1024.jpg 764w, https:\/\/skbty.com\/wp-content\/uploads\/2024\/01\/WX20240619-1531072x-224x300.jpg 224w, https:\/\/skbty.com\/wp-content\/uploads\/2024\/01\/WX20240619-1531072x-768x1029.jpg 768w, https:\/\/skbty.com\/wp-content\/uploads\/2024\/01\/WX20240619-1531072x-600x804.jpg 600w, https:\/\/skbty.com\/wp-content\/uploads\/2024\/01\/WX20240619-1531072x.jpg 1118w\" sizes=\"auto, (max-width: 323px) 100vw, 323px\" \/><\/td>\n<td style=\"width: 50%;\"><img decoding=\"async\" class=\"magic-30 aligncenter\" src=\"https:\/\/sc04.alicdn.com\/kf\/H66380961817f4532b0a22c6c8b4abf39Z\/247315878\/H66380961817f4532b0a22c6c8b4abf39Z.png\" data-src=\"\/\/sc04.alicdn.com\/kf\/H66380961817f4532b0a22c6c8b4abf39Z\/247315878\/H66380961817f4532b0a22c6c8b4abf39Z.png\" \/><\/td>\n<\/tr>\n<\/tbody>\n<\/table>\n<p>&nbsp;<\/p>\n<\/div>\n<div class=\"magic-16\">\n<h3><strong>Personalizar El Logotipo De<\/strong><\/h3>\n<p>Queremos hacer de su marca se destaque? Ofrecemos logotipo modificado para requisitos particulares de los servicios que te ayudar\u00e1n a crear un entorno \u00fanico y personalizado logotipo que refleja la identidad de su marca. Nuestro equipo de expertos trabajar\u00e1 estrechamente con usted para dise\u00f1ar un logotipo que resuena con los valores de tu marca y de mensajer\u00eda. Si usted est\u00e1 buscando para renovar su logotipo existente o crear uno nuevo desde cero, lo tenemos cubierto. <a href=\"\/es\/contacto\/\">P\u00f3ngase en contacto con nosotros<\/a> hoy para aprender m\u00e1s acerca de nuestro logotipo modificado para requisitos particulares de los servicios!<\/p>\n<\/div>\n<div class=\"magic-16\"><\/div>\n<\/div>\n<\/div>\n<\/div>\n<\/div>\n<\/div>\n<\/div>\n<\/div>\n<div class=\"J_module\">\n<div class=\"icbu-pc-images magic-8\">\n<div class=\"flex-layout-v\">\n<div class=\"flex-layout-h magic-8\">\n<div class=\"magic-33\"><\/div>\n<\/div>\n<\/div>\n<\/div>\n<\/div>","protected":false},"excerpt":{"rendered":"<p>Borre los tatuajes no deseados con la potente m\u00e1quina de eliminaci\u00f3n de tatuajes con l\u00e1ser de picosegundos. Esta tecnolog\u00eda avanzada utiliza pulsos l\u00e1ser ultracortos para obtener resultados m\u00e1s r\u00e1pidos, seguros y efectivos. \u00a1D\u00edgale adi\u00f3s al arrepentimiento por los tatuajes!<\/p>","protected":false},"featured_media":1570,"comment_status":"open","ping_status":"closed","template":"","meta":{"_kad_post_transparent":"default","_kad_post_title":"","_kad_post_layout":"default","_kad_post_sidebar_id":"","_kad_post_content_style":"default","_kad_post_vertical_padding":"default","_kad_post_feature":"","_kad_post_feature_position":"","_kad_post_header":false,"_kad_post_footer":false,"_kad_post_classname":"","rank_math_title":"","rank_math_description":"","rank_math_focus_keyword":""},"product_brand":[],"product_cat":[29],"product_tag":[],"class_list":{"0":"post-1563","1":"product","2":"type-product","3":"status-publish","4":"has-post-thumbnail","6":"product_cat-pico-laser","8":"first","9":"instock","10":"shipping-taxable","11":"product-type-simple","12":"entry","13":"content-bg","14":"loop-entry"},"_links":{"self":[{"href":"https:\/\/skbty.com\/es\/wp-json\/wp\/v2\/product\/1563","targetHints":{"allow":["GET"]}}],"collection":[{"href":"https:\/\/skbty.com\/es\/wp-json\/wp\/v2\/product"}],"about":[{"href":"https:\/\/skbty.com\/es\/wp-json\/wp\/v2\/types\/product"}],"replies":[{"embeddable":true,"href":"https:\/\/skbty.com\/es\/wp-json\/wp\/v2\/comments?post=1563"}],"wp:featuredmedia":[{"embeddable":true,"href":"https:\/\/skbty.com\/es\/wp-json\/wp\/v2\/media\/1570"}],"wp:attachment":[{"href":"https:\/\/skbty.com\/es\/wp-json\/wp\/v2\/media?parent=1563"}],"wp:term":[{"taxonomy":"product_brand","embeddable":true,"href":"https:\/\/skbty.com\/es\/wp-json\/wp\/v2\/product_brand?post=1563"},{"taxonomy":"product_cat","embeddable":true,"href":"https:\/\/skbty.com\/es\/wp-json\/wp\/v2\/product_cat?post=1563"},{"taxonomy":"product_tag","embeddable":true,"href":"https:\/\/skbty.com\/es\/wp-json\/wp\/v2\/product_tag?post=1563"}],"curies":[{"name":"WP","href":"https:\/\/api.w.org\/{rel}","templated":true}]}}