{"id":1629,"date":"2023-06-08T17:56:36","date_gmt":"2023-06-08T09:56:36","guid":{"rendered":"https:\/\/skbty.com\/?post_type=product&#038;p=1629"},"modified":"2024-06-26T15:44:22","modified_gmt":"2024-06-26T07:44:22","slug":"1-maquina-de-depilacion-laser-de-diodo-de-3-longitudes-de-onda","status":"publish","type":"product","link":"https:\/\/skbty.com\/es\/producto\/1-maquina-de-depilacion-laser-de-diodo-de-3-longitudes-de-onda\/","title":{"rendered":"808nm\/755nm\/1064 nm Diodo L\u00e1ser Cabello Eliminaci\u00f3n M\u00e1quina"},"content":{"rendered":"<div class=\"J_module\">\n<div data-section=\"AliMagic-a1bmbn\" data-section-title=\"Products Description\" data-spm-anchor-id=\"a2700.details.0.i55.14d678446aVIYH\">\n<div>\n<div>\n<h2>M\u00e1quina de depilaci\u00f3n l\u00e1ser de diodo de 808 nm\/755 nm\/1064 nm: consiga una piel suave y sin vello con una comodidad incomparable<\/h2>\n<h2>Introducci\u00f3n<\/h2>\n<p>Experimente el est\u00e1ndar de oro en depilaci\u00f3n l\u00e1ser con la avanzada m\u00e1quina de depilaci\u00f3n l\u00e1ser de diodo de 808 nm\/755 nm\/1064 nm. Este dispositivo de vanguardia aprovecha la potencia de un l\u00e1ser de diodo de 808 nm\/755 nm\/1064 nm para enviar energ\u00eda precisa a los fol\u00edculos pilosos, inhibiendo de manera efectiva su capacidad de volver a generar vello. Disfrute de una piel suave y sin vello con resultados duraderos y una comodidad incomparable.<\/p>\n<h2><img loading=\"lazy\" decoding=\"async\" class=\"aligncenter\" src=\"https:\/\/sc04.alicdn.com\/kf\/Hc65f834570d84192bef3197ad565be6cB\/247315878\/Hc65f834570d84192bef3197ad565be6cB.png\" width=\"672\" height=\"230\" data-src=\"\/\/sc04.alicdn.com\/kf\/Hc65f834570d84192bef3197ad565be6cB\/247315878\/Hc65f834570d84192bef3197ad565be6cB.png\" \/><\/h2>\n<h2>La ciencia de la depilaci\u00f3n l\u00e1ser de diodo de 808 nm\/755 nm\/1064 nm<\/h2>\n<h3>Apuntando a los fol\u00edculos pilosos con precisi\u00f3n<\/h3>\n<p>El l\u00e1ser de diodo de 808 nm\/755 nm\/1064 nm emite una longitud de onda de luz espec\u00edfica que la melanina, el pigmento responsable del color del cabello, absorbe f\u00e1cilmente. Esta energ\u00eda dirigida calienta y desactiva el fol\u00edculo piloso, impidiendo el crecimiento futuro del cabello.<\/p>\n<h3><img loading=\"lazy\" decoding=\"async\" class=\"aligncenter\" title=\"M\u00e1quina de depilaci\u00f3n l\u00e1ser de diodo de 808 nm\" src=\"https:\/\/sc04.alicdn.com\/kf\/H27c318b0099642c58c2708fe85a234708\/247315878\/H27c318b0099642c58c2708fe85a234708.jpg\" alt=\"M\u00e1quina de depilaci\u00f3n l\u00e1ser de diodo de 808 nm\" width=\"559\" height=\"346\" data-src=\"\/\/sc04.alicdn.com\/kf\/H27c318b0099642c58c2708fe85a234708\/247315878\/H27c318b0099642c58c2708fe85a234708.jpg\" \/><\/h3>\n<h3>Beneficios de la tecnolog\u00eda l\u00e1ser de diodo de 808 nm<\/h3>\n<ul>\n<li><strong>Orientaci\u00f3n precisa:<\/strong>\u00a0La energ\u00eda del l\u00e1ser es absorbida selectivamente por la melanina del fol\u00edculo piloso, dejando la piel circundante intacta.<\/li>\n<li><strong>Eficaz para varios tipos de piel y cabello:<\/strong>\u00a0Adecuado para una amplia gama de tonos de piel y colores de cabello, desde claros a oscuros.<\/li>\n<li><strong>Tratamientos pr\u00e1cticamente indoloros:<\/strong>\u00a0El avanzado sistema de enfriamiento garantiza la m\u00e1xima comodidad durante el tratamiento, minimizando las molestias a menudo asociadas con los m\u00e9todos tradicionales de depilaci\u00f3n.<\/li>\n<li><strong>Resultados duraderos:<\/strong>\u00a0Experimente una reducci\u00f3n significativa del vello no deseado despu\u00e9s de una serie de tratamientos, y muchas personas logran una reducci\u00f3n permanente del vello.<\/li>\n<\/ul>\n<h2><img loading=\"lazy\" decoding=\"async\" class=\"wp-image-1642 aligncenter\" src=\"https:\/\/skbty.com\/wp-content\/uploads\/2023\/06\/\u5fae\u4fe1\u622a\u56fe_20230608180748.png\" alt=\"\" width=\"588\" height=\"356\" srcset=\"https:\/\/skbty.com\/wp-content\/uploads\/2023\/06\/\u5fae\u4fe1\u622a\u56fe_20230608180748.png 1163w, https:\/\/skbty.com\/wp-content\/uploads\/2023\/06\/\u5fae\u4fe1\u622a\u56fe_20230608180748-300x182.png 300w, https:\/\/skbty.com\/wp-content\/uploads\/2023\/06\/\u5fae\u4fe1\u622a\u56fe_20230608180748-1024x620.png 1024w, https:\/\/skbty.com\/wp-content\/uploads\/2023\/06\/\u5fae\u4fe1\u622a\u56fe_20230608180748-768x465.png 768w, https:\/\/skbty.com\/wp-content\/uploads\/2023\/06\/\u5fae\u4fe1\u622a\u56fe_20230608180748-600x363.png 600w\" sizes=\"auto, (max-width: 588px) 100vw, 588px\" \/><\/h2>\n<h2>Experimente la diferencia: \u00bfPor qu\u00e9 elegir esta m\u00e1quina?<\/h2>\n<h3>Funciones avanzadas para obtener resultados excepcionales<\/h3>\n<p>Esta m\u00e1quina de depilaci\u00f3n l\u00e1ser de diodo de 808 nm\/755 nm\/1064 nm est\u00e1 equipada con caracter\u00edsticas que la distinguen:<\/p>\n<ul>\n<li><strong>Alta potencia de salida:<\/strong>\u00a0La potente salida de 1800 W garantiza tratamientos eficientes y resultados \u00f3ptimos.<\/li>\n<li><strong>Configuraciones ajustables:<\/strong>\u00a0Personalice los tratamientos para distintos tipos de piel, colores de cabello y \u00e1reas de tratamiento con densidad de energ\u00eda ajustable (1~200J\/cm2) y ancho de pulso (1ms-400ms).<\/li>\n<li><strong>Tama\u00f1o de punto grande:<\/strong>\u00a0El tama\u00f1o del punto de 12 x 12 mm permite un tratamiento r\u00e1pido y eficiente de \u00e1reas m\u00e1s grandes, como las piernas, la espalda y el pecho.<\/li>\n<li><strong>Sistema de enfriamiento avanzado:<\/strong>\u00a0El sistema integrado de enfriamiento de aire, agua y semiconductores garantiza la m\u00e1xima comodidad durante el tratamiento, minimizando el riesgo de quemaduras o molestias.<\/li>\n<li><strong>Interfaz f\u00e1cil de usar:<\/strong>\u00a0La intuitiva pantalla t\u00e1ctil digital LCD de 8 pulgadas proporciona f\u00e1cil acceso a las configuraciones y protocolos de tratamiento.<\/li>\n<\/ul>\n<h2><img loading=\"lazy\" decoding=\"async\" class=\"aligncenter\" src=\"https:\/\/sc04.alicdn.com\/kf\/H8735921797ee4bcead849429b6d9510cU\/247315878\/H8735921797ee4bcead849429b6d9510cU.png\" width=\"520\" height=\"370\" data-src=\"\/\/sc04.alicdn.com\/kf\/H8735921797ee4bcead849429b6d9510cU\/247315878\/H8735921797ee4bcead849429b6d9510cU.png\" \/><\/h2>\n<h2>Conclusi\u00f3n<\/h2>\n<p>La m\u00e1quina de depilaci\u00f3n l\u00e1ser de diodo de 808 nm\/755 nm\/1064 nm representa un avance significativo en la tecnolog\u00eda de depilaci\u00f3n l\u00e1ser. Experimente la confianza que brinda una piel suave y sin vello, lograda mediante tratamientos seguros, efectivos y c\u00f3modos.<\/p>\n<\/div>\n<\/div>\n<div>\n<div>\n<div>\n<div>\n<div>\n<div>\n<h2><strong>Personalizar El Logotipo De<\/strong><\/h2>\n<p>Queremos hacer de su marca se destaque? Ofrecemos logotipo modificado para requisitos particulares de los servicios que te ayudar\u00e1n a crear un entorno \u00fanico y personalizado logotipo que refleja la identidad de su marca. Nuestro equipo de expertos trabajar\u00e1 estrechamente con usted para dise\u00f1ar un logotipo que resuena con los valores de tu marca y de mensajer\u00eda. Si usted est\u00e1 buscando para renovar su logotipo existente o crear uno nuevo desde cero, lo tenemos cubierto. <a href=\"\/es\/contacto\/\">P\u00f3ngase en contacto con nosotros<\/a> hoy para aprender m\u00e1s acerca de nuestro logotipo modificado para requisitos particulares de los servicios!<\/p>\n<\/div>\n<\/div>\n<\/div>\n<\/div>\n<\/div>\n<\/div>\n<\/div>\n<\/div>","protected":false},"excerpt":{"rendered":"<p>El punto de congelaci\u00f3n 808 se basa en una din\u00e1mica solar t\u00e9rmica selectiva, a trav\u00e9s del ajuste de la longitud de onda, la energ\u00eda y el ancho del pulso del l\u00e1ser a trav\u00e9s de la piel hasta los fol\u00edculos pilosos de la ra\u00edz del cabello, la energ\u00eda t\u00e9rmica se absorbe y descompone el tejido del fol\u00edculo, lo que provoca la regeneraci\u00f3n del cabello.<br \/>\nEl sistema de depilaci\u00f3n con punto de congelaci\u00f3n r\u00e1pido se aplica para protecci\u00f3n de refrigeraci\u00f3n, puede elevar la temperatura hasta -5 \u2103, lo que resuelve muchas dificultades. Al mismo tiempo, es una tecnolog\u00eda segura, r\u00e1pida y permanente.<\/p>","protected":false},"featured_media":1634,"comment_status":"open","ping_status":"closed","template":"","meta":{"_kad_post_transparent":"default","_kad_post_title":"","_kad_post_layout":"default","_kad_post_sidebar_id":"","_kad_post_content_style":"default","_kad_post_vertical_padding":"default","_kad_post_feature":"","_kad_post_feature_position":"","_kad_post_header":false,"_kad_post_footer":false,"_kad_post_classname":"","rank_math_title":"","rank_math_description":"","rank_math_focus_keyword":""},"product_brand":[],"product_cat":[28],"product_tag":[],"class_list":{"0":"post-1629","1":"product","2":"type-product","3":"status-publish","4":"has-post-thumbnail","6":"product_cat-hair-removal","8":"first","9":"instock","10":"shipping-taxable","11":"product-type-simple","12":"entry","13":"content-bg","14":"loop-entry"},"_links":{"self":[{"href":"https:\/\/skbty.com\/es\/wp-json\/wp\/v2\/product\/1629","targetHints":{"allow":["GET"]}}],"collection":[{"href":"https:\/\/skbty.com\/es\/wp-json\/wp\/v2\/product"}],"about":[{"href":"https:\/\/skbty.com\/es\/wp-json\/wp\/v2\/types\/product"}],"replies":[{"embeddable":true,"href":"https:\/\/skbty.com\/es\/wp-json\/wp\/v2\/comments?post=1629"}],"wp:featuredmedia":[{"embeddable":true,"href":"https:\/\/skbty.com\/es\/wp-json\/wp\/v2\/media\/1634"}],"wp:attachment":[{"href":"https:\/\/skbty.com\/es\/wp-json\/wp\/v2\/media?parent=1629"}],"wp:term":[{"taxonomy":"product_brand","embeddable":true,"href":"https:\/\/skbty.com\/es\/wp-json\/wp\/v2\/product_brand?post=1629"},{"taxonomy":"product_cat","embeddable":true,"href":"https:\/\/skbty.com\/es\/wp-json\/wp\/v2\/product_cat?post=1629"},{"taxonomy":"product_tag","embeddable":true,"href":"https:\/\/skbty.com\/es\/wp-json\/wp\/v2\/product_tag?post=1629"}],"curies":[{"name":"WP","href":"https:\/\/api.w.org\/{rel}","templated":true}]}}