{"id":1708,"date":"2023-06-12T10:57:11","date_gmt":"2023-06-12T02:57:11","guid":{"rendered":"https:\/\/skbty.com\/?post_type=product&#038;p=1708"},"modified":"2024-06-26T14:24:27","modified_gmt":"2024-06-26T06:24:27","slug":"maquina-de-depilacion-laser-de-diodo-de-104-pulgadas-2-en-1-808-nm-y-eliminacion-de-tatuajes-con-laser-de-picosegundos","status":"publish","type":"product","link":"https:\/\/skbty.com\/es\/producto\/maquina-de-depilacion-laser-de-diodo-de-104-pulgadas-2-en-1-808-nm-y-eliminacion-de-tatuajes-con-laser-de-picosegundos\/","title":{"rendered":"M\u00e1quina de eliminaci\u00f3n de tatuajes con l\u00e1ser de picosegundos 2 en 1"},"content":{"rendered":"<div>\n<div>\n<h2>M\u00e1quina de depilaci\u00f3n l\u00e1ser de picosegundos de 808 nm y eliminaci\u00f3n de tatuajes 2 en 1: la soluci\u00f3n definitiva para una piel suave y sin manchas<\/h2>\n<h2>Introducci\u00f3n<\/h2>\n<p>Experimente la sinergia definitiva de tecnolog\u00edas est\u00e9ticas avanzadas con la m\u00e1quina de depilaci\u00f3n l\u00e1ser de 808 nm y eliminaci\u00f3n de tatuajes con l\u00e1ser de picosegundos 2 en 1. Este potente dispositivo combina la precisi\u00f3n de la depilaci\u00f3n l\u00e1ser de diodo de 808 nm con la versatilidad de un l\u00e1ser de picosegundos para la eliminaci\u00f3n de tatuajes y el rejuvenecimiento de la piel, ofreciendo una soluci\u00f3n integral para lograr una piel impecable, suave y radiante.<\/p>\n<h2><img loading=\"lazy\" decoding=\"async\" class=\"aligncenter\" title=\"M\u00e1quina de eliminaci\u00f3n de tatuajes con l\u00e1ser de picosegundos\" src=\"https:\/\/sc04.alicdn.com\/kf\/Hc65f834570d84192bef3197ad565be6cB\/247315878\/Hc65f834570d84192bef3197ad565be6cB.png\" alt=\"M\u00e1quina de eliminaci\u00f3n de tatuajes con l\u00e1ser de picosegundos\" width=\"631\" height=\"216\" data-src=\"\/\/sc04.alicdn.com\/kf\/Hc65f834570d84192bef3197ad565be6cB\/247315878\/Hc65f834570d84192bef3197ad565be6cB.png\" \/><\/h2>\n<h2>Dos tecnolog\u00edas potentes, un dispositivo innovador<\/h2>\n<h3>Depilaci\u00f3n l\u00e1ser de diodo de 808 nm: c\u00f3mo atacar el vello no deseado desde la ra\u00edz<\/h3>\n<p>El l\u00e1ser de diodo de 808 nm se dirige a la melanina de los fol\u00edculos pilosos y proporciona una energ\u00eda precisa que calienta y desactiva la capacidad del fol\u00edculo para regenerar el cabello. Esta longitud de onda es muy eficaz para varios tipos de piel y cabello y ofrece:<\/p>\n<ul>\n<li><strong>Orientaci\u00f3n precisa:<\/strong>\u00a0La energ\u00eda del l\u00e1ser es absorbida selectivamente por la melanina del fol\u00edculo piloso, dejando la piel circundante intacta.<\/li>\n<li><strong>Tratamientos pr\u00e1cticamente indoloros:<\/strong>\u00a0El sistema de enfriamiento integrado mantiene una temperatura confortable durante el tratamiento, minimizando las molestias.<\/li>\n<li><strong>Resultados duraderos:<\/strong>\u00a0Experimente una reducci\u00f3n significativa del vello no deseado despu\u00e9s de una serie de tratamientos.<\/li>\n<\/ul>\n<h3><img loading=\"lazy\" decoding=\"async\" class=\"aligncenter\" title=\"M\u00e1quina de eliminaci\u00f3n de tatuajes con l\u00e1ser de picosegundos\" src=\"https:\/\/sc04.alicdn.com\/kf\/H57d58f3b40044007a850a1bd8528b6aa9\/247315878\/H57d58f3b40044007a850a1bd8528b6aa9.png\" alt=\"M\u00e1quina de eliminaci\u00f3n de tatuajes con l\u00e1ser de picosegundos\" width=\"535\" height=\"372\" data-src=\"\/\/sc04.alicdn.com\/kf\/H57d58f3b40044007a850a1bd8528b6aa9\/247315878\/H57d58f3b40044007a850a1bd8528b6aa9.png\" \/>L\u00e1ser de picosegundos: borrando tatuajes e imperfecciones<\/h3>\n<p>El l\u00e1ser de picosegundos emite pulsos de energ\u00eda ultracortos que fragmentan la tinta y el pigmento del tatuaje en part\u00edculas diminutas, que luego son eliminadas naturalmente por el cuerpo. Esta tecnolog\u00eda avanzada ofrece:<\/p>\n<ul>\n<li><strong>Eliminaci\u00f3n eficaz de tatuajes:<\/strong>\u00a0Se enfoca en descomponer una amplia gama de colores de tinta para tatuajes, incluidos los azules y verdes m\u00e1s rebeldes.<\/li>\n<li><strong>Eliminaci\u00f3n de pigmento:<\/strong>\u00a0Aborda diversos problemas de pigmentaci\u00f3n, incluidas pecas, manchas solares, manchas de la edad y melasma.<\/li>\n<li><strong>Rejuvenecimiento de la piel:<\/strong>\u00a0Estimula la producci\u00f3n de col\u00e1geno para una piel m\u00e1s firme, suave y de aspecto m\u00e1s juvenil.<\/li>\n<\/ul>\n<h2><img loading=\"lazy\" decoding=\"async\" class=\"aligncenter\" title=\"M\u00e1quina de eliminaci\u00f3n de tatuajes con l\u00e1ser de picosegundos\" src=\"https:\/\/sc04.alicdn.com\/kf\/Hc0c54bb924fc47718b5bf6f1907c79f7w\/247315878\/Hc0c54bb924fc47718b5bf6f1907c79f7w.png\" alt=\"M\u00e1quina de eliminaci\u00f3n de tatuajes con l\u00e1ser de picosegundos\" width=\"550\" height=\"376\" data-src=\"\/\/sc04.alicdn.com\/kf\/Hc0c54bb924fc47718b5bf6f1907c79f7w\/247315878\/Hc0c54bb924fc47718b5bf6f1907c79f7w.png\" \/><\/h2>\n<h2>Beneficios del Sistema 2 en 1<\/h2>\n<h3>Experimente el poder combinado<\/h3>\n<p>Esta m\u00e1quina vers\u00e1til ofrece una variedad de beneficios:<\/p>\n<ul>\n<li><strong>Tratamientos Integrales:<\/strong>\u00a0Aborde m\u00faltiples problemas de la piel con un solo dispositivo, incluido el vello no deseado, los tatuajes, la pigmentaci\u00f3n y el envejecimiento de la piel.<\/li>\n<li><strong>Soluci\u00f3n rentable:<\/strong>\u00a0Invertir en un sistema 2 en 1 proporciona un valor significativo en comparaci\u00f3n con la compra de dispositivos por separado.<\/li>\n<li><strong>Mayor comodidad para el cliente:<\/strong>\u00a0Ofrece una gama m\u00e1s amplia de tratamientos a tus clientes, mejorando su satisfacci\u00f3n y fidelizaci\u00f3n.<\/li>\n<li><strong>Dise\u00f1o que ahorra espacio:<\/strong>\u00a0El sistema integrado ahorra espacio valioso en su cl\u00ednica o sala de tratamiento.<\/li>\n<\/ul>\n<h2><img loading=\"lazy\" decoding=\"async\" class=\"aligncenter\" title=\"M\u00e1quina de eliminaci\u00f3n de tatuajes con l\u00e1ser de picosegundos\" src=\"https:\/\/sc04.alicdn.com\/kf\/H9e0fc5118ac84fc58af1213d8a577086A\/247315878\/H9e0fc5118ac84fc58af1213d8a577086A.png\" alt=\"M\u00e1quina de eliminaci\u00f3n de tatuajes con l\u00e1ser de picosegundos\" width=\"614\" height=\"429\" data-src=\"\/\/sc04.alicdn.com\/kf\/H9e0fc5118ac84fc58af1213d8a577086A\/247315878\/H9e0fc5118ac84fc58af1213d8a577086A.png\" \/><\/h2>\n<h2>Caracter\u00edsticas para un rendimiento y una comodidad \u00f3ptimos<\/h2>\n<p>Este avanzado sistema 2 en 1 est\u00e1 equipado con caracter\u00edsticas que garantizan resultados excepcionales y comodidad del cliente:<\/p>\n<ul>\n<li><strong>Alta potencia de salida:<\/strong>\u00a0La potente salida de 2000W garantiza tratamientos eficientes y resultados \u00f3ptimos.<\/li>\n<li><strong>Configuraciones ajustables:<\/strong>\u00a0Personalice los tratamientos para distintos tipos de piel, colores de cabello y densidades de tinta para tatuajes.<\/li>\n<li><strong>Interfaz de pantalla t\u00e1ctil grande:<\/strong>\u00a0La intuitiva pantalla t\u00e1ctil LCD de 10,4 pulgadas proporciona f\u00e1cil acceso a las configuraciones y protocolos de tratamiento.<\/li>\n<li><strong>Tecnolog\u00eda de enfriamiento avanzada:<\/strong>\u00a0El sistema de enfriamiento integrado minimiza las molestias y protege la piel durante el tratamiento.<\/li>\n<\/ul>\n<h2>Conclusi\u00f3n<\/h2>\n<p>El equipo de depilaci\u00f3n l\u00e1ser de picosegundos y 808 nm 2 en 1 es un punto de inflexi\u00f3n en el mundo de la medicina est\u00e9tica. Este dispositivo vers\u00e1til y potente ofrece resultados excepcionales para la depilaci\u00f3n, la eliminaci\u00f3n de tatuajes y el rejuvenecimiento de la piel. Experimente la soluci\u00f3n definitiva para lograr una piel suave, impecable y radiante.<\/p>\n<h2><strong>Personalizar El Logotipo De<\/strong><\/h2>\n<p>Queremos hacer de su marca se destaque? Ofrecemos logotipo modificado para requisitos particulares de los servicios que te ayudar\u00e1n a crear un entorno \u00fanico y personalizado logotipo que refleja la identidad de su marca. Nuestro equipo de expertos trabajar\u00e1 estrechamente con usted para dise\u00f1ar un logotipo que resuena con los valores de tu marca y de mensajer\u00eda. Si usted est\u00e1 buscando para renovar su logotipo existente o crear uno nuevo desde cero, lo tenemos cubierto. <a href=\"\/es\/contacto\/\">P\u00f3ngase en contacto con nosotros<\/a> hoy para aprender m\u00e1s acerca de nuestro logotipo modificado para requisitos particulares de los servicios!<\/p>\n<\/div>\n<\/div>","protected":false},"excerpt":{"rendered":"<p>El punto de congelaci\u00f3n 808 se basa en una din\u00e1mica solar t\u00e9rmica selectiva, a trav\u00e9s del ajuste de la longitud de onda, la energ\u00eda y el ancho del pulso del l\u00e1ser a trav\u00e9s de la piel hasta los fol\u00edculos pilosos de la ra\u00edz del cabello, la energ\u00eda t\u00e9rmica se absorbe y descompone el tejido del fol\u00edculo, lo que hace que el cabello se regenere. El sistema de depilaci\u00f3n de punto de congelaci\u00f3n r\u00e1pido se aplica para protecci\u00f3n de refrigeraci\u00f3n, puede hacer que la temperatura llegue hasta -5 \u2103, resuelve muchas dificultades. Al mismo tiempo, es una tecnolog\u00eda segura, r\u00e1pida y permanente.<\/p>","protected":false},"featured_media":1715,"comment_status":"open","ping_status":"closed","template":"","meta":{"_kad_post_transparent":"default","_kad_post_title":"","_kad_post_layout":"default","_kad_post_sidebar_id":"","_kad_post_content_style":"default","_kad_post_vertical_padding":"default","_kad_post_feature":"","_kad_post_feature_position":"","_kad_post_header":false,"_kad_post_footer":false,"_kad_post_classname":"","rank_math_title":"","rank_math_description":"","rank_math_focus_keyword":""},"product_brand":[],"product_cat":[28],"product_tag":[],"class_list":{"0":"post-1708","1":"product","2":"type-product","3":"status-publish","4":"has-post-thumbnail","6":"product_cat-hair-removal","8":"first","9":"instock","10":"shipping-taxable","11":"product-type-simple","12":"entry","13":"content-bg","14":"loop-entry"},"_links":{"self":[{"href":"https:\/\/skbty.com\/es\/wp-json\/wp\/v2\/product\/1708","targetHints":{"allow":["GET"]}}],"collection":[{"href":"https:\/\/skbty.com\/es\/wp-json\/wp\/v2\/product"}],"about":[{"href":"https:\/\/skbty.com\/es\/wp-json\/wp\/v2\/types\/product"}],"replies":[{"embeddable":true,"href":"https:\/\/skbty.com\/es\/wp-json\/wp\/v2\/comments?post=1708"}],"wp:featuredmedia":[{"embeddable":true,"href":"https:\/\/skbty.com\/es\/wp-json\/wp\/v2\/media\/1715"}],"wp:attachment":[{"href":"https:\/\/skbty.com\/es\/wp-json\/wp\/v2\/media?parent=1708"}],"wp:term":[{"taxonomy":"product_brand","embeddable":true,"href":"https:\/\/skbty.com\/es\/wp-json\/wp\/v2\/product_brand?post=1708"},{"taxonomy":"product_cat","embeddable":true,"href":"https:\/\/skbty.com\/es\/wp-json\/wp\/v2\/product_cat?post=1708"},{"taxonomy":"product_tag","embeddable":true,"href":"https:\/\/skbty.com\/es\/wp-json\/wp\/v2\/product_tag?post=1708"}],"curies":[{"name":"WP","href":"https:\/\/api.w.org\/{rel}","templated":true}]}}