{"id":1727,"date":"2023-06-13T15:04:55","date_gmt":"2023-06-13T07:04:55","guid":{"rendered":"https:\/\/skbty.com\/?post_type=product&#038;p=1727"},"modified":"2024-06-25T17:40:50","modified_gmt":"2024-06-25T09:40:50","slug":"dispositivo-de-depilacion-con-diodo-laser-de-alejandrita-de-755-nm-y-1064-nm","status":"publish","type":"product","link":"https:\/\/skbty.com\/es\/producto\/dispositivo-de-depilacion-con-diodo-laser-de-alejandrita-de-755-nm-y-1064-nm\/","title":{"rendered":"Dispositivo de depilaci\u00f3n con diodo l\u00e1ser de alejandrita de 755 nm\/1064 nm"},"content":{"rendered":"<div>\n<h2>Dispositivo de depilaci\u00f3n con diodo l\u00e1ser de alejandrita de 755 nm\/1064 nm: consiga una piel suave y sin vello con confianza<\/h2>\n<h2>Introducci\u00f3n<\/h2>\n<p>Experimente el est\u00e1ndar de oro en depilaci\u00f3n l\u00e1ser con el avanzado dispositivo de depilaci\u00f3n con diodo l\u00e1ser de alejandrita de 755 nm\/1064 nm. Este dispositivo de vanguardia combina la potencia de dos longitudes de onda altamente efectivas (alejandrita (755 nm) y Nd:YAG (1064 nm)) para brindar resultados de depilaci\u00f3n excepcionales y duraderos para todo tipo de piel.<\/p>\n<h2><img loading=\"lazy\" decoding=\"async\" class=\"aligncenter\" src=\"https:\/\/sc04.alicdn.com\/kf\/H88b2ae692b4d46a283e08d2f6019873d6\/247315878\/H88b2ae692b4d46a283e08d2f6019873d6.png\" width=\"409\" height=\"433\" data-src=\"\/\/sc04.alicdn.com\/kf\/H88b2ae692b4d46a283e08d2f6019873d6\/247315878\/H88b2ae692b4d46a283e08d2f6019873d6.png\" \/><\/h2>\n<h2>La ciencia detr\u00e1s de la depilaci\u00f3n con doble longitud de onda<\/h2>\n<h3>Apuntando a los fol\u00edculos pilosos con precisi\u00f3n<\/h3>\n<p>Este innovador dispositivo utiliza las propiedades \u00fanicas de dos longitudes de onda l\u00e1ser para apuntar y deshabilitar eficazmente los fol\u00edculos pilosos:<\/p>\n<ol>\n<li><strong>L\u00e1ser de alejandrita (755 nm):<\/strong>\u00a0Ideal para atacar la melanina en tipos de piel m\u00e1s claros (I-III), la longitud de onda de 755 nm es altamente absorbida por la melanina en el fol\u00edculo piloso, entregando energ\u00eda que desactiva efectivamente la capacidad del fol\u00edculo para volver a hacer crecer el cabello.<\/li>\n<li><strong>L\u00e1ser Nd:YAG (1064 nm):<\/strong>\u00a0Para tratar de forma segura y eficaz los tipos de piel m\u00e1s oscuros (IV-VI), la longitud de onda de 1064 nm penetra m\u00e1s profundamente en la piel para atacar la melanina y minimizar el riesgo de hiperpigmentaci\u00f3n (oscurecimiento de la piel).<\/li>\n<\/ol>\n<h3>Beneficios de las longitudes de onda duales<\/h3>\n<p>Este enfoque de doble longitud de onda ofrece varias ventajas clave:<\/p>\n<ul>\n<li><strong>Versatilidad para todo tipo de piel:<\/strong>\u00a0Trata de forma segura y eficaz una amplia gama de tonos de piel, desde claros a oscuros.<\/li>\n<li><strong>Tratamiento dirigido:<\/strong>\u00a0Las longitudes de onda espec\u00edficas apuntan a la melanina en el fol\u00edculo piloso, dejando la piel circundante ilesa.<\/li>\n<li><strong>Resultados duraderos:<\/strong>\u00a0Experimente una reducci\u00f3n significativa del vello no deseado despu\u00e9s de una serie de tratamientos.<\/li>\n<\/ul>\n<h2>Experimente la diferencia del l\u00e1ser de alejandrita<\/h2>\n<h3>C\u00f3mo conseguir una piel suave y sin vello<\/h3>\n<p>Este avanzado dispositivo de depilaci\u00f3n l\u00e1ser ofrece una variedad de beneficios:<\/p>\n<ul>\n<li><strong>Tratamientos r\u00e1pidos y eficaces:<\/strong>\u00a0El gran tama\u00f1o del punto (6-18 mm) y la alta potencia de salida (2000 W) permiten un tratamiento r\u00e1pido de \u00e1reas grandes, como la espalda, las piernas y el pecho.<\/li>\n<li><strong>Mayor comodidad con refrigeraci\u00f3n DCD:<\/strong>\u00a0La innovadora tecnolog\u00eda del dispositivo de enfriamiento din\u00e1mico (DCD) proporciona un flujo continuo de aire fr\u00edo al \u00e1rea de tratamiento, minimizando las molestias y protegiendo la piel del da\u00f1o causado por el calor.<\/li>\n<li><strong>Seguro y eficaz para todo tipo de piel:<\/strong>\u00a0El sistema de longitud de onda dual y las configuraciones ajustables permiten un tratamiento seguro y eficaz en una amplia gama de tonos de piel.<\/li>\n<li><strong>Reducci\u00f3n del vello a largo plazo:<\/strong>\u00a0Disfrute de una piel suave y sin vello durante meses o incluso a\u00f1os despu\u00e9s de completar una serie de tratamientos.<\/li>\n<\/ul>\n<h2>Conclusi\u00f3n<\/h2>\n<p>El dispositivo de depilaci\u00f3n l\u00e1ser de diodo alejandrita de 755 nm\/1064 nm es la soluci\u00f3n definitiva para lograr resultados duraderos con una comodidad y seguridad excepcionales. \u00a1Experimente la confianza que brinda una piel suave y sin vello!<\/p>\n<\/div>\n<div>\n<div>\n<div>\n<h2><strong>Personalizar El Logotipo De<\/strong><\/h2>\n<p>Queremos hacer de su marca se destaque? Ofrecemos logotipo modificado para requisitos particulares de los servicios que te ayudar\u00e1n a crear un entorno \u00fanico y personalizado logotipo que refleja la identidad de su marca. Nuestro equipo de expertos trabajar\u00e1 estrechamente con usted para dise\u00f1ar un logotipo que resuena con los valores de tu marca y de mensajer\u00eda. Si usted est\u00e1 buscando para renovar su logotipo existente o crear uno nuevo desde cero, lo tenemos cubierto. <a href=\"\/es\/contacto\/\">P\u00f3ngase en contacto con nosotros<\/a> hoy para aprender m\u00e1s acerca de nuestro logotipo modificado para requisitos particulares de los servicios!<\/p>\n<\/div>\n<\/div>\n<div>\n<div>\n<div>\n<div><\/div>\n<\/div>\n<\/div>\n<\/div>\n<\/div>","protected":false},"excerpt":{"rendered":"<p><span class=\"magic-15\" style=\"font-family: Verdana;\"><span data-spm-anchor-id=\"a2700.details.0.i31.54a41f7d82ZBtQ\">L\u00e1ser de alejandrita de 755 nm y pulso largo Nd Yag 1064, el mejor pico de absorci\u00f3n de la longitud de onda de melanina, papel espec\u00edfico directo en el fol\u00edculo piloso en las c\u00e9lulas de melanoma, capacidad especialmente fuerte para el cabello, especialmente para el cabello denso y la eliminaci\u00f3n parcial del vello del color de la piel negra.<\/span><\/span><\/p>\n<p><span class=\"magic-15\" style=\"font-family: Verdana;\">\u00c1reas grandes, alta velocidad, acorta el tiempo de tratamiento de 4 a 5 veces. Diez minutos m\u00e1s para la depilaci\u00f3n de \u00e1reas grandes, de 3 a 5 minutos para eliminar \u00e1reas peque\u00f1as, especialmente para la depilaci\u00f3n de \u00e1reas grandes.<\/span><\/p>","protected":false},"featured_media":1733,"comment_status":"open","ping_status":"closed","template":"","meta":{"_kad_post_transparent":"default","_kad_post_title":"","_kad_post_layout":"default","_kad_post_sidebar_id":"","_kad_post_content_style":"default","_kad_post_vertical_padding":"default","_kad_post_feature":"","_kad_post_feature_position":"","_kad_post_header":false,"_kad_post_footer":false,"_kad_post_classname":"","rank_math_title":"","rank_math_description":"","rank_math_focus_keyword":""},"product_brand":[],"product_cat":[28],"product_tag":[],"class_list":{"0":"post-1727","1":"product","2":"type-product","3":"status-publish","4":"has-post-thumbnail","6":"product_cat-hair-removal","8":"first","9":"instock","10":"shipping-taxable","11":"product-type-simple","12":"entry","13":"content-bg","14":"loop-entry"},"_links":{"self":[{"href":"https:\/\/skbty.com\/es\/wp-json\/wp\/v2\/product\/1727","targetHints":{"allow":["GET"]}}],"collection":[{"href":"https:\/\/skbty.com\/es\/wp-json\/wp\/v2\/product"}],"about":[{"href":"https:\/\/skbty.com\/es\/wp-json\/wp\/v2\/types\/product"}],"replies":[{"embeddable":true,"href":"https:\/\/skbty.com\/es\/wp-json\/wp\/v2\/comments?post=1727"}],"wp:featuredmedia":[{"embeddable":true,"href":"https:\/\/skbty.com\/es\/wp-json\/wp\/v2\/media\/1733"}],"wp:attachment":[{"href":"https:\/\/skbty.com\/es\/wp-json\/wp\/v2\/media?parent=1727"}],"wp:term":[{"taxonomy":"product_brand","embeddable":true,"href":"https:\/\/skbty.com\/es\/wp-json\/wp\/v2\/product_brand?post=1727"},{"taxonomy":"product_cat","embeddable":true,"href":"https:\/\/skbty.com\/es\/wp-json\/wp\/v2\/product_cat?post=1727"},{"taxonomy":"product_tag","embeddable":true,"href":"https:\/\/skbty.com\/es\/wp-json\/wp\/v2\/product_tag?post=1727"}],"curies":[{"name":"WP","href":"https:\/\/api.w.org\/{rel}","templated":true}]}}