{"id":1746,"date":"2023-06-13T17:30:11","date_gmt":"2023-06-13T09:30:11","guid":{"rendered":"https:\/\/skbty.com\/?post_type=product&#038;p=1746"},"modified":"2024-06-25T17:17:19","modified_gmt":"2024-06-25T09:17:19","slug":"maquina-portatil-para-lavar-cejas-con-laser-de-picosegundos","status":"publish","type":"product","link":"https:\/\/skbty.com\/es\/producto\/maquina-portatil-para-lavar-cejas-con-laser-de-picosegundos\/","title":{"rendered":"M\u00e1quina port\u00e1til para el lavado de cejas con l\u00e1ser de picosegundos"},"content":{"rendered":"<div>\n<div>\n<h2>M\u00e1quina port\u00e1til de lavado de cejas con l\u00e1ser de picosegundos: eliminaci\u00f3n de pigmentaci\u00f3n de nivel superior<\/h2>\n<h2>Introducci\u00f3n<\/h2>\n<p>Experimente el futuro de la eliminaci\u00f3n de pigmentos con la m\u00e1quina de lavado de cejas port\u00e1til con l\u00e1ser de picosegundos. Este dispositivo de vanguardia utiliza pulsos l\u00e1ser de picosegundos ultracortos para destruir las part\u00edculas de pigmento sin da\u00f1ar la piel circundante, lo que ofrece resultados m\u00e1s r\u00e1pidos, seguros y efectivos que los tratamientos l\u00e1ser tradicionales.<\/p>\n<h2><img loading=\"lazy\" decoding=\"async\" class=\"aligncenter\" title=\"Lavado de cejas con l\u00e1ser de picosegundos\" src=\"https:\/\/sc04.alicdn.com\/kf\/H52fb6093d87347e49f6a90c34492313dJ\/247315878\/H52fb6093d87347e49f6a90c34492313dJ.png\" alt=\"Lavado de cejas con l\u00e1ser de picosegundos\" width=\"705\" height=\"297\" data-src=\"\/\/sc04.alicdn.com\/kf\/H52fb6093d87347e49f6a90c34492313dJ\/247315878\/H52fb6093d87347e49f6a90c34492313dJ.png\" \/><\/h2>\n<h2>El poder de la tecnolog\u00eda de picosegundos<\/h2>\n<h3>C\u00f3mo funciona: eliminaci\u00f3n de pigmento transformador<\/h3>\n<p>A diferencia de los l\u00e1seres tradicionales que dependen del calor para descomponer el pigmento, los l\u00e1seres de picosegundos emiten energ\u00eda en r\u00e1fagas ultracortas (billon\u00e9simas de segundo). Esta r\u00e1pida emisi\u00f3n de energ\u00eda crea un efecto fotoac\u00fastico, que rompe las part\u00edculas de pigmento en fragmentos diminutos, similares al polvo, que se eliminan f\u00e1cilmente mediante los procesos naturales del cuerpo.<\/p>\n<h3><img loading=\"lazy\" decoding=\"async\" class=\"aligncenter\" title=\"Lavado de cejas con l\u00e1ser de picosegundos\" src=\"https:\/\/sc04.alicdn.com\/kf\/H46ed6c2cdc78454ab4dfe600bbef7631y\/247315878\/H46ed6c2cdc78454ab4dfe600bbef7631y.png\" alt=\"Lavado de cejas con l\u00e1ser de picosegundos\" width=\"560\" height=\"382\" data-src=\"\/\/sc04.alicdn.com\/kf\/H46ed6c2cdc78454ab4dfe600bbef7631y\/247315878\/H46ed6c2cdc78454ab4dfe600bbef7631y.png\" \/><\/h3>\n<h3>Ventajas del picosegundo frente a los l\u00e1seres tradicionales<\/h3>\n<p>La ventaja del picosegundo se traduce en una serie de beneficios:<\/p>\n<ul>\n<li><strong>Desintegraci\u00f3n de pigmento mejorada:<\/strong>\u00a0Los pulsos de picosegundos descomponen el pigmento con mayor eficacia que los l\u00e1seres de nanosegundos, lo que produce resultados m\u00e1s r\u00e1pidos y m\u00e1s notables.<\/li>\n<li><strong>Riesgo reducido de efectos secundarios:<\/strong>\u00a0La duraci\u00f3n del pulso ultracorto minimiza la acumulaci\u00f3n de calor en la piel, reduciendo significativamente el riesgo de quemaduras, cicatrices o hiperpigmentaci\u00f3n (oscurecimiento de la piel).<\/li>\n<li><strong>Se requieren menos tratamientos:<\/strong>\u00a0Consiga los resultados deseados con menos sesiones de tratamiento en comparaci\u00f3n con los tratamientos con l\u00e1ser tradicionales.<\/li>\n<li><strong>Aplicaciones vers\u00e1tiles:<\/strong>\u00a0Se enfoca eficazmente en una amplia gama de pigmentos, incluida la tinta del tatuaje, las manchas de la edad, las manchas solares, las pecas y m\u00e1s.<\/li>\n<\/ul>\n<h2><img loading=\"lazy\" decoding=\"async\" class=\"aligncenter\" title=\"Lavado de cejas con l\u00e1ser de picosegundos\" src=\"https:\/\/sc04.alicdn.com\/kf\/H22f2900271704371b6a53c02b05dfb25r\/247315878\/H22f2900271704371b6a53c02b05dfb25r.png\" alt=\"Lavado de cejas con l\u00e1ser de picosegundos\" width=\"562\" height=\"416\" data-src=\"\/\/sc04.alicdn.com\/kf\/H22f2900271704371b6a53c02b05dfb25r\/247315878\/H22f2900271704371b6a53c02b05dfb25r.png\" \/><\/h2>\n<h2>Beneficios de la m\u00e1quina de lavado de cejas l\u00e1ser de picosegundos port\u00e1til<\/h2>\n<h3>Consiga unas cejas perfectas con precisi\u00f3n<\/h3>\n<p>Este dispositivo avanzado ofrece una variedad de beneficios para la eliminaci\u00f3n segura y eficaz de pigmentos:<\/p>\n<ul>\n<li><strong>Orientaci\u00f3n precisa:<\/strong>\u00a0La energ\u00eda del l\u00e1ser se dirige selectivamente al pigmento, dejando la piel circundante intacta.<\/li>\n<li><strong>Eficaz en varios colores de pigmentos:<\/strong>\u00a0La m\u00e1quina ofrece m\u00faltiples longitudes de onda (1064 nm, 532 nm, 785 nm) para apuntar a un amplio espectro de colores de pigmentos, incluidos negro, rojo, marr\u00f3n y m\u00e1s.<\/li>\n<li><strong>Niveles de energ\u00eda ajustables:<\/strong>\u00a0El dispositivo permite un control preciso de los niveles de energ\u00eda para personalizar los tratamientos seg\u00fan los tipos de piel individuales y la profundidad del pigmento.<\/li>\n<li><strong>Experiencia c\u00f3moda:<\/strong>\u00a0El avanzado sistema de enfriamiento garantiza la m\u00e1xima comodidad durante el tratamiento.<\/li>\n<li><strong>Port\u00e1til y conveniente:<\/strong>\u00a0El dise\u00f1o compacto permite un f\u00e1cil transporte y uso en diversos entornos.<\/li>\n<\/ul>\n<h2>Conclusi\u00f3n<\/h2>\n<p>La m\u00e1quina de lavado de cejas con l\u00e1ser de picosegundos port\u00e1til representa un avance significativo en la tecnolog\u00eda de eliminaci\u00f3n de pigmentos. Experimente resultados m\u00e1s r\u00e1pidos, seguros y efectivos con un tiempo de inactividad m\u00ednimo. D\u00edgale adi\u00f3s a los pigmentos no deseados y d\u00e9 la bienvenida a una tez m\u00e1s brillante y uniforme.<\/p>\n<div>\n<div>\n<h2><strong>Personalizar El Logotipo De<\/strong><\/h2>\n<p>Queremos hacer de su marca se destaque? Ofrecemos logotipo modificado para requisitos particulares de los servicios que te ayudar\u00e1n a crear un entorno \u00fanico y personalizado logotipo que refleja la identidad de su marca. Nuestro equipo de expertos trabajar\u00e1 estrechamente con usted para dise\u00f1ar un logotipo que resuena con los valores de tu marca y de mensajer\u00eda. Si usted est\u00e1 buscando para renovar su logotipo existente o crear uno nuevo desde cero, lo tenemos cubierto. <a href=\"\/es\/contacto\/\">P\u00f3ngase en contacto con nosotros<\/a> hoy para aprender m\u00e1s acerca de nuestro logotipo modificado para requisitos particulares de los servicios!<\/p>\n<\/div>\n<\/div>\n<div>\n<div>\n<div>\n<div><\/div>\n<\/div>\n<\/div>\n<\/div>\n<\/div>\n<\/div>\n<div><\/div>","protected":false},"excerpt":{"rendered":"<p>El l\u00e1ser de picosegundos utiliza un modo de salida de pulso muy corto, en lugar de una onda de choque mec\u00e1nica ligera, el pigmento se fragmenta en part\u00edculas finas mediante energ\u00eda enfocada, que tienen m\u00e1s probabilidades de ser absorbidas por el metabolismo del cuerpo. El l\u00e1ser de picosegundos minimizar\u00e1 los efectos secundarios del efecto t\u00e9rmico y puede lograr el objetivo de resolver casi todo tipo de manchas de pigmento, es mejor que el l\u00e1ser tradicional.<\/p>","protected":false},"featured_media":1753,"comment_status":"open","ping_status":"closed","template":"","meta":{"_kad_post_transparent":"default","_kad_post_title":"","_kad_post_layout":"default","_kad_post_sidebar_id":"","_kad_post_content_style":"default","_kad_post_vertical_padding":"default","_kad_post_feature":"","_kad_post_feature_position":"","_kad_post_header":false,"_kad_post_footer":false,"_kad_post_classname":"","rank_math_title":"","rank_math_description":"","rank_math_focus_keyword":""},"product_brand":[],"product_cat":[29],"product_tag":[],"class_list":{"0":"post-1746","1":"product","2":"type-product","3":"status-publish","4":"has-post-thumbnail","6":"product_cat-pico-laser","8":"first","9":"instock","10":"shipping-taxable","11":"product-type-simple","12":"entry","13":"content-bg","14":"loop-entry"},"_links":{"self":[{"href":"https:\/\/skbty.com\/es\/wp-json\/wp\/v2\/product\/1746","targetHints":{"allow":["GET"]}}],"collection":[{"href":"https:\/\/skbty.com\/es\/wp-json\/wp\/v2\/product"}],"about":[{"href":"https:\/\/skbty.com\/es\/wp-json\/wp\/v2\/types\/product"}],"replies":[{"embeddable":true,"href":"https:\/\/skbty.com\/es\/wp-json\/wp\/v2\/comments?post=1746"}],"wp:featuredmedia":[{"embeddable":true,"href":"https:\/\/skbty.com\/es\/wp-json\/wp\/v2\/media\/1753"}],"wp:attachment":[{"href":"https:\/\/skbty.com\/es\/wp-json\/wp\/v2\/media?parent=1746"}],"wp:term":[{"taxonomy":"product_brand","embeddable":true,"href":"https:\/\/skbty.com\/es\/wp-json\/wp\/v2\/product_brand?post=1746"},{"taxonomy":"product_cat","embeddable":true,"href":"https:\/\/skbty.com\/es\/wp-json\/wp\/v2\/product_cat?post=1746"},{"taxonomy":"product_tag","embeddable":true,"href":"https:\/\/skbty.com\/es\/wp-json\/wp\/v2\/product_tag?post=1746"}],"curies":[{"name":"WP","href":"https:\/\/api.w.org\/{rel}","templated":true}]}}