{"id":1761,"date":"2023-06-13T18:03:54","date_gmt":"2023-06-13T10:03:54","guid":{"rendered":"https:\/\/skbty.com\/?post_type=product&#038;p=1761"},"modified":"2024-06-25T17:09:54","modified_gmt":"2024-06-25T09:09:54","slug":"maquina-de-lavado-de-cejas-no-invasiva","status":"publish","type":"product","link":"https:\/\/skbty.com\/es\/producto\/maquina-de-lavado-de-cejas-no-invasiva\/","title":{"rendered":"M\u00e1quina de lavado de cejas no invasiva"},"content":{"rendered":"<div>\n<h2><strong>M\u00e1quina de lavado de cejas no invasiva: consiga unas cejas perfectas con precisi\u00f3n l\u00e1ser<\/strong><\/h2>\n<h2>Introducci\u00f3n<\/h2>\n<p>\u00bfCansada de luchar con tatuajes o pigmentos no deseados en las cejas? Dile adi\u00f3s a las eliminaciones agresivas y dale la bienvenida al futuro de la perfecci\u00f3n de las cejas con la revolucionaria m\u00e1quina de lavado de cejas no invasiva. Esta tecnolog\u00eda l\u00e1ser de vanguardia elimina de manera suave y eficaz los pigmentos no deseados, revelando unas cejas naturalmente hermosas.<\/p>\n<h2><img loading=\"lazy\" decoding=\"async\" class=\"aligncenter wp-image-1763\" title=\"M\u00e1quina de lavado de cejas no invasiva\" src=\"https:\/\/skbty.com\/wp-content\/uploads\/2023\/06\/101.png\" alt=\"M\u00e1quina de lavado de cejas no invasiva\" width=\"394\" height=\"394\" data-wp-pid=\"1763\" srcset=\"https:\/\/skbty.com\/wp-content\/uploads\/2023\/06\/101.png 600w, https:\/\/skbty.com\/wp-content\/uploads\/2023\/06\/101-300x300.png 300w, https:\/\/skbty.com\/wp-content\/uploads\/2023\/06\/101-150x150.png 150w, https:\/\/skbty.com\/wp-content\/uploads\/2023\/06\/101-100x100.png 100w\" sizes=\"auto, (max-width: 394px) 100vw, 394px\" \/><\/h2>\n<h2>La ciencia detr\u00e1s de la eliminaci\u00f3n de pigmentos con l\u00e1ser<\/h2>\n<h3>C\u00f3mo funciona: C\u00f3mo enfocar el pigmento con precisi\u00f3n<\/h3>\n<p>La m\u00e1quina de lavado de cejas no invasiva utiliza tecnolog\u00eda l\u00e1ser Q-switched avanzada para atacar y descomponer el pigmento no deseado en la piel. As\u00ed es como funciona:<\/p>\n<ol>\n<li><strong>Absorci\u00f3n selectiva:<\/strong>\u00a0El l\u00e1ser emite longitudes de onda de luz espec\u00edficas (1064 nm y 532 nm) que son f\u00e1cilmente absorbidas por las part\u00edculas de pigmento, como las que se encuentran en los tatuajes de cejas.<\/li>\n<li><strong>Rotura de pigmento:<\/strong>\u00a0La energ\u00eda del l\u00e1ser calienta y rompe el pigmento en part\u00edculas diminutas.<\/li>\n<li><strong>Eliminaci\u00f3n natural:<\/strong>\u00a0Luego, el sistema inmunol\u00f3gico del cuerpo elimina naturalmente estas part\u00edculas de pigmento fragmentadas, lo que da como resultado un desvanecimiento gradual del tatuaje o la pigmentaci\u00f3n.<\/li>\n<\/ol>\n<h2>Beneficios del lavado de cejas no invasivo<\/h2>\n<h3>Experimente la diferencia<\/h3>\n<p>Este tratamiento l\u00e1ser avanzado ofrece una variedad de beneficios para lograr unas cejas perfectas:<\/p>\n<ul>\n<li><strong>No invasivo y suave:<\/strong>\u00a0A diferencia de los m\u00e9todos tradicionales de eliminaci\u00f3n de tatuajes, este tratamiento con l\u00e1ser no es invasivo y es suave para la delicada piel alrededor de los ojos.<\/li>\n<li><strong>Orientaci\u00f3n precisa:<\/strong>\u00a0La energ\u00eda del l\u00e1ser se dirige espec\u00edficamente al pigmento, dejando la piel circundante intacta.<\/li>\n<li><strong>Resultados efectivos:<\/strong>\u00a0Experimente una reducci\u00f3n significativa en tatuajes de cejas no deseados, microblading o pigmento.<\/li>\n<li><strong>Molestias m\u00ednimas:<\/strong>\u00a0La mayor\u00eda de las personas experimentan una molestia m\u00ednima durante el tratamiento, que a menudo la describen como una leve sensaci\u00f3n de hormigueo.<\/li>\n<li><strong>Sesiones de tratamiento r\u00e1pido:<\/strong>\u00a0Los tratamientos suelen ser r\u00e1pidos y a menudo se completan en s\u00f3lo unos minutos.<\/li>\n<\/ul>\n<h2>Caracter\u00edsticas que distinguen a esta m\u00e1quina<\/h2>\n<h3>Tecnolog\u00eda avanzada para resultados superiores<\/h3>\n<p>La m\u00e1quina de lavado de cejas no invasiva est\u00e1 equipada con caracter\u00edsticas que garantizan una seguridad, eficacia y facilidad de uso \u00f3ptimas:<\/p>\n<ul>\n<li><strong>Longitudes de onda duales:<\/strong>\u00a0Las longitudes de onda de 1064 nm y 532 nm apuntan a una amplia gama de colores de pigmentos, tratando eficazmente tanto los tatuajes oscuros como los m\u00e1s claros.<\/li>\n<li><strong>Tecnolog\u00eda Q-Switched:<\/strong>\u00a0Esta avanzada tecnolog\u00eda l\u00e1ser proporciona energ\u00eda en pulsos ultracortos, maximizando la descomposici\u00f3n del pigmento y minimizando el riesgo de efectos secundarios.<\/li>\n<li><strong>Interfaz f\u00e1cil de usar:<\/strong>\u00a0La pantalla t\u00e1ctil digital LCD de 8 pulgadas proporciona un control intuitivo y una navegaci\u00f3n sencilla para los profesionales.<\/li>\n<li><strong>Componentes de alta calidad:<\/strong>\u00a0La m\u00e1quina est\u00e1 construida con componentes duraderos y de alta calidad para un rendimiento confiable y duradero.<\/li>\n<\/ul>\n<h2>Conclusi\u00f3n<\/h2>\n<p>La m\u00e1quina de lavado de cejas no invasiva es la soluci\u00f3n definitiva para lograr unas cejas perfectas eliminando de forma segura y eficaz los pigmentos no deseados. Experimente la precisi\u00f3n y la eficacia de esta tecnolog\u00eda l\u00e1ser avanzada y olv\u00eddese de los remordimientos por las cejas.<\/p>\n<\/div>\n<div>\n<div>\n<div>\n<div>\n<div>\n<div>\n<div>\n<h2><strong>Personalizar El Logotipo De<\/strong><\/h2>\n<p>Queremos hacer de su marca se destaque? Ofrecemos logotipo modificado para requisitos particulares de los servicios que te ayudar\u00e1n a crear un entorno \u00fanico y personalizado logotipo que refleja la identidad de su marca. Nuestro equipo de expertos trabajar\u00e1 estrechamente con usted para dise\u00f1ar un logotipo que resuena con los valores de tu marca y de mensajer\u00eda. Si usted est\u00e1 buscando para renovar su logotipo existente o crear uno nuevo desde cero, lo tenemos cubierto. <a href=\"\/es\/contacto\/\">P\u00f3ngase en contacto con nosotros<\/a> hoy para aprender m\u00e1s acerca de nuestro logotipo modificado para requisitos particulares de los servicios!<\/p>\n<\/div>\n<\/div>\n<div>\n<div>\n<div>\n<div><\/div>\n<\/div>\n<\/div>\n<\/div>\n<\/div>\n<\/div>\n<\/div>\n<\/div>\n<\/div>","protected":false},"excerpt":{"rendered":"<p>\u00a1Elimine los tatuajes o pigmentos no deseados de las cejas con la revolucionaria m\u00e1quina de lavado de cejas no invasiva! Esta tecnolog\u00eda l\u00e1ser avanzada act\u00faa sobre el pigmento de manera suave y eficaz, revelando sus cejas naturalmente hermosas. \u00a1Reserve su consulta hoy!<\/p>","protected":false},"featured_media":2113,"comment_status":"open","ping_status":"closed","template":"","meta":{"_kad_post_transparent":"default","_kad_post_title":"","_kad_post_layout":"default","_kad_post_sidebar_id":"","_kad_post_content_style":"default","_kad_post_vertical_padding":"default","_kad_post_feature":"","_kad_post_feature_position":"","_kad_post_header":false,"_kad_post_footer":false,"_kad_post_classname":"","rank_math_title":"","rank_math_description":"","rank_math_focus_keyword":""},"product_brand":[],"product_cat":[29],"product_tag":[],"class_list":{"0":"post-1761","1":"product","2":"type-product","3":"status-publish","4":"has-post-thumbnail","6":"product_cat-pico-laser","8":"first","9":"instock","10":"shipping-taxable","11":"product-type-simple","12":"entry","13":"content-bg","14":"loop-entry"},"_links":{"self":[{"href":"https:\/\/skbty.com\/es\/wp-json\/wp\/v2\/product\/1761","targetHints":{"allow":["GET"]}}],"collection":[{"href":"https:\/\/skbty.com\/es\/wp-json\/wp\/v2\/product"}],"about":[{"href":"https:\/\/skbty.com\/es\/wp-json\/wp\/v2\/types\/product"}],"replies":[{"embeddable":true,"href":"https:\/\/skbty.com\/es\/wp-json\/wp\/v2\/comments?post=1761"}],"wp:featuredmedia":[{"embeddable":true,"href":"https:\/\/skbty.com\/es\/wp-json\/wp\/v2\/media\/2113"}],"wp:attachment":[{"href":"https:\/\/skbty.com\/es\/wp-json\/wp\/v2\/media?parent=1761"}],"wp:term":[{"taxonomy":"product_brand","embeddable":true,"href":"https:\/\/skbty.com\/es\/wp-json\/wp\/v2\/product_brand?post=1761"},{"taxonomy":"product_cat","embeddable":true,"href":"https:\/\/skbty.com\/es\/wp-json\/wp\/v2\/product_cat?post=1761"},{"taxonomy":"product_tag","embeddable":true,"href":"https:\/\/skbty.com\/es\/wp-json\/wp\/v2\/product_tag?post=1761"}],"curies":[{"name":"WP","href":"https:\/\/api.w.org\/{rel}","templated":true}]}}