{"id":1788,"date":"2023-06-13T19:28:38","date_gmt":"2023-06-13T11:28:38","guid":{"rendered":"https:\/\/skbty.com\/?post_type=product&#038;p=1788"},"modified":"2024-06-25T16:56:16","modified_gmt":"2024-06-25T08:56:16","slug":"maquina-de-microagujas-rf-3-en-1","status":"publish","type":"product","link":"https:\/\/skbty.com\/es\/producto\/maquina-de-microagujas-rf-3-en-1\/","title":{"rendered":"M\u00e1quina de microagujas RF 3 en 1"},"content":{"rendered":"<div class=\"J_module\">\n<div class=\"ife-detail-decorate-table\">\n<h2>M\u00e1quina de microagujas RF 3 en 1: rejuvenezca su piel con precisi\u00f3n<\/h2>\n<h2>Introducci\u00f3n<\/h2>\n<p>Experimente el rejuvenecimiento definitivo de la piel con la m\u00e1quina de microagujas RF 3 en 1 de \u00faltima generaci\u00f3n. Este innovador dispositivo combina el poder de la energ\u00eda de radiofrecuencia (RF) y la microaguja para estimular la producci\u00f3n de col\u00e1geno, tensar la piel y abordar una amplia gama de problemas cut\u00e1neos, desde arrugas y cicatrices de acn\u00e9 hasta estr\u00edas y textura irregular.<\/p>\n<h3><img loading=\"lazy\" decoding=\"async\" class=\"magic-7 aligncenter\" title=\"M\u00e1quina de microagujas de radiofrecuencia\" src=\"https:\/\/sc04.alicdn.com\/kf\/H4eef1bf8fc684ced9730c0bc99cf73eac\/247315878\/H4eef1bf8fc684ced9730c0bc99cf73eac.jpg\" alt=\"M\u00e1quina de microagujas de radiofrecuencia\" width=\"504\" height=\"711\" data-src=\"\/\/sc04.alicdn.com\/kf\/H4eef1bf8fc684ced9730c0bc99cf73eac\/247315878\/H4eef1bf8fc684ced9730c0bc99cf73eac.jpg\" \/><\/h3>\n<table style=\"border-collapse: collapse; width: 100%;\">\n<tbody>\n<tr>\n<td style=\"width: 50%;\"><img loading=\"lazy\" decoding=\"async\" class=\"magic-7 aligncenter\" title=\"M\u00e1quina de microagujas de radiofrecuencia\" src=\"https:\/\/sc04.alicdn.com\/kf\/H72dff4b1dbc545759e0e868870d78ec0A\/247315878\/H72dff4b1dbc545759e0e868870d78ec0A.jpg\" alt=\"M\u00e1quina de microagujas de radiofrecuencia\" width=\"460\" height=\"460\" data-src=\"\/\/sc04.alicdn.com\/kf\/H72dff4b1dbc545759e0e868870d78ec0A\/247315878\/H72dff4b1dbc545759e0e868870d78ec0A.jpg\" \/><\/td>\n<td style=\"width: 50%;\"><img loading=\"lazy\" decoding=\"async\" class=\"magic-7 aligncenter\" title=\"M\u00e1quina de microagujas de radiofrecuencia\" src=\"https:\/\/sc04.alicdn.com\/kf\/H0bea08b2980d4b9f870beacf8d4e9485O\/247315878\/H0bea08b2980d4b9f870beacf8d4e9485O.jpg\" alt=\"M\u00e1quina de microagujas de radiofrecuencia\" width=\"452\" height=\"412\" data-src=\"\/\/sc04.alicdn.com\/kf\/H0bea08b2980d4b9f870beacf8d4e9485O\/247315878\/H0bea08b2980d4b9f870beacf8d4e9485O.jpg\" \/><\/td>\n<\/tr>\n<\/tbody>\n<\/table>\n<h2>Entendiendo la ciencia: explicaci\u00f3n de la microaguja RF<\/h2>\n<h3>C\u00f3mo funciona: una sinergia poderosa<\/h3>\n<p>La m\u00e1quina de microagujas RF 3 en 1 ofrece resultados notables al combinar dos tecnolog\u00edas probadas:<\/p>\n<ol>\n<li><strong>Microagujas:<\/strong>\u00a0Este procedimiento m\u00ednimamente invasivo utiliza peque\u00f1as agujas est\u00e9riles para crear microcanales en la piel, desencadenando la respuesta curativa natural del cuerpo y estimulando la producci\u00f3n de col\u00e1geno y elastina.<\/li>\n<li><strong>Energ\u00eda de radiofrecuencia:<\/strong>\u00a0Simult\u00e1neamente, la energ\u00eda de RF se env\u00eda directamente a las capas m\u00e1s profundas de la piel a trav\u00e9s de las microagujas, mejorando a\u00fan m\u00e1s la producci\u00f3n de col\u00e1geno y el tensado del tejido.<\/li>\n<\/ol>\n<h3><img loading=\"lazy\" decoding=\"async\" class=\"magic-7 aligncenter\" title=\"M\u00e1quina de microagujas de radiofrecuencia\" src=\"https:\/\/sc04.alicdn.com\/kf\/H8d4fde7a23cc4e188171b74cf72e0e49F\/247315878\/H8d4fde7a23cc4e188171b74cf72e0e49F.jpg\" alt=\"M\u00e1quina de microagujas de radiofrecuencia\" width=\"494\" height=\"499\" data-src=\"\/\/sc04.alicdn.com\/kf\/H8d4fde7a23cc4e188171b74cf72e0e49F\/247315878\/H8d4fde7a23cc4e188171b74cf72e0e49F.jpg\" \/><\/h3>\n<h3>Abordar los problemas de la piel con precisi\u00f3n<\/h3>\n<p>La m\u00e1quina de microagujas RF 3 en 1 es muy eficaz para abordar una variedad de problemas de la piel, que incluyen:<\/p>\n<ul>\n<li><strong>Arrugas y l\u00edneas finas:<\/strong>\u00a0Estimula la producci\u00f3n de col\u00e1geno para suavizar las arrugas y restaurar una apariencia juvenil.<\/li>\n<li><strong>Cicatrices del acn\u00e9:<\/strong>\u00a0Reduce la apariencia de las cicatrices del acn\u00e9 al promover la remodelaci\u00f3n del col\u00e1geno y el rejuvenecimiento de la piel.<\/li>\n<li><strong>Estr\u00edas:<\/strong>\u00a0Minimiza la aparici\u00f3n de estr\u00edas al estimular la producci\u00f3n de col\u00e1geno y elastina en la zona afectada.<\/li>\n<li><strong>Poros dilatados:<\/strong>\u00a0Aprieta y refina los poros para una textura de piel m\u00e1s suave y uniforme.<\/li>\n<li><strong>Tono y textura de piel desiguales:<\/strong>\u00a0Promueve una tez m\u00e1s brillante y radiante al reducir la hiperpigmentaci\u00f3n y mejorar la textura de la piel.<\/li>\n<\/ul>\n<h2>Beneficios de la m\u00e1quina de microagujas RF 3 en 1<\/h2>\n<h3>Experimente la transformaci\u00f3n<\/h3>\n<p>Este tratamiento avanzado de rejuvenecimiento de la piel ofrece una variedad de beneficios:<\/p>\n<ul>\n<li><strong>Seguro y eficaz:<\/strong>\u00a0Apto para todo tipo y tono de piel.<\/li>\n<li><strong>M\u00ednimamente invasivo:<\/strong>\u00a0Requiere poco o ning\u00fan tiempo de inactividad.<\/li>\n<li><strong>Tratamientos Personalizables:<\/strong>\u00a0Se pueden ajustar diferentes profundidades de aguja y niveles de energ\u00eda de RF para abordar problemas espec\u00edficos de la piel.<\/li>\n<li><strong>Resultados de aspecto natural:<\/strong>\u00a0Estimula los procesos de curaci\u00f3n del propio cuerpo para lograr mejoras graduales y duraderas.<\/li>\n<li><strong>Aplicaciones vers\u00e1tiles:<\/strong>\u00a0Se puede utilizar en la cara, el cuerpo y zonas delicadas como los ojos.<\/li>\n<\/ul>\n<h2>Microagujas RF de oro: el est\u00e1ndar de oro<\/h2>\n<p>Esta m\u00e1quina 3 en 1 est\u00e1 equipada con microagujas RF de oro, que ofrecen varias ventajas:<\/p>\n<ul>\n<li><strong>Conductividad mejorada:<\/strong>\u00a0El oro es un excelente conductor de energ\u00eda de RF, lo que garantiza una entrega \u00f3ptima de energ\u00eda a los tejidos objetivo.<\/li>\n<li><strong>Biocompatibilidad:<\/strong>\u00a0El oro es altamente biocompatible, lo que minimiza el riesgo de reacciones al\u00e9rgicas o irritaci\u00f3n de la piel.<\/li>\n<li><strong>Precisi\u00f3n y comodidad:<\/strong>\u00a0Las agujas finas y aisladas administran energ\u00eda de RF con precisi\u00f3n, minimizando las molestias durante el tratamiento.<\/li>\n<\/ul>\n<h2><img loading=\"lazy\" decoding=\"async\" class=\"magic-7 aligncenter\" title=\"M\u00e1quina de microagujas de radiofrecuencia\" src=\"https:\/\/sc04.alicdn.com\/kf\/H7d7f15a834ba430c9084ba75d1c9bae3Z\/247315878\/H7d7f15a834ba430c9084ba75d1c9bae3Z.jpg\" alt=\"M\u00e1quina de microagujas de radiofrecuencia\" width=\"539\" height=\"495\" data-src=\"\/\/sc04.alicdn.com\/kf\/H7d7f15a834ba430c9084ba75d1c9bae3Z\/247315878\/H7d7f15a834ba430c9084ba75d1c9bae3Z.jpg\" \/><\/h2>\n<h2>Conclusi\u00f3n<\/h2>\n<p>La m\u00e1quina de microagujas RF 3 en 1 es un punto de inflexi\u00f3n en el mundo del rejuvenecimiento de la piel. Este tratamiento innovador combina el poder de la microaguja y la energ\u00eda de radiofrecuencia para ofrecer resultados excepcionales para una amplia gama de problemas de la piel. Redescubre la luminosidad natural de tu piel y consigue una tez m\u00e1s suave y juvenil con esta tecnolog\u00eda avanzada.<\/p>\n<p>&nbsp;<\/p>\n<\/div>\n<\/div>\n<div class=\"J_module\">\n<div class=\"icbu-pc-images magic-8\">\n<div class=\"flex-layout-v\">\n<div class=\"flex-layout-h magic-8\">\n<div class=\"magic-11\">\n<div>\n<div>\n<h2><strong>Personalizar El Logotipo De<\/strong><\/h2>\n<p>Queremos hacer de su marca se destaque? Ofrecemos logotipo modificado para requisitos particulares de los servicios que te ayudar\u00e1n a crear un entorno \u00fanico y personalizado logotipo que refleja la identidad de su marca. Nuestro equipo de expertos trabajar\u00e1 estrechamente con usted para dise\u00f1ar un logotipo que resuena con los valores de tu marca y de mensajer\u00eda. Si usted est\u00e1 buscando para renovar su logotipo existente o crear uno nuevo desde cero, lo tenemos cubierto. <a href=\"\/es\/contacto\/\">P\u00f3ngase en contacto con nosotros<\/a> hoy para aprender m\u00e1s acerca de nuestro logotipo modificado para requisitos particulares de los servicios!<\/p>\n<\/div>\n<\/div>\n<div>\n<div>\n<div>\n<div><\/div>\n<\/div>\n<\/div>\n<\/div>\n<\/div>\n<\/div>\n<\/div>\n<\/div>\n<\/div>","protected":false},"excerpt":{"rendered":"<p>Experimente el rejuvenecimiento de la piel definitivo con la m\u00e1quina de microagujas RF 3 en 1. Este innovador tratamiento combina la microaguja y la energ\u00eda de radiofrecuencia para estimular el col\u00e1geno, tensar la piel y abordar una amplia gama de problemas cut\u00e1neos. \u00a1Reserve su consulta hoy mismo!<\/p>","protected":false},"featured_media":1789,"comment_status":"open","ping_status":"closed","template":"","meta":{"_kad_post_transparent":"default","_kad_post_title":"","_kad_post_layout":"default","_kad_post_sidebar_id":"","_kad_post_content_style":"default","_kad_post_vertical_padding":"default","_kad_post_feature":"","_kad_post_feature_position":"","_kad_post_header":false,"_kad_post_footer":false,"_kad_post_classname":"","rank_math_title":"","rank_math_description":"","rank_math_focus_keyword":""},"product_brand":[],"product_cat":[30],"product_tag":[],"class_list":{"0":"post-1788","1":"product","2":"type-product","3":"status-publish","4":"has-post-thumbnail","6":"product_cat-microneedle","8":"first","9":"instock","10":"shipping-taxable","11":"product-type-simple","12":"entry","13":"content-bg","14":"loop-entry"},"_links":{"self":[{"href":"https:\/\/skbty.com\/es\/wp-json\/wp\/v2\/product\/1788","targetHints":{"allow":["GET"]}}],"collection":[{"href":"https:\/\/skbty.com\/es\/wp-json\/wp\/v2\/product"}],"about":[{"href":"https:\/\/skbty.com\/es\/wp-json\/wp\/v2\/types\/product"}],"replies":[{"embeddable":true,"href":"https:\/\/skbty.com\/es\/wp-json\/wp\/v2\/comments?post=1788"}],"wp:featuredmedia":[{"embeddable":true,"href":"https:\/\/skbty.com\/es\/wp-json\/wp\/v2\/media\/1789"}],"wp:attachment":[{"href":"https:\/\/skbty.com\/es\/wp-json\/wp\/v2\/media?parent=1788"}],"wp:term":[{"taxonomy":"product_brand","embeddable":true,"href":"https:\/\/skbty.com\/es\/wp-json\/wp\/v2\/product_brand?post=1788"},{"taxonomy":"product_cat","embeddable":true,"href":"https:\/\/skbty.com\/es\/wp-json\/wp\/v2\/product_cat?post=1788"},{"taxonomy":"product_tag","embeddable":true,"href":"https:\/\/skbty.com\/es\/wp-json\/wp\/v2\/product_tag?post=1788"}],"curies":[{"name":"WP","href":"https:\/\/api.w.org\/{rel}","templated":true}]}}