{"id":1841,"date":"2023-06-14T17:11:24","date_gmt":"2023-06-14T09:11:24","guid":{"rendered":"https:\/\/skbty.com\/?post_type=product&#038;p=1841"},"modified":"2026-03-31T17:10:07","modified_gmt":"2026-03-31T09:10:07","slug":"portatil-espana-448k-fever-master","status":"publish","type":"product","link":"https:\/\/skbty.com\/es\/producto\/portatil-espana-448k-fever-master\/","title":{"rendered":"Port\u00e1til de Espa\u00f1a 448k Fiebre Maestro"},"content":{"rendered":"<div class=\"J_module\">\n<div class=\"icbu-pc-detailManyImage magic-2\">\n<div>\n<h2>448K Fever Master: la gu\u00eda definitiva de este innovador dispositivo<\/h2>\n<p>El 448K Fever Master es un dispositivo revolucionario que utiliza tecnolog\u00eda de vanguardia para abordar una amplia gama de problemas de salud y belleza. Esta gu\u00eda completa profundizar\u00e1 en los principios de funcionamiento, las ventajas y las aplicaciones del instrumento.<\/p>\n<table style=\"border-collapse: collapse; width: 100%;\">\n<tbody>\n<tr>\n<td style=\"width: 50%;\"><img loading=\"lazy\" decoding=\"async\" class=\"aligncenter wp-image-3190\" src=\"https:\/\/skbty.com\/wp-content\/uploads\/2023\/06\/BD3-1024x1024.jpg\" alt=\"448k fiebre maestro\" width=\"355\" height=\"355\" data-wp-pid=\"3190\" srcset=\"https:\/\/skbty.com\/wp-content\/uploads\/2023\/06\/BD3-1024x1024.jpg 1024w, https:\/\/skbty.com\/wp-content\/uploads\/2023\/06\/BD3-300x300.jpg 300w, https:\/\/skbty.com\/wp-content\/uploads\/2023\/06\/BD3-150x150.jpg 150w, https:\/\/skbty.com\/wp-content\/uploads\/2023\/06\/BD3-768x768.jpg 768w, https:\/\/skbty.com\/wp-content\/uploads\/2023\/06\/BD3-1536x1536.jpg 1536w, https:\/\/skbty.com\/wp-content\/uploads\/2023\/06\/BD3-2048x2048.jpg 2048w, https:\/\/skbty.com\/wp-content\/uploads\/2023\/06\/BD3-1320x1320.jpg 1320w, https:\/\/skbty.com\/wp-content\/uploads\/2023\/06\/BD3-600x600.jpg 600w, https:\/\/skbty.com\/wp-content\/uploads\/2023\/06\/BD3-100x100.jpg 100w, https:\/\/skbty.com\/wp-content\/uploads\/2023\/06\/BD3-1200x1200.jpg 1200w\" sizes=\"auto, (max-width: 355px) 100vw, 355px\" \/><\/td>\n<td style=\"width: 50%;\"><img loading=\"lazy\" decoding=\"async\" class=\"aligncenter wp-image-3197\" src=\"https:\/\/skbty.com\/wp-content\/uploads\/2023\/06\/448k-white.jpg\" alt=\"448k fiebre maestro\" width=\"318\" height=\"279\" data-wp-pid=\"3197\" srcset=\"https:\/\/skbty.com\/wp-content\/uploads\/2023\/06\/448k-white.jpg 956w, https:\/\/skbty.com\/wp-content\/uploads\/2023\/06\/448k-white-300x263.jpg 300w, https:\/\/skbty.com\/wp-content\/uploads\/2023\/06\/448k-white-768x673.jpg 768w, https:\/\/skbty.com\/wp-content\/uploads\/2023\/06\/448k-white-600x526.jpg 600w\" sizes=\"auto, (max-width: 318px) 100vw, 318px\" \/><\/td>\n<\/tr>\n<\/tbody>\n<\/table>\n<h3><strong>Principio de funcionamiento del 448k Fever Master<\/strong><\/h3>\n<p>La tecnolog\u00eda principal del 448K Fever Master proviene de la investigaci\u00f3n del cient\u00edfico espa\u00f1ol Joseph Calbet, quien descubri\u00f3 que aumentar la temperatura en la parte profunda del cuerpo puede atacar de manera efectiva las c\u00e9lulas cancerosas. Si bien el instrumento puede elevar la temperatura de las c\u00e9lulas cancerosas a 35 grados, no da\u00f1a las c\u00e9lulas sanas. Este aumento de temperatura inhibe la replicaci\u00f3n de las c\u00e9lulas cancerosas y promueve la muerte celular.<\/p>\n<p>La tecnolog\u00eda del 448K Fever Master se extiende m\u00e1s all\u00e1 del tratamiento del c\u00e1ncer. Tambi\u00e9n se puede aplicar a la belleza, promoviendo una piel sana y reduciendo la grasa. La capacidad del instrumento para regular la temperatura interna es crucial para reforzar el sistema inmunol\u00f3gico y mejorar la salud general.<\/p>\n<h3><img loading=\"lazy\" decoding=\"async\" class=\"magic-4 aligncenter\" title=\"Maestro de la fiebre 448K\" src=\"https:\/\/sc04.alicdn.com\/kf\/Hc76c90c080b440d29134682a88d12c77D\/247315878\/Hc76c90c080b440d29134682a88d12c77D.png\" alt=\"Maestro de la fiebre 448K\" width=\"618\" height=\"464\" data-src=\"\/\/sc04.alicdn.com\/kf\/Hc76c90c080b440d29134682a88d12c77D\/247315878\/Hc76c90c080b440d29134682a88d12c77D.png\" \/><\/h3>\n<h3><strong>Manija de fascia<\/strong><\/h3>\n<p>El mango Fascia incorpora tecnolog\u00eda EMS, que proporciona estimulaci\u00f3n con microcorriente al cuerpo. Esta estimulaci\u00f3n ayuda a cerrar el circuito de circulaci\u00f3n del dolor, lo que promueve la circulaci\u00f3n sangu\u00ednea y reduce el dolor. La microvibraci\u00f3n y el aumento de temperatura en el lugar del masaje mejoran a\u00fan m\u00e1s la circulaci\u00f3n sangu\u00ednea, lo que estimula la reparaci\u00f3n muscular.<\/p>\n<h3><img loading=\"lazy\" decoding=\"async\" class=\"magic-4 aligncenter\" title=\"Maestro de la fiebre 448K\" src=\"https:\/\/sc04.alicdn.com\/kf\/H8605842074f647148226e24a7643c3a1M\/247315878\/H8605842074f647148226e24a7643c3a1M.png\" alt=\"Maestro de la fiebre 448K\" width=\"901\" height=\"676\" data-src=\"\/\/sc04.alicdn.com\/kf\/H8605842074f647148226e24a7643c3a1M\/247315878\/H8605842074f647148226e24a7643c3a1M.png\" \/><\/h3>\n<h3><strong>Principio de la PAC<\/strong><\/h3>\n<p>El principio CAP aprovecha la temperatura ambiente constante y el calentamiento profundo de la radiofrecuencia para garantizar una experiencia c\u00f3moda. Esta tecnolog\u00eda genera calor preciso, apuntando a las capas m\u00e1s profundas de la piel, estimulando la producci\u00f3n de part\u00edculas coloidales cargadas i\u00f3nicamente. La fricci\u00f3n generada a trav\u00e9s de la vibraci\u00f3n produce energ\u00eda t\u00e9rmica r\u00e1pida, mientras que la acci\u00f3n de la resonancia molecular polar bajo la acci\u00f3n de la resonancia molecular polar calienta el tejido de col\u00e1geno de la capa de la dermis.<\/p>\n<h3><strong>Principio RES<\/strong><\/h3>\n<p>El principio RES utiliza energ\u00eda de alta frecuencia para penetrar profundamente en el cuerpo humano, espec\u00edficamente en la corteza de la piel. Este proceso genera calor profundo, descomponiendo la grasa corporal y reduciendo el peso. Las corrientes de alta frecuencia se energizan en los tejidos humanos y, debido a la peque\u00f1a amplitud de vibraci\u00f3n, hay un movimiento m\u00ednimo de iones.<\/p>\n<table style=\"border-collapse: collapse; width: 100%;\">\n<tbody>\n<tr>\n<td style=\"width: 50%;\"><img loading=\"lazy\" decoding=\"async\" class=\"magic-4 aligncenter\" title=\"Maestro de la fiebre 448K\" src=\"https:\/\/sc04.alicdn.com\/kf\/H174b4308e2854fc89f49039a35bdc442T\/247315878\/H174b4308e2854fc89f49039a35bdc442T.png\" alt=\"Maestro de la fiebre 448K\" width=\"901\" height=\"675\" data-src=\"\/\/sc04.alicdn.com\/kf\/H174b4308e2854fc89f49039a35bdc442T\/247315878\/H174b4308e2854fc89f49039a35bdc442T.png\" \/><\/td>\n<td style=\"width: 50%;\"><img loading=\"lazy\" decoding=\"async\" class=\"magic-4 aligncenter\" title=\"Maestro de la fiebre 448K\" src=\"https:\/\/sc04.alicdn.com\/kf\/Ha4f89871856849dbb6b7387d27192859T\/247315878\/Ha4f89871856849dbb6b7387d27192859T.png\" alt=\"Maestro de la fiebre 448K\" width=\"900\" height=\"675\" data-src=\"\/\/sc04.alicdn.com\/kf\/Ha4f89871856849dbb6b7387d27192859T\/247315878\/Ha4f89871856849dbb6b7387d27192859T.png\" \/><\/td>\n<\/tr>\n<\/tbody>\n<\/table>\n<h3><strong>Imagen f\u00edsica del instrumento<\/strong><\/h3>\n<p>El 448K Fever Master consta de dos componentes principales: el host y el show. El host alberga el panel de control y los circuitos, mientras que el show incluye los distintos mangos y sondas de operaci\u00f3n.<\/p>\n<p><img loading=\"lazy\" decoding=\"async\" class=\"magic-4 aligncenter\" title=\"Maestro de la fiebre 448K\" src=\"https:\/\/sc04.alicdn.com\/kf\/H2ee5a872125f4e8aad4936c77cd83b00i\/247315878\/H2ee5a872125f4e8aad4936c77cd83b00i.png\" alt=\"Maestro de la fiebre 448K\" width=\"636\" height=\"477\" data-src=\"\/\/sc04.alicdn.com\/kf\/H2ee5a872125f4e8aad4936c77cd83b00i\/247315878\/H2ee5a872125f4e8aad4936c77cd83b00i.png\" \/><\/p>\n<h3><strong>Partes operativas y ventajas<\/strong><\/h3>\n<p>El 448K Fever Master cuenta con un dise\u00f1o vers\u00e1til con m\u00faltiples partes operativas, cada una adaptada a \u00e1reas espec\u00edficas del cuerpo.<\/p>\n<ul>\n<li><strong>Cuero cabelludo:<\/strong>\u00a0El dispositivo mejora eficazmente la salud del cuero cabelludo y reduce la ca\u00edda del cabello.<\/li>\n<li><strong>Cualquier parte del cuerpo:<\/strong>\u00a0Se puede utilizar para mejorar el bienestar general y mejorar el fr\u00edo.<\/li>\n<li><strong>Cintura y abdomen:<\/strong>\u00a0El instrumento ayuda a reducir la grasa posparto y se enfoca en los dep\u00f3sitos de grasa rebeldes en las \u00e1reas de la cintura y el abdomen.<\/li>\n<li><strong>Piernas:<\/strong>\u00a0Repara da\u00f1os y alivia la fatiga en las piernas.<\/li>\n<\/ul>\n<div class=\"magic-3\"><\/div>\n<div>\n<table style=\"border-collapse: collapse; width: 100%;\">\n<tbody>\n<tr>\n<td style=\"width: 35.7909%;\"><img loading=\"lazy\" decoding=\"async\" class=\"magic-6 aligncenter\" title=\"Maestro de la fiebre 448K\" src=\"https:\/\/sc04.alicdn.com\/kf\/H2e4874ee8d4940f89f92e470df3869f4b\/247315878\/H2e4874ee8d4940f89f92e470df3869f4b.png\" alt=\"Maestro de la fiebre 448K\" width=\"315\" height=\"468\" data-src=\"\/\/sc04.alicdn.com\/kf\/H2e4874ee8d4940f89f92e470df3869f4b\/247315878\/H2e4874ee8d4940f89f92e470df3869f4b.png\" \/><\/td>\n<td style=\"width: 64.2091%;\"><img loading=\"lazy\" decoding=\"async\" class=\"aligncenter wp-image-2621\" title=\"Maestro de la fiebre 448K\" src=\"https:\/\/skbty.com\/wp-content\/uploads\/2023\/06\/1-1.png\" alt=\"Maestro de la fiebre 448K\" width=\"688\" height=\"237\" srcset=\"https:\/\/skbty.com\/wp-content\/uploads\/2023\/06\/1-1.png 858w, https:\/\/skbty.com\/wp-content\/uploads\/2023\/06\/1-1-300x103.png 300w, https:\/\/skbty.com\/wp-content\/uploads\/2023\/06\/1-1-768x265.png 768w, https:\/\/skbty.com\/wp-content\/uploads\/2023\/06\/1-1-600x207.png 600w\" sizes=\"auto, (max-width: 688px) 100vw, 688px\" \/><\/td>\n<\/tr>\n<\/tbody>\n<\/table>\n<\/div>\n<h3><strong>Conclusi\u00f3n<\/strong><\/h3>\n<p>El 448K Fever Master es un dispositivo de vanguardia que combina tecnolog\u00eda avanzada y versatilidad para abordar una amplia gama de problemas de salud y belleza. Su enfoque innovador ofrece una soluci\u00f3n integral para mejorar el bienestar general y lograr los resultados est\u00e9ticos deseados.<\/p>\n<\/div>\n<div class=\"magic-3\">\n<h3><strong>Personalizar El Logotipo De<\/strong><\/h3>\n<p>Queremos hacer de su marca se destaque? Ofrecemos logotipo modificado para requisitos particulares de los servicios que te ayudar\u00e1n a crear un entorno \u00fanico y personalizado logotipo que refleja la identidad de su marca. Nuestro equipo de expertos trabajar\u00e1 estrechamente con usted para dise\u00f1ar un logotipo que resuena con los valores de tu marca y de mensajer\u00eda. Si usted est\u00e1 buscando para renovar su logotipo existente o crear uno nuevo desde cero, lo tenemos cubierto. <a href=\"\/es\/contacto\/\">P\u00f3ngase en contacto con nosotros<\/a> hoy para aprender m\u00e1s acerca de nuestro logotipo modificado para requisitos particulares de los servicios!<\/p>\n<\/div>\n<div class=\"magic-5\"><\/div>\n<\/div>\n<\/div>","protected":false},"excerpt":{"rendered":"<p>La tecnolog\u00eda b\u00e1sica de este instrumento tambi\u00e9n se puede aplicar a la belleza. El aumento de la temperatura corporal no solo es por belleza, sino tambi\u00e9n para las partes profundas del cuerpo durante la operaci\u00f3n. Y la temperatura interna y su salud est\u00e1n muy relacionadas. Con un aumento de la temperatura corporal de 1 grado, la inmunidad de su cuerpo puede fortalecerse entre 5 y 10 veces.<\/p>","protected":false},"featured_media":3248,"comment_status":"open","ping_status":"closed","template":"","meta":{"_kad_post_transparent":"default","_kad_post_title":"","_kad_post_layout":"default","_kad_post_sidebar_id":"","_kad_post_content_style":"default","_kad_post_vertical_padding":"default","_kad_post_feature":"","_kad_post_feature_position":"","_kad_post_header":false,"_kad_post_footer":false,"_kad_post_classname":"","rank_math_title":"","rank_math_description":"","rank_math_focus_keyword":""},"product_brand":[],"product_cat":[31],"product_tag":[],"class_list":{"0":"post-1841","1":"product","2":"type-product","3":"status-publish","4":"has-post-thumbnail","6":"product_cat-body-slimming","7":"product_shipping_class-included-shipping","9":"first","10":"instock","11":"sale","12":"shipping-taxable","13":"purchasable","14":"product-type-variable","15":"entry","16":"content-bg","17":"loop-entry"},"_links":{"self":[{"href":"https:\/\/skbty.com\/es\/wp-json\/wp\/v2\/product\/1841","targetHints":{"allow":["GET"]}}],"collection":[{"href":"https:\/\/skbty.com\/es\/wp-json\/wp\/v2\/product"}],"about":[{"href":"https:\/\/skbty.com\/es\/wp-json\/wp\/v2\/types\/product"}],"replies":[{"embeddable":true,"href":"https:\/\/skbty.com\/es\/wp-json\/wp\/v2\/comments?post=1841"}],"wp:featuredmedia":[{"embeddable":true,"href":"https:\/\/skbty.com\/es\/wp-json\/wp\/v2\/media\/3248"}],"wp:attachment":[{"href":"https:\/\/skbty.com\/es\/wp-json\/wp\/v2\/media?parent=1841"}],"wp:term":[{"taxonomy":"product_brand","embeddable":true,"href":"https:\/\/skbty.com\/es\/wp-json\/wp\/v2\/product_brand?post=1841"},{"taxonomy":"product_cat","embeddable":true,"href":"https:\/\/skbty.com\/es\/wp-json\/wp\/v2\/product_cat?post=1841"},{"taxonomy":"product_tag","embeddable":true,"href":"https:\/\/skbty.com\/es\/wp-json\/wp\/v2\/product_tag?post=1841"}],"curies":[{"name":"WP","href":"https:\/\/api.w.org\/{rel}","templated":true}]}}