{"id":1914,"date":"2023-06-15T18:14:58","date_gmt":"2023-06-15T10:14:58","guid":{"rendered":"https:\/\/skbty.com\/?post_type=product&#038;p=1914"},"modified":"2024-06-24T19:00:35","modified_gmt":"2024-06-24T11:00:35","slug":"maquina-portatil-de-adelgazamiento-por-congelacion-de-grasa-mediante-criolipolisis-360","status":"publish","type":"product","link":"https:\/\/skbty.com\/es\/producto\/maquina-portatil-de-adelgazamiento-por-congelacion-de-grasa-mediante-criolipolisis-360\/","title":{"rendered":"M\u00e1quina de adelgazamiento por congelaci\u00f3n de grasa con criolip\u00f3lisis port\u00e1til 360"},"content":{"rendered":"<div>\n<h1><strong>M\u00e1quina de adelgazamiento por congelaci\u00f3n de grasa mediante criolip\u00f3lisis: la soluci\u00f3n definitiva para moldear el cuerpo<\/strong><\/h1>\n<h2><strong>Caracter\u00edsticas de la m\u00e1quina:<\/strong><\/h2>\n<ul>\n<li><strong>Nombre:<\/strong> M\u00e1quina de congelaci\u00f3n de grasa por criolip\u00f3lisis<\/li>\n<li><strong>Uso:<\/strong>\u00a0Cuerpo, cara<\/li>\n<li><strong>Servicio OEM:<\/strong>\u00a0Apoyo<\/li>\n<li><strong>Manijas:<\/strong>\u00a09 manijas 6 en 1<\/li>\n<li><strong>Tecnolog\u00eda:<\/strong>\u00a0Congelaci\u00f3n fr\u00eda<\/li>\n<li><strong>Par\u00e1metros del producto:<\/strong>\n<ul>\n<li>Modo de alimentaci\u00f3n: CA 220 V: 101 TP3T, 50 HZ; CA 110 V: 101 TP3T, 60 HZ<\/li>\n<li>Potencia nominal: 800W<\/li>\n<li>Presi\u00f3n negativa: 0-80 Kpa<\/li>\n<li>Enfriamiento: -10\u2103 a 45\u2103<\/li>\n<li>Potencia del l\u00e1ser: 100 mw\/unidad<\/li>\n<li>Frecuencia de cavitaci\u00f3n: 40 KHz<\/li>\n<li>Frecuencia de RF: 5 MHz<\/li>\n<li>Crio Cantidad: 3 uds.<\/li>\n<li>Refrigerante: Agua purificada o refrigerante especial<\/li>\n<li>Temperatura ambiente: 5\u00b0C-40\u00b0C<\/li>\n<li>Humedad relativa: \u226480%<\/li>\n<li>Pantalla t\u00e1ctil: 8 pulgadas<\/li>\n<li>Tama\u00f1o de la m\u00e1quina: 63<em>55<\/em>96 cm<\/li>\n<li>Tama\u00f1o del embalaje: 64<em>43<\/em>64 cm<\/li>\n<li>Peso corporal: 40 kg<\/li>\n<\/ul>\n<\/li>\n<\/ul>\n<h2><img loading=\"lazy\" decoding=\"async\" class=\"aligncenter wp-image-2223\" title=\"Adelgazamiento por congelaci\u00f3n de grasa mediante criolip\u00f3lisis\" src=\"https:\/\/skbty.com\/wp-content\/uploads\/2023\/06\/1111.png\" alt=\"Adelgazamiento por congelaci\u00f3n de grasa mediante criolip\u00f3lisis\" width=\"647\" height=\"930\" srcset=\"https:\/\/skbty.com\/wp-content\/uploads\/2023\/06\/1111.png 790w, https:\/\/skbty.com\/wp-content\/uploads\/2023\/06\/1111-209x300.png 209w, https:\/\/skbty.com\/wp-content\/uploads\/2023\/06\/1111-713x1024.png 713w, https:\/\/skbty.com\/wp-content\/uploads\/2023\/06\/1111-768x1103.png 768w, https:\/\/skbty.com\/wp-content\/uploads\/2023\/06\/1111-600x862.png 600w\" sizes=\"auto, (max-width: 647px) 100vw, 647px\" \/><\/h2>\n<h2><strong>\u00bfQu\u00e9 es la congelaci\u00f3n de grasa mediante criolip\u00f3lisis?<\/strong><\/h2>\n<p>La criolip\u00f3lisis es un m\u00e9todo innovador y no invasivo que utiliza tecnolog\u00eda de enfriamiento para atacar y eliminar las c\u00e9lulas grasas, lo que da como resultado una reducci\u00f3n visible de la grasa y una remodelaci\u00f3n corporal. Esta tecnolog\u00eda es ideal para quienes tienen dificultades para eliminar la grasa mediante el ejercicio o la dieta.<\/p>\n<h2><img loading=\"lazy\" decoding=\"async\" class=\"aligncenter wp-image-2227\" title=\"Adelgazamiento por congelaci\u00f3n de grasa mediante criolip\u00f3lisis\" src=\"https:\/\/skbty.com\/wp-content\/uploads\/2023\/06\/H063711e978834fb9ad0d3334f53c5136e.png\" alt=\"Adelgazamiento por congelaci\u00f3n de grasa mediante criolip\u00f3lisis\" width=\"558\" height=\"452\" srcset=\"https:\/\/skbty.com\/wp-content\/uploads\/2023\/06\/H063711e978834fb9ad0d3334f53c5136e.png 790w, https:\/\/skbty.com\/wp-content\/uploads\/2023\/06\/H063711e978834fb9ad0d3334f53c5136e-300x243.png 300w, https:\/\/skbty.com\/wp-content\/uploads\/2023\/06\/H063711e978834fb9ad0d3334f53c5136e-768x621.png 768w, https:\/\/skbty.com\/wp-content\/uploads\/2023\/06\/H063711e978834fb9ad0d3334f53c5136e-600x485.png 600w\" sizes=\"auto, (max-width: 558px) 100vw, 558px\" \/><\/h2>\n<h2><strong>C\u00f3mo funciona: la ciencia detr\u00e1s de la criolip\u00f3lisis<\/strong><\/h2>\n<p>La criolip\u00f3lisis funciona congelando con precisi\u00f3n las c\u00e9lulas grasas, lo que hace que mueran de forma natural. Despu\u00e9s de la congelaci\u00f3n, la grasa de las c\u00e9lulas grasas se cristaliza m\u00e1s r\u00e1pido que la de las c\u00e9lulas normales. Las c\u00e9lulas grasas restantes se reorganizan y, despu\u00e9s de un tratamiento, las c\u00e9lulas grasas cristalizadas mueren gradualmente y se eliminan del cuerpo de forma natural. Esto da como resultado una disminuci\u00f3n del espesor de la grasa y una curva corporal m\u00e1s evidente.<\/p>\n<h2><strong>NUEVA TECNOLOG\u00cdA-CRIO\u00c1NGULO<\/strong><\/h2>\n<p>Cryo Angle es la \u00faltima tecnolog\u00eda de enfriamiento por congelaci\u00f3n de grasa que utiliza un aplicador especial de 360\u00b0 para apuntar a la grasa rebelde que es resistente a los cambios en la dieta y el ejercicio, congelando, destruyendo y eliminando de forma efectiva y permanente las c\u00e9lulas grasas debajo de la piel sin da\u00f1ar las capas circundantes.<\/p>\n<table style=\"border-collapse: collapse; width: 100%;\">\n<tbody>\n<tr>\n<td style=\"width: 50%;\"><img loading=\"lazy\" decoding=\"async\" class=\"aligncenter\" title=\"Adelgazamiento por congelaci\u00f3n de grasa mediante criolip\u00f3lisis\" src=\"https:\/\/sc04.alicdn.com\/kf\/Hf6ce5f60b4ce4bccabf1d0948f6c75c25\/247315878\/Hf6ce5f60b4ce4bccabf1d0948f6c75c25.jpg\" alt=\"Adelgazamiento por congelaci\u00f3n de grasa mediante criolip\u00f3lisis\" width=\"585\" height=\"936\" data-src=\"\/\/sc04.alicdn.com\/kf\/Hf6ce5f60b4ce4bccabf1d0948f6c75c25\/247315878\/Hf6ce5f60b4ce4bccabf1d0948f6c75c25.jpg\" \/><\/td>\n<td style=\"width: 50%;\"><img loading=\"lazy\" decoding=\"async\" class=\"aligncenter\" title=\"Adelgazamiento por congelaci\u00f3n de grasa mediante criolip\u00f3lisis\" src=\"https:\/\/sc04.alicdn.com\/kf\/Hc3fdd2e471114ffaae7a98571afb2dafR\/247315878\/Hc3fdd2e471114ffaae7a98571afb2dafR.jpg\" alt=\"Adelgazamiento por congelaci\u00f3n de grasa mediante criolip\u00f3lisis\" width=\"750\" height=\"1200\" data-src=\"\/\/sc04.alicdn.com\/kf\/Hc3fdd2e471114ffaae7a98571afb2dafR\/247315878\/Hc3fdd2e471114ffaae7a98571afb2dafR.jpg\" \/><\/td>\n<\/tr>\n<\/tbody>\n<\/table>\n<table style=\"border-collapse: collapse; width: 100%;\">\n<tbody>\n<tr>\n<td style=\"width: 50%;\"><img loading=\"lazy\" decoding=\"async\" class=\"aligncenter\" title=\"Adelgazamiento por congelaci\u00f3n de grasa mediante criolip\u00f3lisis\" src=\"https:\/\/sc04.alicdn.com\/kf\/H97d483bcd0884bae882ae8d2ea1e88b83\/247315878\/H97d483bcd0884bae882ae8d2ea1e88b83.jpg\" alt=\"Adelgazamiento por congelaci\u00f3n de grasa mediante criolip\u00f3lisis\" width=\"750\" height=\"1200\" data-src=\"\/\/sc04.alicdn.com\/kf\/H97d483bcd0884bae882ae8d2ea1e88b83\/247315878\/H97d483bcd0884bae882ae8d2ea1e88b83.jpg\" \/><\/td>\n<td style=\"width: 50%;\"><img loading=\"lazy\" decoding=\"async\" class=\"aligncenter\" title=\"Adelgazamiento por congelaci\u00f3n de grasa mediante criolip\u00f3lisis\" src=\"https:\/\/sc04.alicdn.com\/kf\/H720d5c6a69b64381babbac46a827e026U\/247315878\/H720d5c6a69b64381babbac46a827e026U.jpg\" alt=\"Adelgazamiento por congelaci\u00f3n de grasa mediante criolip\u00f3lisis\" width=\"750\" height=\"1200\" data-src=\"\/\/sc04.alicdn.com\/kf\/H720d5c6a69b64381babbac46a827e026U\/247315878\/H720d5c6a69b64381babbac46a827e026U.jpg\" \/><\/td>\n<\/tr>\n<\/tbody>\n<\/table>\n<h2><strong>Beneficios:<\/strong><\/h2>\n<ul>\n<li><strong>Reducci\u00f3n de grasa visible:<\/strong>\u00a0La criolip\u00f3lisis produce una reducci\u00f3n visible de grasa y modelado corporal.<\/li>\n<li><strong>No invasivo:<\/strong>\u00a0Esta tecnolog\u00eda no es invasiva y no da\u00f1a los tejidos circundantes.<\/li>\n<li><strong>Resultados permanentes:<\/strong>\u00a0Las c\u00e9lulas grasas se eliminan de forma permanente, obteniendo resultados a largo plazo.<\/li>\n<li><strong>F\u00e1cil de usar:<\/strong>\u00a0La m\u00e1quina congeladora de grasa Cool Fat Freezing es f\u00e1cil de usar y viene con una interfaz f\u00e1cil de usar.<\/li>\n<\/ul>\n<h2><strong>Conclusi\u00f3n:<\/strong><\/h2>\n<p>La m\u00e1quina de congelaci\u00f3n de grasa por fr\u00edo es una tecnolog\u00eda revolucionaria que utiliza tecnolog\u00eda de enfriamiento avanzada para atacar y eliminar las c\u00e9lulas grasas, lo que da como resultado una reducci\u00f3n visible de la grasa y una mejor forma del cuerpo. Con su m\u00e9todo no invasivo y seguro, esta m\u00e1quina es la soluci\u00f3n definitiva para quienes buscan lograr un cuerpo m\u00e1s delgado y tonificado.<\/p>\n<\/div>\n<div>\n<div><\/div>\n<div><img loading=\"lazy\" decoding=\"async\" class=\"aligncenter wp-image-2226\" title=\"Adelgazamiento por congelaci\u00f3n de grasa mediante criolip\u00f3lisis\" src=\"https:\/\/skbty.com\/wp-content\/uploads\/2023\/06\/H063711e978834fb9ad0d3334f53c5136e.jpg\" alt=\"Adelgazamiento por congelaci\u00f3n de grasa mediante criolip\u00f3lisis\" width=\"498\" height=\"432\" srcset=\"https:\/\/skbty.com\/wp-content\/uploads\/2023\/06\/H063711e978834fb9ad0d3334f53c5136e.jpg 790w, https:\/\/skbty.com\/wp-content\/uploads\/2023\/06\/H063711e978834fb9ad0d3334f53c5136e-300x260.jpg 300w, https:\/\/skbty.com\/wp-content\/uploads\/2023\/06\/H063711e978834fb9ad0d3334f53c5136e-768x666.jpg 768w, https:\/\/skbty.com\/wp-content\/uploads\/2023\/06\/H063711e978834fb9ad0d3334f53c5136e-600x520.jpg 600w\" sizes=\"auto, (max-width: 498px) 100vw, 498px\" \/><\/div>\n<div><\/div>\n<div>\n<div>\n<div>\n<div class=\"layoutkit-flexbox css-qyvfwg\">\n<div class=\"layoutkit-flexbox css-i80ya5\">\n<div tabindex=\"0\" data-testid=\"virtuoso-scroller\" data-virtuoso-scroller=\"true\">\n<div data-viewport-type=\"element\">\n<div data-testid=\"virtuoso-item-list\">\n<div data-index=\"2\" data-known-size=\"2325\" data-item-index=\"2\">\n<div class=\"layoutkit-flexbox css-fwqjpa acss-xqi55h\">\n<div class=\"layoutkit-flexbox css-9pyqzz acss-4ej7mt\">\n<div class=\"layoutkit-flexbox css-roa2v7 acss-1fr3od3\">\n<div class=\"layoutkit-flexbox css-9pyqzz acss-13xnlhu\" role=\"menubar\">\n<div class=\"layoutkit-flexbox css-7k1dqj acss-r7dee\">\n<h2 class=\"acss-55oylt\"><strong style=\"font-family: 'Playfair Display', serif; font-size: 24px; text-transform: capitalize;\">Personalizar El Logotipo De<\/strong><\/h2>\n<\/div>\n<\/div>\n<\/div>\n<\/div>\n<\/div>\n<\/div>\n<\/div>\n<\/div>\n<\/div>\n<\/div>\n<\/div>\n<\/div>\n<\/div>\n<div>\n<p>Queremos hacer de su marca se destaque? Ofrecemos logotipo modificado para requisitos particulares de los servicios que te ayudar\u00e1n a crear un entorno \u00fanico y personalizado logotipo que refleja la identidad de su marca. Nuestro equipo de expertos trabajar\u00e1 estrechamente con usted para dise\u00f1ar un logotipo que resuena con los valores de tu marca y de mensajer\u00eda. Si usted est\u00e1 buscando para renovar su logotipo existente o crear uno nuevo desde cero, lo tenemos cubierto. <a href=\"\/es\/contacto\/\">P\u00f3ngase en contacto con nosotros<\/a> hoy para aprender m\u00e1s acerca de nuestro logotipo modificado para requisitos particulares de los servicios!<\/p>\n<\/div>\n<\/div>\n<\/div>","protected":false},"excerpt":{"rendered":"<p>Descubra la revolucionaria m\u00e1quina de congelaci\u00f3n de grasa Cool Fat Freezing que utiliza tecnolog\u00eda de enfriamiento avanzada para apuntar y eliminar las c\u00e9lulas grasas, lo que da como resultado una reducci\u00f3n visible de grasa y una modelaci\u00f3n corporal.<\/p>","protected":false},"featured_media":1915,"comment_status":"open","ping_status":"closed","template":"","meta":{"_kad_post_transparent":"default","_kad_post_title":"","_kad_post_layout":"default","_kad_post_sidebar_id":"","_kad_post_content_style":"default","_kad_post_vertical_padding":"default","_kad_post_feature":"","_kad_post_feature_position":"","_kad_post_header":false,"_kad_post_footer":false,"_kad_post_classname":"","rank_math_title":"","rank_math_description":"","rank_math_focus_keyword":""},"product_brand":[],"product_cat":[31],"product_tag":[],"class_list":{"0":"post-1914","1":"product","2":"type-product","3":"status-publish","4":"has-post-thumbnail","6":"product_cat-body-slimming","8":"first","9":"instock","10":"shipping-taxable","11":"product-type-simple","12":"entry","13":"content-bg","14":"loop-entry"},"_links":{"self":[{"href":"https:\/\/skbty.com\/es\/wp-json\/wp\/v2\/product\/1914","targetHints":{"allow":["GET"]}}],"collection":[{"href":"https:\/\/skbty.com\/es\/wp-json\/wp\/v2\/product"}],"about":[{"href":"https:\/\/skbty.com\/es\/wp-json\/wp\/v2\/types\/product"}],"replies":[{"embeddable":true,"href":"https:\/\/skbty.com\/es\/wp-json\/wp\/v2\/comments?post=1914"}],"wp:featuredmedia":[{"embeddable":true,"href":"https:\/\/skbty.com\/es\/wp-json\/wp\/v2\/media\/1915"}],"wp:attachment":[{"href":"https:\/\/skbty.com\/es\/wp-json\/wp\/v2\/media?parent=1914"}],"wp:term":[{"taxonomy":"product_brand","embeddable":true,"href":"https:\/\/skbty.com\/es\/wp-json\/wp\/v2\/product_brand?post=1914"},{"taxonomy":"product_cat","embeddable":true,"href":"https:\/\/skbty.com\/es\/wp-json\/wp\/v2\/product_cat?post=1914"},{"taxonomy":"product_tag","embeddable":true,"href":"https:\/\/skbty.com\/es\/wp-json\/wp\/v2\/product_tag?post=1914"}],"curies":[{"name":"WP","href":"https:\/\/api.w.org\/{rel}","templated":true}]}}