{"id":1922,"date":"2023-06-15T18:21:50","date_gmt":"2023-06-15T10:21:50","guid":{"rendered":"https:\/\/skbty.com\/?post_type=product&#038;p=1922"},"modified":"2024-06-24T18:32:55","modified_gmt":"2024-06-24T10:32:55","slug":"maquina-de-adelgazamiento-por-congelacion-de-grasa-mediante-criolipolisis-360","status":"publish","type":"product","link":"https:\/\/skbty.com\/es\/producto\/maquina-de-adelgazamiento-por-congelacion-de-grasa-mediante-criolipolisis-360\/","title":{"rendered":"M\u00e1quina de adelgazamiento por congelaci\u00f3n de grasa mediante criolip\u00f3lisis 360"},"content":{"rendered":"<div>\n<h1><strong>M\u00e1quina de adelgazamiento por congelaci\u00f3n de grasa mediante criolip\u00f3lisis 360: la soluci\u00f3n definitiva para moldear el cuerpo<\/strong><\/h1>\n<h2><strong>\u00bfQu\u00e9 es la criolip\u00f3lisis adelgazante mediante congelaci\u00f3n de grasa?<\/strong><\/h2>\n<p>La criolip\u00f3lisis adelgazante y congelaci\u00f3n de grasa es un m\u00e9todo innovador y no invasivo que reduce la grasa de forma suave y eficaz en zonas espec\u00edficas del cuerpo, lo que da como resultado una reducci\u00f3n de grasa visible y avanzada en la zona tratada. Esta tecnolog\u00eda utiliza el enfriamiento para atacar selectivamente los bultos de grasa y eliminar las c\u00e9lulas grasas a trav\u00e9s de un proceso gradual que no da\u00f1a los tejidos circundantes, lo que reduce el exceso de grasa.<\/p>\n<table style=\"border-collapse: collapse; width: 100%;\">\n<tbody>\n<tr>\n<td style=\"width: 50%;\">\n<h2><img loading=\"lazy\" decoding=\"async\" class=\"aligncenter\" title=\"Congelaci\u00f3n de grasa adelgazante mediante criolip\u00f3lisis\" src=\"https:\/\/sc04.alicdn.com\/kf\/H93747fe0d3274ad29ed2d4e9acf34903d\/247315878\/H93747fe0d3274ad29ed2d4e9acf34903d.jpg\" alt=\"Congelaci\u00f3n de grasa adelgazante mediante criolip\u00f3lisis\" width=\"558\" height=\"539\" data-src=\"\/\/sc04.alicdn.com\/kf\/H93747fe0d3274ad29ed2d4e9acf34903d\/247315878\/H93747fe0d3274ad29ed2d4e9acf34903d.jpg\" \/><\/h2>\n<\/td>\n<td style=\"width: 50%;\"><img loading=\"lazy\" decoding=\"async\" class=\"aligncenter\" title=\"Congelaci\u00f3n de grasa adelgazante mediante criolip\u00f3lisis\" src=\"https:\/\/sc04.alicdn.com\/kf\/H8f31b42148964c8db525800df7b68c06S\/247315878\/H8f31b42148964c8db525800df7b68c06S.jpg\" alt=\"Congelaci\u00f3n de grasa adelgazante mediante criolip\u00f3lisis\" width=\"750\" height=\"589\" data-src=\"\/\/sc04.alicdn.com\/kf\/H8f31b42148964c8db525800df7b68c06S\/247315878\/H8f31b42148964c8db525800df7b68c06S.jpg\" \/><\/td>\n<\/tr>\n<\/tbody>\n<\/table>\n<h2><strong>C\u00f3mo funciona: la ciencia detr\u00e1s de la criolip\u00f3lisis<\/strong><\/h2>\n<p>La criolip\u00f3lisis funciona mediante el uso de tecnolog\u00eda de enfriamiento para localizar y congelar las c\u00e9lulas grasas, que luego son eliminadas naturalmente por el cuerpo. Este proceso es seguro y no da\u00f1a los tejidos circundantes. El enfriamiento por contacto de las manos ajusta la temperatura de la piel de un lado, protege la estructura d\u00e9rmica fina y logra el efecto de reducci\u00f3n de grasa y modelado corporal al mismo tiempo que tensa la piel.<\/p>\n<h2><strong>Caracter\u00edsticas de la m\u00e1quina:<\/strong><\/h2>\n<ul>\n<li><strong>Nombre:<\/strong>\u00a0M\u00e1quina de adelgazamiento corporal por congelaci\u00f3n de grasa 360 Cryo Slimming<\/li>\n<li><strong>Uso:<\/strong>\u00a0Cuerpo, cara<\/li>\n<li><strong>Servicio OEM:<\/strong>\u00a0Apoyo<\/li>\n<li><strong>Manijas:<\/strong>\u00a09 manijas 6 en 1<\/li>\n<li><strong>CTecnolog\u00eda:<\/strong>\u00a0Congelaci\u00f3n fr\u00eda<\/li>\n<li><strong>NUEVA TECNOLOG\u00cdA-\u00c1NGULO CRIOG\u00c9NICO:<\/strong>\u00a0Cryo Angle es la \u00faltima tecnolog\u00eda de enfriamiento por congelaci\u00f3n de grasa que utiliza un aplicador especial de 360\u00b0 para apuntar a la grasa rebelde que es resistente a los cambios en la dieta y el ejercicio, congelando, destruyendo y eliminando de forma efectiva y permanente las c\u00e9lulas grasas debajo de la piel sin da\u00f1ar las capas circundantes.<\/li>\n<\/ul>\n<table style=\"border-collapse: collapse; width: 100%;\">\n<tbody>\n<tr>\n<td style=\"width: 50%;\"><img loading=\"lazy\" decoding=\"async\" class=\"aligncenter\" title=\"Congelaci\u00f3n de grasa adelgazante mediante criolip\u00f3lisis\" src=\"https:\/\/sc04.alicdn.com\/kf\/H05a8a8d574f44035ad6ddea538857e36o\/247315878\/H05a8a8d574f44035ad6ddea538857e36o.jpg\" alt=\"Congelaci\u00f3n de grasa adelgazante mediante criolip\u00f3lisis\" width=\"750\" height=\"1169\" data-src=\"\/\/sc04.alicdn.com\/kf\/H05a8a8d574f44035ad6ddea538857e36o\/247315878\/H05a8a8d574f44035ad6ddea538857e36o.jpg\" \/><\/td>\n<td style=\"width: 50%;\"><img loading=\"lazy\" decoding=\"async\" class=\"aligncenter\" title=\"Congelaci\u00f3n de grasa adelgazante mediante criolip\u00f3lisis\" src=\"https:\/\/sc04.alicdn.com\/kf\/Ha9bd41f1b1294b9ab5f290be0db5811cx\/247315878\/Ha9bd41f1b1294b9ab5f290be0db5811cx.jpg\" alt=\"Congelaci\u00f3n de grasa adelgazante mediante criolip\u00f3lisis\" width=\"750\" height=\"1203\" data-src=\"\/\/sc04.alicdn.com\/kf\/Ha9bd41f1b1294b9ab5f290be0db5811cx\/247315878\/Ha9bd41f1b1294b9ab5f290be0db5811cx.jpg\" \/><\/td>\n<\/tr>\n<\/tbody>\n<\/table>\n<h2><img loading=\"lazy\" decoding=\"async\" class=\"aligncenter\" title=\"Congelaci\u00f3n de grasa adelgazante mediante criolip\u00f3lisis\" src=\"https:\/\/sc04.alicdn.com\/kf\/Ha55884564ba34b39ab35c8ce12688fdaJ\/247315878\/Ha55884564ba34b39ab35c8ce12688fdaJ.jpg\" alt=\"Congelaci\u00f3n de grasa adelgazante mediante criolip\u00f3lisis\" width=\"459\" height=\"508\" data-src=\"\/\/sc04.alicdn.com\/kf\/Ha55884564ba34b39ab35c8ce12688fdaJ\/247315878\/Ha55884564ba34b39ab35c8ce12688fdaJ.jpg\" \/><\/h2>\n<h2><strong>Beneficios:<\/strong><\/h2>\n<ul>\n<li><strong>Reducci\u00f3n de grasa visible:<\/strong>\u00a0La criolip\u00f3lisis produce una reducci\u00f3n de grasa visible y avanzada en el \u00e1rea tratada.<\/li>\n<li><strong>Modelado corporal:<\/strong>\u00a0Esta tecnolog\u00eda consigue el efecto de reducci\u00f3n de grasa y modelado corporal al mismo tiempo que tensa la piel.<\/li>\n<li><strong>No invasivo:<\/strong>\u00a0La criolip\u00f3lisis es un m\u00e9todo no invasivo que no da\u00f1a los tejidos circundantes.<\/li>\n<li><strong>Resultados permanentes:<\/strong>\u00a0Las c\u00e9lulas grasas se eliminan de forma permanente, obteniendo resultados a largo plazo.<\/li>\n<\/ul>\n<h2><strong>Conclusi\u00f3n:<\/strong><\/h2>\n<p>La m\u00e1quina de adelgazamiento por congelaci\u00f3n de grasa mediante criolip\u00f3lisis 360 es una tecnolog\u00eda revolucionaria que utiliza tecnolog\u00eda de enfriamiento avanzada para atacar y eliminar las c\u00e9lulas grasas, lo que da como resultado una reducci\u00f3n visible de la grasa y una remodelaci\u00f3n corporal. Con su m\u00e9todo no invasivo y seguro, esta m\u00e1quina es la soluci\u00f3n definitiva para quienes buscan lograr un cuerpo m\u00e1s delgado y tonificado.<\/p>\n<\/div>\n<div><\/div>\n<div>\n<div>\n<div>\n<div>\n<div>\n<div><img loading=\"lazy\" decoding=\"async\" class=\"aligncenter\" title=\"Congelaci\u00f3n de grasa adelgazante mediante criolip\u00f3lisis\" src=\"https:\/\/sc04.alicdn.com\/kf\/H0e947c357e5440d89f0aa442f0031adah\/247315878\/H0e947c357e5440d89f0aa442f0031adah.jpg\" alt=\"Congelaci\u00f3n de grasa adelgazante mediante criolip\u00f3lisis\" width=\"508\" height=\"997\" data-src=\"\/\/sc04.alicdn.com\/kf\/H0e947c357e5440d89f0aa442f0031adah\/247315878\/H0e947c357e5440d89f0aa442f0031adah.jpg\" \/><\/div>\n<\/div>\n<div>\n<div>\n<div>\n<div class=\"layoutkit-flexbox css-qyvfwg\">\n<div class=\"layoutkit-flexbox css-i80ya5\">\n<div tabindex=\"0\" data-testid=\"virtuoso-scroller\" data-virtuoso-scroller=\"true\">\n<div data-viewport-type=\"element\">\n<div data-testid=\"virtuoso-item-list\">\n<div data-index=\"2\" data-known-size=\"2325\" data-item-index=\"2\">\n<div class=\"layoutkit-flexbox css-fwqjpa acss-xqi55h\">\n<div class=\"layoutkit-flexbox css-9pyqzz acss-4ej7mt\">\n<div class=\"layoutkit-flexbox css-roa2v7 acss-1fr3od3\">\n<div class=\"layoutkit-flexbox css-9pyqzz acss-13xnlhu\" role=\"menubar\">\n<div class=\"layoutkit-flexbox css-7k1dqj acss-r7dee\">\n<h2 class=\"acss-55oylt\"><strong style=\"font-family: 'Playfair Display', serif; font-size: 24px; text-transform: capitalize;\">Personalizar El Logotipo De<\/strong><\/h2>\n<\/div>\n<\/div>\n<\/div>\n<\/div>\n<\/div>\n<\/div>\n<\/div>\n<\/div>\n<\/div>\n<\/div>\n<\/div>\n<\/div>\n<\/div>\n<div>\n<p>Queremos hacer de su marca se destaque? Ofrecemos logotipo modificado para requisitos particulares de los servicios que te ayudar\u00e1n a crear un entorno \u00fanico y personalizado logotipo que refleja la identidad de su marca. Nuestro equipo de expertos trabajar\u00e1 estrechamente con usted para dise\u00f1ar un logotipo que resuena con los valores de tu marca y de mensajer\u00eda. Si usted est\u00e1 buscando para renovar su logotipo existente o crear uno nuevo desde cero, lo tenemos cubierto. <a href=\"\/es\/contacto\/\">P\u00f3ngase en contacto con nosotros<\/a> hoy para aprender m\u00e1s acerca de nuestro logotipo modificado para requisitos particulares de los servicios!<\/p>\n<\/div>\n<div>\n<div>\n<div>\n<div>\n<div><\/div>\n<\/div>\n<\/div>\n<\/div>\n<\/div>\n<\/div>\n<\/div>\n<\/div>\n<\/div>\n<\/div>","protected":false},"excerpt":{"rendered":"<div class=\"J_module\">\n<div class=\"detail-decorate-json-renderer-container\">\n<div class=\"magic-2\">\n<div class=\"magic-5\">\n<div class=\"magic-6\">\n<div class=\"magic-7\"><span class=\"magic-8\" data-spm-anchor-id=\"a2700.details.0.i45.6af76191eTByXc\">La criolip\u00f3lisis es un nuevo m\u00e9todo no invasivo que reduce la grasa de forma suave y eficaz en zonas espec\u00edficas del cuerpo, lo que da como resultado una reducci\u00f3n de grasa visible y avanzada en la zona tratada. Dado que los triglic\u00e9ridos de la grasa se convierten en s\u00f3lidos a temperaturas extremadamente bajas, utiliza tecnolog\u00eda de enfriamiento para atacar selectivamente los bultos de grasa y eliminar las c\u00e9lulas grasas a trav\u00e9s de un proceso gradual que no da\u00f1a los tejidos circundantes, lo que reduce el exceso de grasa. El enfriamiento por contacto de las manos ajusta la temperatura de la piel de un lado, protege la estructura d\u00e9rmica fina y logra el efecto de reducci\u00f3n de grasa y modelado corporal mientras tensa la piel. M\u00e1quina de adelgazamiento por congelaci\u00f3n para modelar el cuerpo, sistema de congelaci\u00f3n de fusi\u00f3n de grasa por congelaci\u00f3n y sistema de belleza de fusi\u00f3n de grasa y congelaci\u00f3n de celulitis.<\/span><\/div>\n<\/div>\n<\/div>\n<\/div>\n<\/div>\n<\/div>\n<div class=\"J_module\"><\/div>","protected":false},"featured_media":1923,"comment_status":"open","ping_status":"closed","template":"","meta":{"_kad_post_transparent":"default","_kad_post_title":"","_kad_post_layout":"default","_kad_post_sidebar_id":"","_kad_post_content_style":"default","_kad_post_vertical_padding":"default","_kad_post_feature":"","_kad_post_feature_position":"","_kad_post_header":false,"_kad_post_footer":false,"_kad_post_classname":"","rank_math_title":"","rank_math_description":"","rank_math_focus_keyword":""},"product_brand":[],"product_cat":[31],"product_tag":[],"class_list":{"0":"post-1922","1":"product","2":"type-product","3":"status-publish","4":"has-post-thumbnail","6":"product_cat-body-slimming","8":"first","9":"instock","10":"shipping-taxable","11":"product-type-simple","12":"entry","13":"content-bg","14":"loop-entry"},"_links":{"self":[{"href":"https:\/\/skbty.com\/es\/wp-json\/wp\/v2\/product\/1922","targetHints":{"allow":["GET"]}}],"collection":[{"href":"https:\/\/skbty.com\/es\/wp-json\/wp\/v2\/product"}],"about":[{"href":"https:\/\/skbty.com\/es\/wp-json\/wp\/v2\/types\/product"}],"replies":[{"embeddable":true,"href":"https:\/\/skbty.com\/es\/wp-json\/wp\/v2\/comments?post=1922"}],"wp:featuredmedia":[{"embeddable":true,"href":"https:\/\/skbty.com\/es\/wp-json\/wp\/v2\/media\/1923"}],"wp:attachment":[{"href":"https:\/\/skbty.com\/es\/wp-json\/wp\/v2\/media?parent=1922"}],"wp:term":[{"taxonomy":"product_brand","embeddable":true,"href":"https:\/\/skbty.com\/es\/wp-json\/wp\/v2\/product_brand?post=1922"},{"taxonomy":"product_cat","embeddable":true,"href":"https:\/\/skbty.com\/es\/wp-json\/wp\/v2\/product_cat?post=1922"},{"taxonomy":"product_tag","embeddable":true,"href":"https:\/\/skbty.com\/es\/wp-json\/wp\/v2\/product_tag?post=1922"}],"curies":[{"name":"WP","href":"https:\/\/api.w.org\/{rel}","templated":true}]}}