{"id":1928,"date":"2023-06-15T18:40:54","date_gmt":"2023-06-15T10:40:54","guid":{"rendered":"https:\/\/skbty.com\/?post_type=product&#038;p=1928"},"modified":"2024-06-24T15:31:23","modified_gmt":"2024-06-24T07:31:23","slug":"maquina-de-adelgazamiento-corporal-ems-de-1-mango-para-uso-domestico","status":"publish","type":"product","link":"https:\/\/skbty.com\/es\/producto\/maquina-de-adelgazamiento-corporal-ems-de-1-mango-para-uso-domestico\/","title":{"rendered":"M\u00e1quina de adelgazamiento corporal EMS de 1 manija para uso dom\u00e9stico"},"content":{"rendered":"<div>\n<div>\n<div class=\"layoutkit-flexbox css-qyvfwg\">\n<div class=\"layoutkit-flexbox css-i80ya5\">\n<div tabindex=\"0\" data-testid=\"virtuoso-scroller\" data-virtuoso-scroller=\"true\">\n<div data-viewport-type=\"element\">\n<div data-testid=\"virtuoso-item-list\">\n<div data-index=\"2\" data-known-size=\"2325\" data-item-index=\"2\">\n<div class=\"layoutkit-flexbox css-fwqjpa acss-xqi55h\">\n<div class=\"layoutkit-flexbox css-9pyqzz acss-4ej7mt\">\n<div class=\"layoutkit-flexbox css-roa2v7 acss-1fr3od3\">\n<div class=\"layoutkit-flexbox css-o3n4io acss-9nl0uq\">\n<div id=\"EuHgFA58\" class=\"layoutkit-flexbox css-fr78qt\">\n<div>\n<article data-code-type=\"markdown\">\n<div class=\"acss-1x7ejwa\">\n<h1><strong>La gu\u00eda definitiva para el uso dom\u00e9stico de la m\u00e1quina de adelgazamiento corporal EMS de 1 mango<\/strong><\/h1>\n<h2><strong>Revolucione su cuerpo con tecnolog\u00eda electromagn\u00e9tica pulsada de alta intensidad<\/strong><\/h2>\n<p>\u00bfEst\u00e1 cansado de probar diferentes m\u00e9todos de p\u00e9rdida de peso con pocos o ning\u00fan resultado? \u00bfQuiere lograr un cuerpo m\u00e1s delgado sin someterse a procedimientos invasivos o pasar horas en el gimnasio? \u00a1No busque m\u00e1s! La m\u00e1quina de adelgazamiento corporal EMS de 1 manija para uso dom\u00e9stico es un cambio radical en el mundo de la tecnolog\u00eda de adelgazamiento corporal.<\/p>\n<h2><strong>C\u00f3mo funciona: la ciencia detr\u00e1s de la tecnolog\u00eda HI-EMT<\/strong><\/h2>\n<p>La m\u00e1quina de adelgazamiento corporal EMS de 1 manija para uso dom\u00e9stico utiliza tecnolog\u00eda electromagn\u00e9tica pulsada de alta intensidad para estimular las contracciones musculares. Esta tecnolog\u00eda se basa en el principio de que se puede obligar a los m\u00fasculos a contraerse y relajarse r\u00e1pidamente, lo que da como resultado un aumento de la masa muscular y una reducci\u00f3n de la grasa.<\/p>\n<h2><img loading=\"lazy\" decoding=\"async\" class=\"aligncenter\" title=\"M\u00e1quina de adelgazamiento corporal EMS\" src=\"https:\/\/sc04.alicdn.com\/kf\/Hee7834dbc6924c72b14598a28ee78993G\/247315878\/Hee7834dbc6924c72b14598a28ee78993G.jpg\" alt=\"M\u00e1quina de adelgazamiento corporal EMS\" width=\"520\" height=\"813\" data-src=\"\/\/sc04.alicdn.com\/kf\/Hee7834dbc6924c72b14598a28ee78993G\/247315878\/Hee7834dbc6924c72b14598a28ee78993G.jpg\" \/><\/h2>\n<h2><strong>\u00c1reas de tratamiento: \u00bfD\u00f3nde puedo utilizar la m\u00e1quina?<\/strong><\/h2>\n<p>La m\u00e1quina de adelgazamiento corporal EMS de 1 mango para uso dom\u00e9stico se puede utilizar para tratar varias \u00e1reas del cuerpo, entre ellas:<\/p>\n<ul>\n<li><strong>Nalgas<\/strong>:Consigue un trasero m\u00e1s tonificado y levantado<\/li>\n<li><strong>Muslos<\/strong>:Adelgaza tus muslos y consigue una forma m\u00e1s definida.<\/li>\n<li><strong>Caderas<\/strong>:Reduce la grasa y aumenta la masa muscular en tus caderas.<\/li>\n<li><strong>Brazos<\/strong>:Consigue unos brazos tonificados y estilizados<\/li>\n<li><strong>abdominales<\/strong>:Consigue un vientre m\u00e1s plano y definido<\/li>\n<\/ul>\n<h2><img loading=\"lazy\" decoding=\"async\" class=\"aligncenter\" title=\"M\u00e1quina de adelgazamiento corporal EMS\" src=\"https:\/\/sc04.alicdn.com\/kf\/Hbf93baffd38a48769974b8d1c727f42fa\/247315878\/Hbf93baffd38a48769974b8d1c727f42fa.jpg\" alt=\"M\u00e1quina de adelgazamiento corporal EMS\" width=\"641\" height=\"1597\" data-src=\"\/\/sc04.alicdn.com\/kf\/Hbf93baffd38a48769974b8d1c727f42fa\/247315878\/Hbf93baffd38a48769974b8d1c727f42fa.jpg\" \/><\/h2>\n<h2><strong>Caracter\u00edsticas de seguridad: Sistema de enfriamiento de aire inteligente<\/strong><\/h2>\n<p>La m\u00e1quina de adelgazamiento corporal EMS de 1 manija para uso dom\u00e9stico tiene un sistema de enfriamiento de aire inteligente que garantiza que la m\u00e1quina no genere altas temperaturas durante el tratamiento. Este sistema tambi\u00e9n mejora la vida \u00fatil y el factor de seguridad de la m\u00e1quina.<\/p>\n<h2><strong>Resultados: \u00bfQu\u00e9 puedo esperar de la m\u00e1quina?<\/strong><\/h2>\n<p>La m\u00e1quina de adelgazamiento corporal EMS de 1 mango para uso dom\u00e9stico puede reducir la grasa\u00a0<strong>21%<\/strong>\u00a0y aumentar la masa muscular\u00a0<strong>16%<\/strong>Esta m\u00e1quina es ideal para quienes desean lograr un cuerpo m\u00e1s delgado mientras est\u00e1n acostados.<\/p>\n<h2><strong>Especificaciones t\u00e9cnicas: lo que necesita saber<\/strong><\/h2>\n<ul>\n<li><strong>Entrada de potencia<\/strong>:220\/110 V 50\/60 Hz<\/li>\n<li><strong>Consumo m\u00e1ximo de energ\u00eda<\/strong>:2,3 kVA<\/li>\n<li><strong>Potencia de salida<\/strong>:2000W<\/li>\n<li><strong>Color de la m\u00e1quina<\/strong>: Gris<\/li>\n<li><strong>Intensidad de salida<\/strong>: 7 toneladas<\/li>\n<li><strong>Forma del pulso de estimulaci\u00f3n<\/strong>:Bif\u00e1sica<\/li>\n<li><strong>Duraci\u00f3n del pulso<\/strong>:300 \u00b5s<\/li>\n<li><strong>Manijas<\/strong>: 1<\/li>\n<li><strong>Tama\u00f1o del paquete<\/strong>: 576252 cm\/42 kg<\/li>\n<\/ul>\n<h2><strong>Principio: C\u00f3mo funciona la tecnolog\u00eda HI-EMT<\/strong><\/h2>\n<p>La m\u00e1quina de adelgazamiento corporal EMS de 1 mango para uso dom\u00e9stico utiliza tecnolog\u00eda HI-EMT para expandir y contraer continuamente los m\u00fasculos aut\u00f3logos y realizar un entrenamiento extremo para remodelar profundamente la estructura interna del m\u00fasculo, lo que da como resultado el crecimiento de fibrillas musculares y produce nuevas cadenas de prote\u00ednas y fibras musculares.<\/p>\n<h2><img loading=\"lazy\" decoding=\"async\" class=\"aligncenter\" title=\"M\u00e1quina de adelgazamiento corporal EMS\" src=\"https:\/\/sc04.alicdn.com\/kf\/H41c231afb7a249dca57d7fc873e9abdbk\/247315878\/H41c231afb7a249dca57d7fc873e9abdbk.jpg\" alt=\"M\u00e1quina de adelgazamiento corporal EMS\" width=\"490\" height=\"453\" data-src=\"\/\/sc04.alicdn.com\/kf\/H41c231afb7a249dca57d7fc873e9abdbk\/247315878\/H41c231afb7a249dca57d7fc873e9abdbk.jpg\" \/><\/h2>\n<h2><strong>Efecto de aumento muscular: tonifica y adelgaza<\/strong><\/h2>\n<p>La m\u00e1quina de adelgazamiento corporal EMS de 1 mango para uso dom\u00e9stico utiliza tecnolog\u00eda HI-EMT para forzar las contracciones musculares, lo que da como resultado un aumento de la masa muscular. Esta m\u00e1quina puede aumentar la adaptaci\u00f3n del tejido muscular, lo que da como resultado el crecimiento de las miofibrillas y las fibras musculares.<\/p>\n<h2><strong>Efecto reductor de grasa: diga adi\u00f3s al exceso de grasa<\/strong><\/h2>\n<p>La m\u00e1quina de adelgazamiento corporal EMS de 1 mango para uso dom\u00e9stico puede reducir la grasa en aproximadamente\u00a0<strong>19%<\/strong>Esta m\u00e1quina funciona induciendo la apoptosis, un proceso natural de muerte celular, que resulta en la reducci\u00f3n de las c\u00e9lulas grasas.<\/p>\n<h2><img loading=\"lazy\" decoding=\"async\" class=\"aligncenter\" title=\"M\u00e1quina de adelgazamiento corporal EMS\" src=\"https:\/\/sc04.alicdn.com\/kf\/H60f2d1eda176420cb0c637505a6ce970f\/247315878\/H60f2d1eda176420cb0c637505a6ce970f.jpg\" alt=\"M\u00e1quina de adelgazamiento corporal EMS\" width=\"592\" height=\"1062\" data-src=\"\/\/sc04.alicdn.com\/kf\/H60f2d1eda176420cb0c637505a6ce970f\/247315878\/H60f2d1eda176420cb0c637505a6ce970f.jpg\" \/><\/h2>\n<h2><strong>Conclusi\u00f3n: Consiga un cuerpo m\u00e1s delgado con facilidad<\/strong><\/h2>\n<p>La m\u00e1quina de adelgazamiento corporal EMS de 1 manija para uso dom\u00e9stico es una tecnolog\u00eda revolucionaria que puede ayudarlo a lograr un cuerpo m\u00e1s delgado mientras est\u00e1 acostado. Esta m\u00e1quina es segura, no invasiva y se puede utilizar para tratar varias \u00e1reas del cuerpo.<\/p>\n<h2><img loading=\"lazy\" decoding=\"async\" class=\"aligncenter\" title=\"M\u00e1quina de adelgazamiento corporal EMS\" src=\"https:\/\/sc04.alicdn.com\/kf\/H116b5f89de21443eb899113300554747q\/247315878\/H116b5f89de21443eb899113300554747q.jpg\" alt=\"M\u00e1quina de adelgazamiento corporal EMS\" width=\"523\" height=\"512\" data-src=\"\/\/sc04.alicdn.com\/kf\/H116b5f89de21443eb899113300554747q\/247315878\/H116b5f89de21443eb899113300554747q.jpg\" \/><\/h2>\n<h2><strong>Preguntas frecuentes<\/strong><\/h2>\n<h3>P: \u00bfEs seguro utilizar la m\u00e1quina de adelgazamiento corporal EMS de 1 mango para uso dom\u00e9stico?<\/h3>\n<p>R: S\u00ed, la m\u00e1quina es segura y no invasiva, y tiene un sistema de enfriamiento de aire inteligente para garantizar la seguridad durante el tratamiento.<\/p>\n<h3>P: \u00bfCu\u00e1nto dura una sesi\u00f3n de tratamiento?<\/h3>\n<p>R: Las sesiones de tratamiento suelen durar unos 30 minutos.<\/p>\n<h3>P: \u00bfPuedo utilizar la m\u00e1quina en varias zonas del cuerpo?<\/h3>\n<p>R: S\u00ed, la m\u00e1quina se puede utilizar para tratar diversas zonas del cuerpo, incluidos los gl\u00fateos, los muslos, las caderas, los brazos y los abdominales.<\/p>\n<h3>P: \u00bfCon qu\u00e9 frecuencia debo utilizar la m\u00e1quina?<\/h3>\n<p>R: Para obtener mejores resultados, utilice la m\u00e1quina 2 o 3 veces por semana.<\/p>\n<h3>P: \u00bfEs f\u00e1cil de usar la m\u00e1quina?<\/h3>\n<p>R: S\u00ed, la m\u00e1quina es f\u00e1cil de usar y viene con un manual de usuario como orientaci\u00f3n.<\/p>\n<\/div>\n<\/article>\n<\/div>\n<\/div>\n<\/div>\n<div class=\"layoutkit-flexbox css-9pyqzz acss-13xnlhu\" role=\"menubar\">\n<div class=\"layoutkit-flexbox css-7k1dqj acss-r7dee\">\n<h2 class=\"acss-55oylt\"><strong style=\"font-family: 'Playfair Display', serif; font-size: 24px; text-transform: capitalize;\">Personalizar El Logotipo De<\/strong><\/h2>\n<\/div>\n<\/div>\n<\/div>\n<\/div>\n<\/div>\n<\/div>\n<\/div>\n<\/div>\n<\/div>\n<\/div>\n<\/div>\n<\/div>\n<\/div>\n<div>\n<p>Queremos hacer de su marca se destaque? Ofrecemos logotipo modificado para requisitos particulares de los servicios que te ayudar\u00e1n a crear un entorno \u00fanico y personalizado logotipo que refleja la identidad de su marca. Nuestro equipo de expertos trabajar\u00e1 estrechamente con usted para dise\u00f1ar un logotipo que resuena con los valores de tu marca y de mensajer\u00eda. Si usted est\u00e1 buscando para renovar su logotipo existente o crear uno nuevo desde cero, lo tenemos cubierto. <a href=\"\/es\/contacto\/\">P\u00f3ngase en contacto con nosotros<\/a> hoy para aprender m\u00e1s acerca de nuestro logotipo modificado para requisitos particulares de los servicios!<\/p>\n<\/div>\n<div>\n<div>\n<div>\n<div>\n<div><\/div>\n<\/div>\n<\/div>\n<\/div>\n<\/div>","protected":false},"excerpt":{"rendered":"<p>Utilizando la tecnolog\u00eda HI-EMT (Onda Electromagn\u00e9tica Enfocada de Alta Energ\u00eda) para expandir y contraer continuamente los m\u00fasculos aut\u00f3logos y realizar un entrenamiento extremo para remodelar profundamente la estructura interna del m\u00fasculo, es decir, el crecimiento de las fibrillas musculares (agrandamiento muscular) y producir nuevas cadenas de prote\u00ednas y fibras musculares (hiperplasia muscular), con el fin de entrenar y aumentar la densidad y el volumen muscular.<\/p>","protected":false},"featured_media":2079,"comment_status":"open","ping_status":"closed","template":"","meta":{"_kad_post_transparent":"default","_kad_post_title":"","_kad_post_layout":"default","_kad_post_sidebar_id":"","_kad_post_content_style":"default","_kad_post_vertical_padding":"default","_kad_post_feature":"","_kad_post_feature_position":"","_kad_post_header":false,"_kad_post_footer":false,"_kad_post_classname":"","rank_math_title":"","rank_math_description":"","rank_math_focus_keyword":""},"product_brand":[],"product_cat":[31],"product_tag":[],"class_list":{"0":"post-1928","1":"product","2":"type-product","3":"status-publish","4":"has-post-thumbnail","6":"product_cat-body-slimming","8":"first","9":"instock","10":"shipping-taxable","11":"product-type-simple","12":"entry","13":"content-bg","14":"loop-entry"},"_links":{"self":[{"href":"https:\/\/skbty.com\/es\/wp-json\/wp\/v2\/product\/1928","targetHints":{"allow":["GET"]}}],"collection":[{"href":"https:\/\/skbty.com\/es\/wp-json\/wp\/v2\/product"}],"about":[{"href":"https:\/\/skbty.com\/es\/wp-json\/wp\/v2\/types\/product"}],"replies":[{"embeddable":true,"href":"https:\/\/skbty.com\/es\/wp-json\/wp\/v2\/comments?post=1928"}],"wp:featuredmedia":[{"embeddable":true,"href":"https:\/\/skbty.com\/es\/wp-json\/wp\/v2\/media\/2079"}],"wp:attachment":[{"href":"https:\/\/skbty.com\/es\/wp-json\/wp\/v2\/media?parent=1928"}],"wp:term":[{"taxonomy":"product_brand","embeddable":true,"href":"https:\/\/skbty.com\/es\/wp-json\/wp\/v2\/product_brand?post=1928"},{"taxonomy":"product_cat","embeddable":true,"href":"https:\/\/skbty.com\/es\/wp-json\/wp\/v2\/product_cat?post=1928"},{"taxonomy":"product_tag","embeddable":true,"href":"https:\/\/skbty.com\/es\/wp-json\/wp\/v2\/product_tag?post=1928"}],"curies":[{"name":"WP","href":"https:\/\/api.w.org\/{rel}","templated":true}]}}