{"id":1938,"date":"2023-06-16T16:43:46","date_gmt":"2023-06-16T08:43:46","guid":{"rendered":"https:\/\/skbty.com\/?post_type=product&#038;p=1938"},"modified":"2025-12-05T18:51:37","modified_gmt":"2025-12-05T10:51:37","slug":"maquina-emslim-con-rf-un-equipo-portatil-de-reduccion-de-grasa-esculpgrasa-quemmuscular","status":"publish","type":"product","link":"https:\/\/skbty.com\/es\/producto\/maquina-emslim-con-rf-un-equipo-portatil-de-reduccion-de-grasa-esculpgrasa-quemmuscular\/","title":{"rendered":"Emslim de la M\u00e1quina con el RF: UN Port\u00e1til de la Reducci\u00f3n de la Grasa de Equipos de Esculpir Muscular"},"content":{"rendered":"<h1><strong>Desbloquear Su Cuerpo de Sue\u00f1o en el Hogar: La Gu\u00eda Definitiva para el Emslim de la M\u00e1quina con el RF \u2013 UN port\u00e1til de la reducci\u00f3n de la grasa de equipos<\/strong><\/h1>\n<p>Seamos honestos por un momento. Le he estado poniendo en el trabajo. Has limpiado tu dieta, est\u00e1s yendo al gimnasio (o su sala de estar estera de yoga) constantemente, y usted est\u00e1 bebiendo suficiente agua. Todo lo que est\u00e1 haciendo &#034;bien&#034;. Sin embargo, existen las zonas dif\u00edciles\u2014que poco perro en sus abdominales inferiores, las manijas del amor que se niegan a salir, o en la parte posterior de tus brazos que no tienen la definici\u00f3n que se le antoja. Es frustrante, \u00bfno? Usted est\u00e1 tan cerca de su objetivo, pero se siente como si hubiera una pared invisible que no puede romper.<\/p>\n<p>Lo que si me dijo que el secreto para atravesar ese muro no era otra dieta de moda o de un castigo nueva rutina de ejercicios? \u00bfQu\u00e9 pasa si la respuesta fue un revolucionario de la pieza de la tecnolog\u00eda, una vez reservados para la gama alta de la celebridad cl\u00ednicas, que ahora se puede utilizar desde la comodidad de su propia casa?<\/p>\n<p>Prep\u00e1rate para conocer a tu nuevo mejor amigo en el gimnasio. Esta es la gu\u00eda definitiva para el hogar Emslim de la m\u00e1quina con el RF \u2013 UN port\u00e1til de la reducci\u00f3n de la grasa de los equipos, el innovador dispositivo que est\u00e1 cambiando la manera en que pensamos acerca de la escultura del cuerpo para siempre.<\/p>\n<h2><img loading=\"lazy\" decoding=\"async\" class=\"aligncenter size-full wp-image-3432\" src=\"https:\/\/skbty.com\/wp-content\/uploads\/2025\/07\/portable-fat-reduction-equipment-.avif\" alt=\"port\u00e1til de la reducci\u00f3n de la grasa de equipos\" width=\"750\" height=\"795\" srcset=\"https:\/\/skbty.com\/wp-content\/uploads\/2025\/07\/portable-fat-reduction-equipment-.avif 750w, https:\/\/skbty.com\/wp-content\/uploads\/2025\/07\/portable-fat-reduction-equipment--283x300.jpg 283w, https:\/\/skbty.com\/wp-content\/uploads\/2025\/07\/portable-fat-reduction-equipment--11x12.jpg 11w, https:\/\/skbty.com\/wp-content\/uploads\/2025\/07\/portable-fat-reduction-equipment--600x636.jpg 600w\" sizes=\"auto, (max-width: 750px) 100vw, 750px\" \/><\/h2>\n<h2><strong>La Meseta de Fitness: \u00bfpor Qu\u00e9 Su Trabajo Duro en el Gimnasio no Siempre es Suficiente<\/strong><\/h2>\n<p>Todos hemos estado all\u00ed. Iniciar un nuevo viaje de fitness, y durante las primeras semanas o meses, los resultados son incre\u00edbles. El peso est\u00e1 cayendo fuera, su ropa de mejor ajuste, y su energ\u00eda es a trav\u00e9s del techo. Pero entonces... se detiene. La balanza no se mueve. El espejo se ve el mismo, d\u00eda tras d\u00eda. Este es el temido meseta de fitness.<\/p>\n<p>Esto sucede porque nuestros cuerpos son incre\u00edblemente inteligentes y adaptativos. Se acostumbra a nuestras rutinas de ejercicios. Adem\u00e1s, el ejercicio tradicional tiene sus l\u00edmites. Usted puede hacer mil abdominales, pero s\u00f3lo se puede activar voluntariamente aproximadamente el 30-40% de sus fibras musculares. Y ninguna cantidad de cardio que espec\u00edficamente se puede &#034;reducir el terreno&#034; la grasa de su vientre. Es una limitaci\u00f3n biol\u00f3gica. Esto es donde la ciencia y la tecnolog\u00eda de paso para darle una ventaja injusta.<\/p>\n<h2><strong>Una Revoluci\u00f3n en Su Sala de estar: la Introducci\u00f3n de la Emslim con la Tecnolog\u00eda del RF<\/strong><\/h2>\n<p>Imagina ser capaz de obtener los resultados de 20.000 perfecto abdominales o sentadillas en una sola sesi\u00f3n de 30 minutos mientras se pone al d\u00eda en su favorito de Netflix espect\u00e1culo. Suena a ciencia ficci\u00f3n, pero es la realidad de la <strong>port\u00e1til de la reducci\u00f3n de la grasa de equipos<\/strong>. Este elegante y potente dispositivo est\u00e1 dise\u00f1ado para hacer lo que antes era imposible: construir m\u00fasculo y quemar grasa <em>simult\u00e1neamente<\/em> y <em>en forma espec\u00edfica<\/em>. No es magia, es una brillante combinaci\u00f3n de dos cl\u00ednicamente probada tecnolog\u00edas.<\/p>\n<h3><strong>As\u00ed Que, \u00bfQu\u00e9 Es Exactamente Este En Casa Esculpir El Cuerpo De Marvel?<\/strong><\/h3>\n<p>En su n\u00facleo, el Emslim con el RF es un doble de acci\u00f3n de la casa de m\u00e1quinas. Utiliza dos tipos diferentes de energ\u00eda para entregar un golpe uno-dos en contra de grasa y definici\u00f3n muscular. Piensa que es como tener dos de \u00e9lite de entrenadores personales de trabajo en su cuerpo al mismo tiempo. Vamos a romper este d\u00fao din\u00e1mico.<\/p>\n<h4><strong>El &#034;M\u00fasculo&#034; de la Magia: Enfocado de Alta Intensidad Electromagn\u00e9tica (HIFEM) Tecnolog\u00eda<\/strong><\/h4>\n<p>El &#034;Em&#034; en Emslim significa electromagn\u00e9tica. HIFEM la tecnolog\u00eda es el m\u00fasculo de fomento de motor del dispositivo. Se utiliza un potente pero fuerte campo electromagn\u00e9tico para inducir lo que se llama supram\u00e1xima las contracciones musculares.<\/p>\n<p>\u00bfQu\u00e9 significa eso en la llanura ingl\u00e9s? El dispositivo de paddle, cuando se coloca en el \u00e1rea de destino (como el abdomen), hace que los m\u00fasculos a contraerse en una intensidad y velocidad que nunca podr\u00edamos lograr por su cuenta. Estamos hablando de miles de profundidad, potentes contracciones en cuesti\u00f3n de minutos. Esta intensa de &#034;entrenamiento&#034; de las fuerzas de tus fibras musculares para remodelar y crecer, lo que resulta en un aumento de la densidad muscular y definici\u00f3n. Es como hacer la mayor\u00eda de imposible ejercicio efectivo de su vida sin romper a sudar.<\/p>\n<h4><strong>La &#034;Grasa de Fusi\u00f3n&#034; Marvel: la Radiofrecuencia (RF)<\/strong><\/h4>\n<p>Mientras HIFEM est\u00e1 ocupado en la construcci\u00f3n de su m\u00fasculo, la Radiofrecuencia (RF) de los componentes se pone a trabajar en la grasa obstinada de la capa de sentarse en la parte superior. La energ\u00eda de RF suavemente calienta el tejido justo debajo de su piel. Este calor hace dos cosas incre\u00edbles:<\/p>\n<ol>\n<li><strong>Pre-Calienta los M\u00fasculos:<\/strong>\u00a0Act\u00faa como un calentamiento, haciendo que el HIFEM inducida por las contracciones de los m\u00fasculos a\u00fan m\u00e1s eficaz y c\u00f3modo.<\/li>\n<li><strong>Altera Las C\u00e9lulas De Grasa:<\/strong>\u00a0El RF de calor eleva la temperatura de sus c\u00e9lulas de grasa subcut\u00e1nea a un punto donde ya no pueden sobrevivir. Este proceso, llamado apoptosis, hace que las c\u00e9lulas grasas se da\u00f1e permanentemente. Durante las pr\u00f3ximas semanas, su cuerpo natural del sistema linf\u00e1tico simplemente identifica estas c\u00e9lulas da\u00f1adas como de los residuos y el color de ellos. El resultado? Una apreciable reducci\u00f3n en el espesor de la capa de grasa.<\/li>\n<\/ol>\n<h2><img loading=\"lazy\" decoding=\"async\" class=\"aligncenter\" title=\"EMS Cuerpo Esculpir\" src=\"https:\/\/sc04.alicdn.com\/kf\/H9f2de02ec9bb4a7f837d70884724de83z\/247315878\/H9f2de02ec9bb4a7f837d70884724de83z.jpg\" alt=\"EMS Cuerpo Esculpir\" width=\"549\" height=\"889\" data-src=\"\/\/sc04.alicdn.com\/kf\/H9f2de02ec9bb4a7f837d70884724de83z\/247315878\/H9f2de02ec9bb4a7f837d70884724de83z.jpg\" \/><\/h2>\n<h2><strong>El Poder de Dos-en-Uno: \u00bfpor Qu\u00e9 HIFEM + RF es Su Arma Secreta<\/strong><\/h2>\n<p>Llevar esta tecnolog\u00eda de vanguardia en su casa puede sonar intimidante, pero el proceso no podr\u00eda ser m\u00e1s simple. Est\u00e1 dise\u00f1ado para la facilidad de uso, seguridad y comodidad.<\/p>\n<h3><strong>La configuraci\u00f3n para el \u00c9xito en tan S\u00f3lo Unos Minutos<\/strong><\/h3>\n<ol>\n<li><strong>Ponte C\u00f3modo:<\/strong>\u00a0Encontrar un lugar acogedor en su cama, un sof\u00e1 o una estera en el piso. Usted va a estar aqu\u00ed durante unos 30 minutos, por lo que tambi\u00e9n podr\u00eda relajarse!<\/li>\n<li><strong>Preparaci\u00f3n de la Superficie:<\/strong>\u00a0Aseg\u00farese de la piel en el \u00e1rea de destino (por ejemplo, su est\u00f3mago) est\u00e9 limpia, seca y libre de cualquier tipo de lociones o aceites.<\/li>\n<li><strong>La posici\u00f3n de la Pala:<\/strong>\u00a0Coloque el aplicador de p\u00e1del directamente en el m\u00fasculo objetivo del grupo. Utilice las correas para sujetar con firmeza pero c\u00f3modamente en su lugar. No debe ser demasiado apretado.<\/li>\n<li><strong>El Encendido y el de Inicio:<\/strong>\u00a0Encienda la m\u00e1quina. La mayor\u00eda de en la casa de las unidades de programas preconfigurados. Seleccione el &#034;HIFEM + RF&#034; en el modo combinado. Siempre empezar la intensidad a un nivel bajo.<\/li>\n<li><strong>Encuentre Su Nivel De Potencia:<\/strong>\u00a0Poco a poco aumentar la intensidad a un nivel que se siente fuerte y poderoso, pero nunca es doloroso. Usted se sentir\u00e1 intensas contracciones musculares y una suave y agradable sensaci\u00f3n de calor. Esta es la tecnolog\u00eda en el trabajo!<\/li>\n<li><strong>Rel\u00e1jese y Deje que funcione:<\/strong>\u00a0Ahora la mejor parte. Para los pr\u00f3ximos 30 minutos, usted puede leer un libro, contestar correos electr\u00f3nicos, escuchar un podcast, o simplemente cerrar los ojos y descansar. La m\u00e1quina hace todo el trabajo para usted.<\/li>\n<li><strong>Post-Sesi\u00f3n:<\/strong>\u00a0Una vez que el programa est\u00e1 terminado, simplemente desatar la pala y listo! Hay un tiempo de inactividad cero. Puede sentir como si usted acaba de tener una gran sesi\u00f3n de ejercicios, pero usted puede ir inmediatamente acerca de su d\u00eda. Aseg\u00farese de beber mucha agua para ayudar a tu cuerpo a eliminar las c\u00e9lulas de grasa tratada.<\/li>\n<\/ol>\n<h2><img loading=\"lazy\" decoding=\"async\" class=\"aligncenter\" title=\"EMS Cuerpo Esculpir\" src=\"https:\/\/sc04.alicdn.com\/kf\/Hb3ad41fbe350447d95e2b8f91eede6f8V\/247315878\/Hb3ad41fbe350447d95e2b8f91eede6f8V.jpg\" alt=\"EMS Cuerpo Esculpir\" width=\"562\" height=\"743\" data-src=\"\/\/sc04.alicdn.com\/kf\/Hb3ad41fbe350447d95e2b8f91eede6f8V\/247315878\/Hb3ad41fbe350447d95e2b8f91eede6f8V.jpg\" \/><\/h2>\n<h2><strong>Es En el Hogar Emslim con RF adecuado para Usted?<\/strong><\/h2>\n<p>Este port\u00e1til de la reducci\u00f3n de la grasa de equipos es una fenomenal herramienta, pero es importante tener las expectativas correctas. No es una p\u00e9rdida de peso del dispositivo para la obesidad. En su lugar, es un <em>esculpir el cuerpo<\/em> dispositivo. Es perfecto para personas que:<\/p>\n<ul>\n<li>Ya que lleva un relativamente saludable y estilo de vida activo.<\/li>\n<li>Dentro de 15 o 20 kilos de su peso ideal, pero que luchan con problemas espec\u00edficos.<\/li>\n<li>En busca de mejorar la definici\u00f3n muscular y tonificar sus abdominales, gl\u00fateos o brazos.<\/li>\n<li>Se recupera de una lesi\u00f3n (con la aprobaci\u00f3n del m\u00e9dico) y quieren reconstruir la fuerza muscular de forma segura.<\/li>\n<li>Los padres ocupados o profesionales que no pueden pasar horas en el gimnasio, pero todav\u00eda quiere premium resultados.<\/li>\n<\/ul>\n<h3><strong>M\u00e1s Que Abs: la Orientaci\u00f3n de las Diferentes Partes del Cuerpo para una Completa Transformaci\u00f3n del Cuerpo<\/strong><\/h3>\n<p>Mientras que el abdomen es el m\u00e1s popular en la zona de tratamiento, la versatilidad de la <strong>port\u00e1til de la reducci\u00f3n de la grasa de equipos<\/strong> es una de sus mayores fortalezas. Se puede utilizar para:<\/p>\n<ul>\n<li><strong>Esculpir El Abdomen:<\/strong>\u00a0Lograr que el codiciado six-pack de definici\u00f3n y reducir bajar la grasa del vientre.<\/li>\n<li><strong>Levante Las Nalgas:<\/strong>\u00a0Proporcionar un tratamiento no quir\u00fargico &#034;butt lift&#034; efecto de desarrollar y tonificar los m\u00fasculos de los gl\u00fateos para una perkier, forma m\u00e1s redonda.<\/li>\n<li><strong>El Tono De Sus Brazos:<\/strong>\u00a0Destino de los b\u00edceps y tr\u00edceps para combatir la &#034;bingo alas&#034; y crear elegantes, define los brazos.<\/li>\n<li><strong>Definir Los Muslos:<\/strong>\u00a0Esculpir la parte frontal y posterior de los muslos para que sea m\u00e1s fuerte, m\u00e1s contorneadas piernas.<\/li>\n<li><strong>Fortalecer Las Pantorrillas:<\/strong>\u00a0Construir y definir los m\u00fasculos de la pantorrilla, un \u00e1rea muy dif\u00edcil de crecer con el ejercicio tradicional.<\/li>\n<\/ul>\n<h2><strong>Su Nuevo Compa\u00f1ero de acondicionamiento: la Integraci\u00f3n de Emslim en un Estilo de vida Saludable<\/strong><\/h2>\n<p>Es crucial para ver el Emslim con RF no como una sustituci\u00f3n de h\u00e1bitos saludables, sino como un socio potente que amplifica sus esfuerzos. Piense en ello como un turbocompresor para su coche tiene un buen motor de realizar de forma espectacular.<\/p>\n<p>Continuar con tu dieta equilibrada y ejercicio regular. La m\u00e1quina va a construir una fuerte musculatura de la fundaci\u00f3n y tallar lejos de grasa, y su saludable estilo de vida, mantener y mejorar los resultados a largo plazo. El uso de la m\u00e1quina, incluso puede motivar a usted, como ver resultados tangibles en el espejo es el mejor combustible para mantenerse en el camino con su nutrici\u00f3n y entrenamientos de otros. Un t\u00edpico protocolo recomendado es de 4 a 6 sesiones durante dos a tres semanas para obtener resultados \u00f3ptimos.<\/p>\n<h2><img loading=\"lazy\" decoding=\"async\" class=\"aligncenter\" title=\"EMS Cuerpo Esculpir\" src=\"https:\/\/sc04.alicdn.com\/kf\/H093d27d43ee14476a3410687011f735eH\/247315878\/H093d27d43ee14476a3410687011f735eH.jpg\" alt=\"EMS Cuerpo Esculpir\" width=\"595\" height=\"973\" data-src=\"\/\/sc04.alicdn.com\/kf\/H093d27d43ee14476a3410687011f735eH\/247315878\/H093d27d43ee14476a3410687011f735eH.jpg\" \/><\/h2>\n<h2><strong>El Futuro del Fitness Est\u00e1 En Tus Manos<\/strong><\/h2>\n<p>La l\u00ednea entre lo profesional tratamientos cl\u00ednicos y personales en el hogar de bienestar se est\u00e1 difuminando, y el Emslim con RF est\u00e1 a la vanguardia de este emocionante revoluci\u00f3n. No m\u00e1s la programaci\u00f3n de citas, no m\u00e1s de la cl\u00ednica de cargos, no hay m\u00e1s sentimiento de auto-consciente. Ahora tienes el poder para tomar el control de su cuerpo en la est\u00e9tica de destino en sus propios t\u00e9rminos, en su propio tiempo, en su propio espacio privado.<\/p>\n<p>Invertir en una casa Emslim con RF es algo m\u00e1s que comprar un gadget; es una inversi\u00f3n en su confianza, su motivaci\u00f3n y su capacidad para finalmente lograr el cuerpo que hemos estado trabajando tan duro para. Bienvenidos al futuro del fitness.<\/p>\n<h2><img loading=\"lazy\" decoding=\"async\" class=\"aligncenter\" title=\"EMS Cuerpo Esculpir\" src=\"https:\/\/sc04.alicdn.com\/kf\/H14204d0a5f3d4b5eba840cbb31a63384t\/247315878\/H14204d0a5f3d4b5eba840cbb31a63384t.jpg\" alt=\"EMS Cuerpo Esculpir\" width=\"480\" height=\"657\" data-src=\"\/\/sc04.alicdn.com\/kf\/H14204d0a5f3d4b5eba840cbb31a63384t\/247315878\/H14204d0a5f3d4b5eba840cbb31a63384t.jpg\" \/><\/h2>\n<p>&nbsp;<\/p>\n<div>\n<div>\n<table style=\"font-family: var(--global-body-font-family);\" width=\"992\" cellspacing=\"0\" cellpadding=\"0\">\n<tbody>\n<tr>\n<td width=\"87\"><img loading=\"lazy\" decoding=\"async\" class=\"alignright\" title=\"EMS Cuerpo Esculpir\" src=\"https:\/\/sc04.alicdn.com\/kf\/Hbb9bc3286ffe44debcd06e7c79cb7c14g\/247315878\/Hbb9bc3286ffe44debcd06e7c79cb7c14g.png\" alt=\"EMS Cuerpo Esculpir\" width=\"445\" height=\"286\" data-src=\"\/\/sc04.alicdn.com\/kf\/Hbb9bc3286ffe44debcd06e7c79cb7c14g\/247315878\/Hbb9bc3286ffe44debcd06e7c79cb7c14g.png\" \/><\/td>\n<td width=\"90\"><img loading=\"lazy\" decoding=\"async\" class=\"alignleft\" title=\"EMS Cuerpo Esculpir\" src=\"https:\/\/sc04.alicdn.com\/kf\/H6bf27b941c6643309a971a51ccec552fu\/247315878\/H6bf27b941c6643309a971a51ccec552fu.png\" alt=\"EMS Cuerpo Esculpir\" width=\"424\" height=\"245\" data-src=\"\/\/sc04.alicdn.com\/kf\/H6bf27b941c6643309a971a51ccec552fu\/247315878\/H6bf27b941c6643309a971a51ccec552fu.png\" \/><\/td>\n<\/tr>\n<tr>\n<td width=\"87\"><img loading=\"lazy\" decoding=\"async\" class=\"alignright\" title=\"EMS Cuerpo Esculpir\" src=\"https:\/\/sc04.alicdn.com\/kf\/H0008c233a65c4640b312a8f64a17a8efc\/247315878\/H0008c233a65c4640b312a8f64a17a8efc.png\" alt=\"EMS Cuerpo Esculpir\" width=\"446\" height=\"272\" data-src=\"\/\/sc04.alicdn.com\/kf\/H0008c233a65c4640b312a8f64a17a8efc\/247315878\/H0008c233a65c4640b312a8f64a17a8efc.png\" \/><\/td>\n<td width=\"90\"><img loading=\"lazy\" decoding=\"async\" class=\"alignleft\" title=\"EMS Cuerpo Esculpir\" src=\"https:\/\/sc04.alicdn.com\/kf\/Ha27d9e5c07144efe98cc0306da35d533f\/247315878\/Ha27d9e5c07144efe98cc0306da35d533f.png\" alt=\"EMS Cuerpo Esculpir\" width=\"465\" height=\"293\" data-src=\"\/\/sc04.alicdn.com\/kf\/Ha27d9e5c07144efe98cc0306da35d533f\/247315878\/Ha27d9e5c07144efe98cc0306da35d533f.png\" \/><\/td>\n<\/tr>\n<tr>\n<td width=\"87\"><img loading=\"lazy\" decoding=\"async\" class=\"alignright\" title=\"EMS Cuerpo Esculpir\" src=\"https:\/\/sc04.alicdn.com\/kf\/H662ed3f19b9543fc96c4ddfb7090cc5dQ\/247315878\/H662ed3f19b9543fc96c4ddfb7090cc5dQ.png\" alt=\"EMS Cuerpo Esculpir\" width=\"438\" height=\"277\" data-src=\"\/\/sc04.alicdn.com\/kf\/H662ed3f19b9543fc96c4ddfb7090cc5dQ\/247315878\/H662ed3f19b9543fc96c4ddfb7090cc5dQ.png\" \/><\/td>\n<td width=\"90\"><img loading=\"lazy\" decoding=\"async\" class=\"alignnone wp-image-1854 size-full\" title=\"EMS Cuerpo Esculpir\" src=\"https:\/\/skbty.com\/wp-content\/uploads\/2023\/06\/\u5fae\u4fe1\u622a\u56fe_20230614171304.png\" alt=\"EMS Cuerpo Esculpir\" width=\"389\" height=\"290\" srcset=\"https:\/\/skbty.com\/wp-content\/uploads\/2023\/06\/\u5fae\u4fe1\u622a\u56fe_20230614171304.png 389w, https:\/\/skbty.com\/wp-content\/uploads\/2023\/06\/\u5fae\u4fe1\u622a\u56fe_20230614171304-300x224.png 300w\" sizes=\"auto, (max-width: 389px) 100vw, 389px\" \/><\/td>\n<\/tr>\n<\/tbody>\n<\/table>\n<\/div>\n<\/div>\n<div id=\"message-group-27c0d13d-cb91-4764-9af4-dcb2bc46da94\" class=\"GroupContainer-grQTmn gzHfNN\">\n<div class=\"GridContainer-dXkBYs ieLooV\">\n<div class=\"Container-btbEOh cjLUlV\">\n<div class=\"MessageContent-eCraCN gAXxQk\">\n<div id=\"message-5c2c767a-b6b8-4745-b92d-795bd49a3ef9\" class=\"Container-cbkHbc dwcxTM MessageWrapper-haNQyn kcGqQR selected\">\n<div class=\"MessageContainer-cCZhjv fnigol message message-assistant\">\n<div class=\"ContextContainer-hrBmDP hAPxzm context-menu-container\">\n<div class=\"MessageContentContainer-gVugAi jsbmwp message-content-container message-content-container-assistant\">\n<div class=\"block-wrapper\">\n<div class=\"markdown\">\n<h2><strong>Preguntas m\u00e1s Frecuentes (FAQ)<\/strong><\/h2>\n<p><strong>1. \u00bfEl tratamiento es doloroso? \u00bfQu\u00e9 se siente?<\/strong> No, en absoluto! Es una sensaci\u00f3n \u00fanica, pero no doloroso. Usted va a sentir que sus m\u00fasculos sometidos a muy fuertes, profundas contracciones, similar a la de un entrenamiento intenso. Al mismo tiempo, la RF componente crea una suave, c\u00e1lida sensaci\u00f3n, parecida a la de un masaje con piedras calientes. La mayor\u00eda de los usuarios encuentran c\u00f3modo y acostumbrarse a la sensaci\u00f3n en cuesti\u00f3n de minutos.<\/p>\n<p><strong>2. Qu\u00e9 tan r\u00e1pido ver\u00e9 los resultados de mi casa las sesiones?<\/strong> Usted puede sentir los resultados tangibles de la derecha despu\u00e9s de la primera sesi\u00f3n, con la zona tratada sensaci\u00f3n m\u00e1s firme y m\u00e1s fuerte. Sin embargo, los resultados visibles suelen aparecer de forma m\u00e1s gradual. El m\u00fasculo de fomento de efectos se hacen m\u00e1s notorias durante 2 a 4 semanas, mientras que la reducci\u00f3n de la grasa sigue mejorando hasta 3 meses a medida que el cuerpo elimina las c\u00e9lulas de grasa tratada. La consistencia es la clave!<\/p>\n<p><strong>3. Puedo usar todos los d\u00edas para obtener resultados m\u00e1s r\u00e1pidos?<\/strong> No, y no deber\u00eda. Al igual que con intenso de levantamiento de pesas, los m\u00fasculos necesitan tiempo para recuperarse, reparar y hacer crecer. El uso de la m\u00e1quina todos los d\u00edas iba a la sobre-entrenar los m\u00fasculos y ser contraproducente. La recomendaci\u00f3n est\u00e1ndar es para tratar un \u00e1rea de 2 a 3 veces a la semana, con al menos un d\u00eda de descanso entre sesiones para que los grupos musculares espec\u00edficos.<\/p>\n<p><strong>4. Es este un reemplazo para ir al gimnasio y comer sano?<\/strong> Por supuesto que no. Se ve mejor como un poderoso acelerador y potenciador. Una dieta saludable y ejercicio regular son cruciales para la salud en general y el mantenimiento de los resultados. El Emslim con RF es una escultura herramienta dise\u00f1ada para perfeccionar lo que ya est\u00e1 edificio, la orientaci\u00f3n de las zonas rebeldes que la dieta y el ejercicio por s\u00ed solo no puede solucionar.<\/p>\n<p><strong>5. C\u00f3mo es esto diferente de una unidad TENS puedo comprar en la farmacia?<\/strong> Esta es una excelente pregunta. Mientras tanto el uso de corrientes el\u00e9ctricas, de su prop\u00f3sito y la tecnolog\u00eda son mundos aparte. Una unidad TENS usos de baja frecuencia de la corriente el\u00e9ctrica para estimular los nervios sensoriales para bloquear las se\u00f1ales de dolor. No y no se puede contraer los m\u00fasculos con fuerza suficiente como para construir con ellas. HIFEM la tecnolog\u00eda, por otro lado, utiliza un potente, concentrado <em>campo electromagn\u00e9tico<\/em> para la derivaci\u00f3n de los nervios y de inducir directamente profundo, supram\u00e1xima de las contracciones del m\u00fasculo del tejido en s\u00ed, lo que oblig\u00f3 a adaptarse y crecer m\u00e1s fuerte.<\/p>\n<\/div>\n<\/div>\n<\/div>\n<\/div>\n<\/div>\n<\/div>\n<\/div>\n<\/div>\n<\/div>\n<\/div>\n<div>\n<h2><strong>Personalizar El Logotipo De<\/strong><\/h2>\n<p>Queremos hacer de su marca se destaque? Ofrecemos logotipo modificado para requisitos particulares de los servicios que te ayudar\u00e1n a crear un entorno \u00fanico y personalizado logotipo que refleja la identidad de su marca. Nuestro equipo de expertos trabajar\u00e1 estrechamente con usted para dise\u00f1ar un logotipo que resuena con los valores de tu marca y de mensajer\u00eda. Si usted est\u00e1 buscando para renovar su logotipo existente o crear uno nuevo desde cero, lo tenemos cubierto. <a href=\"\/es\/contacto\/\">P\u00f3ngase en contacto con nosotros<\/a> hoy para aprender m\u00e1s acerca de nuestro logotipo modificado para requisitos particulares de los servicios!<\/p>\n<\/div>","protected":false},"excerpt":{"rendered":"<p>Descubra la EMS Cuerpo que Esculpe la M\u00e1quina, una tecnolog\u00eda revolucionaria que puede ayudarle a conseguir un perfecto cuerpo mientras se est\u00e1 acostado. Reducir la grasa en un 21% y aumentar la masa muscular en un 16% con este seguro y no invasivo de la m\u00e1quina.<\/p>","protected":false},"featured_media":1950,"comment_status":"open","ping_status":"closed","template":"","meta":{"_kad_post_transparent":"default","_kad_post_title":"","_kad_post_layout":"default","_kad_post_sidebar_id":"","_kad_post_content_style":"default","_kad_post_vertical_padding":"default","_kad_post_feature":"","_kad_post_feature_position":"","_kad_post_header":false,"_kad_post_footer":false,"_kad_post_classname":"","rank_math_title":"","rank_math_description":"","rank_math_focus_keyword":""},"product_brand":[],"product_cat":[31],"product_tag":[],"class_list":{"0":"post-1938","1":"product","2":"type-product","3":"status-publish","4":"has-post-thumbnail","6":"product_cat-body-slimming","8":"first","9":"instock","10":"sale","11":"shipping-taxable","12":"purchasable","13":"product-type-simple","14":"entry","15":"content-bg","16":"loop-entry"},"_links":{"self":[{"href":"https:\/\/skbty.com\/es\/wp-json\/wp\/v2\/product\/1938","targetHints":{"allow":["GET"]}}],"collection":[{"href":"https:\/\/skbty.com\/es\/wp-json\/wp\/v2\/product"}],"about":[{"href":"https:\/\/skbty.com\/es\/wp-json\/wp\/v2\/types\/product"}],"replies":[{"embeddable":true,"href":"https:\/\/skbty.com\/es\/wp-json\/wp\/v2\/comments?post=1938"}],"wp:featuredmedia":[{"embeddable":true,"href":"https:\/\/skbty.com\/es\/wp-json\/wp\/v2\/media\/1950"}],"wp:attachment":[{"href":"https:\/\/skbty.com\/es\/wp-json\/wp\/v2\/media?parent=1938"}],"wp:term":[{"taxonomy":"product_brand","embeddable":true,"href":"https:\/\/skbty.com\/es\/wp-json\/wp\/v2\/product_brand?post=1938"},{"taxonomy":"product_cat","embeddable":true,"href":"https:\/\/skbty.com\/es\/wp-json\/wp\/v2\/product_cat?post=1938"},{"taxonomy":"product_tag","embeddable":true,"href":"https:\/\/skbty.com\/es\/wp-json\/wp\/v2\/product_tag?post=1938"}],"curies":[{"name":"WP","href":"https:\/\/api.w.org\/{rel}","templated":true}]}}