{"id":1952,"date":"2023-06-16T17:00:47","date_gmt":"2023-06-16T09:00:47","guid":{"rendered":"https:\/\/skbty.com\/?post_type=product&#038;p=1952"},"modified":"2024-06-24T14:51:25","modified_gmt":"2024-06-24T06:51:25","slug":"maquina-de-adelgazamiento-con-laser-de-1060-nm-y-4-asas","status":"publish","type":"product","link":"https:\/\/skbty.com\/es\/producto\/maquina-de-adelgazamiento-con-laser-de-1060-nm-y-4-asas\/","title":{"rendered":"M\u00e1quina de adelgazamiento con l\u00e1ser de 1060 nm y 4 manijas"},"content":{"rendered":"<div>\n<div>\n<h1><strong>M\u00e1quina de adelgazamiento con l\u00e1ser de 1060 nm y 4 manijas: revolucionando la reducci\u00f3n de grasa<\/strong><\/h1>\n<p>\u00bfEst\u00e1 cansado de luchar contra la grasa no deseada? No busque m\u00e1s que la m\u00e1quina de adelgazamiento con l\u00e1ser de 1060 nm y 4 manijas, una tecnolog\u00eda revolucionaria que desbarata y elimina las c\u00e9lulas grasas no deseadas en solo 25 minutos.<\/p>\n<h2><img loading=\"lazy\" decoding=\"async\" class=\"aligncenter\" title=\"P\u00e9rdida de peso con l\u00e1ser de 1060 nm\" src=\"https:\/\/sc04.alicdn.com\/kf\/H31f755f7f7404cf6984caf287aa43448Q\/247315878\/H31f755f7f7404cf6984caf287aa43448Q.png\" alt=\"P\u00e9rdida de peso con l\u00e1ser de 1060 nm\" width=\"571\" height=\"936\" data-src=\"\/\/sc04.alicdn.com\/kf\/H31f755f7f7404cf6984caf287aa43448Q\/247315878\/H31f755f7f7404cf6984caf287aa43448Q.png\" \/><\/h2>\n<h2><strong>\u00c1rea de tratamiento<\/strong><\/h2>\n<p>La m\u00e1quina adelgazante con 4 manijas y l\u00e1ser de 1060 nm est\u00e1 dise\u00f1ada para tratar \u00e1reas de grasa problem\u00e1tica en el cuerpo, los brazos y las piernas.<\/p>\n<h2><strong>Entrada de potencia<\/strong><\/h2>\n<p>La m\u00e1quina funciona con una tensi\u00f3n de entrada de 220\/110 V 50\/60 Hz, lo que facilita su uso y mantenimiento.<\/p>\n<h2><strong>Color de la m\u00e1quina<\/strong><\/h2>\n<p>La m\u00e1quina viene en un color blanco elegante y moderno, perfecto para cualquier cl\u00ednica o spa.<\/p>\n<h2><strong>Manijas<\/strong><\/h2>\n<p>La m\u00e1quina viene con 4 manijas, lo que la hace f\u00e1cil de usar y maniobrar.<\/p>\n<h2><strong>C\u00f3mo funciona<\/strong><\/h2>\n<p>La m\u00e1quina de adelgazamiento con l\u00e1ser de 1060 nm y 4 manijas utiliza tecnolog\u00eda avanzada para desestabilizar y eliminar las c\u00e9lulas grasas no deseadas. La longitud de onda de 1060 nm tiene una afinidad espec\u00edfica por el tejido adiposo, junto con una absorci\u00f3n m\u00ednima en la dermis, lo que permite un tratamiento eficiente de las \u00e1reas de grasa problem\u00e1tica en solo 25 minutos. Con el tiempo, el cuerpo elimina de forma natural las c\u00e9lulas grasas desestabilizadas, con resultados visibles en tan solo 6 semanas y resultados \u00f3ptimos generalmente vistos en tan solo dos meses.<\/p>\n<h2><img loading=\"lazy\" decoding=\"async\" class=\"aligncenter\" title=\"P\u00e9rdida de peso con l\u00e1ser de 1060 nm\" src=\"https:\/\/sc04.alicdn.com\/kf\/H523b8ed3512e415d96c6e93bd03539b3B\/247315878\/H523b8ed3512e415d96c6e93bd03539b3B.jpg\" alt=\"P\u00e9rdida de peso con l\u00e1ser de 1060 nm\" width=\"547\" height=\"547\" data-src=\"\/\/sc04.alicdn.com\/kf\/H523b8ed3512e415d96c6e93bd03539b3B\/247315878\/H523b8ed3512e415d96c6e93bd03539b3B.jpg\" \/><\/h2>\n<h2><strong>Caracter\u00edsticas<\/strong><\/h2>\n<p>La m\u00e1quina adelgazante con l\u00e1ser de 1060 nm y 4 manijas ofrece una variedad de caracter\u00edsticas, que incluyen:<\/p>\n<ul>\n<li>La absorci\u00f3n m\u00ednima en la dermis deja intacta la superficie de la piel.<\/li>\n<li>El enfriamiento por contacto avanzado mejora la comodidad del paciente<\/li>\n<li>La atenuaci\u00f3n de la propagaci\u00f3n del calor proporciona resultados de aspecto natural.<\/li>\n<li>Efectos secundarios leves y transitorios<\/li>\n<li>Tratamiento r\u00e1pido de 25 minutos por zona.<\/li>\n<li>Aplicadores vers\u00e1tiles que se adaptan a una variedad de formas y tama\u00f1os corporales.<\/li>\n<li>Alto ROI para aumentar los ingresos de sus pacientes m\u00e1s r\u00e1pidamente<\/li>\n<li>Equipo de soporte dedicado de Lasershape para garantizar el \u00e9xito cl\u00ednico y de marketing<\/li>\n<li>Marketing directo al consumidor para generar conciencia y clientes potenciales<\/li>\n<\/ul>\n<table style=\"border-collapse: collapse; width: 100%;\">\n<tbody>\n<tr>\n<td style=\"width: 50%;\"><img loading=\"lazy\" decoding=\"async\" class=\"aligncenter\" title=\"P\u00e9rdida de peso con l\u00e1ser de 1060 nm\" src=\"https:\/\/sc04.alicdn.com\/kf\/Hcb26690e06584d009ab316424a9c71c8M\/247315878\/Hcb26690e06584d009ab316424a9c71c8M.png\" alt=\"P\u00e9rdida de peso con l\u00e1ser de 1060 nm\" width=\"399\" height=\"260\" data-src=\"\/\/sc04.alicdn.com\/kf\/Hcb26690e06584d009ab316424a9c71c8M\/247315878\/Hcb26690e06584d009ab316424a9c71c8M.png\" \/><\/td>\n<td style=\"width: 50%;\"><img loading=\"lazy\" decoding=\"async\" class=\"aligncenter\" title=\"P\u00e9rdida de peso con l\u00e1ser de 1060 nm\" src=\"https:\/\/sc04.alicdn.com\/kf\/H3825157f491a4f2eb88c8c97f154db28Q\/247315878\/H3825157f491a4f2eb88c8c97f154db28Q.png\" alt=\"P\u00e9rdida de peso con l\u00e1ser de 1060 nm\" width=\"345\" height=\"184\" data-src=\"\/\/sc04.alicdn.com\/kf\/H3825157f491a4f2eb88c8c97f154db28Q\/247315878\/H3825157f491a4f2eb88c8c97f154db28Q.png\" \/><\/td>\n<\/tr>\n<\/tbody>\n<\/table>\n<h2><strong>Conclusi\u00f3n<\/strong><\/h2>\n<p>La m\u00e1quina de adelgazamiento con l\u00e1ser de 1060 nm y 4 manijas es una tecnolog\u00eda revolucionaria que destruye y elimina las c\u00e9lulas grasas no deseadas en solo 25 minutos. Con su facilidad de uso, efectos secundarios m\u00ednimos y tiempo de tratamiento r\u00e1pido, es la soluci\u00f3n perfecta para cualquier persona que busque reducir la grasa y lograr un f\u00edsico m\u00e1s tonificado.<\/p>\n<\/div>\n<div>\n<table style=\"border-collapse: collapse; width: 100%;\">\n<tbody>\n<tr>\n<td style=\"width: 50%;\"><img loading=\"lazy\" decoding=\"async\" class=\"aligncenter\" title=\"P\u00e9rdida de peso con l\u00e1ser de 1060 nm\" src=\"https:\/\/sc04.alicdn.com\/kf\/H948d07df04db41d48abbb1283742bd47E\/247315878\/H948d07df04db41d48abbb1283742bd47E.jpg\" alt=\"P\u00e9rdida de peso con l\u00e1ser de 1060 nm\" width=\"750\" height=\"684\" data-src=\"\/\/sc04.alicdn.com\/kf\/H948d07df04db41d48abbb1283742bd47E\/247315878\/H948d07df04db41d48abbb1283742bd47E.jpg\" \/><\/td>\n<td style=\"width: 50%;\"><img loading=\"lazy\" decoding=\"async\" class=\"aligncenter\" title=\"P\u00e9rdida de peso con l\u00e1ser de 1060 nm\" src=\"https:\/\/sc04.alicdn.com\/kf\/Hb0e010ae69b240be99383363cf528b1dk\/247315878\/Hb0e010ae69b240be99383363cf528b1dk.png\" alt=\"P\u00e9rdida de peso con l\u00e1ser de 1060 nm\" width=\"325\" height=\"426\" data-src=\"\/\/sc04.alicdn.com\/kf\/Hb0e010ae69b240be99383363cf528b1dk\/247315878\/Hb0e010ae69b240be99383363cf528b1dk.png\" \/><\/td>\n<\/tr>\n<\/tbody>\n<\/table>\n<\/div>\n<\/div>\n<div><\/div>\n<div>\n<div>\n<div>\n<div>\n<div>\n<div><\/div>\n<\/div>\n<\/div>\n<\/div>\n<\/div>\n<\/div>\n<div>\n<h3><strong>Personalizar El Logotipo De<\/strong><\/h3>\n<p>Queremos hacer de su marca se destaque? Ofrecemos logotipo modificado para requisitos particulares de los servicios que te ayudar\u00e1n a crear un entorno \u00fanico y personalizado logotipo que refleja la identidad de su marca. Nuestro equipo de expertos trabajar\u00e1 estrechamente con usted para dise\u00f1ar un logotipo que resuena con los valores de tu marca y de mensajer\u00eda. Si usted est\u00e1 buscando para renovar su logotipo existente o crear uno nuevo desde cero, lo tenemos cubierto. <a href=\"\/es\/contacto\/\">P\u00f3ngase en contacto con nosotros<\/a> hoy para aprender m\u00e1s acerca de nuestro logotipo modificado para requisitos particulares de los servicios!<\/p>\n<\/div>","protected":false},"excerpt":{"rendered":"<p>Esta nueva tecnolog\u00eda est\u00e1 optimizada para alterar y eliminar las c\u00e9lulas grasas no deseadas. La afinidad espec\u00edfica de la longitud de onda de 1060 nm por el tejido adiposo, junto con una absorci\u00f3n m\u00ednima en la dermis, tratan de manera eficiente las \u00e1reas de grasa problem\u00e1tica en solo 25 minutos. Con el tiempo, el cuerpo elimina de manera natural las c\u00e9lulas grasas alteradas y los resultados se observan en tan solo 6 semanas y, por lo general, los resultados \u00f3ptimos se pueden ver en tan solo dos meses.<\/p>","protected":false},"featured_media":1957,"comment_status":"open","ping_status":"closed","template":"","meta":{"_kad_post_transparent":"default","_kad_post_title":"","_kad_post_layout":"default","_kad_post_sidebar_id":"","_kad_post_content_style":"default","_kad_post_vertical_padding":"default","_kad_post_feature":"","_kad_post_feature_position":"","_kad_post_header":false,"_kad_post_footer":false,"_kad_post_classname":"","rank_math_title":"","rank_math_description":"","rank_math_focus_keyword":""},"product_brand":[],"product_cat":[31],"product_tag":[],"class_list":{"0":"post-1952","1":"product","2":"type-product","3":"status-publish","4":"has-post-thumbnail","6":"product_cat-body-slimming","8":"first","9":"instock","10":"shipping-taxable","11":"product-type-simple","12":"entry","13":"content-bg","14":"loop-entry"},"_links":{"self":[{"href":"https:\/\/skbty.com\/es\/wp-json\/wp\/v2\/product\/1952","targetHints":{"allow":["GET"]}}],"collection":[{"href":"https:\/\/skbty.com\/es\/wp-json\/wp\/v2\/product"}],"about":[{"href":"https:\/\/skbty.com\/es\/wp-json\/wp\/v2\/types\/product"}],"replies":[{"embeddable":true,"href":"https:\/\/skbty.com\/es\/wp-json\/wp\/v2\/comments?post=1952"}],"wp:featuredmedia":[{"embeddable":true,"href":"https:\/\/skbty.com\/es\/wp-json\/wp\/v2\/media\/1957"}],"wp:attachment":[{"href":"https:\/\/skbty.com\/es\/wp-json\/wp\/v2\/media?parent=1952"}],"wp:term":[{"taxonomy":"product_brand","embeddable":true,"href":"https:\/\/skbty.com\/es\/wp-json\/wp\/v2\/product_brand?post=1952"},{"taxonomy":"product_cat","embeddable":true,"href":"https:\/\/skbty.com\/es\/wp-json\/wp\/v2\/product_cat?post=1952"},{"taxonomy":"product_tag","embeddable":true,"href":"https:\/\/skbty.com\/es\/wp-json\/wp\/v2\/product_tag?post=1952"}],"curies":[{"name":"WP","href":"https:\/\/api.w.org\/{rel}","templated":true}]}}