{"id":1963,"date":"2023-06-16T17:09:20","date_gmt":"2023-06-16T09:09:20","guid":{"rendered":"https:\/\/skbty.com\/?post_type=product&#038;p=1963"},"modified":"2024-06-24T14:45:26","modified_gmt":"2024-06-24T06:45:26","slug":"maquina-de-adelgazamiento-corporal-con-crioterapia-robot-moldeador","status":"publish","type":"product","link":"https:\/\/skbty.com\/es\/producto\/maquina-de-adelgazamiento-corporal-con-crioterapia-robot-moldeador\/","title":{"rendered":"M\u00e1quina de adelgazamiento corporal Cryo+Ems Shaping Robot"},"content":{"rendered":"<div>\n<h1><strong>M\u00e1quina robot moldeadora: revolucionando el modelado corporal y el desarrollo muscular<\/strong><\/h1>\n<p>\u00bfEst\u00e1 cansado de luchar para lograr sus objetivos de modelado corporal y desarrollo muscular? No busque m\u00e1s que Shaping Robot Machine, una tecnolog\u00eda revolucionaria que combina la criolisis de 360\u00b0 y la tecnolog\u00eda High Pulse para ayudarlo a lograr el f\u00edsico deseado.<\/p>\n<h2><img loading=\"lazy\" decoding=\"async\" class=\"aligncenter\" title=\"M\u00e1quina robot moldeadora\" src=\"https:\/\/sc04.alicdn.com\/kf\/H0a142152216641f7afb3ebb8743d17b1I\/247315878\/H0a142152216641f7afb3ebb8743d17b1I.jpg\" alt=\"M\u00e1quina robot moldeadora\" width=\"512\" height=\"634\" data-src=\"\/\/sc04.alicdn.com\/kf\/H0a142152216641f7afb3ebb8743d17b1I\/247315878\/H0a142152216641f7afb3ebb8743d17b1I.jpg\" \/><\/h2>\n<h2><strong>Uso<\/strong><\/h2>\n<p>La m\u00e1quina robot moldeadora est\u00e1 dise\u00f1ada para usarse en el cuerpo, las piernas, los brazos y el abdomen, lo que la convierte en una herramienta vers\u00e1til para cualquier persona que busque moldear y tonificar su cuerpo.<\/p>\n<h2><img loading=\"lazy\" decoding=\"async\" class=\"aligncenter\" title=\"M\u00e1quina robot moldeadora\" src=\"https:\/\/sc04.alicdn.com\/kf\/Ha2a84251e2df484d83fb4fd5242ff4d6U\/247315878\/Ha2a84251e2df484d83fb4fd5242ff4d6U.jpg\" alt=\"M\u00e1quina robot moldeadora\" width=\"616\" height=\"1579\" data-src=\"\/\/sc04.alicdn.com\/kf\/Ha2a84251e2df484d83fb4fd5242ff4d6U\/247315878\/Ha2a84251e2df484d83fb4fd5242ff4d6U.jpg\" \/><\/h2>\n<h2><strong>Servicio y soporte OEM<\/strong><\/h2>\n<p>Ofrecemos servicio y soporte OEM para garantizar que aproveche al m\u00e1ximo su m\u00e1quina robot moldeadora.<\/p>\n<h2><strong>Manijas<\/strong><\/h2>\n<p>La m\u00e1quina robot moldeadora viene con dos manijas o una manija, lo que hace que sea f\u00e1cil de usar y maniobrar.<\/p>\n<h2><strong>Tecnolog\u00eda<\/strong><\/h2>\n<p>La m\u00e1quina Shaping Robot utiliza una combinaci\u00f3n de criolisis de 360\u00b0 y tecnolog\u00eda de alto pulso para ayudarle a alcanzar sus objetivos de modelado corporal y desarrollo muscular.<\/p>\n<h3><strong>Tecnolog\u00eda de criolisis de 360\u00b0<\/strong><\/h3>\n<p>Nuestra tecnolog\u00eda de criopolimerizaci\u00f3n 360\u00b0 utiliza bajas temperaturas para congelar y disolver las c\u00e9lulas grasas, manteniendo al mismo tiempo la integridad de la piel y los m\u00fasculos. Esta tecnolog\u00eda es perfecta para quienes buscan reducir la grasa y lograr un f\u00edsico m\u00e1s tonificado.<\/p>\n<h3><strong>Tecnolog\u00eda de pulso alto<\/strong><\/h3>\n<p>Nuestra tecnolog\u00eda High Pulse utiliza campos magn\u00e9ticos pulsados de alta intensidad para estimular el crecimiento muscular y aumentar la masa muscular. Esta tecnolog\u00eda es perfecta para quienes buscan desarrollar m\u00fasculos y lograr un f\u00edsico m\u00e1s atl\u00e9tico.<\/p>\n<h2><strong>C\u00f3mo funciona<\/strong><\/h2>\n<p>La m\u00e1quina Shaping Robot utiliza tecnolog\u00eda High Pulse para estimular las neuronas motoras, lo que activa casi 100% de fibras musculares. Esto da como resultado una quema eficaz de c\u00e9lulas lip\u00eddicas y un r\u00e1pido aumento del tejido y la densidad muscular. Al mismo tiempo, la tecnolog\u00eda 360\u00b0 Cryopolyzing congela y disuelve las c\u00e9lulas grasas, lo que permite un f\u00edsico m\u00e1s tonificado y estilizado.<\/p>\n<h2><img loading=\"lazy\" decoding=\"async\" class=\"aligncenter\" title=\"M\u00e1quina robot moldeadora\" src=\"https:\/\/sc04.alicdn.com\/kf\/Hfb62ea28c1c64fc9b4cdc65dd5397203L\/247315878\/Hfb62ea28c1c64fc9b4cdc65dd5397203L.jpg\" alt=\"M\u00e1quina robot moldeadora\" width=\"650\" height=\"1205\" data-src=\"\/\/sc04.alicdn.com\/kf\/Hfb62ea28c1c64fc9b4cdc65dd5397203L\/247315878\/Hfb62ea28c1c64fc9b4cdc65dd5397203L.jpg\" \/><\/h2>\n<h2><strong>Beneficios<\/strong><\/h2>\n<p>La m\u00e1quina robot moldeadora ofrece una variedad de beneficios, entre los que se incluyen:<\/p>\n<ul>\n<li>Aumento de la masa y densidad muscular<\/li>\n<li>Reducci\u00f3n de grasa y mejora del modelado corporal.<\/li>\n<li>Mejora el tono y la definici\u00f3n muscular<\/li>\n<li>F\u00e1cil de usar y maniobrar.<\/li>\n<\/ul>\n<h2><strong>Conclusi\u00f3n<\/strong><\/h2>\n<p>La m\u00e1quina Shaping Robot es una tecnolog\u00eda revolucionaria que combina la criolisis de 360\u00b0 y la tecnolog\u00eda High Pulse para ayudarte a lograr tus objetivos de modelado corporal y desarrollo muscular. Gracias a su facilidad de uso y versatilidad, es la herramienta perfecta para cualquier persona que busque mejorar su f\u00edsico.<\/p>\n<\/div>\n<div>\n<div><\/div>\n<div><\/div>\n<div><img loading=\"lazy\" decoding=\"async\" class=\"aligncenter\" title=\"M\u00e1quina robot moldeadora\" src=\"https:\/\/sc04.alicdn.com\/kf\/H36d0b83d12c845458b9c8b35d9d32ca3v\/247315878\/H36d0b83d12c845458b9c8b35d9d32ca3v.jpg\" alt=\"M\u00e1quina robot moldeadora\" width=\"549\" height=\"592\" data-src=\"\/\/sc04.alicdn.com\/kf\/H36d0b83d12c845458b9c8b35d9d32ca3v\/247315878\/H36d0b83d12c845458b9c8b35d9d32ca3v.jpg\" \/><\/div>\n<div>\n<h2><strong>Personalizar El Logotipo De<\/strong><\/h2>\n<p>Queremos hacer de su marca se destaque? Ofrecemos logotipo modificado para requisitos particulares de los servicios que te ayudar\u00e1n a crear un entorno \u00fanico y personalizado logotipo que refleja la identidad de su marca. Nuestro equipo de expertos trabajar\u00e1 estrechamente con usted para dise\u00f1ar un logotipo que resuena con los valores de tu marca y de mensajer\u00eda. Si usted est\u00e1 buscando para renovar su logotipo existente o crear uno nuevo desde cero, lo tenemos cubierto. <a href=\"\/es\/contacto\/\">P\u00f3ngase en contacto con nosotros<\/a> hoy para aprender m\u00e1s acerca de nuestro logotipo modificado para requisitos particulares de los servicios!<\/p>\n<p style=\"text-align: center;\">\n<\/div>\n<\/div>","protected":false},"excerpt":{"rendered":"<p>Descubra el poder de Shaping Robot Machine, una tecnolog\u00eda de vanguardia que combina la criolisis de 360\u00b0 y la tecnolog\u00eda High Pulse para ayudarle a alcanzar sus objetivos de modelado corporal y desarrollo muscular.<\/p>","protected":false},"featured_media":1969,"comment_status":"open","ping_status":"closed","template":"","meta":{"_kad_post_transparent":"default","_kad_post_title":"","_kad_post_layout":"default","_kad_post_sidebar_id":"","_kad_post_content_style":"default","_kad_post_vertical_padding":"default","_kad_post_feature":"","_kad_post_feature_position":"","_kad_post_header":false,"_kad_post_footer":false,"_kad_post_classname":"","rank_math_title":"","rank_math_description":"","rank_math_focus_keyword":""},"product_brand":[],"product_cat":[31],"product_tag":[],"class_list":{"0":"post-1963","1":"product","2":"type-product","3":"status-publish","4":"has-post-thumbnail","6":"product_cat-body-slimming","8":"first","9":"instock","10":"shipping-taxable","11":"product-type-simple","12":"entry","13":"content-bg","14":"loop-entry"},"_links":{"self":[{"href":"https:\/\/skbty.com\/es\/wp-json\/wp\/v2\/product\/1963","targetHints":{"allow":["GET"]}}],"collection":[{"href":"https:\/\/skbty.com\/es\/wp-json\/wp\/v2\/product"}],"about":[{"href":"https:\/\/skbty.com\/es\/wp-json\/wp\/v2\/types\/product"}],"replies":[{"embeddable":true,"href":"https:\/\/skbty.com\/es\/wp-json\/wp\/v2\/comments?post=1963"}],"wp:featuredmedia":[{"embeddable":true,"href":"https:\/\/skbty.com\/es\/wp-json\/wp\/v2\/media\/1969"}],"wp:attachment":[{"href":"https:\/\/skbty.com\/es\/wp-json\/wp\/v2\/media?parent=1963"}],"wp:term":[{"taxonomy":"product_brand","embeddable":true,"href":"https:\/\/skbty.com\/es\/wp-json\/wp\/v2\/product_brand?post=1963"},{"taxonomy":"product_cat","embeddable":true,"href":"https:\/\/skbty.com\/es\/wp-json\/wp\/v2\/product_cat?post=1963"},{"taxonomy":"product_tag","embeddable":true,"href":"https:\/\/skbty.com\/es\/wp-json\/wp\/v2\/product_tag?post=1963"}],"curies":[{"name":"WP","href":"https:\/\/api.w.org\/{rel}","templated":true}]}}