{"id":1970,"date":"2023-06-16T18:14:42","date_gmt":"2023-06-16T10:14:42","guid":{"rendered":"https:\/\/skbty.com\/?post_type=product&#038;p=1970"},"modified":"2024-06-24T14:37:26","modified_gmt":"2024-06-24T06:37:26","slug":"analizador-de-humedad-facial","status":"publish","type":"product","link":"https:\/\/skbty.com\/es\/producto\/analizador-de-humedad-facial\/","title":{"rendered":"Analizador de humedad facial"},"content":{"rendered":"<div>\n<h1><strong>Analizador de humedad facial: descubre los secretos de tu piel<\/strong><\/h1>\n<p>\u00bfEst\u00e1 cansado de adivinar qu\u00e9 le sucede a su piel? \u00bfQuiere conocer los secretos para lograr una piel sana y radiante? No busque m\u00e1s que el Analizador de Humedad Facial, una m\u00e1quina port\u00e1til de an\u00e1lisis de la piel que utiliza tecnolog\u00eda avanzada para brindar recomendaciones precisas y personalizadas para el cuidado de la piel.<\/p>\n<h2><strong>\u00bfQu\u00e9 es un analizador de humedad facial?<\/strong><\/h2>\n<p>El analizador de humedad facial es una m\u00e1quina port\u00e1til de an\u00e1lisis de la piel dise\u00f1ada para ayudarte a comprender mejor tu piel. Con su tecnolog\u00eda avanzada, puede detectar diversos problemas de la piel, como manchas, poros, humedad, textura y arrugas. Este dispositivo es perfecto para cualquier persona que quiera tomar el control de su rutina de cuidado de la piel y lograr una piel saludable y radiante.<\/p>\n<h2><img loading=\"lazy\" decoding=\"async\" class=\"aligncenter\" title=\"Analizador de humedad facial\" src=\"https:\/\/sc04.alicdn.com\/kf\/Hb19d432465d944e89218bbfbf526be3aJ\/247315878\/Hb19d432465d944e89218bbfbf526be3aJ.jpg\" alt=\"Analizador de humedad facial\" width=\"587\" height=\"384\" data-src=\"\/\/sc04.alicdn.com\/kf\/Hb19d432465d944e89218bbfbf526be3aJ\/247315878\/Hb19d432465d944e89218bbfbf526be3aJ.jpg\" \/><\/h2>\n<h2><strong>Descripci\u00f3n general del producto<\/strong><\/h2>\n<ul>\n<li><strong>Tipo:<\/strong>\u00a0Port\u00e1til<\/li>\n<li><strong>Nombre del producto:<\/strong>\u00a0M\u00e1quina de an\u00e1lisis de la piel<\/li>\n<li><strong>Uso:<\/strong>\u00a0Rostro<\/li>\n<\/ul>\n<h3><strong>Funci\u00f3n:<\/strong>\u00a0Escaneo de piel, an\u00e1lisis de arrugas de la piel, an\u00e1lisis de pigmentaci\u00f3n, an\u00e1lisis facial<\/h3>\n<h2><img loading=\"lazy\" decoding=\"async\" class=\"aligncenter\" title=\"Analizador de humedad facial\" src=\"https:\/\/sc04.alicdn.com\/kf\/Hd6ac1fb64c0a49bdaddcc6fac13adad6N\/247315878\/Hd6ac1fb64c0a49bdaddcc6fac13adad6N.jpg\" alt=\"Analizador de humedad facial\" width=\"565\" height=\"288\" data-src=\"\/\/sc04.alicdn.com\/kf\/Hd6ac1fb64c0a49bdaddcc6fac13adad6N\/247315878\/Hd6ac1fb64c0a49bdaddcc6fac13adad6N.jpg\" \/><\/h2>\n<h2><strong>Tecnolog\u00eda avanzada<\/strong><\/h2>\n<p>El analizador de humedad facial utiliza una combinaci\u00f3n de luz visible RGB, luz polarizada PL y tecnolog\u00eda de im\u00e1genes del espectro UV para brindar un an\u00e1lisis de la piel preciso y detallado. Esta tecnolog\u00eda se combina con inteligencia artificial y an\u00e1lisis de im\u00e1genes para brindar recomendaciones personalizadas para el cuidado de la piel.<\/p>\n<h2><strong>Presupuesto<\/strong><\/h2>\n<ul>\n<li><strong>RAM:<\/strong>\u00a02 GB<\/li>\n<li><strong>P\u00edxel:<\/strong>\u00a01500 megas<\/li>\n<li><strong>Almacenamiento:<\/strong>\u00a064 GB, tarjeta SD externa<\/li>\n<li><strong>Pantalla:<\/strong>\u00a010,1 pulgadas<\/li>\n<li><strong>Fuerza:<\/strong>\u00a045 W, 110-220 V, 50 Hz<\/li>\n<\/ul>\n<h2><strong>Magic Mirror Plus: el equipo de detecci\u00f3n de piel m\u00e1s avanzado del mundo<\/strong><\/h2>\n<p>Magic Mirror Plus es el equipo de detecci\u00f3n de piel m\u00e1s avanzado del mundo que combina captura, an\u00e1lisis y visualizaci\u00f3n 3 en 1. Con su avanzada tecnolog\u00eda de im\u00e1genes espectrales RGB, UV y PL, puede detectar 10 problemas de la piel en la dermis y la epidermis en solo 15 segundos. Este dispositivo es perfecto para empresas de cosm\u00e9tica, salones de belleza, cl\u00ednicas de piel y escuelas de formaci\u00f3n.<\/p>\n<h2><strong>C\u00f3mo funciona Magic Mirror Plus<\/strong><\/h2>\n<p>Magic Mirror Plus utiliza una combinaci\u00f3n de tecnolog\u00eda avanzada e inteligencia artificial para brindar recomendaciones precisas y personalizadas sobre el cuidado de la piel. Con 12 a\u00f1os de pruebas de mercado y 30 millones de bases de datos cl\u00ednicas, puede predecir la tendencia de la piel en el futuro de 3 a 5 a\u00f1os.<\/p>\n<h2><strong>Detalles del producto<\/strong><\/h2>\n<ul>\n<li>C\u00e1mara HD RGB+UV+PL de 20 megap\u00edxeles con tecnolog\u00eda de enfoque autom\u00e1tico<\/li>\n<li>Sistema de c\u00e1mara de sombreado patentado con dise\u00f1o oculto de cuentas el\u00e1sticas en miniatura de tipo pulsador<\/li>\n<li>Uso de la tableta Android de 10,1 pulgadas<\/li>\n<\/ul>\n<h2><img loading=\"lazy\" decoding=\"async\" class=\"aligncenter\" title=\"Analizador de humedad facial\" src=\"https:\/\/sc04.alicdn.com\/kf\/H3f8fd33eb88d47b3b0905dbc713138a6i\/247315878\/H3f8fd33eb88d47b3b0905dbc713138a6i.jpg\" alt=\"Analizador de humedad facial\" width=\"688\" height=\"322\" data-src=\"\/\/sc04.alicdn.com\/kf\/H3f8fd33eb88d47b3b0905dbc713138a6i\/247315878\/H3f8fd33eb88d47b3b0905dbc713138a6i.jpg\" \/><\/h2>\n<h2><strong>Sistema y Estructura<\/strong><\/h2>\n<p>El analizador de humedad facial tiene una interfaz f\u00e1cil de usar que le permite navegar f\u00e1cilmente a trav\u00e9s del proceso de an\u00e1lisis de la piel. El sistema identifica autom\u00e1ticamente el \u00e1rea de an\u00e1lisis y usted puede ajustarla seg\u00fan sea necesario.<\/p>\n<h2><strong>Entendiendo el envejecimiento de la piel y embelleci\u00e9ndola<\/strong><\/h2>\n<p>El analizador de humedad facial proporciona dos predicciones: envejecimiento de la piel y embellecimiento de la piel. El envejecimiento de la piel representa la predicci\u00f3n del estado de la piel en los pr\u00f3ximos 3 a 5 a\u00f1os sin ning\u00fan tratamiento o terapia para el cuidado de la piel. El embellecimiento de la piel representa la predicci\u00f3n del estado de embellecimiento de la piel en los pr\u00f3ximos 3 a 5 a\u00f1os con tratamientos profesionales para el cuidado de la piel.<\/p>\n<h2><strong>Conclusi\u00f3n<\/strong><\/h2>\n<p>El analizador de humedad facial es una revolucionaria m\u00e1quina de an\u00e1lisis de la piel que puede ayudarte a descubrir los secretos de tu piel. Con su tecnolog\u00eda avanzada y recomendaciones personalizadas para el cuidado de la piel, es el dispositivo perfecto para cualquier persona que desee lograr una piel saludable y radiante.<\/p>\n<\/div>\n<div>\n<div>\n<div>\n<div>\n<div>\n<div>\n<h2><strong>Personalizar El Logotipo De<\/strong><\/h2>\n<p>Queremos hacer de su marca se destaque? Ofrecemos logotipo modificado para requisitos particulares de los servicios que te ayudar\u00e1n a crear un entorno \u00fanico y personalizado logotipo que refleja la identidad de su marca. Nuestro equipo de expertos trabajar\u00e1 estrechamente con usted para dise\u00f1ar un logotipo que resuena con los valores de tu marca y de mensajer\u00eda. Si usted est\u00e1 buscando para renovar su logotipo existente o crear uno nuevo desde cero, lo tenemos cubierto. <a href=\"\/es\/contacto\/\">P\u00f3ngase en contacto con nosotros<\/a> hoy para aprender m\u00e1s acerca de nuestro logotipo modificado para requisitos particulares de los servicios!<\/p>\n<p style=\"text-align: center;\">\n<\/div>\n<\/div>\n<\/div>\n<\/div>\n<\/div>\n<\/div>","protected":false},"excerpt":{"rendered":"<p>Descubra el poder del analizador de humedad facial, una revolucionaria m\u00e1quina de an\u00e1lisis de la piel que revela los secretos de su piel. Descubra c\u00f3mo Magic Mirror Plus utiliza tecnolog\u00eda avanzada para brindar recomendaciones precisas y personalizadas para el cuidado de la piel.<\/p>","protected":false},"featured_media":1977,"comment_status":"open","ping_status":"closed","template":"","meta":{"_kad_post_transparent":"default","_kad_post_title":"","_kad_post_layout":"default","_kad_post_sidebar_id":"","_kad_post_content_style":"default","_kad_post_vertical_padding":"default","_kad_post_feature":"","_kad_post_feature_position":"","_kad_post_header":false,"_kad_post_footer":false,"_kad_post_classname":"","rank_math_title":"","rank_math_description":"","rank_math_focus_keyword":""},"product_brand":[],"product_cat":[32],"product_tag":[],"class_list":{"0":"post-1970","1":"product","2":"type-product","3":"status-publish","4":"has-post-thumbnail","6":"product_cat-skin-analyzer","8":"first","9":"instock","10":"shipping-taxable","11":"product-type-simple","12":"entry","13":"content-bg","14":"loop-entry"},"_links":{"self":[{"href":"https:\/\/skbty.com\/es\/wp-json\/wp\/v2\/product\/1970","targetHints":{"allow":["GET"]}}],"collection":[{"href":"https:\/\/skbty.com\/es\/wp-json\/wp\/v2\/product"}],"about":[{"href":"https:\/\/skbty.com\/es\/wp-json\/wp\/v2\/types\/product"}],"replies":[{"embeddable":true,"href":"https:\/\/skbty.com\/es\/wp-json\/wp\/v2\/comments?post=1970"}],"wp:featuredmedia":[{"embeddable":true,"href":"https:\/\/skbty.com\/es\/wp-json\/wp\/v2\/media\/1977"}],"wp:attachment":[{"href":"https:\/\/skbty.com\/es\/wp-json\/wp\/v2\/media?parent=1970"}],"wp:term":[{"taxonomy":"product_brand","embeddable":true,"href":"https:\/\/skbty.com\/es\/wp-json\/wp\/v2\/product_brand?post=1970"},{"taxonomy":"product_cat","embeddable":true,"href":"https:\/\/skbty.com\/es\/wp-json\/wp\/v2\/product_cat?post=1970"},{"taxonomy":"product_tag","embeddable":true,"href":"https:\/\/skbty.com\/es\/wp-json\/wp\/v2\/product_tag?post=1970"}],"curies":[{"name":"WP","href":"https:\/\/api.w.org\/{rel}","templated":true}]}}