{"id":1979,"date":"2023-06-16T18:32:15","date_gmt":"2023-06-16T10:32:15","guid":{"rendered":"https:\/\/skbty.com\/?post_type=product&#038;p=1979"},"modified":"2025-12-05T18:57:46","modified_gmt":"2025-12-05T10:57:46","slug":"maquina-facial-de-oxigeno-e-hidrogeno-h2o2","status":"publish","type":"product","link":"https:\/\/skbty.com\/es\/producto\/maquina-facial-de-oxigeno-e-hidrogeno-h2o2\/","title":{"rendered":"M\u00e1quina facial de ox\u00edgeno e hidr\u00f3geno 6\/7 en 1"},"content":{"rendered":"<div>\n<h2>M\u00e1quina facial de ox\u00edgeno e hidr\u00f3geno con dermoabrasi\u00f3n hidro 6\/7 en 1<\/h2>\n<h3>M\u00e1quina facial de ox\u00edgeno e hidr\u00f3geno de hidrodermoabrasi\u00f3n profesional 6\/7 en 1<\/h3>\n<p>La m\u00e1quina facial profesional 6\/7 en 1 con hidrodermoabrasi\u00f3n y ox\u00edgeno revitaliza, nutre, ilumina e hidrata profundamente su piel utilizando los poderes curativos naturales del agua y el ox\u00edgeno.<\/p>\n<p><img loading=\"lazy\" decoding=\"async\" class=\"aligncenter wp-image-2062\" title=\"M\u00e1quina facial de ox\u00edgeno e hidr\u00f3geno\" src=\"https:\/\/skbty.com\/wp-content\/uploads\/2023\/06\/H349fe795da8542dcb13397ad3a29fa558.jpg\" alt=\"M\u00e1quina facial de ox\u00edgeno e hidr\u00f3geno\" width=\"536\" height=\"830\" srcset=\"https:\/\/skbty.com\/wp-content\/uploads\/2023\/06\/H349fe795da8542dcb13397ad3a29fa558.jpg 750w, https:\/\/skbty.com\/wp-content\/uploads\/2023\/06\/H349fe795da8542dcb13397ad3a29fa558-194x300.jpg 194w, https:\/\/skbty.com\/wp-content\/uploads\/2023\/06\/H349fe795da8542dcb13397ad3a29fa558-661x1024.jpg 661w, https:\/\/skbty.com\/wp-content\/uploads\/2023\/06\/H349fe795da8542dcb13397ad3a29fa558-600x929.jpg 600w\" sizes=\"auto, (max-width: 536px) 100vw, 536px\" \/><\/p>\n<p><strong>\u00a1DALE A TU PIEL LA ATENCI\u00d3N QUE SE MERECE!<\/strong><\/p>\n<p>Esta m\u00e1quina, que normalmente cuesta miles de d\u00f3lares en los mayoristas, ahora est\u00e1 disponible para uso dom\u00e9stico a una fracci\u00f3n del costo. Los tratamientos tradicionales de hidrodermoabrasi\u00f3n pueden ser duros, pero la infusi\u00f3n de agua y ox\u00edgeno hace que este tratamiento sea m\u00e1s suave y c\u00f3modo.<\/p>\n<h3>\u00bfQu\u00e9 es la hidrodermoabrasi\u00f3n?<\/h3>\n<p>La hidrodermoabrasi\u00f3n es un tratamiento facial de vanguardia que limpia, desintoxica, exfolia y extrae impurezas mientras hidrata profundamente la piel. Tambi\u00e9n reduce las l\u00edneas finas, las arrugas, los poros dilatados, la hiperpigmentaci\u00f3n y el tono desigual de la piel. Al combinar la microdermoabrasi\u00f3n con agua y ox\u00edgeno, rejuvenece la piel para lograr un brillo hidratado, saludable y juvenil.<\/p>\n<h3><img loading=\"lazy\" decoding=\"async\" class=\"aligncenter wp-image-2796 size-full\" title=\"M\u00e1quina facial de ox\u00edgeno e hidr\u00f3geno\" src=\"https:\/\/skbty.com\/wp-content\/uploads\/2023\/06\/h2o2-howwork-3.webp\" alt=\"M\u00e1quina facial de ox\u00edgeno e hidr\u00f3geno\" width=\"400\" height=\"225\" srcset=\"https:\/\/skbty.com\/wp-content\/uploads\/2023\/06\/h2o2-howwork-3.webp 400w, https:\/\/skbty.com\/wp-content\/uploads\/2023\/06\/h2o2-howwork-3-300x169.webp 300w\" sizes=\"auto, (max-width: 400px) 100vw, 400px\" \/><\/h3>\n<h3>\u00bfC\u00f3mo funciona?<\/h3>\n<p><strong>Exfoliar y extraer:<\/strong><br \/>\nEl agua suaviza la capa externa de la piel, donde se encuentran las impurezas. La succi\u00f3n al vac\u00edo exfolia y extrae las c\u00e9lulas cut\u00e1neas muertas, el sebo, el exceso de grasa, los puntos negros y blancos, y destapa los poros. La eliminaci\u00f3n de esta barrera estimula el crecimiento de nuevas c\u00e9lulas, revelando una piel joven.<\/p>\n<h3><img loading=\"lazy\" decoding=\"async\" class=\"aligncenter wp-image-2797 size-full\" title=\"M\u00e1quina facial de ox\u00edgeno e hidr\u00f3geno\" src=\"https:\/\/skbty.com\/wp-content\/uploads\/2023\/06\/h2o2-howwork-2.webp\" alt=\"M\u00e1quina facial de ox\u00edgeno e hidr\u00f3geno\" width=\"480\" height=\"270\" srcset=\"https:\/\/skbty.com\/wp-content\/uploads\/2023\/06\/h2o2-howwork-2.webp 480w, https:\/\/skbty.com\/wp-content\/uploads\/2023\/06\/h2o2-howwork-2-300x169.webp 300w\" sizes=\"auto, (max-width: 480px) 100vw, 480px\" \/><\/h3>\n<p><strong>Mejorar:<\/strong><br \/>\nLa succi\u00f3n al vac\u00edo aumenta la circulaci\u00f3n sangu\u00ednea y desencadena el proceso de curaci\u00f3n natural, estimulando el col\u00e1geno y la elastina. Deja la piel firme, fresca y radiante. Al eliminar la capa superior de c\u00e9lulas cut\u00e1neas muertas, los productos para el cuidado de la piel penetran hasta 20 veces m\u00e1s profundamente, maximizando sus beneficios.<\/p>\n<h3><\/h3>\n<div><\/div>\n<div>\n<table style=\"border-collapse: collapse; width: 100%;\">\n<tbody>\n<tr>\n<td style=\"width: 50%;\"><img loading=\"lazy\" decoding=\"async\" class=\"aligncenter\" title=\"M\u00e1quina facial de ox\u00edgeno e hidr\u00f3geno\" src=\"https:\/\/sc04.alicdn.com\/kf\/H19e4079ac93946b3bfe69172bfb6816fK\/247315878\/H19e4079ac93946b3bfe69172bfb6816fK.jpg\" alt=\"M\u00e1quina facial de ox\u00edgeno e hidr\u00f3geno\" width=\"534\" height=\"468\" data-src=\"\/\/sc04.alicdn.com\/kf\/H19e4079ac93946b3bfe69172bfb6816fK\/247315878\/H19e4079ac93946b3bfe69172bfb6816fK.jpg\" \/><\/td>\n<td style=\"width: 50%;\"><img loading=\"lazy\" decoding=\"async\" class=\"aligncenter wp-image-2065\" title=\"M\u00e1quina facial de ox\u00edgeno e hidr\u00f3geno\" src=\"https:\/\/skbty.com\/wp-content\/uploads\/2023\/06\/Hec216d1b208f4e9a9ef65182c5f23123l.jpg\" alt=\"M\u00e1quina facial de ox\u00edgeno e hidr\u00f3geno\" width=\"492\" height=\"507\" srcset=\"https:\/\/skbty.com\/wp-content\/uploads\/2023\/06\/Hec216d1b208f4e9a9ef65182c5f23123l.jpg 750w, https:\/\/skbty.com\/wp-content\/uploads\/2023\/06\/Hec216d1b208f4e9a9ef65182c5f23123l-291x300.jpg 291w, https:\/\/skbty.com\/wp-content\/uploads\/2023\/06\/Hec216d1b208f4e9a9ef65182c5f23123l-600x618.jpg 600w\" sizes=\"auto, (max-width: 492px) 100vw, 492px\" \/><\/td>\n<\/tr>\n<\/tbody>\n<\/table>\n<\/div>\n<div><\/div>\n<h3>Beneficios de la m\u00e1quina facial de ox\u00edgeno e hidr\u00f3geno con microdermoabrasi\u00f3n Hydra<\/h3>\n<ul>\n<li><strong>Limpieza profunda:<\/strong> Elimina las c\u00e9lulas muertas de la piel y las impurezas para una tez m\u00e1s clara.<\/li>\n<li><strong>Hidrata la piel:<\/strong> Promueve una barrera cut\u00e1nea equilibrada y saludable.<\/li>\n<li><strong>Reduce l\u00edneas finas y arrugas:<\/strong> Mejora la apariencia de la piel eliminando las c\u00e9lulas muertas y las impurezas.<\/li>\n<li><strong>Uniformiza el tono de la piel:<\/strong> Reduce la decoloraci\u00f3n, las manchas de pigmentaci\u00f3n y los tonos desiguales de la piel.<\/li>\n<\/ul>\n<h3><img loading=\"lazy\" decoding=\"async\" class=\"aligncenter wp-image-2064\" title=\"M\u00e1quina facial de ox\u00edgeno e hidr\u00f3geno\" src=\"https:\/\/skbty.com\/wp-content\/uploads\/2023\/06\/H158366cdcc384d06b1b75abaae40536eL.jpg\" alt=\"M\u00e1quina facial de ox\u00edgeno e hidr\u00f3geno\" width=\"505\" height=\"558\" srcset=\"https:\/\/skbty.com\/wp-content\/uploads\/2023\/06\/H158366cdcc384d06b1b75abaae40536eL.jpg 750w, https:\/\/skbty.com\/wp-content\/uploads\/2023\/06\/H158366cdcc384d06b1b75abaae40536eL-272x300.jpg 272w, https:\/\/skbty.com\/wp-content\/uploads\/2023\/06\/H158366cdcc384d06b1b75abaae40536eL-600x662.jpg 600w\" sizes=\"auto, (max-width: 505px) 100vw, 505px\" \/><\/h3>\n<h3>Ventajas de la m\u00e1quina facial de ox\u00edgeno e hidr\u00f3geno de cuarta generaci\u00f3n<\/h3>\n<ul>\n<li><strong>Bombas dobles grandes:<\/strong> Equipado con 2 bombas grandes para un rendimiento \u00f3ptimo, superando a los competidores con solo 1 bomba mediana o peque\u00f1a.<\/li>\n<li><strong>Succi\u00f3n superior:<\/strong> Proporciona una limpieza profunda pero suave.<\/li>\n<li><strong>Funcionamiento silencioso:<\/strong> Genera 50% menos ruido que otras marcas.<\/li>\n<li><strong>Consejos para cuidar la piel:<\/strong> Incluye puntas de silicona para un tacto m\u00e1s suave en la piel.<\/li>\n<li><strong>Penetraci\u00f3n mejorada:<\/strong> Logra una mayor penetraci\u00f3n del producto 90% con la sonda de hidrataci\u00f3n de ox\u00edgeno e hidr\u00f3geno mejorada.<\/li>\n<li><strong>Construcci\u00f3n de alta calidad:<\/strong> Fabricado con materias primas de primera calidad.<\/li>\n<li><strong>Soluciones ricas en nutrientes:<\/strong> Viene con un conjunto de soluciones l\u00edquidas de nutrientes totalmente naturales.<\/li>\n<li><strong>Embalaje profesional:<\/strong> Se entrega en un paquete de caja de aire profesional para una protecci\u00f3n \u00f3ptima.<\/li>\n<li><strong>Garant\u00eda y soporte:<\/strong> Incluye una garant\u00eda mejorada y soporte t\u00e9cnico de por vida.<\/li>\n<\/ul>\n<h3>S\u00f3lo 10 minutos, una vez por semana<\/h3>\n<p>\u00a1Eso es todo lo que necesitas para lograr la mejor piel de tu vida! Despu\u00e9s del primer tratamiento, tu piel se sentir\u00e1 muy suave y nueva. Despu\u00e9s de 4 tratamientos, notar\u00e1s mejoras notables: una piel m\u00e1s firme, m\u00e1s suave y aterciopelada. Las cicatrices leves de acn\u00e9 y las manchas solares pueden disminuir, y experimentar\u00e1s menos brotes, l\u00edneas finas y arrugas.<\/p>\n<\/div>\n<h3>Accesorios<\/h3>\n<div><strong>Pulverizador de ox\u00edgeno<\/strong><br \/>\nPara hidratar, iluminar y rejuvenecer la piel.<br \/>\n<strong>Mango ultras\u00f3nico<\/strong><br \/>\nLa vibraci\u00f3n de alta frecuencia relaja la piel y mejora la absorci\u00f3n de nutrientes.<br \/>\n<strong>Martillo fr\u00edo<\/strong><br \/>\nPara reducir los poros, tensar y calmar la piel, aumentar la elasticidad y reducir las arrugas y el enrojecimiento.<br \/>\n<strong>Depurador de piel<\/strong><br \/>\nPara eliminar la piel muerta, mejorando el estado de la piel.<\/div>\n<div><strong>L\u00e1piz de dermoabrasi\u00f3n Hydra<\/strong><\/div>\n<div>Para una limpieza profunda de la piel, eliminaci\u00f3n de grasa y puntos negros y aumento de la elasticidad.<br \/>\n<strong>Mango de RF bipolar<\/strong><\/div>\n<div>Para levantar y tensar la piel, eliminar arrugas.<\/div>\n<div>\n<table style=\"border-collapse: collapse; width: 100%;\">\n<tbody>\n<tr>\n<td style=\"width: 50%;\"><img loading=\"lazy\" decoding=\"async\" class=\"aligncenter\" title=\"M\u00e1quina facial de ox\u00edgeno e hidr\u00f3geno\" src=\"https:\/\/sc04.alicdn.com\/kf\/H4e7641065f3d430eac8f7994bd0719523\/247315878\/H4e7641065f3d430eac8f7994bd0719523.jpg\" alt=\"M\u00e1quina facial de ox\u00edgeno e hidr\u00f3geno\" width=\"394\" height=\"417\" data-src=\"\/\/sc04.alicdn.com\/kf\/H4e7641065f3d430eac8f7994bd0719523\/247315878\/H4e7641065f3d430eac8f7994bd0719523.jpg\" \/><\/td>\n<td style=\"width: 50%;\"><img loading=\"lazy\" decoding=\"async\" class=\"aligncenter\" title=\"M\u00e1quina facial de ox\u00edgeno e hidr\u00f3geno\" src=\"https:\/\/sc04.alicdn.com\/kf\/H23620bd3f0ba48b090cc2daa2767506cM\/247315878\/H23620bd3f0ba48b090cc2daa2767506cM.jpg\" alt=\"M\u00e1quina facial de ox\u00edgeno e hidr\u00f3geno\" width=\"447\" height=\"427\" data-src=\"\/\/sc04.alicdn.com\/kf\/H23620bd3f0ba48b090cc2daa2767506cM\/247315878\/H23620bd3f0ba48b090cc2daa2767506cM.jpg\" \/><\/td>\n<\/tr>\n<\/tbody>\n<\/table>\n<\/div>\n<div>\n<h3>Luz de 7 LED<\/h3>\n<div><strong>Luz roja: <\/strong>Ilumina la piel, aumenta la elasticidad de la piel.<\/div>\n<div><strong>Luz azul: <\/strong>Esterilizaci\u00f3n antiinflamatoria antiacn\u00e9.<\/div>\n<div><strong>Luz verde: <\/strong>Calma la piel, mantiene el equilibrio de agua y aceite.<\/div>\n<div>\n<div><strong>Luz amarilla: <\/strong>Reduce el enrojecimiento y eritema de la piel.<\/div>\n<p><strong>Luz violeta: <\/strong>Blanquear la piel y reducir el acn\u00e9.<br \/>\n<strong>Luz cian: <\/strong>Aumenta la energ\u00eda celular. Promueve el metabolismo.<br \/>\n<strong>Luz blanca: <\/strong>Reduce arrugas, reafirma la piel.<\/p>\n<\/div>\n<div style=\"text-align: center;\"><\/div>\n<div>\n<table style=\"border-collapse: collapse; width: 100%;\">\n<tbody>\n<tr>\n<td style=\"width: 50%;\"><img loading=\"lazy\" decoding=\"async\" class=\"magic-13 aligncenter\" title=\"M\u00e1quina facial de ox\u00edgeno e hidr\u00f3geno\" src=\"https:\/\/sc04.alicdn.com\/kf\/H958ae3f8a614413e985f34a7adbbfadbp\/247315878\/H958ae3f8a614413e985f34a7adbbfadbp.jpg\" alt=\"M\u00e1quina facial de ox\u00edgeno e hidr\u00f3geno\" width=\"512\" height=\"522\" data-src=\"\/\/sc04.alicdn.com\/kf\/H958ae3f8a614413e985f34a7adbbfadbp\/247315878\/H958ae3f8a614413e985f34a7adbbfadbp.jpg\" \/><\/td>\n<td style=\"width: 50%;\"><img loading=\"lazy\" decoding=\"async\" class=\"aligncenter\" title=\"M\u00e1quina facial de ox\u00edgeno e hidr\u00f3geno\" src=\"https:\/\/sc04.alicdn.com\/kf\/H063b765e305243fd8352bfc37e8c91a0p\/247315878\/H063b765e305243fd8352bfc37e8c91a0p.jpg\" alt=\"M\u00e1quina facial de ox\u00edgeno e hidr\u00f3geno\" width=\"534\" height=\"538\" data-src=\"\/\/sc04.alicdn.com\/kf\/H063b765e305243fd8352bfc37e8c91a0p\/247315878\/H063b765e305243fd8352bfc37e8c91a0p.jpg\" \/><\/td>\n<\/tr>\n<\/tbody>\n<\/table>\n<\/div>\n<div><\/div>\n<\/div>\n<div>\n<div><\/div>\n<div><\/div>\n<div><img loading=\"lazy\" decoding=\"async\" class=\"aligncenter\" title=\"M\u00e1quina facial de ox\u00edgeno e hidr\u00f3geno\" src=\"https:\/\/sc04.alicdn.com\/kf\/H1682f395701b4d43be53e265d65bb5d9t\/247315878\/H1682f395701b4d43be53e265d65bb5d9t.jpg\" alt=\"M\u00e1quina facial de ox\u00edgeno e hidr\u00f3geno\" width=\"750\" height=\"762\" data-src=\"\/\/sc04.alicdn.com\/kf\/H1682f395701b4d43be53e265d65bb5d9t\/247315878\/H1682f395701b4d43be53e265d65bb5d9t.jpg\" \/><\/div>\n<div><strong>Cabezal de peeling de agua<\/strong><br \/>\nEl agua pura se purifica para producir mol\u00e9culas finas de H2 en la superficie de la piel, de modo que las mol\u00e9culas de agua penetran r\u00e1pidamente en la piel.<\/div>\n<div><strong>Depurador de piel<\/strong><br \/>\nVibrar para eliminar la piel muerta y eliminar el exceso de cut\u00edcula.<\/div>\n<div><strong>Martillo genial<\/strong><br \/>\nMartillo fr\u00edo, enfriamiento r\u00e1pido, encoge los poros y calma la piel.<\/div>\n<div><strong>Ultrasonido<\/strong><br \/>\nVibraci\u00f3n de alta frecuencia, infusi\u00f3n eficiente.<\/div>\n<div>\n<div><strong>Pistola pulverizadora de agua<\/strong><br \/>\nEl instrumento genera una soluci\u00f3n combinada de iones de agua y alto contenido de ox\u00edgeno, y la pistola rociadora la dirige hacia la capa de la dermis.<\/div>\n<div><strong>RF de dos polos<\/strong><br \/>\nPromueve la regeneraci\u00f3n del col\u00e1geno, rellena las arrugas, restaura la elasticidad.<\/div>\n<\/div>\n<div>\n<table style=\"border-collapse: collapse; width: 100%;\">\n<tbody>\n<tr>\n<td style=\"width: 50%;\"><img loading=\"lazy\" decoding=\"async\" class=\"aligncenter wp-image-2795 size-large\" title=\"M\u00e1quina facial de ox\u00edgeno e hidr\u00f3geno\" src=\"https:\/\/skbty.com\/wp-content\/uploads\/2023\/06\/h2o2-facial-1-1024x880.jpg\" alt=\"M\u00e1quina facial de ox\u00edgeno e hidr\u00f3geno\" width=\"1024\" height=\"880\" srcset=\"https:\/\/skbty.com\/wp-content\/uploads\/2023\/06\/h2o2-facial-1-1024x880.jpg 1024w, https:\/\/skbty.com\/wp-content\/uploads\/2023\/06\/h2o2-facial-1-300x258.jpg 300w, https:\/\/skbty.com\/wp-content\/uploads\/2023\/06\/h2o2-facial-1-768x660.jpg 768w, https:\/\/skbty.com\/wp-content\/uploads\/2023\/06\/h2o2-facial-1-600x516.jpg 600w, https:\/\/skbty.com\/wp-content\/uploads\/2023\/06\/h2o2-facial-1.jpg 1138w\" sizes=\"auto, (max-width: 1024px) 100vw, 1024px\" \/><\/td>\n<td style=\"width: 50%;\"><img loading=\"lazy\" decoding=\"async\" class=\"aligncenter wp-image-2794 size-large\" title=\"M\u00e1quina facial de ox\u00edgeno e hidr\u00f3geno\" src=\"https:\/\/skbty.com\/wp-content\/uploads\/2023\/06\/h2o2-facial-2-1024x837.jpg\" alt=\"M\u00e1quina facial de ox\u00edgeno e hidr\u00f3geno\" width=\"1024\" height=\"837\" srcset=\"https:\/\/skbty.com\/wp-content\/uploads\/2023\/06\/h2o2-facial-2-1024x837.jpg 1024w, https:\/\/skbty.com\/wp-content\/uploads\/2023\/06\/h2o2-facial-2-300x245.jpg 300w, https:\/\/skbty.com\/wp-content\/uploads\/2023\/06\/h2o2-facial-2-768x628.jpg 768w, https:\/\/skbty.com\/wp-content\/uploads\/2023\/06\/h2o2-facial-2-600x491.jpg 600w, https:\/\/skbty.com\/wp-content\/uploads\/2023\/06\/h2o2-facial-2.jpg 1152w\" sizes=\"auto, (max-width: 1024px) 100vw, 1024px\" \/><\/td>\n<\/tr>\n<\/tbody>\n<\/table>\n<\/div>\n<div><\/div>\n<div><strong style=\"font-family: 'Playfair Display', serif; font-size: 24px; text-transform: capitalize;\">Personalizar El Logotipo De<\/strong><\/div>\n<\/div>\n<div>\n<p>Queremos hacer de su marca se destaque? Ofrecemos logotipo modificado para requisitos particulares de los servicios que te ayudar\u00e1n a crear un entorno \u00fanico y personalizado logotipo que refleja la identidad de su marca. Nuestro equipo de expertos trabajar\u00e1 estrechamente con usted para dise\u00f1ar un logotipo que resuena con los valores de tu marca y de mensajer\u00eda. Si usted est\u00e1 buscando para renovar su logotipo existente o crear uno nuevo desde cero, lo tenemos cubierto. <a href=\"\/es\/contacto\/\">P\u00f3ngase en contacto con nosotros<\/a> hoy para aprender m\u00e1s acerca de nuestro logotipo modificado para requisitos particulares de los servicios!<\/p>\n<\/div>\n<div>\n<div><\/div>\n<\/div>","protected":false},"excerpt":{"rendered":"<p>\u2662 Hidrataci\u00f3n de la piel<br \/>\n\u2662 Tensado de la piel<br \/>\n\u2662 Sedaci\u00f3n cut\u00e1nea<br \/>\n\u2662 Blanqueamiento de la piel<br \/>\n\u2662 Eliminaci\u00f3n de puntos negros<br \/>\n\u2662 Eliminaci\u00f3n de arrugas<\/p>","protected":false},"featured_media":2070,"comment_status":"open","ping_status":"closed","template":"","meta":{"_kad_post_transparent":"default","_kad_post_title":"","_kad_post_layout":"default","_kad_post_sidebar_id":"","_kad_post_content_style":"default","_kad_post_vertical_padding":"default","_kad_post_feature":"","_kad_post_feature_position":"","_kad_post_header":false,"_kad_post_footer":false,"_kad_post_classname":"","rank_math_title":"","rank_math_description":"","rank_math_focus_keyword":""},"product_brand":[],"product_cat":[33],"product_tag":[],"class_list":{"0":"post-1979","1":"product","2":"type-product","3":"status-publish","4":"has-post-thumbnail","6":"product_cat-face-care","7":"product_shipping_class-sk-fc002","9":"first","10":"instock","11":"sale","12":"shipping-taxable","13":"purchasable","14":"product-type-variable","15":"entry","16":"content-bg","17":"loop-entry"},"_links":{"self":[{"href":"https:\/\/skbty.com\/es\/wp-json\/wp\/v2\/product\/1979","targetHints":{"allow":["GET"]}}],"collection":[{"href":"https:\/\/skbty.com\/es\/wp-json\/wp\/v2\/product"}],"about":[{"href":"https:\/\/skbty.com\/es\/wp-json\/wp\/v2\/types\/product"}],"replies":[{"embeddable":true,"href":"https:\/\/skbty.com\/es\/wp-json\/wp\/v2\/comments?post=1979"}],"wp:featuredmedia":[{"embeddable":true,"href":"https:\/\/skbty.com\/es\/wp-json\/wp\/v2\/media\/2070"}],"wp:attachment":[{"href":"https:\/\/skbty.com\/es\/wp-json\/wp\/v2\/media?parent=1979"}],"wp:term":[{"taxonomy":"product_brand","embeddable":true,"href":"https:\/\/skbty.com\/es\/wp-json\/wp\/v2\/product_brand?post=1979"},{"taxonomy":"product_cat","embeddable":true,"href":"https:\/\/skbty.com\/es\/wp-json\/wp\/v2\/product_cat?post=1979"},{"taxonomy":"product_tag","embeddable":true,"href":"https:\/\/skbty.com\/es\/wp-json\/wp\/v2\/product_tag?post=1979"}],"curies":[{"name":"WP","href":"https:\/\/api.w.org\/{rel}","templated":true}]}}