{"id":1994,"date":"2023-06-16T22:01:05","date_gmt":"2023-06-16T14:01:05","guid":{"rendered":"https:\/\/skbty.com\/?post_type=product&#038;p=1994"},"modified":"2025-12-05T18:45:33","modified_gmt":"2025-12-05T10:45:33","slug":"maquina-de-belleza-de-plasma-2-en-1-2","status":"publish","type":"product","link":"https:\/\/skbty.com\/es\/producto\/maquina-de-belleza-de-plasma-2-en-1-2\/","title":{"rendered":"M\u00e1quina de belleza de plasma 2 en 1"},"content":{"rendered":"<div>\n<h1><strong>M\u00e1quina de belleza de plasma 2 en 1: revolucionando el tratamiento de la piel<\/strong><\/h1>\n<h3><strong>\u00bfQu\u00e9 es la m\u00e1quina de belleza de plasma 2 en 1?<\/strong><\/h3>\n<p>La m\u00e1quina de belleza de plasma 2 en 1 es un dispositivo de vanguardia que utiliza tecnolog\u00eda avanzada de transferencia de plasma TDDS para brindar una variedad de tratamientos para la piel. Esta m\u00e1quina est\u00e1 dise\u00f1ada para brindar una soluci\u00f3n segura y eficaz para diversos problemas de la piel, incluido el acn\u00e9, las cicatrices y el envejecimiento de la piel.<\/p>\n<table style=\"border-collapse: collapse; width: 100%;\">\n<tbody>\n<tr>\n<td style=\"width: 50%;\"><img loading=\"lazy\" decoding=\"async\" class=\"aligncenter\" title=\"M\u00e1quina de belleza de plasma 2 en 1\" src=\"https:\/\/sc04.alicdn.com\/kf\/Hd8b7981db9c5416dabf5a49b9d8b5b40O\/247315878\/Hd8b7981db9c5416dabf5a49b9d8b5b40O.jpg\" alt=\"M\u00e1quina de belleza de plasma 2 en 1\" width=\"382\" height=\"460\" data-src=\"\/\/sc04.alicdn.com\/kf\/Hd8b7981db9c5416dabf5a49b9d8b5b40O\/247315878\/Hd8b7981db9c5416dabf5a49b9d8b5b40O.jpg\" \/><\/td>\n<td style=\"width: 50%;\">\n<h3><img loading=\"lazy\" decoding=\"async\" class=\"aligncenter\" title=\"M\u00e1quina de belleza de plasma 2 en 1\" src=\"https:\/\/sc04.alicdn.com\/kf\/H0ccdb68f66c9430992fcc581feb4054dF\/247315878\/H0ccdb68f66c9430992fcc581feb4054dF.jpg\" alt=\"M\u00e1quina de belleza de plasma 2 en 1\" width=\"423\" height=\"447\" data-src=\"\/\/sc04.alicdn.com\/kf\/H0ccdb68f66c9430992fcc581feb4054dF\/247315878\/H0ccdb68f66c9430992fcc581feb4054dF.jpg\" \/><\/h3>\n<\/td>\n<\/tr>\n<\/tbody>\n<\/table>\n<h3><strong>Ventajas t\u00e9cnicas<\/strong><\/h3>\n<p>La m\u00e1quina de belleza de plasma 2 en 1 cuenta con varias ventajas t\u00e9cnicas, entre ellas:<\/p>\n<h4><strong>1. Absorci\u00f3n r\u00e1pida<\/strong><\/h4>\n<p>La tecnolog\u00eda de transferencia de plasma TDDS abre r\u00e1pidamente las mol\u00e9culas de adhesi\u00f3n (CAM) que conectan las c\u00e9lulas, produciendo una absorci\u00f3n asombrosa, que es absorbida instant\u00e1neamente por la piel en solo 30 segundos.<\/p>\n<h4><strong>2. Fuerte capacidad de desinfecci\u00f3n.<\/strong><\/h4>\n<p>La energ\u00eda del plasma tiene una fuerte capacidad de desinfecci\u00f3n, que puede eliminar eficazmente las bacterias al destruir la estructura molecular de las bacterias y evitar causar diversos problemas en la piel.<\/p>\n<h4><strong>3. Aclaramiento y blanqueamiento de la piel<\/strong><\/h4>\n<p>La energ\u00eda del plasma hace que las c\u00e9lulas envejecidas se atrofien y se recombinen mediante pulverizaci\u00f3n cat\u00f3dica, al tiempo que inhibe la precipitaci\u00f3n de melanina, haciendo que la piel luzca brillante, blanca e impecable.<\/p>\n<h4><strong>4. Auto-regeneraci\u00f3n del col\u00e1geno<\/strong><\/h4>\n<p>La energ\u00eda del plasma ejerce calor y presi\u00f3n de alta energ\u00eda durante el transporte, forma hidr\u00f3geno en la superficie de la piel y produce r\u00e1pidamente grupos de plasma fino F-DBD entre las c\u00e9lulas de la piel, reproduce el voltaje de la membrana celular, equilibra todos los iones en la estructura de la piel y auto-regenera el col\u00e1geno, lo que hace que la estructura no saludable que ha sido da\u00f1ada y afectada por los pigmentos produzca un efecto de autocuraci\u00f3n de alta eficiencia, al tiempo que estimula la producci\u00f3n de fibroblastos de col\u00e1geno y previene el envejecimiento de la piel.<\/p>\n<h3><img loading=\"lazy\" decoding=\"async\" class=\"aligncenter\" title=\"M\u00e1quina de belleza de plasma 2 en 1\" src=\"https:\/\/sc04.alicdn.com\/kf\/Hf9efdaa8aeec40d9b2b126e076f49959M\/247315878\/Hf9efdaa8aeec40d9b2b126e076f49959M.jpg\" alt=\"M\u00e1quina de belleza de plasma 2 en 1\" width=\"584\" height=\"1894\" data-src=\"\/\/sc04.alicdn.com\/kf\/Hf9efdaa8aeec40d9b2b126e076f49959M\/247315878\/Hf9efdaa8aeec40d9b2b126e076f49959M.jpg\" \/><\/h3>\n<h3><img loading=\"lazy\" decoding=\"async\" class=\"aligncenter\" title=\"M\u00e1quina de belleza de plasma 2 en 1\" src=\"https:\/\/sc04.alicdn.com\/kf\/Hf29d05aff52e46f58902152ec6841c53L\/247315878\/Hf29d05aff52e46f58902152ec6841c53L.jpg\" alt=\"M\u00e1quina de belleza de plasma 2 en 1\" width=\"525\" height=\"933\" data-src=\"\/\/sc04.alicdn.com\/kf\/Hf29d05aff52e46f58902152ec6841c53L\/247315878\/Hf29d05aff52e46f58902152ec6841c53L.jpg\" \/><\/h3>\n<h3><strong>Sonda de plasma y electrodo cer\u00e1mico<\/strong><\/h3>\n<p>La m\u00e1quina viene con una sonda de plasma y un electrodo cer\u00e1mico, que proporcionan:<\/p>\n<h4><strong>Sonda quir\u00fargica de plasma<\/strong><\/h4>\n<p>Tratamiento quir\u00fargico delicado y preciso que no da\u00f1a el tejido cut\u00e1neo sino que estimula la piel y el tejido subcut\u00e1neo, haci\u00e9ndolo adecuado para diversos tratamientos de la piel como el acn\u00e9, las cicatrices y la cirug\u00eda est\u00e9tica de p\u00e1rpados.<\/p>\n<h4><strong>Electrodo cer\u00e1mico<\/strong><\/h4>\n<p>Excelente resistencia mec\u00e1nica con gran durabilidad y es m\u00e1s seguro y confiable para entrar en contacto con el cuerpo humano.<\/p>\n<h3><strong>Servicio y voltaje<\/strong><\/h3>\n<p>La m\u00e1quina de belleza de plasma 2 en 1 viene con servicio OEM\/ODM y funciona a un voltaje de CA 110 V\/240 V.<\/p>\n<h3><strong>Frecuencia y tama\u00f1o del host<\/strong><\/h3>\n<p>La m\u00e1quina funciona a una frecuencia de 10 MHz y tiene un tama\u00f1o de host de 57 (largo) \u00d7 46 (ancho) \u00d7 46 (alto) cm.<\/p>\n<h3><strong>Peso bruto<\/strong><\/h3>\n<p>La m\u00e1quina tiene un peso bruto de aproximadamente 13,1 kg.<\/p>\n<h3><strong>Conclusi\u00f3n<\/strong><\/h3>\n<p>La m\u00e1quina de belleza de plasma 2 en 1 es un dispositivo revolucionario que ofrece una variedad de tratamientos para la piel, incluidos el acn\u00e9, las cicatrices y el envejecimiento de la piel. Con su tecnolog\u00eda avanzada de transferencia de plasma TDDS, sonda de plasma y electrodo de cer\u00e1mica, esta m\u00e1quina es una soluci\u00f3n ideal para quienes buscan mejorar la salud de su piel.<\/p>\n<h3><strong>Preguntas frecuentes<\/strong><\/h3>\n<h4><strong>P: \u00bfEs seguro utilizar la m\u00e1quina de belleza de plasma 2 en 1?<\/strong><\/h4>\n<p>R: S\u00ed, la m\u00e1quina es segura de usar y tiene una fuerte capacidad de desinfecci\u00f3n que elimina bacterias y previene problemas de la piel.<\/p>\n<h4><strong>P: \u00bfQu\u00e9 problemas de la piel se pueden tratar con la m\u00e1quina?<\/strong><\/h4>\n<p>R: La m\u00e1quina puede tratar diversos problemas de la piel, incluido el acn\u00e9, las cicatrices y el envejecimiento de la piel.<\/p>\n<h4><strong>P: \u00bfCu\u00e1nto dura una sesi\u00f3n de tratamiento?<\/strong><\/h4>\n<p>R: Las sesiones de tratamiento pueden variar en duraci\u00f3n, pero normalmente duran entre 30 y 60 minutos.<\/p>\n<h4><strong>P: \u00bfEs f\u00e1cil de usar la m\u00e1quina?<\/strong><\/h4>\n<p>R: S\u00ed, la m\u00e1quina es f\u00e1cil de usar y viene con servicio y soporte OEM\/ODM.<\/p>\n<h4><strong>P: \u00bfQu\u00e9 tipo de resultados puedo esperar de la m\u00e1quina?<\/strong><\/h4>\n<p>R: Los resultados pueden variar, pero la m\u00e1quina puede proporcionar una r\u00e1pida absorci\u00f3n, aclaramiento y blanqueamiento de la piel y autorregeneraci\u00f3n del col\u00e1geno.<\/p>\n<\/div>\n<div>\n<div><\/div>\n<div><img loading=\"lazy\" decoding=\"async\" class=\"aligncenter\" title=\"M\u00e1quina de belleza de plasma 2 en 1\" src=\"https:\/\/sc04.alicdn.com\/kf\/Hd8b09c41f9454797b2a419edeec0ee91g\/247315878\/Hd8b09c41f9454797b2a419edeec0ee91g.jpg\" alt=\"M\u00e1quina de belleza de plasma 2 en 1\" width=\"506\" height=\"1109\" data-src=\"\/\/sc04.alicdn.com\/kf\/Hd8b09c41f9454797b2a419edeec0ee91g\/247315878\/Hd8b09c41f9454797b2a419edeec0ee91g.jpg\" \/><\/div>\n<div>\n<h3><strong>Personalizar El Logotipo De<\/strong><\/h3>\n<p>Queremos hacer de su marca se destaque? Ofrecemos logotipo modificado para requisitos particulares de los servicios que te ayudar\u00e1n a crear un entorno \u00fanico y personalizado logotipo que refleja la identidad de su marca. Nuestro equipo de expertos trabajar\u00e1 estrechamente con usted para dise\u00f1ar un logotipo que resuena con los valores de tu marca y de mensajer\u00eda. Si usted est\u00e1 buscando para renovar su logotipo existente o crear uno nuevo desde cero, lo tenemos cubierto. <a href=\"\/es\/contacto\/\">P\u00f3ngase en contacto con nosotros<\/a> hoy para aprender m\u00e1s acerca de nuestro logotipo modificado para requisitos particulares de los servicios!<\/p>\n<p style=\"text-align: center;\">\n<\/div>\n<\/div>","protected":false},"excerpt":{"rendered":"<p class=\"p1\">Descubra la m\u00e1quina de belleza de plasma 2 en 1, un dispositivo revolucionario que utiliza tecnolog\u00eda avanzada de transferencia de plasma TDDS para brindar una variedad de tratamientos para la piel, que incluyen acn\u00e9, cicatrices y envejecimiento de la piel.<\/p>","protected":false},"featured_media":2001,"comment_status":"open","ping_status":"closed","template":"","meta":{"_kad_post_transparent":"default","_kad_post_title":"","_kad_post_layout":"default","_kad_post_sidebar_id":"","_kad_post_content_style":"default","_kad_post_vertical_padding":"default","_kad_post_feature":"","_kad_post_feature_position":"","_kad_post_header":false,"_kad_post_footer":false,"_kad_post_classname":"","rank_math_title":"","rank_math_description":"","rank_math_focus_keyword":""},"product_brand":[],"product_cat":[33],"product_tag":[],"class_list":{"0":"post-1994","1":"product","2":"type-product","3":"status-publish","4":"has-post-thumbnail","6":"product_cat-face-care","8":"first","9":"instock","10":"sale","11":"shipping-taxable","12":"purchasable","13":"product-type-variable","14":"entry","15":"content-bg","16":"loop-entry"},"_links":{"self":[{"href":"https:\/\/skbty.com\/es\/wp-json\/wp\/v2\/product\/1994","targetHints":{"allow":["GET"]}}],"collection":[{"href":"https:\/\/skbty.com\/es\/wp-json\/wp\/v2\/product"}],"about":[{"href":"https:\/\/skbty.com\/es\/wp-json\/wp\/v2\/types\/product"}],"replies":[{"embeddable":true,"href":"https:\/\/skbty.com\/es\/wp-json\/wp\/v2\/comments?post=1994"}],"wp:featuredmedia":[{"embeddable":true,"href":"https:\/\/skbty.com\/es\/wp-json\/wp\/v2\/media\/2001"}],"wp:attachment":[{"href":"https:\/\/skbty.com\/es\/wp-json\/wp\/v2\/media?parent=1994"}],"wp:term":[{"taxonomy":"product_brand","embeddable":true,"href":"https:\/\/skbty.com\/es\/wp-json\/wp\/v2\/product_brand?post=1994"},{"taxonomy":"product_cat","embeddable":true,"href":"https:\/\/skbty.com\/es\/wp-json\/wp\/v2\/product_cat?post=1994"},{"taxonomy":"product_tag","embeddable":true,"href":"https:\/\/skbty.com\/es\/wp-json\/wp\/v2\/product_tag?post=1994"}],"curies":[{"name":"WP","href":"https:\/\/api.w.org\/{rel}","templated":true}]}}