{"id":2002,"date":"2023-06-19T17:00:31","date_gmt":"2023-06-19T09:00:31","guid":{"rendered":"https:\/\/skbty.com\/?post_type=product&#038;p=2002"},"modified":"2024-06-24T14:04:35","modified_gmt":"2024-06-24T06:04:35","slug":"maquina-de-cavitacion-80k-9-en-1","status":"publish","type":"product","link":"https:\/\/skbty.com\/es\/producto\/maquina-de-cavitacion-80k-9-en-1\/","title":{"rendered":"M\u00e1quina de cavitaci\u00f3n 80k 9 en 1"},"content":{"rendered":"<div>\n<h2><strong>M\u00e1quina de cavitaci\u00f3n 80k 9 en 1: el tratamiento definitivo para el cuerpo y el rostro<\/strong><\/h2>\n<h3><strong>\u00bfQu\u00e9 es la m\u00e1quina de cavitaci\u00f3n 80k 9 en 1?<\/strong><\/h3>\n<p>La m\u00e1quina de cavitaci\u00f3n 9 en 1 de 80k es un dispositivo revolucionario que ofrece una amplia gama de tratamientos para el cuerpo, el rostro y los ojos. Esta m\u00e1quina est\u00e1 dise\u00f1ada para brindar una experiencia no invasiva y sin dolor, lo que la convierte en una soluci\u00f3n ideal para quienes buscan mejorar su apariencia f\u00edsica.<\/p>\n<p>&nbsp;<\/p>\n<table style=\"border-collapse: collapse; width: 100%;\">\n<tbody>\n<tr>\n<td style=\"width: 50%;\">\n<h3><img loading=\"lazy\" decoding=\"async\" class=\"magic-6 aligncenter\" title=\"M\u00e1quina de cavitaci\u00f3n 80k 9 en 1\" src=\"https:\/\/sc04.alicdn.com\/kf\/H00d2e3378e7843dc93bce86caacd204eB\/247434381\/H00d2e3378e7843dc93bce86caacd204eB.jpg\" alt=\"M\u00e1quina de cavitaci\u00f3n 80k 9 en 1\" width=\"366\" height=\"366\" data-src=\"\/\/sc04.alicdn.com\/kf\/H00d2e3378e7843dc93bce86caacd204eB\/247434381\/H00d2e3378e7843dc93bce86caacd204eB.jpg\" \/><\/h3>\n<\/td>\n<td style=\"width: 50%;\"><img loading=\"lazy\" decoding=\"async\" class=\"aligncenter\" title=\"M\u00e1quina de cavitaci\u00f3n 80k 9 en 1\" src=\"https:\/\/sc04.alicdn.com\/kf\/H12741e37309f44edb153c6a8a3d1047ex\/247315878\/H12741e37309f44edb153c6a8a3d1047ex.jpg\" alt=\"M\u00e1quina de cavitaci\u00f3n 80k 9 en 1\" width=\"363\" height=\"363\" data-src=\"\/\/sc04.alicdn.com\/kf\/H12741e37309f44edb153c6a8a3d1047ex\/247315878\/H12741e37309f44edb153c6a8a3d1047ex.jpg\" \/><\/td>\n<\/tr>\n<\/tbody>\n<\/table>\n<h3><strong>Uso y beneficios<\/strong><\/h3>\n<h4><strong>Tratamientos corporales<\/strong><\/h4>\n<p>La m\u00e1quina de cavitaci\u00f3n 9 en 1 80k est\u00e1 equipada con tecnolog\u00eda avanzada que se enfoca en varias \u00e1reas del cuerpo, que incluyen:<\/p>\n<ul>\n<li><strong>Estiramiento de la piel por radiofrecuencia<\/strong>:Aumenta la firmeza, promueve la resistencia natural del tejido subcut\u00e1neo y estimula la hiperplasia de col\u00e1geno para mejorar la piel del cuerpo y lograr resultados antienvejecimiento duraderos.<\/li>\n<li><strong>Lip\u00f3lisis l\u00e1ser<\/strong>:Utiliza una longitud de onda de 635-650NM para liberar energ\u00eda y penetrar la capa de grasa, disolviendo de forma segura la grasa subcut\u00e1nea y logrando resultados de escultura corporal.<\/li>\n<li><strong>Pegatinas de fisioterapia microel\u00e9ctricas con corriente de pulso EMS<\/strong>:Estimula los nervios para provocar el movimiento de contracci\u00f3n muscular, moldeando y ejercitando los m\u00fasculos.<\/li>\n<\/ul>\n<table style=\"border-collapse: collapse; width: 100%;\">\n<tbody>\n<tr>\n<td style=\"width: 50%;\">\n<h4><img loading=\"lazy\" decoding=\"async\" class=\"magic-8 aligncenter\" title=\"M\u00e1quina de cavitaci\u00f3n 80k 9 en 1\" src=\"https:\/\/sc04.alicdn.com\/kf\/H27fc90c1fe004fa4b07e73a5d4a0a46fx\/247434381\/H27fc90c1fe004fa4b07e73a5d4a0a46fx.png\" alt=\"M\u00e1quina de cavitaci\u00f3n 80k 9 en 1\" width=\"331\" height=\"226\" data-src=\"\/\/sc04.alicdn.com\/kf\/H27fc90c1fe004fa4b07e73a5d4a0a46fx\/247434381\/H27fc90c1fe004fa4b07e73a5d4a0a46fx.png\" \/><\/h4>\n<\/td>\n<td style=\"width: 50%;\">\n<h4><img loading=\"lazy\" decoding=\"async\" class=\"magic-8 aligncenter\" title=\"M\u00e1quina de cavitaci\u00f3n 80k 9 en 1\" src=\"https:\/\/sc04.alicdn.com\/kf\/Hb4f6925ffdf24d1289e682e2c2fae0aer\/247434381\/Hb4f6925ffdf24d1289e682e2c2fae0aer.png\" alt=\"M\u00e1quina de cavitaci\u00f3n 80k 9 en 1\" width=\"323\" height=\"230\" data-src=\"\/\/sc04.alicdn.com\/kf\/Hb4f6925ffdf24d1289e682e2c2fae0aer\/247434381\/Hb4f6925ffdf24d1289e682e2c2fae0aer.png\" \/><\/h4>\n<\/td>\n<\/tr>\n<\/tbody>\n<\/table>\n<p>&nbsp;<\/p>\n<p><img loading=\"lazy\" decoding=\"async\" class=\"magic-10 aligncenter\" title=\"M\u00e1quina de cavitaci\u00f3n 80k 9 en 1\" src=\"https:\/\/sc04.alicdn.com\/kf\/H1418ff8cb71b468ba96c0d2a206bb079D\/247434381\/H1418ff8cb71b468ba96c0d2a206bb079D.png\" alt=\"M\u00e1quina de cavitaci\u00f3n 80k 9 en 1\" width=\"507\" height=\"346\" data-src=\"\/\/sc04.alicdn.com\/kf\/H1418ff8cb71b468ba96c0d2a206bb079D\/247434381\/H1418ff8cb71b468ba96c0d2a206bb079D.png\" \/><\/p>\n<h4><strong>Tratamientos para rostro y ojos<\/strong><\/h4>\n<p>La m\u00e1quina tambi\u00e9n ofrece una gama de tratamientos para la cara y los ojos, que incluyen:<\/p>\n<ul>\n<li><strong>Terapia de luz multicolor<\/strong>:Utiliza luces rojas, azules, verdes, violetas, naranjas, turquesas y blancas para penetrar profundamente en la piel, reduciendo las arrugas y restaurando la elasticidad de la piel.<\/li>\n<li><strong>Compresa de hielo para aliviar el dolor<\/strong>: Reduce los poros, previene la ruptura continua de capilares y contrae los vasos sangu\u00edneos locales para inhibir las respuestas inflamatorias.<\/li>\n<\/ul>\n<table style=\"border-collapse: collapse; width: 100%;\">\n<tbody>\n<tr>\n<td style=\"width: 33.3333%;\"><img loading=\"lazy\" decoding=\"async\" class=\"magic-8 aligncenter\" title=\"M\u00e1quina de cavitaci\u00f3n 80k 9 en 1\" src=\"https:\/\/sc04.alicdn.com\/kf\/Hd2bbef26803d4f3793745583adb54f1fb\/247434381\/Hd2bbef26803d4f3793745583adb54f1fb.png\" alt=\"M\u00e1quina de cavitaci\u00f3n 80k 9 en 1\" width=\"389\" height=\"413\" data-src=\"\/\/sc04.alicdn.com\/kf\/Hd2bbef26803d4f3793745583adb54f1fb\/247434381\/Hd2bbef26803d4f3793745583adb54f1fb.png\" \/><\/td>\n<td style=\"width: 33.3333%;\"><img loading=\"lazy\" decoding=\"async\" class=\"magic-8 aligncenter\" title=\"M\u00e1quina de cavitaci\u00f3n 80k 9 en 1\" src=\"https:\/\/sc04.alicdn.com\/kf\/H35fc0d48fa7d4747891f1ca6f094d52ad\/247434381\/H35fc0d48fa7d4747891f1ca6f094d52ad.png\" alt=\"M\u00e1quina de cavitaci\u00f3n 80k 9 en 1\" width=\"750\" height=\"821\" data-src=\"\/\/sc04.alicdn.com\/kf\/H35fc0d48fa7d4747891f1ca6f094d52ad\/247434381\/H35fc0d48fa7d4747891f1ca6f094d52ad.png\" \/><\/td>\n<td style=\"width: 33.3333%;\"><img loading=\"lazy\" decoding=\"async\" class=\"magic-8 aligncenter\" title=\"M\u00e1quina de cavitaci\u00f3n 80k 9 en 1\" src=\"https:\/\/sc04.alicdn.com\/kf\/Heacc74a0071e44ac9edf05177c8f62ba8\/247434381\/Heacc74a0071e44ac9edf05177c8f62ba8.png\" alt=\"M\u00e1quina de cavitaci\u00f3n 80k 9 en 1\" width=\"750\" height=\"803\" data-src=\"\/\/sc04.alicdn.com\/kf\/Heacc74a0071e44ac9edf05177c8f62ba8\/247434381\/Heacc74a0071e44ac9edf05177c8f62ba8.png\" \/><\/td>\n<\/tr>\n<\/tbody>\n<\/table>\n<h3><img loading=\"lazy\" decoding=\"async\" class=\"magic-8 aligncenter\" title=\"M\u00e1quina de cavitaci\u00f3n 80k 9 en 1\" src=\"https:\/\/sc04.alicdn.com\/kf\/H95d62518f98244e68d6f408d9e417c35p\/247434381\/H95d62518f98244e68d6f408d9e417c35p.png\" alt=\"M\u00e1quina de cavitaci\u00f3n 80k 9 en 1\" width=\"457\" height=\"553\" data-src=\"\/\/sc04.alicdn.com\/kf\/H95d62518f98244e68d6f408d9e417c35p\/247434381\/H95d62518f98244e68d6f408d9e417c35p.png\" \/><\/h3>\n<h3><strong>Manijas y tecnolog\u00eda<\/strong><\/h3>\n<p>La m\u00e1quina cuenta con mangos y tecnolog\u00eda avanzados, que incluyen:<\/p>\n<ul>\n<li><strong>Principio de RF y Ultrasonido<\/strong>:Combina los principios de RF y ultrasonido para proporcionar una amplia gama de tratamientos.<\/li>\n<li><strong>Manijas avanzadas<\/strong>:Los mangos dise\u00f1ados ergon\u00f3micamente brindan facilidad de uso y comodidad durante los tratamientos.<\/li>\n<\/ul>\n<h3><strong>\u00bfC\u00f3mo funciona?<\/strong><\/h3>\n<p>La m\u00e1quina de cavitaci\u00f3n 9 en 1 de 80k utiliza una combinaci\u00f3n de tecnolog\u00edas para brindar una variedad de tratamientos. Desde el estiramiento de la piel por radiofrecuencia hasta las pegatinas de fisioterapia microel\u00e9ctrica con corriente pulsada EMS, cada tratamiento est\u00e1 dise\u00f1ado para tratar \u00e1reas espec\u00edficas del cuerpo y el rostro.<\/p>\n<h3><strong>\u00bfCu\u00e1les son los beneficios de la m\u00e1quina de cavitaci\u00f3n 9 en 1 80k?<\/strong><\/h3>\n<p>La m\u00e1quina ofrece una variedad de beneficios, entre ellos:<\/p>\n<ul>\n<li><strong>No invasivo y sin dolor<\/strong>:Proporciona una experiencia c\u00f3moda y relajada.<\/li>\n<li><strong>Amplia gama de tratamientos<\/strong>:Se enfoca en diversas \u00e1reas del cuerpo y la cara.<\/li>\n<li><strong>Tecnolog\u00eda avanzada<\/strong>:Combina los principios de RF y ultrasonido para obtener resultados efectivos.<\/li>\n<\/ul>\n<h3><strong>Conclusi\u00f3n<\/strong><\/h3>\n<p>La m\u00e1quina de cavitaci\u00f3n 9 en 1 de 80k es un dispositivo revolucionario que ofrece una amplia gama de tratamientos para el cuerpo, el rostro y los ojos. Con su tecnolog\u00eda avanzada, dise\u00f1o ergon\u00f3mico y experiencia sin dolor, es una soluci\u00f3n ideal para quienes buscan mejorar su apariencia f\u00edsica.<\/p>\n<h3><strong>Preguntas frecuentes<\/strong><\/h3>\n<h4><strong>P: \u00bfEs seguro utilizar la m\u00e1quina de cavitaci\u00f3n 9 en 1 80k?<\/strong><\/h4>\n<p>R: S\u00ed, la m\u00e1quina es segura de usar y proporciona una experiencia no invasiva y sin dolor.<\/p>\n<h4><strong>P: \u00bfQu\u00e9 zonas del cuerpo se pueden tratar con la m\u00e1quina?<\/strong><\/h4>\n<p>R: La m\u00e1quina puede tratar varias \u00e1reas del cuerpo, incluida la cara, los ojos y el cuerpo.<\/p>\n<h4><strong>P: \u00bfCu\u00e1nto dura una sesi\u00f3n de tratamiento?<\/strong><\/h4>\n<p>R: Las sesiones de tratamiento pueden variar en duraci\u00f3n, pero normalmente duran entre 30 y 60 minutos.<\/p>\n<h4><strong>P: \u00bfEs f\u00e1cil de usar la m\u00e1quina?<\/strong><\/h4>\n<p>R: S\u00ed, la m\u00e1quina es f\u00e1cil de usar y viene con servicio y soporte OEM.<\/p>\n<h4><strong>P: \u00bfQu\u00e9 tipo de resultados puedo esperar de la m\u00e1quina?<\/strong><\/h4>\n<p>R: Los resultados pueden variar, pero la m\u00e1quina puede proporcionar resultados antienvejecimiento duraderos, mejorar la piel del cuerpo y reducir las arrugas y l\u00edneas finas.<\/p>\n<\/div>\n<div>\n<div id=\"ali-anchor-AliMagic-kfqzh6\" data-section=\"AliMagic-kfqzh6\" data-section-title=\"Showroom\">\n<h3><strong>Personalizar El Logotipo De<\/strong><\/h3>\n<p>Queremos hacer de su marca se destaque? Ofrecemos logotipo modificado para requisitos particulares de los servicios que te ayudar\u00e1n a crear un entorno \u00fanico y personalizado logotipo que refleja la identidad de su marca. Nuestro equipo de expertos trabajar\u00e1 estrechamente con usted para dise\u00f1ar un logotipo que resuena con los valores de tu marca y de mensajer\u00eda. Si usted est\u00e1 buscando para renovar su logotipo existente o crear uno nuevo desde cero, lo tenemos cubierto. <a href=\"\/es\/contacto\/\">P\u00f3ngase en contacto con nosotros<\/a> hoy para aprender m\u00e1s acerca de nuestro logotipo modificado para requisitos particulares de los servicios!<\/p>\n<\/div>\n<\/div>","protected":false},"excerpt":{"rendered":"<p>Experimente el poder transformador de la m\u00e1quina de cavitaci\u00f3n 80K 9 en 1, una herramienta m\u00faltiple que combina cavitaci\u00f3n, radiofrecuencia, lip\u00f3lisis l\u00e1ser, EMS, terapia de luz crom\u00e1tica y compresi\u00f3n con hielo para lograr un rejuvenecimiento y modelado corporal integral. Consiga el f\u00edsico y la tez radiante que desea con este innovador dispositivo.<\/p>","protected":false},"featured_media":2009,"comment_status":"open","ping_status":"closed","template":"","meta":{"_kad_post_transparent":"default","_kad_post_title":"","_kad_post_layout":"default","_kad_post_sidebar_id":"","_kad_post_content_style":"default","_kad_post_vertical_padding":"default","_kad_post_feature":"","_kad_post_feature_position":"","_kad_post_header":false,"_kad_post_footer":false,"_kad_post_classname":"","rank_math_title":"","rank_math_description":"","rank_math_focus_keyword":""},"product_brand":[],"product_cat":[34],"product_tag":[],"class_list":{"0":"post-2002","1":"product","2":"type-product","3":"status-publish","4":"has-post-thumbnail","6":"product_cat-multifun-cavitation","8":"first","9":"instock","10":"shipping-taxable","11":"product-type-simple","12":"entry","13":"content-bg","14":"loop-entry"},"_links":{"self":[{"href":"https:\/\/skbty.com\/es\/wp-json\/wp\/v2\/product\/2002","targetHints":{"allow":["GET"]}}],"collection":[{"href":"https:\/\/skbty.com\/es\/wp-json\/wp\/v2\/product"}],"about":[{"href":"https:\/\/skbty.com\/es\/wp-json\/wp\/v2\/types\/product"}],"replies":[{"embeddable":true,"href":"https:\/\/skbty.com\/es\/wp-json\/wp\/v2\/comments?post=2002"}],"wp:featuredmedia":[{"embeddable":true,"href":"https:\/\/skbty.com\/es\/wp-json\/wp\/v2\/media\/2009"}],"wp:attachment":[{"href":"https:\/\/skbty.com\/es\/wp-json\/wp\/v2\/media?parent=2002"}],"wp:term":[{"taxonomy":"product_brand","embeddable":true,"href":"https:\/\/skbty.com\/es\/wp-json\/wp\/v2\/product_brand?post=2002"},{"taxonomy":"product_cat","embeddable":true,"href":"https:\/\/skbty.com\/es\/wp-json\/wp\/v2\/product_cat?post=2002"},{"taxonomy":"product_tag","embeddable":true,"href":"https:\/\/skbty.com\/es\/wp-json\/wp\/v2\/product_tag?post=2002"}],"curies":[{"name":"WP","href":"https:\/\/api.w.org\/{rel}","templated":true}]}}