{"id":2017,"date":"2023-06-19T18:12:51","date_gmt":"2023-06-19T10:12:51","guid":{"rendered":"https:\/\/skbty.com\/?post_type=product&#038;p=2017"},"modified":"2024-06-24T11:38:01","modified_gmt":"2024-06-24T03:38:01","slug":"maquina-de-estrechamiento-vaginal-hifu","status":"publish","type":"product","link":"https:\/\/skbty.com\/es\/producto\/maquina-de-estrechamiento-vaginal-hifu\/","title":{"rendered":"M\u00e1quina de estiramiento vaginal HIFU"},"content":{"rendered":"<div>\n<div>\n<h3><strong>\u00bfQu\u00e9 es el sistema HIFU de estrechamiento vaginal?<\/strong><\/h3>\n<p><strong>El sistema HIFU para el estrechamiento vaginal<\/strong> es un dispositivo m\u00e9dico de vanguardia que utiliza tecnolog\u00eda de ultrasonido focalizado de alta intensidad (HIFU) para el rejuvenecimiento vaginal no invasivo. Al dirigir la energ\u00eda ultras\u00f3nica focalizada a la l\u00e1mina mucosa y las capas musculares, estimula la reorganizaci\u00f3n y regeneraci\u00f3n del col\u00e1geno, lo que mejora la firmeza vaginal, aumenta la sensibilidad y aumenta la lubricaci\u00f3n. Este sistema ofrece una soluci\u00f3n segura y eficaz para el estrechamiento vaginal con m\u00ednimas molestias y sin tiempo de recuperaci\u00f3n.<\/p>\n<p><strong>M\u00e1quina de estrechamiento vaginal<\/strong><\/p>\n<ul>\n<li><strong>Uso:<\/strong> Rejuvenecimiento vaginal<\/li>\n<li><strong>Servicio OEM:<\/strong> Soporte disponible<\/li>\n<li><strong>Manijas:<\/strong> 2 manijas<\/li>\n<li><strong>Tecnolog\u00eda:<\/strong> Ultrasonido HIFU<\/li>\n<\/ul>\n<p><img loading=\"lazy\" decoding=\"async\" class=\"aligncenter wp-image-2196\" title=\"Estrechamiento vaginal \" src=\"https:\/\/skbty.com\/wp-content\/uploads\/2023\/06\/principle.png\" alt=\"Estrechamiento vaginal \" width=\"660\" height=\"222\" srcset=\"https:\/\/skbty.com\/wp-content\/uploads\/2023\/06\/principle.png 731w, https:\/\/skbty.com\/wp-content\/uploads\/2023\/06\/principle-300x101.png 300w, https:\/\/skbty.com\/wp-content\/uploads\/2023\/06\/principle-600x202.png 600w\" sizes=\"auto, (max-width: 660px) 100vw, 660px\" \/><\/p>\n<p><strong>Principio de trabajo:<\/strong><\/p>\n<p>El sistema HIFU para el rejuvenecimiento vaginal emplea una t\u00e9cnica de enfoque ultras\u00f3nico no invasiva que se dirige directamente a la l\u00e1mina mucosa y la capa muscular. Utilizando ondas ultras\u00f3nicas como fuente de energ\u00eda, penetra profundamente y se enfoca con precisi\u00f3n en la l\u00e1mina propia y la capa de fibra muscular a una profundidad predeterminada. Esto crea una regi\u00f3n enfocada de alta intensidad donde la temperatura puede superar los 65 \u2103 en 0,1 segundos. Este proceso reorganiza el col\u00e1geno sin afectar los tejidos circundantes, logrando la concentraci\u00f3n de col\u00e1geno, la reorganizaci\u00f3n y la regeneraci\u00f3n deseadas para un rejuvenecimiento vaginal eficaz.<\/p>\n<p><strong>Funciones:<\/strong><\/p>\n<ul>\n<li>Potente efecto reafirmante para mejorar la satisfacci\u00f3n sexual.<\/li>\n<li>Mayor lubricaci\u00f3n, reduciendo la sequedad.<\/li>\n<li>Mayor sensibilidad mediante la regeneraci\u00f3n celular<\/li>\n<li>Mejora integral de la salud vaginal, reduciendo infecciones.<\/li>\n<\/ul>\n<p><strong>Ventajas:<\/strong><\/p>\n<ul>\n<li><strong>Cabezales de trabajo duales:<\/strong> Diferentes efectos operativos con profundidades de 3,0 mm y 4,5 mm.<\/li>\n<li><strong>Emisi\u00f3n de rotaci\u00f3n de 360\u00b0:<\/strong> Cuidado completo de la zona vaginal.<\/li>\n<li><strong>Ajuste preciso de profundidad:<\/strong> Garantiza un tratamiento espec\u00edfico.<\/li>\n<li><strong>No invasivo:<\/strong> No necesita per\u00edodo de recuperaci\u00f3n; reanudaci\u00f3n inmediata de la actividad sexual.<\/li>\n<li><strong>Operaci\u00f3n conveniente:<\/strong> Tratamiento sencillo de 20 minutos con resultados instant\u00e1neos.<\/li>\n<li><strong>Rentable:<\/strong> No se requieren art\u00edculos consumibles.<\/li>\n<li><strong>Resultados duraderos:<\/strong> Se nota un efecto tensor y modelador durante 18 a 24 meses despu\u00e9s de un tratamiento, y los tratamientos anuales promueven la reversi\u00f3n del envejecimiento de la piel.<\/li>\n<li><strong>Vida diaria ininterrumpida:<\/strong> No afecta las actividades diarias, incluida la aplicaci\u00f3n de maquillaje.<\/li>\n<\/ul>\n<\/div>\n<\/div>\n<div>\n<h3><strong>Personalizar El Logotipo De<\/strong><\/h3>\n<p>Queremos hacer de su marca se destaque? Ofrecemos logotipo modificado para requisitos particulares de los servicios que te ayudar\u00e1n a crear un entorno \u00fanico y personalizado logotipo que refleja la identidad de su marca. Nuestro equipo de expertos trabajar\u00e1 estrechamente con usted para dise\u00f1ar un logotipo que resuena con los valores de tu marca y de mensajer\u00eda. Si usted est\u00e1 buscando para renovar su logotipo existente o crear uno nuevo desde cero, lo tenemos cubierto. <a href=\"\/es\/contacto\/\">P\u00f3ngase en contacto con nosotros<\/a> hoy para aprender m\u00e1s acerca de nuestro logotipo modificado para requisitos particulares de los servicios!<\/p>\n<\/div>","protected":false},"excerpt":{"rendered":"<p>El sistema HIFU de estrechamiento vaginal utiliza una t\u00e9cnica de enfoque ultras\u00f3nico no invasivo para enfocarse directamente en la l\u00e1mina propia y la capa muscular. Utilizando ondas ultras\u00f3nicas como fuente de energ\u00eda y aprovechando su penetraci\u00f3n y focalizaci\u00f3n, el sistema enviar\u00e1 energ\u00eda ultras\u00f3nica enfocada en la l\u00e1mina propia y la capa de fibra muscular a una profundidad predeterminada.<\/p>","protected":false},"featured_media":2023,"comment_status":"open","ping_status":"closed","template":"","meta":{"_kad_post_transparent":"default","_kad_post_title":"","_kad_post_layout":"default","_kad_post_sidebar_id":"","_kad_post_content_style":"default","_kad_post_vertical_padding":"default","_kad_post_feature":"","_kad_post_feature_position":"","_kad_post_header":false,"_kad_post_footer":false,"_kad_post_classname":"","rank_math_title":"","rank_math_description":"","rank_math_focus_keyword":""},"product_brand":[],"product_cat":[35],"product_tag":[],"class_list":{"0":"post-2017","1":"product","2":"type-product","3":"status-publish","4":"has-post-thumbnail","6":"product_cat-hifu","8":"first","9":"instock","10":"shipping-taxable","11":"product-type-simple","12":"entry","13":"content-bg","14":"loop-entry"},"_links":{"self":[{"href":"https:\/\/skbty.com\/es\/wp-json\/wp\/v2\/product\/2017","targetHints":{"allow":["GET"]}}],"collection":[{"href":"https:\/\/skbty.com\/es\/wp-json\/wp\/v2\/product"}],"about":[{"href":"https:\/\/skbty.com\/es\/wp-json\/wp\/v2\/types\/product"}],"replies":[{"embeddable":true,"href":"https:\/\/skbty.com\/es\/wp-json\/wp\/v2\/comments?post=2017"}],"wp:featuredmedia":[{"embeddable":true,"href":"https:\/\/skbty.com\/es\/wp-json\/wp\/v2\/media\/2023"}],"wp:attachment":[{"href":"https:\/\/skbty.com\/es\/wp-json\/wp\/v2\/media?parent=2017"}],"wp:term":[{"taxonomy":"product_brand","embeddable":true,"href":"https:\/\/skbty.com\/es\/wp-json\/wp\/v2\/product_brand?post=2017"},{"taxonomy":"product_cat","embeddable":true,"href":"https:\/\/skbty.com\/es\/wp-json\/wp\/v2\/product_cat?post=2017"},{"taxonomy":"product_tag","embeddable":true,"href":"https:\/\/skbty.com\/es\/wp-json\/wp\/v2\/product_tag?post=2017"}],"curies":[{"name":"WP","href":"https:\/\/api.w.org\/{rel}","templated":true}]}}