{"id":2034,"date":"2023-06-19T19:01:35","date_gmt":"2023-06-19T11:01:35","guid":{"rendered":"https:\/\/skbty.com\/?post_type=product&#038;p=2034"},"modified":"2024-06-24T11:17:09","modified_gmt":"2024-06-24T03:17:09","slug":"maquina-hifu-7d-portatil","status":"publish","type":"product","link":"https:\/\/skbty.com\/es\/producto\/maquina-hifu-7d-portatil\/","title":{"rendered":"M\u00e1quina port\u00e1til HIFU 7D"},"content":{"rendered":"<h3>\u00bfQu\u00e9 es la m\u00e1quina port\u00e1til 7D HIFU?<\/h3>\n<p><strong>M\u00e1quina port\u00e1til HIFU 7D<\/strong> \u2013 Tecnolog\u00eda avanzada de ultrasonidos focalizados de alta intensidad para el estiramiento, reafirmaci\u00f3n y rejuvenecimiento no invasivos de la piel. Dise\u00f1ado para brindar tratamientos precisos y efectivos, este dispositivo garantiza resultados visibles con un tiempo de recuperaci\u00f3n m\u00ednimo.<\/p>\n<h3><img loading=\"lazy\" decoding=\"async\" class=\"aligncenter wp-image-2057\" title=\"M\u00e1quina port\u00e1til HIFU 7D\" src=\"https:\/\/skbty.com\/wp-content\/uploads\/2023\/06\/299-1.png\" alt=\"M\u00e1quina port\u00e1til HIFU 7D\" width=\"602\" height=\"317\" srcset=\"https:\/\/skbty.com\/wp-content\/uploads\/2023\/06\/299-1.png 1015w, https:\/\/skbty.com\/wp-content\/uploads\/2023\/06\/299-1-300x158.png 300w, https:\/\/skbty.com\/wp-content\/uploads\/2023\/06\/299-1-768x405.png 768w, https:\/\/skbty.com\/wp-content\/uploads\/2023\/06\/299-1-600x316.png 600w\" sizes=\"auto, (max-width: 602px) 100vw, 602px\" \/><\/h3>\n<h3>Presupuesto<\/h3>\n<ul>\n<li><strong>Nombre<\/strong>:M\u00e1quina HIFU 7D port\u00e1til<\/li>\n<li><strong>Par\u00e1metros<\/strong>:220 V 50 Hz<\/li>\n<li><strong>Potencia de salida<\/strong>:150W<\/li>\n<li><strong>Frecuencia<\/strong>:2-7 MHz<\/li>\n<li><strong>Tama\u00f1o de la energ\u00eda<\/strong>: 0.1-3.0<\/li>\n<li><strong>Color de la m\u00e1quina<\/strong>: Blanco<\/li>\n<\/ul>\n<h3>Principio de trabajo<\/h3>\n<p>La m\u00e1quina port\u00e1til 7D HIFU utiliza tecnolog\u00eda de ultrasonido focalizado de alta intensidad (HIFU) para tratar las capas profundas de la piel sin afectar la superficie. El dispositivo emite ondas ultras\u00f3nicas que penetran la piel y alcanzan la capa del sistema musculoaponeur\u00f3tico superficial (SMAS). Este proceso induce la coagulaci\u00f3n t\u00e9rmica, que estimula la producci\u00f3n y regeneraci\u00f3n de col\u00e1geno. Como resultado, la piel se vuelve m\u00e1s firme, tersa y levantada con el tiempo. Los ajustes de profundidad ajustables (0,5-7 mm) permiten una orientaci\u00f3n precisa de varias capas de la piel, lo que garantiza un tratamiento personalizado para cada paciente. El dise\u00f1o avanzado de la sonda garantiza una administraci\u00f3n constante de energ\u00eda, lo que maximiza la eficacia del tratamiento y minimiza las molestias y el tiempo de inactividad. Este m\u00e9todo no invasivo proporciona una alternativa segura y eficaz a los estiramientos faciales quir\u00fargicos y otros procedimientos invasivos.<\/p>\n<h3>Aspecto del instrumento<\/h3>\n<h4>Instalaci\u00f3n de la sonda<\/h4>\n<p><strong>Instalaci\u00f3n del instrumento: instalaci\u00f3n del cabezal del mango<\/strong>:<\/p>\n<ol>\n<li>Retire el cabezal del mango y quite la pel\u00edcula protectora, asegur\u00e1ndose de que la interfaz del cabezal del mango est\u00e9 seca y libre de materias extra\u00f1as.<\/li>\n<li>Alinee la interfaz del cabezal del mango con el mango, asegur\u00e1ndose de que las protuberancias en el cabezal del mango correspondan con las ranuras del mango.<\/li>\n<li>Inserte suavemente el cabezal del mango en forma horizontal en el mango. La instalaci\u00f3n estar\u00e1 completa cuando escuche un &quot;clic&quot;.<\/li>\n<li>Para reemplazar o quitar el cabezal del mango, presione el seguro en el costado del mango y tire suavemente del cabezal del mango en forma horizontal.<\/li>\n<\/ol>\n<h3><img loading=\"lazy\" decoding=\"async\" class=\"aligncenter wp-image-2213\" title=\"M\u00e1quina port\u00e1til HIFU 7D\" src=\"https:\/\/skbty.com\/wp-content\/uploads\/2023\/06\/\u5fae\u4fe1\u622a\u56fe_20230628175849.png\" alt=\"M\u00e1quina port\u00e1til HIFU 7D\" width=\"606\" height=\"190\" srcset=\"https:\/\/skbty.com\/wp-content\/uploads\/2023\/06\/\u5fae\u4fe1\u622a\u56fe_20230628175849.png 1053w, https:\/\/skbty.com\/wp-content\/uploads\/2023\/06\/\u5fae\u4fe1\u622a\u56fe_20230628175849-300x94.png 300w, https:\/\/skbty.com\/wp-content\/uploads\/2023\/06\/\u5fae\u4fe1\u622a\u56fe_20230628175849-1024x321.png 1024w, https:\/\/skbty.com\/wp-content\/uploads\/2023\/06\/\u5fae\u4fe1\u622a\u56fe_20230628175849-768x241.png 768w, https:\/\/skbty.com\/wp-content\/uploads\/2023\/06\/\u5fae\u4fe1\u622a\u56fe_20230628175849-600x188.png 600w\" sizes=\"auto, (max-width: 606px) 100vw, 606px\" \/><\/h3>\n<h3>Introducci\u00f3n a la interfaz principal del instrumento<\/h3>\n<ol>\n<li><strong>Tiempos de uso actuales<\/strong>:Muestra el n\u00famero de veces que se ha utilizado el dispositivo.<\/li>\n<li><strong>Tiempos restantes<\/strong>:Muestra el n\u00famero restante de usos.<\/li>\n<li><strong>Informaci\u00f3n del cabezal de la manija<\/strong>:Muestra profundidad, longitud de onda y espaciado (solo visualizaci\u00f3n).<\/li>\n<li><strong>Ajuste de distancia<\/strong>:Establezca la distancia entre los puntos de condensaci\u00f3n.<\/li>\n<li><strong>Longitud de energ\u00eda<\/strong>:Ajustable de 5 mm a 25 mm (intervalo de ajuste m\u00ednimo 5 mm).<\/li>\n<li><strong>M1, M2 Guardar par\u00e1metros<\/strong>:Mantenga presionado durante 3 segundos para guardar la configuraci\u00f3n.<\/li>\n<li><strong>Regulaci\u00f3n de la energ\u00eda<\/strong>:Ajusta el nivel de energ\u00eda.<\/li>\n<li><strong>Modo de transmisi\u00f3n<\/strong>:Repetir (continua) o \u00danica (transmisi\u00f3n \u00fanica).<\/li>\n<li><strong>Ajustes<\/strong>:Acceda al men\u00fa de configuraci\u00f3n del dispositivo.<\/li>\n<li><strong>Enviar informaci\u00f3n del n\u00famero<\/strong>:Muestra el n\u00famero de transmisiones.<\/li>\n<li><strong>Estado del sistema<\/strong>: Indica \u201cen espera\u201d o \u201cinicio\u201d.<\/li>\n<li><strong>Ajuste del l\u00edmite de transmisi\u00f3n<\/strong>:Establezca el l\u00edmite de la cantidad de transmisiones; el timbre avisa cuando se alcanza el l\u00edmite.<\/li>\n<li><strong>Recuento total de uso<\/strong>:Muestra el n\u00famero total de veces que se ha utilizado el dispositivo.<\/li>\n<\/ol>\n<h3><img loading=\"lazy\" decoding=\"async\" class=\"aligncenter wp-image-2041\" title=\"M\u00e1quina port\u00e1til HIFU 7D\" src=\"https:\/\/skbty.com\/wp-content\/uploads\/2023\/06\/301.png\" alt=\"M\u00e1quina port\u00e1til HIFU 7D\" width=\"672\" height=\"373\" srcset=\"https:\/\/skbty.com\/wp-content\/uploads\/2023\/06\/301.png 1089w, https:\/\/skbty.com\/wp-content\/uploads\/2023\/06\/301-300x167.png 300w, https:\/\/skbty.com\/wp-content\/uploads\/2023\/06\/301-1024x569.png 1024w, https:\/\/skbty.com\/wp-content\/uploads\/2023\/06\/301-768x427.png 768w, https:\/\/skbty.com\/wp-content\/uploads\/2023\/06\/301-600x333.png 600w\" sizes=\"auto, (max-width: 672px) 100vw, 672px\" \/><\/h3>\n<h3>Caracter\u00edsticas y beneficios<\/h3>\n<ul>\n<li><strong>No invasivo<\/strong>:Proporciona un levantamiento y tensado efectivo de la piel sin cirug\u00eda.<\/li>\n<li><strong>Tratamientos de precisi\u00f3n<\/strong>:Par\u00e1metros ajustables para tratamientos personalizados.<\/li>\n<li><strong>Facilidad de uso<\/strong>:Interfaz f\u00e1cil de usar con visualizaci\u00f3n y configuraciones claras.<\/li>\n<li><strong>Caracter\u00edsticas de seguridad<\/strong>:Mecanismo de bloqueo de seguridad para una instalaci\u00f3n segura del cabezal del mango.<\/li>\n<li><strong>Portabilidad<\/strong>:Dise\u00f1o compacto para f\u00e1cil transporte y almacenamiento.<\/li>\n<\/ul>\n<h3>Aplicaciones<\/h3>\n<ol>\n<li><strong>Lifting y tensado de la piel<\/strong>:Estiramiento facial, estiramiento de cuello y contorno corporal sin cirug\u00eda.<\/li>\n<li><strong>Reducci\u00f3n de arrugas<\/strong>:Trata las l\u00edneas finas y las arrugas para lograr una piel m\u00e1s suave.<\/li>\n<li><strong>Producci\u00f3n de col\u00e1geno<\/strong>:Estimula la producci\u00f3n de col\u00e1geno para obtener resultados duraderos.<\/li>\n<li><strong>Tratamientos personalizables<\/strong>:Profundidad ajustable, tama\u00f1o de energ\u00eda y modos de transmisi\u00f3n para tratamientos personalizados.<\/li>\n<\/ol>\n<h3><strong>Personalizar El Logotipo De<\/strong><\/h3>\n<p>Queremos hacer de su marca se destaque? Ofrecemos logotipo modificado para requisitos particulares de los servicios que te ayudar\u00e1n a crear un entorno \u00fanico y personalizado logotipo que refleja la identidad de su marca. Nuestro equipo de expertos trabajar\u00e1 estrechamente con usted para dise\u00f1ar un logotipo que resuena con los valores de tu marca y de mensajer\u00eda. Si usted est\u00e1 buscando para renovar su logotipo existente o crear uno nuevo desde cero, lo tenemos cubierto. <a href=\"\/es\/contacto\/\">P\u00f3ngase en contacto con nosotros<\/a> hoy para aprender m\u00e1s acerca de nuestro logotipo modificado para requisitos particulares de los servicios!<\/p>","protected":false},"excerpt":{"rendered":"<p>Explora lo avanzado <strong>M\u00e1quina port\u00e1til HIFU 7D<\/strong> Para el estiramiento y reafirmaci\u00f3n no invasivos de la piel. Con par\u00e1metros ajustables, una interfaz f\u00e1cil de usar y tratamientos precisos, este dispositivo garantiza resultados visibles con un tiempo de recuperaci\u00f3n m\u00ednimo. Ideal para el contorno del rostro y el cuerpo.<\/p>","protected":false},"featured_media":2060,"comment_status":"open","ping_status":"closed","template":"","meta":{"_kad_post_transparent":"default","_kad_post_title":"","_kad_post_layout":"default","_kad_post_sidebar_id":"","_kad_post_content_style":"default","_kad_post_vertical_padding":"default","_kad_post_feature":"","_kad_post_feature_position":"","_kad_post_header":false,"_kad_post_footer":false,"_kad_post_classname":"","rank_math_title":"","rank_math_description":"","rank_math_focus_keyword":""},"product_brand":[],"product_cat":[35],"product_tag":[],"class_list":{"0":"post-2034","1":"product","2":"type-product","3":"status-publish","4":"has-post-thumbnail","6":"product_cat-hifu","8":"first","9":"instock","10":"shipping-taxable","11":"product-type-simple","12":"entry","13":"content-bg","14":"loop-entry"},"_links":{"self":[{"href":"https:\/\/skbty.com\/es\/wp-json\/wp\/v2\/product\/2034","targetHints":{"allow":["GET"]}}],"collection":[{"href":"https:\/\/skbty.com\/es\/wp-json\/wp\/v2\/product"}],"about":[{"href":"https:\/\/skbty.com\/es\/wp-json\/wp\/v2\/types\/product"}],"replies":[{"embeddable":true,"href":"https:\/\/skbty.com\/es\/wp-json\/wp\/v2\/comments?post=2034"}],"wp:featuredmedia":[{"embeddable":true,"href":"https:\/\/skbty.com\/es\/wp-json\/wp\/v2\/media\/2060"}],"wp:attachment":[{"href":"https:\/\/skbty.com\/es\/wp-json\/wp\/v2\/media?parent=2034"}],"wp:term":[{"taxonomy":"product_brand","embeddable":true,"href":"https:\/\/skbty.com\/es\/wp-json\/wp\/v2\/product_brand?post=2034"},{"taxonomy":"product_cat","embeddable":true,"href":"https:\/\/skbty.com\/es\/wp-json\/wp\/v2\/product_cat?post=2034"},{"taxonomy":"product_tag","embeddable":true,"href":"https:\/\/skbty.com\/es\/wp-json\/wp\/v2\/product_tag?post=2034"}],"curies":[{"name":"WP","href":"https:\/\/api.w.org\/{rel}","templated":true}]}}