{"id":2118,"date":"2023-06-21T16:58:58","date_gmt":"2023-06-21T08:58:58","guid":{"rendered":"https:\/\/skbty.com\/?post_type=product&#038;p=2118"},"modified":"2024-06-24T11:07:16","modified_gmt":"2024-06-24T03:07:16","slug":"maquina-portatil-de-rejuvenecimiento-de-la-piel-dpl","status":"publish","type":"product","link":"https:\/\/skbty.com\/es\/producto\/maquina-portatil-de-rejuvenecimiento-de-la-piel-dpl\/","title":{"rendered":"M\u00e1quina port\u00e1til de rejuvenecimiento de la piel DPL"},"content":{"rendered":"<div>\n<div>\n<h3>\u00bfQu\u00e9 es el? <strong>\u00bfM\u00e1quina port\u00e1til de rejuvenecimiento de la piel DPL?<\/strong><\/h3>\n<p><strong>M\u00e1quina port\u00e1til de rejuvenecimiento de la piel DPL<\/strong> es un dispositivo de \u00faltima generaci\u00f3n dise\u00f1ado para tratamientos avanzados de rejuvenecimiento de la piel y depilaci\u00f3n. Utilizando tecnolog\u00eda DPL (luz pulsada din\u00e1mica), esta m\u00e1quina ofrece tratamientos precisos, efectivos y c\u00f3modos para diversos problemas de la piel.<\/p>\n<h3><img loading=\"lazy\" decoding=\"async\" class=\"aligncenter\" title=\"M\u00e1quina port\u00e1til de rejuvenecimiento de la piel DPL\" src=\"https:\/\/sc04.alicdn.com\/kf\/Hc65f834570d84192bef3197ad565be6cB\/247315878\/Hc65f834570d84192bef3197ad565be6cB.png\" alt=\"M\u00e1quina port\u00e1til de rejuvenecimiento de la piel DPL\" width=\"794\" height=\"272\" data-src=\"\/\/sc04.alicdn.com\/kf\/Hc65f834570d84192bef3197ad565be6cB\/247315878\/Hc65f834570d84192bef3197ad565be6cB.png\" \/><\/h3>\n<h3>Presupuesto<\/h3>\n<ul>\n<li><strong>Nombre<\/strong>:M\u00e1quina l\u00e1ser DPL<\/li>\n<li><strong>Pantalla<\/strong>: Pantalla t\u00e1ctil digital LCD de 8 pulgadas<\/li>\n<li><strong>Longitud de onda<\/strong>:530 nm, 585 nm, 630 nm<\/li>\n<li><strong>Voltaje<\/strong>:110-220 V<\/li>\n<\/ul>\n<h3>Teor\u00eda<\/h3>\n<p>El instrumento de rejuvenecimiento cut\u00e1neo con fotones de escritorio emplea la tecnolog\u00eda de rejuvenecimiento cut\u00e1neo DPL, una innovaci\u00f3n de belleza \u00f3ptica de vanguardia reconocida mundialmente. El rejuvenecimiento cut\u00e1neo de precisi\u00f3n DPL cuenta con una luz pulsada \u00fanica de &quot;banda ultra estrecha de 100 nm&quot;, que proporciona energ\u00eda lum\u00ednica dirigida y concentrada para eliminar las imperfecciones negras y rojas de forma r\u00e1pida y completa. Estimula la reorganizaci\u00f3n del col\u00e1geno y las fibras el\u00e1sticas, mejorando la suavidad de la piel y restaurando su apariencia juvenil. DPL aborda problemas vasculares de la piel, como la ros\u00e1cea y el enrojecimiento facial. La longitud de onda de 585-640 nm trata eficazmente las manchas faciales y el tono desigual de la piel. Las longitudes de onda espec\u00edficas incluyen 585 nm para la eliminaci\u00f3n de pecas, 530 nm para el rejuvenecimiento de la piel y 640 nm para la depilaci\u00f3n.<\/p>\n<h3>Caracter\u00edsticas<\/h3>\n<ol>\n<li><strong>R\u00e1pido<\/strong>:\n<ul>\n<li>Utiliza el modo inteligente \u201cIN-Motion\u201d para una velocidad de tratamiento r\u00e1pida, hasta 10 disparos por segundo.<\/li>\n<li>Ideal para la depilaci\u00f3n corporal con enfriamiento termoel\u00e9ctrico (TEC) y zafiro real para un enfriamiento por contacto \u00f3ptimo, garantizando una experiencia sin dolor.<\/li>\n<\/ul>\n<\/li>\n<li><strong>Eficaz<\/strong>:\n<ul>\n<li>Energ\u00eda constante lograda mediante barras l\u00e1ser alemanas de microcanal\/sin canal.<\/li>\n<li>Incluye filtro de agua, radiador de cobre, bomba de CC de alta velocidad de Italia y sistema de enfriamiento TEC para un rendimiento de enfriamiento superior.<\/li>\n<\/ul>\n<\/li>\n<li><strong>Sin dolor, sin tiempo de inactividad<\/strong>:\n<ul>\n<li>Requiere de 3 a 4 ciclos de tratamiento para la depilaci\u00f3n permanente.<\/li>\n<li>Apto para todo tipo de piel y partes del cuerpo.<\/li>\n<li>La alta potencia y energ\u00eda garantizan tiempos de tratamiento cortos (por ejemplo, 20 minutos para los brazos), lo que reduce la duraci\u00f3n total del tratamiento.<\/li>\n<\/ul>\n<\/li>\n<li><strong>F\u00e1cil operaci\u00f3n<\/strong>:\n<ul>\n<li>Sistema de enfriamiento TEC para tanques de agua y pieza de mano de zafiro, permitiendo un funcionamiento las 24 horas.<\/li>\n<li>El modo autom\u00e1tico inteligente con ajustes preestablecidos para diferentes pacientes garantiza seguridad y eficiencia.<\/li>\n<\/ul>\n<\/li>\n<\/ol>\n<h3>Aplicaciones<\/h3>\n<ul>\n<li><strong>Rejuvenecimiento de la piel<\/strong>:Mejora la producci\u00f3n de col\u00e1geno, suaviza la textura de la piel y mejora el tono general de la piel.<\/li>\n<li><strong>Retiro Del Pelo<\/strong>:Proporciona una depilaci\u00f3n eficaz y permanente para varias partes del cuerpo.<\/li>\n<li><strong>Eliminaci\u00f3n de pecas<\/strong>:Se enfoca espec\u00edficamente en las pecas y la pigmentaci\u00f3n y las reduce.<\/li>\n<li><strong>Lesiones vasculares<\/strong>:Trata los vasos sangu\u00edneos faciales, el enrojecimiento y la ros\u00e1cea.<\/li>\n<\/ul>\n<\/div>\n<\/div>\n<div>\n<div>\n<div>\n<div>\n<div>\n<div>\n<h3><strong>Personalizar El Logotipo De<\/strong><\/h3>\n<p>Queremos hacer de su marca se destaque? Ofrecemos logotipo modificado para requisitos particulares de los servicios que te ayudar\u00e1n a crear un entorno \u00fanico y personalizado logotipo que refleja la identidad de su marca. Nuestro equipo de expertos trabajar\u00e1 estrechamente con usted para dise\u00f1ar un logotipo que resuena con los valores de tu marca y de mensajer\u00eda. Si usted est\u00e1 buscando para renovar su logotipo existente o crear uno nuevo desde cero, lo tenemos cubierto. <a href=\"\/es\/contacto\/\">P\u00f3ngase en contacto con nosotros<\/a> hoy para aprender m\u00e1s acerca de nuestro logotipo modificado para requisitos particulares de los servicios!<\/p>\n<\/div>\n<\/div>\n<\/div>\n<\/div>\n<\/div>\n<\/div>","protected":false},"excerpt":{"rendered":"<p>El instrumento de rejuvenecimiento cut\u00e1neo con fotones de escritorio adopta la tecnolog\u00eda de rejuvenecimiento cut\u00e1neo DPL, que es una tecnolog\u00eda de belleza \u00f3ptica de alta tecnolog\u00eda que es popular en todo el mundo y la tecnolog\u00eda de punta en el campo del rejuvenecimiento cut\u00e1neo con fotones. \u201cDPL Precision Skin Rejuvenation\u201d tiene la \u00fanica luz pulsada de \u201cbanda ultra estrecha de 100 nm\u201d del mundo. La energ\u00eda de la luz es dirigida y concentrada, lo que puede eliminar las manchas negras y rojas de forma m\u00e1s r\u00e1pida y completa.<\/p>","protected":false},"featured_media":2124,"comment_status":"open","ping_status":"closed","template":"","meta":{"_kad_post_transparent":"default","_kad_post_title":"","_kad_post_layout":"default","_kad_post_sidebar_id":"","_kad_post_content_style":"default","_kad_post_vertical_padding":"default","_kad_post_feature":"","_kad_post_feature_position":"","_kad_post_header":false,"_kad_post_footer":false,"_kad_post_classname":"","rank_math_title":"","rank_math_description":"","rank_math_focus_keyword":""},"product_brand":[],"product_cat":[37],"product_tag":[],"class_list":{"0":"post-2118","1":"product","2":"type-product","3":"status-publish","4":"has-post-thumbnail","6":"product_cat-dpl","8":"first","9":"instock","10":"shipping-taxable","11":"product-type-simple","12":"entry","13":"content-bg","14":"loop-entry"},"_links":{"self":[{"href":"https:\/\/skbty.com\/es\/wp-json\/wp\/v2\/product\/2118","targetHints":{"allow":["GET"]}}],"collection":[{"href":"https:\/\/skbty.com\/es\/wp-json\/wp\/v2\/product"}],"about":[{"href":"https:\/\/skbty.com\/es\/wp-json\/wp\/v2\/types\/product"}],"replies":[{"embeddable":true,"href":"https:\/\/skbty.com\/es\/wp-json\/wp\/v2\/comments?post=2118"}],"wp:featuredmedia":[{"embeddable":true,"href":"https:\/\/skbty.com\/es\/wp-json\/wp\/v2\/media\/2124"}],"wp:attachment":[{"href":"https:\/\/skbty.com\/es\/wp-json\/wp\/v2\/media?parent=2118"}],"wp:term":[{"taxonomy":"product_brand","embeddable":true,"href":"https:\/\/skbty.com\/es\/wp-json\/wp\/v2\/product_brand?post=2118"},{"taxonomy":"product_cat","embeddable":true,"href":"https:\/\/skbty.com\/es\/wp-json\/wp\/v2\/product_cat?post=2118"},{"taxonomy":"product_tag","embeddable":true,"href":"https:\/\/skbty.com\/es\/wp-json\/wp\/v2\/product_tag?post=2118"}],"curies":[{"name":"WP","href":"https:\/\/api.w.org\/{rel}","templated":true}]}}