{"id":2128,"date":"2023-06-21T17:07:59","date_gmt":"2023-06-21T09:07:59","guid":{"rendered":"https:\/\/skbty.com\/?post_type=product&#038;p=2128"},"modified":"2024-06-21T16:08:53","modified_gmt":"2024-06-21T08:08:53","slug":"barras-apiladas-de-laser-de-diodo","status":"publish","type":"product","link":"https:\/\/skbty.com\/es\/producto\/barras-apiladas-de-laser-de-diodo\/","title":{"rendered":"Barras apilables de l\u00e1ser de diodo para m\u00e1quinas de depilaci\u00f3n l\u00e1ser de diodo"},"content":{"rendered":"<p>\u00bfQu\u00e9 es el? <strong>\u00bfBarras apilables de l\u00e1ser de diodo?<\/strong><\/p>\n<p><strong>Barras apilables de l\u00e1ser de diodo<\/strong> Son componentes de alta eficiencia dise\u00f1ados para m\u00e1quinas de depilaci\u00f3n l\u00e1ser de diodo. Disponibles en m\u00faltiples longitudes de onda, estas barras apilables ofrecen una conversi\u00f3n de potencia superior, confiabilidad y una vida \u00fatil prolongada, lo que las hace ideales para aplicaciones profesionales de tratamiento de la piel y el cabello.<\/p>\n<h3>Presupuesto<\/h3>\n<ul>\n<li><strong>Nombre<\/strong>:Barras apilables de l\u00e1ser de diodo<\/li>\n<li><strong>Longitudes de onda<\/strong>: 755 nm, 808 nm, 1064 nm<\/li>\n<li><strong>Servicio OEM<\/strong>: Apoyo<\/li>\n<li><strong>Solicitud<\/strong>:Partes de la m\u00e1quina de depilaci\u00f3n con diodo l\u00e1ser<\/li>\n<li><strong>Fuerza<\/strong>:300W \u2013 2000W<\/li>\n<\/ul>\n<h3>Caracter\u00edsticas<\/h3>\n<ol>\n<li><strong>Mayor eficiencia de conversi\u00f3n de energ\u00eda<\/strong>:Maximiza la eficiencia del uso de la energ\u00eda, reduciendo el desperdicio.<\/li>\n<li><strong>Paquete de canal macro, casa sellada<\/strong>:Garantiza la durabilidad y protecci\u00f3n de los componentes.<\/li>\n<li><strong>Mayor confiabilidad, mayor vida \u00fatil<\/strong>:Dise\u00f1ado para un uso prolongado sin comprometer el rendimiento.<\/li>\n<li><strong>60 W QCW por barra<\/strong>:Alta potencia por barra para tratamientos efectivos.<\/li>\n<li><strong>Hasta 6-16 barras en un solo m\u00f3dulo apilado<\/strong>:Opciones de configuraci\u00f3n vers\u00e1tiles para adaptarse a diversos dise\u00f1os de m\u00e1quinas.<\/li>\n<li><strong>Longitud de onda \u00fanica o m\u00faltiple<\/strong>:Disponible en 760 nm, 808 nm y 1064 nm en un solo m\u00f3dulo de pila.<\/li>\n<li><strong>Refrigeraci\u00f3n activa por agua<\/strong>:Optimiza la vida \u00fatil y la potencia mediante un enfriamiento eficiente.<\/li>\n<li><strong>Paquete de baja resistencia t\u00e9rmica<\/strong>:Reduce la acumulaci\u00f3n de calor para mejorar el rendimiento y la longevidad.<\/li>\n<\/ol>\n<h3>Aplicaciones<\/h3>\n<ul>\n<li><strong>Retiro Del Pelo<\/strong>:Elimina eficazmente el vello no deseado con gran precisi\u00f3n y m\u00ednima molestia.<\/li>\n<li><strong>Rejuvenecimiento de la piel<\/strong>:Mejora la textura y la apariencia de la piel al estimular la producci\u00f3n de col\u00e1geno y reducir la pigmentaci\u00f3n.<\/li>\n<\/ul>\n<h3><strong>Personalizar El Logotipo De<\/strong><\/h3>\n<p>Queremos hacer de su marca se destaque? Ofrecemos logotipo modificado para requisitos particulares de los servicios que te ayudar\u00e1n a crear un entorno \u00fanico y personalizado logotipo que refleja la identidad de su marca. Nuestro equipo de expertos trabajar\u00e1 estrechamente con usted para dise\u00f1ar un logotipo que resuena con los valores de tu marca y de mensajer\u00eda. Si usted est\u00e1 buscando para renovar su logotipo existente o crear uno nuevo desde cero, lo tenemos cubierto. <a href=\"\/es\/contacto\/\">P\u00f3ngase en contacto con nosotros<\/a> hoy para aprender m\u00e1s acerca de nuestro logotipo modificado para requisitos particulares de los servicios!<\/p>","protected":false},"excerpt":{"rendered":"<p>Mejore sus m\u00e1quinas de depilaci\u00f3n l\u00e1ser con barras de l\u00e1ser de diodo de alta eficiencia. Disponibles en longitudes de onda de 755 nm, 808 nm y 1064 nm, estas barras ofrecen una conversi\u00f3n de potencia superior, confiabilidad y longevidad. Ideales para tratamientos profesionales de depilaci\u00f3n y rejuvenecimiento de la piel.<\/p>","protected":false},"featured_media":2136,"comment_status":"open","ping_status":"closed","template":"","meta":{"_kad_post_transparent":"default","_kad_post_title":"","_kad_post_layout":"default","_kad_post_sidebar_id":"","_kad_post_content_style":"default","_kad_post_vertical_padding":"default","_kad_post_feature":"","_kad_post_feature_position":"","_kad_post_header":false,"_kad_post_footer":false,"_kad_post_classname":"","rank_math_title":"","rank_math_description":"","rank_math_focus_keyword":""},"product_brand":[],"product_cat":[47],"product_tag":[],"class_list":{"0":"post-2128","1":"product","2":"type-product","3":"status-publish","4":"has-post-thumbnail","6":"product_cat-parts_hair_removal","8":"first","9":"instock","10":"shipping-taxable","11":"product-type-simple","12":"entry","13":"content-bg","14":"loop-entry"},"_links":{"self":[{"href":"https:\/\/skbty.com\/es\/wp-json\/wp\/v2\/product\/2128","targetHints":{"allow":["GET"]}}],"collection":[{"href":"https:\/\/skbty.com\/es\/wp-json\/wp\/v2\/product"}],"about":[{"href":"https:\/\/skbty.com\/es\/wp-json\/wp\/v2\/types\/product"}],"replies":[{"embeddable":true,"href":"https:\/\/skbty.com\/es\/wp-json\/wp\/v2\/comments?post=2128"}],"wp:featuredmedia":[{"embeddable":true,"href":"https:\/\/skbty.com\/es\/wp-json\/wp\/v2\/media\/2136"}],"wp:attachment":[{"href":"https:\/\/skbty.com\/es\/wp-json\/wp\/v2\/media?parent=2128"}],"wp:term":[{"taxonomy":"product_brand","embeddable":true,"href":"https:\/\/skbty.com\/es\/wp-json\/wp\/v2\/product_brand?post=2128"},{"taxonomy":"product_cat","embeddable":true,"href":"https:\/\/skbty.com\/es\/wp-json\/wp\/v2\/product_cat?post=2128"},{"taxonomy":"product_tag","embeddable":true,"href":"https:\/\/skbty.com\/es\/wp-json\/wp\/v2\/product_tag?post=2128"}],"curies":[{"name":"WP","href":"https:\/\/api.w.org\/{rel}","templated":true}]}}