{"id":2150,"date":"2023-06-27T16:24:24","date_gmt":"2023-06-27T08:24:24","guid":{"rendered":"https:\/\/skbty.com\/?post_type=product&#038;p=2150"},"modified":"2024-06-21T14:09:13","modified_gmt":"2024-06-21T06:09:13","slug":"maquina-de-eliminacion-de-venas-varicosas-de-980-nm","status":"publish","type":"product","link":"https:\/\/skbty.com\/es\/producto\/maquina-de-eliminacion-de-venas-varicosas-de-980-nm\/","title":{"rendered":"M\u00e1quina de eliminaci\u00f3n de venas varicosas de 980 nm"},"content":{"rendered":"<div>\n<h3>\u00bfQu\u00e9 es la m\u00e1quina de eliminaci\u00f3n vascular de ara\u00f1as vasculares de 980 nm?<\/h3>\n<p>El <strong>M\u00e1quina para eliminar ara\u00f1as vasculares de 30 W y 980 nm<\/strong> Es un dispositivo de \u00faltima generaci\u00f3n dise\u00f1ado para el tratamiento eficaz de ara\u00f1as vasculares, lesiones vasculares y diversas afecciones de la piel. Utilizando tecnolog\u00eda avanzada de l\u00e1ser de diodo de 980 nm, esta m\u00e1quina ofrece un tratamiento preciso y eficiente con m\u00ednimas molestias.<\/p>\n<table style=\"border-collapse: collapse; width: 100%;\">\n<tbody>\n<tr>\n<td style=\"width: 50%;\"><img loading=\"lazy\" decoding=\"async\" class=\"aligncenter\" title=\"eliminaci\u00f3n vascular de ara\u00f1as vasculares\" src=\"https:\/\/sc04.alicdn.com\/kf\/H0f4a89028710488b83fa4bbbba7745e19\/247315878\/H0f4a89028710488b83fa4bbbba7745e19.png\" alt=\"eliminaci\u00f3n vascular de ara\u00f1as vasculares\" width=\"403\" height=\"403\" data-src=\"\/\/sc04.alicdn.com\/kf\/H0f4a89028710488b83fa4bbbba7745e19\/247315878\/H0f4a89028710488b83fa4bbbba7745e19.png\" \/><\/td>\n<td style=\"width: 50%;\">\n<h3><img loading=\"lazy\" decoding=\"async\" class=\"aligncenter\" title=\"eliminaci\u00f3n vascular de ara\u00f1as vasculares\" src=\"https:\/\/sc04.alicdn.com\/kf\/H383ce4a8760e453585d35df42536ddd2N\/247315878\/H383ce4a8760e453585d35df42536ddd2N.jpg\" alt=\"eliminaci\u00f3n vascular de ara\u00f1as vasculares\" width=\"536\" height=\"523\" data-src=\"\/\/sc04.alicdn.com\/kf\/H383ce4a8760e453585d35df42536ddd2N\/247315878\/H383ce4a8760e453585d35df42536ddd2N.jpg\" \/><\/h3>\n<\/td>\n<\/tr>\n<\/tbody>\n<\/table>\n<h3>Presupuesto<\/h3>\n<ul>\n<li><strong>Nombre<\/strong>:M\u00e1quina para eliminar ara\u00f1as vasculares de 30 W y 980 nm<\/li>\n<li><strong>Funci\u00f3n<\/strong>: Tratamiento del acn\u00e9, eliminaci\u00f3n de vasos sangu\u00edneos, rejuvenecimiento de la piel, reafirmaci\u00f3n de la piel<\/li>\n<li><strong>Tama\u00f1o del punto<\/strong>: 1 mm, 2 mm, 3 mm<\/li>\n<li><strong>Ancho de pulso<\/strong>: 0-1 s (pasos de 0,05 s)<\/li>\n<li><strong>Fuerza<\/strong>:30 W<\/li>\n<li><strong>Pantalla LCD<\/strong>:8,0 pulgadas<\/li>\n<li><strong>Voltaje<\/strong>:220 V\/110 V<\/li>\n<\/ul>\n<h3>Teor\u00eda<\/h3>\n<h4>Principio de tratamiento<\/h4>\n<ol>\n<li><strong>L\u00e1ser de 980 nm<\/strong>:Espectro de absorci\u00f3n \u00f3ptimo de las c\u00e9lulas vasculares de porfirina. Las c\u00e9lulas vasculares absorben el l\u00e1ser de alta energ\u00eda de longitud de onda de 980 nm, lo que provoca su solidificaci\u00f3n y su posterior disipaci\u00f3n.<\/li>\n<li><strong>Energ\u00eda enfocada<\/strong>Para superar el enrojecimiento y la sensaci\u00f3n de ardor en grandes \u00e1reas del tratamiento con l\u00e1ser tradicional, la pieza de mano del dispositivo enfoca el rayo l\u00e1ser de 980 nm en un rango de di\u00e1metro de 0,2 a 0,5 mm, lo que permite que una energ\u00eda m\u00e1s enfocada llegue al tejido objetivo y evite quemar el tejido cut\u00e1neo circundante.<\/li>\n<li><strong>Estimulaci\u00f3n del col\u00e1geno<\/strong>:El l\u00e1ser estimula el crecimiento del col\u00e1geno d\u00e9rmico durante el tratamiento vascular, aumentando el grosor y la densidad epid\u00e9rmica, reduciendo la visibilidad de los vasos sangu\u00edneos peque\u00f1os y mejorando la elasticidad y resistencia de la piel.<\/li>\n<li><strong>Acci\u00f3n t\u00e9rmica<\/strong>:La acci\u00f3n t\u00e9rmica del l\u00e1ser provoca una absorci\u00f3n selectiva del tejido por parte de la hemoglobina, tratando eficazmente los problemas vasculares.<\/li>\n<\/ol>\n<table style=\"border-collapse: collapse; width: 100%;\">\n<tbody>\n<tr>\n<td style=\"width: 50%;\"><img loading=\"lazy\" decoding=\"async\" class=\"aligncenter\" title=\"eliminaci\u00f3n vascular de ara\u00f1as vasculares\" src=\"https:\/\/sc04.alicdn.com\/kf\/H8ba81a29834b46c7bae3fdaa8b8cc50di\/247315878\/H8ba81a29834b46c7bae3fdaa8b8cc50di.jpg\" alt=\"eliminaci\u00f3n vascular de ara\u00f1as vasculares\" width=\"375\" height=\"277\" data-src=\"\/\/sc04.alicdn.com\/kf\/H8ba81a29834b46c7bae3fdaa8b8cc50di\/247315878\/H8ba81a29834b46c7bae3fdaa8b8cc50di.jpg\" \/><\/td>\n<td style=\"width: 50%;\"><img loading=\"lazy\" decoding=\"async\" class=\"aligncenter\" title=\"eliminaci\u00f3n vascular de ara\u00f1as vasculares\" src=\"https:\/\/sc04.alicdn.com\/kf\/H93cd742e3e5846c79db52ddc3456f49dm\/247315878\/H93cd742e3e5846c79db52ddc3456f49dm.jpg\" alt=\"eliminaci\u00f3n vascular de ara\u00f1as vasculares\" width=\"750\" height=\"464\" data-src=\"\/\/sc04.alicdn.com\/kf\/H93cd742e3e5846c79db52ddc3456f49dm\/247315878\/H93cd742e3e5846c79db52ddc3456f49dm.jpg\" \/><\/td>\n<\/tr>\n<\/tbody>\n<\/table>\n<h3>Aplicaciones<\/h3>\n<ol>\n<li><strong>EVLT (Tratamiento l\u00e1ser de venas endovenosas)<\/strong><\/li>\n<li><strong>Terapia de lesiones vasculares<\/strong><\/li>\n<li><strong>Tratamiento de ara\u00f1as vasculares y venas faciales<\/strong><\/li>\n<li><strong>Tratamiento de vasos superficiales<\/strong>:Adecuado para vasos que van desde 0,2 a 2 mm de di\u00e1metro, incluidas ara\u00f1as vasculares, telangiectasias y ros\u00e1cea.<\/li>\n<\/ol>\n<h3><img loading=\"lazy\" decoding=\"async\" class=\"aligncenter\" title=\"eliminaci\u00f3n vascular de ara\u00f1as vasculares\" src=\"https:\/\/sc04.alicdn.com\/kf\/Hc5fe475f98bd49dd81f44db78cd86c28I\/247315878\/Hc5fe475f98bd49dd81f44db78cd86c28I.jpg\" alt=\"eliminaci\u00f3n vascular de ara\u00f1as vasculares\" width=\"601\" height=\"551\" data-src=\"\/\/sc04.alicdn.com\/kf\/Hc5fe475f98bd49dd81f44db78cd86c28I\/247315878\/Hc5fe475f98bd49dd81f44db78cd86c28I.jpg\" \/><\/h3>\n<h3>Ventajas<\/h3>\n<ol>\n<li><strong>Salida estable<\/strong>:El m\u00f3dulo l\u00e1ser de diodo de 980 nm se importa de Alemania, lo que garantiza una salida estable.<\/li>\n<li><strong>Control preciso de la temperatura<\/strong>:Una alarma autom\u00e1tica de alta temperatura garantiza que el l\u00e1ser funcione dentro de un rango de temperatura preciso.<\/li>\n<li><strong>Resultados inmediatos<\/strong>:Un solo tratamiento puede eliminar las ara\u00f1as vasculares y los problemas vasculares, con resultados visibles inmediatos.<\/li>\n<\/ol>\n<\/div>\n<div>\n<div><img loading=\"lazy\" decoding=\"async\" class=\"aligncenter\" title=\"eliminaci\u00f3n vascular de ara\u00f1as vasculares\" src=\"https:\/\/sc04.alicdn.com\/kf\/H0dc4985e62de465299d0cadb832a6945q\/247315878\/H0dc4985e62de465299d0cadb832a6945q.png\" alt=\"eliminaci\u00f3n vascular de ara\u00f1as vasculares\" width=\"750\" height=\"482\" data-src=\"\/\/sc04.alicdn.com\/kf\/H0dc4985e62de465299d0cadb832a6945q\/247315878\/H0dc4985e62de465299d0cadb832a6945q.png\" \/><\/div>\n<div><\/div>\n<div>\n<h3><strong>Personalizar El Logotipo De<\/strong><\/h3>\n<p>Queremos hacer de su marca se destaque? Ofrecemos logotipo modificado para requisitos particulares de los servicios que te ayudar\u00e1n a crear un entorno \u00fanico y personalizado logotipo que refleja la identidad de su marca. Nuestro equipo de expertos trabajar\u00e1 estrechamente con usted para dise\u00f1ar un logotipo que resuena con los valores de tu marca y de mensajer\u00eda. Si usted est\u00e1 buscando para renovar su logotipo existente o crear uno nuevo desde cero, lo tenemos cubierto. <a href=\"\/es\/contacto\/\">P\u00f3ngase en contacto con nosotros<\/a> hoy para aprender m\u00e1s acerca de nuestro logotipo modificado para requisitos particulares de los servicios!<\/p>\n<\/div>\n<div><\/div>\n<\/div>","protected":false},"excerpt":{"rendered":"<p>\u2666 El m\u00f3dulo l\u00e1ser de diodo de 980 nm se importa de Alemania, lo que garantiza una salida estable.<br \/>\n\u2666 Sistema de control de temperatura preciso, alarma autom\u00e1tica de alta temperatura, garantiza que el l\u00e1ser funcione dentro de un rango de temperatura preciso;<br \/>\n\u2666 Solo se necesita un \u00fanico tratamiento, las ara\u00f1as vasculares\/vasos vasculares se pueden eliminar por completo y podr\u00e1 ver el resultado de inmediato.<\/p>","protected":false},"featured_media":2188,"comment_status":"open","ping_status":"closed","template":"","meta":{"_kad_post_transparent":"default","_kad_post_title":"","_kad_post_layout":"default","_kad_post_sidebar_id":"","_kad_post_content_style":"default","_kad_post_vertical_padding":"default","_kad_post_feature":"","_kad_post_feature_position":"","_kad_post_header":false,"_kad_post_footer":false,"_kad_post_classname":"","rank_math_title":"","rank_math_description":"","rank_math_focus_keyword":""},"product_brand":[],"product_cat":[33],"product_tag":[],"class_list":{"0":"post-2150","1":"product","2":"type-product","3":"status-publish","4":"has-post-thumbnail","6":"product_cat-face-care","8":"first","9":"instock","10":"shipping-taxable","11":"product-type-simple","12":"entry","13":"content-bg","14":"loop-entry"},"_links":{"self":[{"href":"https:\/\/skbty.com\/es\/wp-json\/wp\/v2\/product\/2150","targetHints":{"allow":["GET"]}}],"collection":[{"href":"https:\/\/skbty.com\/es\/wp-json\/wp\/v2\/product"}],"about":[{"href":"https:\/\/skbty.com\/es\/wp-json\/wp\/v2\/types\/product"}],"replies":[{"embeddable":true,"href":"https:\/\/skbty.com\/es\/wp-json\/wp\/v2\/comments?post=2150"}],"wp:featuredmedia":[{"embeddable":true,"href":"https:\/\/skbty.com\/es\/wp-json\/wp\/v2\/media\/2188"}],"wp:attachment":[{"href":"https:\/\/skbty.com\/es\/wp-json\/wp\/v2\/media?parent=2150"}],"wp:term":[{"taxonomy":"product_brand","embeddable":true,"href":"https:\/\/skbty.com\/es\/wp-json\/wp\/v2\/product_brand?post=2150"},{"taxonomy":"product_cat","embeddable":true,"href":"https:\/\/skbty.com\/es\/wp-json\/wp\/v2\/product_cat?post=2150"},{"taxonomy":"product_tag","embeddable":true,"href":"https:\/\/skbty.com\/es\/wp-json\/wp\/v2\/product_tag?post=2150"}],"curies":[{"name":"WP","href":"https:\/\/api.w.org\/{rel}","templated":true}]}}