{"id":2151,"date":"2023-06-21T17:52:11","date_gmt":"2023-06-21T09:52:11","guid":{"rendered":"https:\/\/skbty.com\/?post_type=product&#038;p=2151"},"modified":"2024-06-21T15:46:03","modified_gmt":"2024-06-21T07:46:03","slug":"maquina-de-depilacion-laser-de-diodo-de-808-nm-y-picosegundos","status":"publish","type":"product","link":"https:\/\/skbty.com\/es\/producto\/maquina-de-depilacion-laser-de-diodo-de-808-nm-y-picosegundos\/","title":{"rendered":"M\u00e1quina port\u00e1til de depilaci\u00f3n con diodo l\u00e1ser de picosegundos + 808 nm"},"content":{"rendered":"<div>\n<div>\n<h3>\u00bfQu\u00e9 es el? <strong>\u00bfM\u00e1quina de depilaci\u00f3n con diodo l\u00e1ser Picosecond + 808nm?<\/strong><\/h3>\n<p><strong>M\u00e1quina de depilaci\u00f3n con diodo l\u00e1ser de picosegundos + 808 nm<\/strong> Combina tecnolog\u00edas avanzadas de l\u00e1ser de picosegundos y l\u00e1ser de diodo de 808 nm para tratamientos integrales de la piel y el cabello. Esta m\u00e1quina vers\u00e1til ofrece un posicionamiento preciso, una recuperaci\u00f3n r\u00e1pida y procedimientos suaves y c\u00f3modos para diversas necesidades dermatol\u00f3gicas.<\/p>\n<h3><img loading=\"lazy\" decoding=\"async\" class=\"aligncenter\" title=\"M\u00e1quina de diodo l\u00e1ser Picosecond + 808\" src=\"https:\/\/sc04.alicdn.com\/kf\/Ha4e108c318d04b3db4693932245fde4fd\/247315878\/Ha4e108c318d04b3db4693932245fde4fd.png\" alt=\"M\u00e1quina de diodo l\u00e1ser Picosecond + 808\" width=\"548\" height=\"500\" data-src=\"\/\/sc04.alicdn.com\/kf\/Ha4e108c318d04b3db4693932245fde4fd\/247315878\/Ha4e108c318d04b3db4693932245fde4fd.png\" \/><\/h3>\n<h3>Presupuesto<\/h3>\n<ul>\n<li><strong>Nombre<\/strong>:M\u00e1quina de depilaci\u00f3n l\u00e1ser de diodo de picosegundos + 808 nm<\/li>\n<li><strong>Pantalla<\/strong>: 10,4 pulgadas<\/li>\n<li><strong>Tama\u00f1o de la m\u00e1quina<\/strong>:59x<em>49,5x<\/em>56,5 cm (55 kg)<\/li>\n<li><strong>Densidad de energ\u00eda<\/strong>: 1-120 J\/cm\u00b2<\/li>\n<li><strong>Tama\u00f1o del punto<\/strong>:12*18MM<\/li>\n<li><strong>Disipaci\u00f3n de calor<\/strong>: Refrigeraci\u00f3n por aire + refrigeraci\u00f3n por agua + refrigeraci\u00f3n de semiconductores<\/li>\n<li><strong>Est\u00e1ndar de longitud de onda<\/strong>:808 nm (opci\u00f3n: 532 nm, 755 nm, 1064 nm)<\/li>\n<li><strong>Frecuencia<\/strong>:1-10 Hz<\/li>\n<li><strong>Opciones de longitud de onda<\/strong>:1064 nm\/532 nm\/1320 nm<\/li>\n<li><strong>Potencia total<\/strong>:2000W<\/li>\n<\/ul>\n<h3>Caracter\u00edsticas<\/h3>\n<ul>\n<li><strong>Nueva experiencia y apariencia refinada<\/strong>:Dise\u00f1o moderno con interfaz f\u00e1cil de usar.<\/li>\n<li><strong>Recuperaci\u00f3n r\u00e1pida<\/strong>:Tiempo de recuperaci\u00f3n r\u00e1pido despu\u00e9s del tratamiento.<\/li>\n<li><strong>Posicionamiento preciso<\/strong>:Garantiza una orientaci\u00f3n precisa para obtener resultados efectivos.<\/li>\n<li><strong>Depilaci\u00f3n con enfriamiento con hielo<\/strong>:Tratamiento c\u00f3modo e indoloro.<\/li>\n<li><strong>Filtro de micrones<\/strong>:Asegura pureza y eficacia.<\/li>\n<li><strong>Suave y c\u00f3modo<\/strong>:Minimiza las molestias durante los procedimientos.<\/li>\n<li><strong>De m\u00faltiples fines<\/strong>:Adecuado para diversos tratamientos, incluida la eliminaci\u00f3n de manchas, eliminaci\u00f3n de tatuajes, tratamiento de cicatrices leves, depilaci\u00f3n y rejuvenecimiento de la piel.<\/li>\n<\/ul>\n<h3><img loading=\"lazy\" decoding=\"async\" class=\"aligncenter\" title=\"M\u00e1quina de diodo l\u00e1ser Picosecond + 808\" src=\"https:\/\/sc04.alicdn.com\/kf\/Hf399b3f702a64dfea0beaf4dc9e4b2c9F\/247315878\/Hf399b3f702a64dfea0beaf4dc9e4b2c9F.png\" alt=\"M\u00e1quina de diodo l\u00e1ser Picosecond + 808\" width=\"534\" height=\"429\" data-src=\"\/\/sc04.alicdn.com\/kf\/Hf399b3f702a64dfea0beaf4dc9e4b2c9F\/247315878\/Hf399b3f702a64dfea0beaf4dc9e4b2c9F.png\" \/><\/h3>\n<h3>Ventajas<\/h3>\n<ol>\n<li><strong>Emisor l\u00e1ser de marca<\/strong>:Proporciona una luz estable para obtener resultados consistentes.<\/li>\n<li><strong>Tratamiento de seguridad<\/strong>:Garantiza un rendimiento estable y una larga vida \u00fatil.<\/li>\n<li><strong>Alta eficiencia<\/strong>:Absorbe eficazmente la melanina para una depilaci\u00f3n sin dolor.<\/li>\n<li><strong>Sin dolor<\/strong>:El sistema de enfriamiento Sapphire Touch garantiza un tratamiento seguro y sin dolor.<\/li>\n<li><strong>Resultados r\u00e1pidos de depilaci\u00f3n<\/strong>:El tama\u00f1o de punto grande aumenta la velocidad del tratamiento.<\/li>\n<li><strong>Depilaci\u00f3n permanente<\/strong>:Eficaz para todos los colores de piel con excelentes resultados.<\/li>\n<\/ol>\n<h3><img loading=\"lazy\" decoding=\"async\" class=\"aligncenter\" title=\"M\u00e1quina de diodo l\u00e1ser Picosecond + 808\" src=\"https:\/\/sc04.alicdn.com\/kf\/Hdfe137e0fb5a4c5c8d4eacd1e4351dd31\/247315878\/Hdfe137e0fb5a4c5c8d4eacd1e4351dd31.png\" alt=\"M\u00e1quina de diodo l\u00e1ser Picosecond + 808\" width=\"556\" height=\"426\" data-src=\"\/\/sc04.alicdn.com\/kf\/Hdfe137e0fb5a4c5c8d4eacd1e4351dd31\/247315878\/Hdfe137e0fb5a4c5c8d4eacd1e4351dd31.png\" \/><\/h3>\n<h3>Aplicaciones<\/h3>\n<ol>\n<li><strong>Reducci\u00f3n de poros<\/strong>:Tratamiento eficaz contra el envejecimiento y los poros dilatados, mostrando mejoras notables.<\/li>\n<li><strong>Eliminaci\u00f3n de manchas<\/strong>:El l\u00e1ser de picosegundos elimina f\u00e1cilmente las manchas sin preocuparse por los efectos anti-negros.<\/li>\n<li><strong>Reducci\u00f3n de l\u00edneas finas<\/strong>:Elimina las l\u00edneas finas alrededor de los ojos con mayor eficacia que las cremas para el cuidado de la piel.<\/li>\n<li><strong>Tratamiento de cicatrices<\/strong>:Mejora significativamente las cicatrices rebeldes y la piel con hoyuelos con unos pocos tratamientos.<\/li>\n<li><strong>Aclaramiento de la piel<\/strong>:Mejora la textura de la piel, haci\u00e9ndola m\u00e1s suave y tierna.<\/li>\n<li><strong>Eliminaci\u00f3n de tatuajes<\/strong>:Elimina incluso los tatuajes m\u00e1s dif\u00edciles (rojos, naranjas, amarillos, verdes, azules) de forma limpia y sin dejar rastros.<\/li>\n<\/ol>\n<h3><img loading=\"lazy\" decoding=\"async\" class=\"aligncenter\" title=\"M\u00e1quina de diodo l\u00e1ser Picosecond + 808\" src=\"https:\/\/sc04.alicdn.com\/kf\/H2b36a04f94984e03afec782eaeccd6c4m\/247315878\/H2b36a04f94984e03afec782eaeccd6c4m.png\" alt=\"M\u00e1quina de diodo l\u00e1ser Picosecond + 808\" width=\"653\" height=\"350\" data-src=\"\/\/sc04.alicdn.com\/kf\/H2b36a04f94984e03afec782eaeccd6c4m\/247315878\/H2b36a04f94984e03afec782eaeccd6c4m.png\" \/><\/h3>\n<h3>Usando efectos<\/h3>\n<ul>\n<li><strong>Reducci\u00f3n de poros<\/strong>:Notable estrechamiento de los poros despu\u00e9s del tratamiento.<\/li>\n<li><strong>Eliminaci\u00f3n de manchas<\/strong>:Resoluci\u00f3n efectiva de manchas faciales.<\/li>\n<li><strong>Reducci\u00f3n de l\u00edneas finas<\/strong>:Reducci\u00f3n visible de l\u00edneas finas en poco tiempo.<\/li>\n<li><strong>Tratamiento de cicatrices<\/strong>:Mejora de cicatrices rebeldes y piel con hoyuelos.<\/li>\n<li><strong>Aclaramiento de la piel<\/strong>:Piel m\u00e1s suave y tierna despu\u00e9s del tratamiento.<\/li>\n<li><strong>Eliminaci\u00f3n de tatuajes<\/strong>:Eliminaci\u00f3n completa de tatuajes dif\u00edciles sin dejar rastros.<\/li>\n<\/ul>\n<p>&nbsp;<\/p>\n<\/div>\n<\/div>\n<div>\n<h3><strong>Personalizar El Logotipo De<\/strong><\/h3>\n<p>Queremos hacer de su marca se destaque? Ofrecemos logotipo modificado para requisitos particulares de los servicios que te ayudar\u00e1n a crear un entorno \u00fanico y personalizado logotipo que refleja la identidad de su marca. Nuestro equipo de expertos trabajar\u00e1 estrechamente con usted para dise\u00f1ar un logotipo que resuena con los valores de tu marca y de mensajer\u00eda. Si usted est\u00e1 buscando para renovar su logotipo existente o crear uno nuevo desde cero, lo tenemos cubierto. <a href=\"\/es\/contacto\/\">P\u00f3ngase en contacto con nosotros<\/a> hoy para aprender m\u00e1s acerca de nuestro logotipo modificado para requisitos particulares de los servicios!<\/p>\n<\/div>","protected":false},"excerpt":{"rendered":"<div>1. Emisor l\u00e1ser de marca, luz estable.<\/div>\n<div>2. Tratamiento de seguridad. Rendimiento estable. Larga vida \u00fatil.<\/div>\n<div>3. Alta eficiencia. Absorci\u00f3n de melanina para lograr un efecto de depilaci\u00f3n indoloro de manera efectiva.<\/div>\n<div>4. Sin dolor. El sistema de enfriamiento Sapphire Touch garantiza que el tratamiento sea m\u00e1s seguro y no da\u00f1e la piel.<\/div>\n<div>5. Resultado de depilaci\u00f3n r\u00e1pido. El gran tama\u00f1o del punto acelera el tratamiento.<\/div>\n<div>6. Depilaci\u00f3n permanente. Aplicable a todos los colores de piel, excelente resultado.<\/div>","protected":false},"featured_media":2153,"comment_status":"open","ping_status":"closed","template":"","meta":{"_kad_post_transparent":"default","_kad_post_title":"","_kad_post_layout":"default","_kad_post_sidebar_id":"","_kad_post_content_style":"default","_kad_post_vertical_padding":"default","_kad_post_feature":"","_kad_post_feature_position":"","_kad_post_header":false,"_kad_post_footer":false,"_kad_post_classname":"","rank_math_title":"","rank_math_description":"","rank_math_focus_keyword":""},"product_brand":[],"product_cat":[29],"product_tag":[],"class_list":{"0":"post-2151","1":"product","2":"type-product","3":"status-publish","4":"has-post-thumbnail","6":"product_cat-pico-laser","8":"first","9":"instock","10":"shipping-taxable","11":"product-type-simple","12":"entry","13":"content-bg","14":"loop-entry"},"_links":{"self":[{"href":"https:\/\/skbty.com\/es\/wp-json\/wp\/v2\/product\/2151","targetHints":{"allow":["GET"]}}],"collection":[{"href":"https:\/\/skbty.com\/es\/wp-json\/wp\/v2\/product"}],"about":[{"href":"https:\/\/skbty.com\/es\/wp-json\/wp\/v2\/types\/product"}],"replies":[{"embeddable":true,"href":"https:\/\/skbty.com\/es\/wp-json\/wp\/v2\/comments?post=2151"}],"wp:featuredmedia":[{"embeddable":true,"href":"https:\/\/skbty.com\/es\/wp-json\/wp\/v2\/media\/2153"}],"wp:attachment":[{"href":"https:\/\/skbty.com\/es\/wp-json\/wp\/v2\/media?parent=2151"}],"wp:term":[{"taxonomy":"product_brand","embeddable":true,"href":"https:\/\/skbty.com\/es\/wp-json\/wp\/v2\/product_brand?post=2151"},{"taxonomy":"product_cat","embeddable":true,"href":"https:\/\/skbty.com\/es\/wp-json\/wp\/v2\/product_cat?post=2151"},{"taxonomy":"product_tag","embeddable":true,"href":"https:\/\/skbty.com\/es\/wp-json\/wp\/v2\/product_tag?post=2151"}],"curies":[{"name":"WP","href":"https:\/\/api.w.org\/{rel}","templated":true}]}}