{"id":2158,"date":"2023-06-21T18:00:34","date_gmt":"2023-06-21T10:00:34","guid":{"rendered":"https:\/\/skbty.com\/?post_type=product&#038;p=2158"},"modified":"2024-06-21T15:26:26","modified_gmt":"2024-06-21T07:26:26","slug":"maquina-de-belleza-de-plasma-quirurgico-3-en-1","status":"publish","type":"product","link":"https:\/\/skbty.com\/es\/producto\/maquina-de-belleza-de-plasma-quirurgico-3-en-1\/","title":{"rendered":"M\u00e1quina de belleza de plasma quir\u00fargico 3 en 1"},"content":{"rendered":"<div>\n<h3>\u00bfQu\u00e9 es el? <strong>\u00bfM\u00e1quina de belleza de plasma quir\u00fargico 3 en 1?<\/strong><\/h3>\n<p><strong>M\u00e1quina de belleza de plasma quir\u00fargico 3 en 1<\/strong> Combina ducha de plasma, plasma quir\u00fargico y manijas de calor\/fr\u00edo para brindar soluciones integrales de tratamiento y cuidado de la piel. Esta m\u00e1quina avanzada aborda diversos problemas de la piel, incluidos lunares, verrugas, estr\u00edas, arrugas y m\u00e1s.<\/p>\n<h3><img loading=\"lazy\" decoding=\"async\" class=\"aligncenter\" title=\"M\u00e1quina de belleza de plasma quir\u00fargico\" src=\"https:\/\/sc04.alicdn.com\/kf\/H14e000d53e694ee7b1d4d5d3f504a744I\/247315878\/H14e000d53e694ee7b1d4d5d3f504a744I.png\" alt=\"M\u00e1quina de belleza de plasma quir\u00fargico\" width=\"472\" height=\"438\" data-src=\"\/\/sc04.alicdn.com\/kf\/H14e000d53e694ee7b1d4d5d3f504a744I\/247315878\/H14e000d53e694ee7b1d4d5d3f504a744I.png\" \/><\/h3>\n<h3>Presupuesto<\/h3>\n<ul>\n<li><strong>Nombre<\/strong>:M\u00e1quina de belleza de plasma quir\u00fargico 3 en 1<\/li>\n<li><strong>Tipo<\/strong>:Mango de plasma\/calor y fr\u00edo\/Plasma BT<\/li>\n<li><strong>Fuerza<\/strong>: \u226426 W<\/li>\n<li><strong>Suministro electr\u00f3nico<\/strong>:CA 110\uff5e240 V 50 Hz\/60 Hz<\/li>\n<li><strong>Peso<\/strong>:Anfitri\u00f3n: 4,4 kg, Soporte: 12,4 kg<\/li>\n<\/ul>\n<h3><img loading=\"lazy\" decoding=\"async\" class=\"aligncenter\" title=\"M\u00e1quina de belleza de plasma quir\u00fargico\" src=\"https:\/\/sc04.alicdn.com\/kf\/H8df98b2f1bc049aa8c028d9fc6b3d97aV\/247315878\/H8df98b2f1bc049aa8c028d9fc6b3d97aV.png\" alt=\"M\u00e1quina de belleza de plasma quir\u00fargico\" width=\"516\" height=\"315\" data-src=\"\/\/sc04.alicdn.com\/kf\/H8df98b2f1bc049aa8c028d9fc6b3d97aV\/247315878\/H8df98b2f1bc049aa8c028d9fc6b3d97aV.png\" \/><\/h3>\n<p><img loading=\"lazy\" decoding=\"async\" class=\"aligncenter\" title=\"M\u00e1quina de belleza de plasma quir\u00fargico\" src=\"https:\/\/sc04.alicdn.com\/kf\/H26ae065b1ad24a8da285199d563548f2s\/247315878\/H26ae065b1ad24a8da285199d563548f2s.png\" alt=\"M\u00e1quina de belleza de plasma quir\u00fargico\" width=\"457\" height=\"462\" data-src=\"\/\/sc04.alicdn.com\/kf\/H26ae065b1ad24a8da285199d563548f2s\/247315878\/H26ae065b1ad24a8da285199d563548f2s.png\" \/><\/p>\n<h3>Principio del plasma<\/h3>\n<p>El plasma, el cuarto estado de la materia, est\u00e1 formado por iones y electrones que forman un gas ionizado con energ\u00eda el\u00e9ctrica. Utiliza la tecnolog\u00eda de conducci\u00f3n de plasma para abrir la estructura molecular de la mucosa cut\u00e1nea, ayudando a que las c\u00e9lulas se regeneren, mejoren la resistencia de los tejidos y mejoren el tejido de la superficie cut\u00e1nea. El plasma trata eficazmente el acn\u00e9, las cicatrices y otras afecciones cut\u00e1neas gracias a sus efectos rejuvenecedores, esterilizantes, antibacterianos y antiinflamatorios.<\/p>\n<p><img loading=\"lazy\" decoding=\"async\" class=\"aligncenter\" title=\"M\u00e1quina de belleza de plasma quir\u00fargico\" src=\"https:\/\/sc04.alicdn.com\/kf\/H6b9f0dae91aa499d87aa24f90cbb2f0fJ\/247315878\/H6b9f0dae91aa499d87aa24f90cbb2f0fJ.png\" alt=\"M\u00e1quina de belleza de plasma quir\u00fargico\" width=\"541\" height=\"274\" data-src=\"\/\/sc04.alicdn.com\/kf\/H6b9f0dae91aa499d87aa24f90cbb2f0fJ\/247315878\/H6b9f0dae91aa499d87aa24f90cbb2f0fJ.png\" \/><\/p>\n<h3><img loading=\"lazy\" decoding=\"async\" class=\"aligncenter\" title=\"M\u00e1quina de belleza de plasma quir\u00fargico\" src=\"https:\/\/sc04.alicdn.com\/kf\/H5c35257c3e5f44c3adcf7c064b39856bI\/247315878\/H5c35257c3e5f44c3adcf7c064b39856bI.png\" alt=\"M\u00e1quina de belleza de plasma quir\u00fargico\" width=\"655\" height=\"303\" data-src=\"\/\/sc04.alicdn.com\/kf\/H5c35257c3e5f44c3adcf7c064b39856bI\/247315878\/H5c35257c3e5f44c3adcf7c064b39856bI.png\" \/><\/h3>\n<p><img loading=\"lazy\" decoding=\"async\" class=\"aligncenter\" title=\"M\u00e1quina de belleza de plasma quir\u00fargico\" src=\"https:\/\/sc04.alicdn.com\/kf\/H53986b0fdf3b451cabf0e7735f1bc544P\/247315878\/H53986b0fdf3b451cabf0e7735f1bc544P.png\" alt=\"M\u00e1quina de belleza de plasma quir\u00fargico\" width=\"582\" height=\"587\" data-src=\"\/\/sc04.alicdn.com\/kf\/H53986b0fdf3b451cabf0e7735f1bc544P\/247315878\/H53986b0fdf3b451cabf0e7735f1bc544P.png\" \/><\/p>\n<h3>Funciones<\/h3>\n<ol>\n<li><strong>Antibacteriano y antiinflamatorio<\/strong>:Eficaz para tratar el acn\u00e9, las cicatrices y otras afecciones inflamatorias de la piel.<\/li>\n<li><strong>Lifting y blanqueamiento de la piel<\/strong>:Promueve la regeneraci\u00f3n del col\u00e1geno para una piel m\u00e1s suave, tersa y radiante.<\/li>\n<li><strong>Mejora de poros y queratinizaci\u00f3n<\/strong>:Reduce el tama\u00f1o de los poros y trata la queratinizaci\u00f3n grasa.<\/li>\n<\/ol>\n<h3><img loading=\"lazy\" decoding=\"async\" class=\"aligncenter\" title=\"M\u00e1quina de belleza de plasma quir\u00fargico\" src=\"https:\/\/sc04.alicdn.com\/kf\/H25f92bb893494fe7971e10aa0b3817eaz\/247315878\/H25f92bb893494fe7971e10aa0b3817eaz.png\" alt=\"M\u00e1quina de belleza de plasma quir\u00fargico\" width=\"546\" height=\"551\" data-src=\"\/\/sc04.alicdn.com\/kf\/H25f92bb893494fe7971e10aa0b3817eaz\/247315878\/H25f92bb893494fe7971e10aa0b3817eaz.png\" \/><\/h3>\n<h3>Ventaja t\u00e9cnica<\/h3>\n<ol>\n<li><strong>Tecnolog\u00eda de transferencia de plasma TDDS<\/strong>:Abre r\u00e1pidamente las mol\u00e9culas de adhesi\u00f3n (CAM) que conectan las c\u00e9lulas, produciendo una absorci\u00f3n sorprendente en 30 segundos.<\/li>\n<li><strong>Fuerte capacidad de desinfecci\u00f3n<\/strong>:La energ\u00eda del plasma elimina eficazmente las bacterias, previniendo diversos problemas de la piel.<\/li>\n<li><strong>Inhibici\u00f3n de la melanina<\/strong>:La energ\u00eda del plasma hace que las c\u00e9lulas envejecidas se atrofien y se recombinen, inhibiendo la precipitaci\u00f3n de melanina, dando como resultado una piel brillante, blanca e impecable.<\/li>\n<li><strong>Regeneraci\u00f3n de col\u00e1geno<\/strong>:La energ\u00eda del plasma autoregenera el col\u00e1geno, estimulando la producci\u00f3n de fibroblastos y previniendo el envejecimiento de la piel.<\/li>\n<\/ol>\n<h3>Caracter\u00edsticas detalladas<\/h3>\n<ul>\n<li><strong>Ducha de plasma de belleza<\/strong>:Esterilizaci\u00f3n, antibacteriano, antiinflamatorio, tratamiento del acn\u00e9.<\/li>\n<li><strong>Ducha de plasma quir\u00fargica<\/strong>:Eliminaci\u00f3n de manchas, pigmentaciones, verrugas, lunares y verrugas.<\/li>\n<li><strong>Efecto fraccional<\/strong>:Reducci\u00f3n de arrugas finas, mejora de poros, rejuvenecimiento de cicatrices y piel.<\/li>\n<li><strong>Efecto t\u00e9rmico<\/strong>:Reducci\u00f3n de arrugas finas, tensado de poros, lifting facial y tensado de la piel.<\/li>\n<li><strong>Mango fr\u00edo\/caliente<\/strong>:\n<ul>\n<li><strong>Fr\u00edo<\/strong>:Calma la piel despu\u00e9s del tratamiento, cierra los poros, mejora la elasticidad, elimina el edema, reafirma la piel.<\/li>\n<li><strong>Caliente<\/strong>:Promueve la absorci\u00f3n profunda, acelera el metabolismo.<\/li>\n<\/ul>\n<\/li>\n<\/ul>\n<h3>Usando efectos<\/h3>\n<ol>\n<li><strong>Tez iluminadora<\/strong>:Mejora la piel de color amarillo oscuro y elimina la pigmentaci\u00f3n.<\/li>\n<li><strong>Reducci\u00f3n del enrojecimiento y la hinchaz\u00f3n<\/strong>: Reduce los poros, reafirma e ilumina el rostro.<\/li>\n<li><strong>Antibacteriano y antiinflamatorio<\/strong>:Trata los poros dilatados, la queratosis y el acn\u00e9 inflamatorio.<\/li>\n<li><strong>Remodelaci\u00f3n de col\u00e1geno<\/strong>:Regenera la piel, mejora la piel fl\u00e1cida y suelta.<\/li>\n<\/ol>\n<\/div>\n<div>\n<div>\n<div>\n<div>\n<div>\n<div><img loading=\"lazy\" decoding=\"async\" class=\"aligncenter\" title=\"M\u00e1quina de belleza de plasma quir\u00fargico\" src=\"https:\/\/sc04.alicdn.com\/kf\/H600422064a844a4492a5fca2e1633e35M\/247315878\/H600422064a844a4492a5fca2e1633e35M.png\" alt=\"M\u00e1quina de belleza de plasma quir\u00fargico\" width=\"512\" height=\"517\" data-src=\"\/\/sc04.alicdn.com\/kf\/H600422064a844a4492a5fca2e1633e35M\/247315878\/H600422064a844a4492a5fca2e1633e35M.png\" \/><\/div>\n<div>\n<h3><strong>Personalizar El Logotipo De<\/strong><\/h3>\n<p>Queremos hacer de su marca se destaque? Ofrecemos logotipo modificado para requisitos particulares de los servicios que te ayudar\u00e1n a crear un entorno \u00fanico y personalizado logotipo que refleja la identidad de su marca. Nuestro equipo de expertos trabajar\u00e1 estrechamente con usted para dise\u00f1ar un logotipo que resuena con los valores de tu marca y de mensajer\u00eda. Si usted est\u00e1 buscando para renovar su logotipo existente o crear uno nuevo desde cero, lo tenemos cubierto. <a href=\"\/es\/contacto\/\">P\u00f3ngase en contacto con nosotros<\/a> hoy para aprender m\u00e1s acerca de nuestro logotipo modificado para requisitos particulares de los servicios!<\/p>\n<\/div>\n<\/div>\n<\/div>\n<\/div>\n<\/div>\n<\/div>","protected":false},"excerpt":{"rendered":"<p>Experimente la avanzada m\u00e1quina de belleza de plasma quir\u00fargico 3 en 1 para un cuidado integral de la piel. Este dispositivo multifuncional ofrece ducha de plasma, plasma quir\u00fargico y manijas de calor\/fr\u00edo para tratar lunares, verrugas, arrugas y m\u00e1s, promoviendo la regeneraci\u00f3n del col\u00e1geno y el rejuvenecimiento de la piel.<\/p>","protected":false},"featured_media":2159,"comment_status":"open","ping_status":"closed","template":"","meta":{"_kad_post_transparent":"default","_kad_post_title":"","_kad_post_layout":"default","_kad_post_sidebar_id":"","_kad_post_content_style":"default","_kad_post_vertical_padding":"default","_kad_post_feature":"","_kad_post_feature_position":"","_kad_post_header":false,"_kad_post_footer":false,"_kad_post_classname":"","rank_math_title":"","rank_math_description":"","rank_math_focus_keyword":""},"product_brand":[],"product_cat":[33],"product_tag":[],"class_list":{"0":"post-2158","1":"product","2":"type-product","3":"status-publish","4":"has-post-thumbnail","6":"product_cat-face-care","8":"first","9":"instock","10":"shipping-taxable","11":"product-type-simple","12":"entry","13":"content-bg","14":"loop-entry"},"_links":{"self":[{"href":"https:\/\/skbty.com\/es\/wp-json\/wp\/v2\/product\/2158","targetHints":{"allow":["GET"]}}],"collection":[{"href":"https:\/\/skbty.com\/es\/wp-json\/wp\/v2\/product"}],"about":[{"href":"https:\/\/skbty.com\/es\/wp-json\/wp\/v2\/types\/product"}],"replies":[{"embeddable":true,"href":"https:\/\/skbty.com\/es\/wp-json\/wp\/v2\/comments?post=2158"}],"wp:featuredmedia":[{"embeddable":true,"href":"https:\/\/skbty.com\/es\/wp-json\/wp\/v2\/media\/2159"}],"wp:attachment":[{"href":"https:\/\/skbty.com\/es\/wp-json\/wp\/v2\/media?parent=2158"}],"wp:term":[{"taxonomy":"product_brand","embeddable":true,"href":"https:\/\/skbty.com\/es\/wp-json\/wp\/v2\/product_brand?post=2158"},{"taxonomy":"product_cat","embeddable":true,"href":"https:\/\/skbty.com\/es\/wp-json\/wp\/v2\/product_cat?post=2158"},{"taxonomy":"product_tag","embeddable":true,"href":"https:\/\/skbty.com\/es\/wp-json\/wp\/v2\/product_tag?post=2158"}],"curies":[{"name":"WP","href":"https:\/\/api.w.org\/{rel}","templated":true}]}}