{"id":2170,"date":"2023-06-21T18:20:21","date_gmt":"2023-06-21T10:20:21","guid":{"rendered":"https:\/\/skbty.com\/?post_type=product&#038;p=2170"},"modified":"2026-03-31T17:04:17","modified_gmt":"2026-03-31T09:04:17","slug":"maquina-de-salud-con-silla-magica","status":"publish","type":"product","link":"https:\/\/skbty.com\/es\/producto\/maquina-de-salud-con-silla-magica\/","title":{"rendered":"M\u00e1quina de salud con silla m\u00e1gica"},"content":{"rendered":"<div>\n<h3>\u00bfQu\u00e9 es el? <strong>\u00bfM\u00e1quina de salud Silla M\u00e1gica?<\/strong><\/h3>\n<p>El <strong>M\u00e1quina de salud con silla m\u00e1gica<\/strong> Utiliza energ\u00eda electromagn\u00e9tica focalizada de alta intensidad (HIFEM) para tratar problemas musculares del suelo p\u00e9lvico. Este dispositivo avanzado est\u00e1 dise\u00f1ado para mejorar la relajaci\u00f3n vaginal, la incontinencia urinaria, la relajaci\u00f3n muscular del suelo p\u00e9lvico y el prolapso uterino mediante la administraci\u00f3n de pulsos electromagn\u00e9ticos que estimulan las neuronas motoras y promueven las contracciones musculares.<\/p>\n<h3><img loading=\"lazy\" decoding=\"async\" class=\"aligncenter\" title=\"La Magia De La Silla\" src=\"https:\/\/sc04.alicdn.com\/kf\/Ha8b3b003a9244bd682c7b1d6b90a3011Q\/247315878\/Ha8b3b003a9244bd682c7b1d6b90a3011Q.png\" alt=\"La Magia De La Silla\" width=\"502\" height=\"799\" data-src=\"\/\/sc04.alicdn.com\/kf\/Ha8b3b003a9244bd682c7b1d6b90a3011Q\/247315878\/Ha8b3b003a9244bd682c7b1d6b90a3011Q.png\" \/><\/h3>\n<h3>Presupuesto<\/h3>\n<ul>\n<li><strong>Nombre del producto<\/strong>:Silla m\u00e1gica<\/li>\n<li><strong>Intensidad de salida<\/strong>: 0-7 Tesla<\/li>\n<li><strong>Suministro electr\u00f3nico<\/strong>:Energ\u00eda electromagn\u00e9tica enfocada de alta intensidad<\/li>\n<li><strong>Tama\u00f1o<\/strong>: 76<em>70<\/em>65,5 cm<\/li>\n<li><strong>Peso<\/strong>:45 kilos<\/li>\n<\/ul>\n<h3>Principio de funcionamiento<\/h3>\n<p>La m\u00e1quina de salud Magic Chair utiliza pulsos electromagn\u00e9ticos para estimular las neuronas motoras que controlan los m\u00fasculos del suelo p\u00e9lvico. Esto produce una hipercontracci\u00f3n de los m\u00fasculos del suelo p\u00e9lvico, lo que equivale a 12.000 contracciones musculares del suelo p\u00e9lvico en una sola sesi\u00f3n. El tratamiento activa el tejido del suelo p\u00e9lvico, promueve la regeneraci\u00f3n del col\u00e1geno, restaura la firmeza, mejora la elasticidad y repara de forma integral los m\u00fasculos fl\u00e1cidos, abordando de forma eficaz las enfermedades de disfunci\u00f3n del suelo p\u00e9lvico.<\/p>\n<table style=\"border-collapse: collapse; width: 100%;\">\n<tbody>\n<tr>\n<td style=\"width: 50%;\"><img loading=\"lazy\" decoding=\"async\" class=\"aligncenter\" title=\"La Magia De La Silla\" src=\"https:\/\/sc04.alicdn.com\/kf\/Hbc49ecb951644d28935a0fbff6b0f702T\/247315878\/Hbc49ecb951644d28935a0fbff6b0f702T.png\" alt=\"La Magia De La Silla\" width=\"750\" height=\"516\" data-src=\"\/\/sc04.alicdn.com\/kf\/Hbc49ecb951644d28935a0fbff6b0f702T\/247315878\/Hbc49ecb951644d28935a0fbff6b0f702T.png\" \/><\/td>\n<td style=\"width: 50%;\"><img loading=\"lazy\" decoding=\"async\" class=\"aligncenter\" title=\"La Magia De La Silla\" src=\"https:\/\/sc04.alicdn.com\/kf\/Hc3254d855d524eed9f2bbafc5118ee691\/247315878\/Hc3254d855d524eed9f2bbafc5118ee691.png\" alt=\"La Magia De La Silla\" width=\"349\" height=\"273\" data-src=\"\/\/sc04.alicdn.com\/kf\/Hc3254d855d524eed9f2bbafc5118ee691\/247315878\/Hc3254d855d524eed9f2bbafc5118ee691.png\" \/><\/td>\n<\/tr>\n<\/tbody>\n<\/table>\n<h3>Funciones<\/h3>\n<ol>\n<li><strong>Mejorar la relajaci\u00f3n vaginal<\/strong>:Aprieta y fortalece los m\u00fasculos vaginales.<\/li>\n<li><strong>Mejorar la incontinencia urinaria<\/strong>:Reduce los s\u00edntomas de p\u00e9rdida de orina.<\/li>\n<li><strong>Mejorar la fuerza muscular del suelo p\u00e9lvico<\/strong>:Fortalece y tonifica los m\u00fasculos del suelo p\u00e9lvico.<\/li>\n<li><strong>Mejorar el prolapso uterino<\/strong>:Ayuda a controlar y mejorar los s\u00edntomas del prolapso uterino.<\/li>\n<\/ol>\n<h3>Ventajas detalladas<\/h3>\n<ol>\n<li><strong>Estimulaci\u00f3n electromagn\u00e9tica de alta intensidad<\/strong>:Estimula las neuronas motoras para inducir ejercicios de hipercontracci\u00f3n de los m\u00fasculos del suelo p\u00e9lvico.<\/li>\n<li><strong>Regeneraci\u00f3n de col\u00e1geno<\/strong>:Activa el tejido muscular del suelo p\u00e9lvico y promueve la regeneraci\u00f3n de col\u00e1geno.<\/li>\n<li><strong>Fortalecimiento de los m\u00fasculos del suelo p\u00e9lvico<\/strong>:Fortalece eficazmente los m\u00fasculos del suelo p\u00e9lvico.<\/li>\n<li><strong>Restauraci\u00f3n de firmeza y elasticidad<\/strong>:Restaura la firmeza muscular y mejora la elasticidad.<\/li>\n<li><strong>Fortalecimiento del suelo p\u00e9lvico<\/strong>:Fortalece los m\u00fasculos del suelo p\u00e9lvico para abordar la incontinencia urinaria, la protrusi\u00f3n del abdomen inferior y la relajaci\u00f3n.<\/li>\n<\/ol>\n<h3><strong>Personalizar El Logotipo De<\/strong><\/h3>\n<p>Queremos hacer de su marca se destaque? Ofrecemos logotipo modificado para requisitos particulares de los servicios que te ayudar\u00e1n a crear un entorno \u00fanico y personalizado logotipo que refleja la identidad de su marca. Nuestro equipo de expertos trabajar\u00e1 estrechamente con usted para dise\u00f1ar un logotipo que resuena con los valores de tu marca y de mensajer\u00eda. Si usted est\u00e1 buscando para renovar su logotipo existente o crear uno nuevo desde cero, lo tenemos cubierto. <a href=\"\/es\/contacto\/\">P\u00f3ngase en contacto con nosotros<\/a> hoy para aprender m\u00e1s acerca de nuestro logotipo modificado para requisitos particulares de los servicios!<\/p>\n<\/div>\n<div>\n<div>\n<div>\n<div>\n<div>\n<div><\/div>\n<\/div>\n<\/div>\n<\/div>\n<\/div>\n<\/div>\n<div><\/div>","protected":false},"excerpt":{"rendered":"<div>(1) El campo electromagn\u00e9tico enfocado de alta intensidad estimula las neuronas motoras para controlar los m\u00fasculos del suelo p\u00e9lvico para realizar ejercicios de hipercontracci\u00f3n.<\/div>\n<div>(2) Activar el tejido muscular del suelo p\u00e9lvico y promover la regeneraci\u00f3n de col\u00e1geno.<\/div>\n<div>(3)Mejora eficazmente los m\u00fasculos del suelo p\u00e9lvico.<\/div>\n<div>(4)Restaurar firmeza y elasticidad.<\/div>\n<div>(5)Fortalecer los m\u00fasculos del suelo p\u00e9lvico.<\/div>\n<div>(6)Resolver problemas como incontinencia urinaria, protrusi\u00f3n del abdomen inferior y relajaci\u00f3n.<\/div>","protected":false},"featured_media":2171,"comment_status":"open","ping_status":"closed","template":"","meta":{"_kad_post_transparent":"default","_kad_post_title":"","_kad_post_layout":"default","_kad_post_sidebar_id":"","_kad_post_content_style":"default","_kad_post_vertical_padding":"default","_kad_post_feature":"","_kad_post_feature_position":"","_kad_post_header":false,"_kad_post_footer":false,"_kad_post_classname":"","rank_math_title":"","rank_math_description":"","rank_math_focus_keyword":""},"product_brand":[],"product_cat":[183],"product_tag":[],"class_list":{"0":"post-2170","1":"product","2":"type-product","3":"status-publish","4":"has-post-thumbnail","6":"product_cat-magic-chair","7":"product_shipping_class-included-shipping","9":"first","10":"instock","11":"sale","12":"shipping-taxable","13":"purchasable","14":"product-type-simple","15":"entry","16":"content-bg","17":"loop-entry"},"_links":{"self":[{"href":"https:\/\/skbty.com\/es\/wp-json\/wp\/v2\/product\/2170","targetHints":{"allow":["GET"]}}],"collection":[{"href":"https:\/\/skbty.com\/es\/wp-json\/wp\/v2\/product"}],"about":[{"href":"https:\/\/skbty.com\/es\/wp-json\/wp\/v2\/types\/product"}],"replies":[{"embeddable":true,"href":"https:\/\/skbty.com\/es\/wp-json\/wp\/v2\/comments?post=2170"}],"wp:featuredmedia":[{"embeddable":true,"href":"https:\/\/skbty.com\/es\/wp-json\/wp\/v2\/media\/2171"}],"wp:attachment":[{"href":"https:\/\/skbty.com\/es\/wp-json\/wp\/v2\/media?parent=2170"}],"wp:term":[{"taxonomy":"product_brand","embeddable":true,"href":"https:\/\/skbty.com\/es\/wp-json\/wp\/v2\/product_brand?post=2170"},{"taxonomy":"product_cat","embeddable":true,"href":"https:\/\/skbty.com\/es\/wp-json\/wp\/v2\/product_cat?post=2170"},{"taxonomy":"product_tag","embeddable":true,"href":"https:\/\/skbty.com\/es\/wp-json\/wp\/v2\/product_tag?post=2170"}],"curies":[{"name":"WP","href":"https:\/\/api.w.org\/{rel}","templated":true}]}}