{"id":2177,"date":"2023-06-21T18:34:10","date_gmt":"2023-06-21T10:34:10","guid":{"rendered":"https:\/\/skbty.com\/?post_type=product&#038;p=2177"},"modified":"2024-08-30T19:11:33","modified_gmt":"2024-08-30T11:11:33","slug":"cabezal-de-radiofrecuencia-con-microagujas","status":"publish","type":"product","link":"https:\/\/skbty.com\/es\/producto\/cabezal-de-radiofrecuencia-con-microagujas\/","title":{"rendered":"Puntas nanom\u00e9tricas de 10\/25\/64 pines para cartuchos de microagujas RF"},"content":{"rendered":"<div>\n<h3>\u00bfQu\u00e9 son 10\/25\/64 pines\/puntas nano?<strong>?<\/strong><\/h3>\n<p class=\"p1\">Las puntas nanom\u00e9tricas de 10\/25\/64 pines son accesorios especializados dise\u00f1ados para usarse con m\u00e1quinas de cartuchos de radiofrecuencia con microagujas. Estas puntas var\u00edan en la cantidad de microagujas, lo que permite realizar tratamientos personalizados seg\u00fan las necesidades espec\u00edficas de la piel.<\/p>\n<p><img loading=\"lazy\" decoding=\"async\" class=\"aligncenter  wp-image-3014\" src=\"https:\/\/skbty.com\/wp-content\/uploads\/2023\/06\/tips-for-microneedle-machine-1024x975.avif\" alt=\"Consejos para la m\u00e1quina de microagujas\" width=\"488\" height=\"465\" data-wp-pid=\"3014\" srcset=\"https:\/\/skbty.com\/wp-content\/uploads\/2023\/06\/tips-for-microneedle-machine-1024x975.avif 1024w, https:\/\/skbty.com\/wp-content\/uploads\/2023\/06\/tips-for-microneedle-machine-300x286.avif 300w, https:\/\/skbty.com\/wp-content\/uploads\/2023\/06\/tips-for-microneedle-machine-768x732.avif 768w, https:\/\/skbty.com\/wp-content\/uploads\/2023\/06\/tips-for-microneedle-machine-1536x1463.avif 1536w, https:\/\/skbty.com\/wp-content\/uploads\/2023\/06\/tips-for-microneedle-machine-600x571.avif 600w, https:\/\/skbty.com\/wp-content\/uploads\/2023\/06\/tips-for-microneedle-machine.avif 2020w\" sizes=\"auto, (max-width: 488px) 100vw, 488px\" \/><\/p>\n<ul>\n<li class=\"p3\"><b>10 pines:<\/b> Ideal para tratamientos espec\u00edficos en \u00e1reas peque\u00f1as, proporcionando microagujas precisas para zonas delicadas o de dif\u00edcil acceso.<\/li>\n<li class=\"p3\"><b>25 pines:<\/b> Adecuado para \u00e1reas de tama\u00f1o mediano, ofrece un equilibrio entre cobertura y precisi\u00f3n, com\u00fanmente utilizado para tratamientos faciales generales.<\/li>\n<li class=\"p3\"><b>64 Pines:<\/b> Dise\u00f1adas para \u00e1reas m\u00e1s grandes, estas puntas brindan una cobertura extensa, lo que las hace perfectas para tratar regiones m\u00e1s amplias como las mejillas o la frente.<\/li>\n<li class=\"p3\"><b>Consejos nano:<\/b> A diferencia de las otras microagujas, las nanopuntas no penetran tan profundamente y se utilizan para tratamientos superficiales. Son excelentes para mejorar la absorci\u00f3n de sueros y otros productos para el cuidado de la piel, y para tratamientos enfocados en mejorar la textura y el tono de la piel.<\/li>\n<\/ul>\n<p class=\"p1\">Estas puntas de microagujas funcionan creando microlesiones controladas en la piel, estimulando la producci\u00f3n de col\u00e1geno y mejorando la eficacia de la energ\u00eda de RF (radiofrecuencia). Las distintas configuraciones de las agujas permiten realizar tratamientos vers\u00e1tiles, desde la reducci\u00f3n de l\u00edneas finas hasta la revisi\u00f3n de cicatrices profundas, todo adaptado al tipo de piel y al problema del paciente.<\/p>\n<p>El <a href=\"\/es\/producto\/maquina-de-radiofrecuencia-fraccionada-con-microagujas-doradas\/\"><strong>M\u00e1quina de cartuchos de microagujas RF<\/strong><\/a> es un dispositivo avanzado para el tratamiento de la piel que combina la tecnolog\u00eda de microagujas y radiofrecuencia (RF) para mejorar la textura, elasticidad y apariencia de la piel. Esta m\u00e1quina est\u00e1 equipada con varias puntas intercambiables, lo que proporciona una soluci\u00f3n vers\u00e1til para diferentes problemas de la piel, desde arrugas profundas hasta cicatrices de acn\u00e9.<\/p>\n<table style=\"border-collapse: collapse; width: 100%;\">\n<tbody>\n<tr>\n<td style=\"width: 32.3816%;\"><a href=\"\/es\/producto\/maquina-de-radiofrecuencia-fraccionada-con-microagujas-doradas\/\"><img loading=\"lazy\" decoding=\"async\" class=\"aligncenter\" title=\"Cartuchos de microagujas RF\" src=\"https:\/\/sc04.alicdn.com\/kf\/Hc1379564e08b4b2aa5beb76fe4da2babD\/247315878\/Hc1379564e08b4b2aa5beb76fe4da2babD.jpg\" alt=\"Cartuchos de microagujas RF\" width=\"750\" height=\"577\" data-src=\"\/\/sc04.alicdn.com\/kf\/Hc1379564e08b4b2aa5beb76fe4da2babD\/247315878\/Hc1379564e08b4b2aa5beb76fe4da2babD.jpg\" \/><\/a><\/td>\n<td style=\"width: 67.6184%;\">\n<h3><img loading=\"lazy\" decoding=\"async\" class=\"aligncenter\" title=\"Cartuchos de microagujas RF\" src=\"https:\/\/sc04.alicdn.com\/kf\/H126bca153a9c45aeb466d70a05e2a4d8B\/247315878\/H126bca153a9c45aeb466d70a05e2a4d8B.png\" alt=\"Cartuchos de microagujas RF\" width=\"377\" height=\"359\" data-src=\"\/\/sc04.alicdn.com\/kf\/H126bca153a9c45aeb466d70a05e2a4d8B\/247315878\/H126bca153a9c45aeb466d70a05e2a4d8B.png\" \/><\/h3>\n<\/td>\n<\/tr>\n<\/tbody>\n<\/table>\n<h3>Presupuesto<\/h3>\n<ul>\n<li><strong>Consejos<\/strong>: 10 pines\/25 pines\/64 pines\/Nano<\/li>\n<li><strong>Tecnolog\u00eda<\/strong>: Microagujas RF<\/li>\n<li><strong>Frecuencia<\/strong>: 2~4Mhz ajustable<\/li>\n<li><strong>Maquinas compatibles<\/strong>: <a href=\"\/es\/producto\/maquina-de-radiofrecuencia-fraccionada-con-microagujas-doradas\/\">M\u00e1quina de radiofrecuencia con microagujas<\/a><\/li>\n<\/ul>\n<h3>Principio de funcionamiento<\/h3>\n<p>El sistema de agujas de radiofrecuencia fraccionada utiliza un dise\u00f1o especial con muchas puntas de aguja fraccionadas dispuestas en una matriz. Un motor digital de alta velocidad controla las agujas, penetrando la epidermis y la dermis a una profundidad de 0,25 a 3 mm. En el extremo de la aguja reticular, se libera energ\u00eda de radiofrecuencia, estimulando el col\u00e1geno y el tejido el\u00e1stico sin da\u00f1ar la capa epid\u00e9rmica. La energ\u00eda de radiofrecuencia penetra profundamente en la dermis, promoviendo la hiperplasia de la prote\u00edna de col\u00e1geno, que mejora las cicatrices y tensa las arrugas de la piel a largo plazo.<\/p>\n<h3>Caracter\u00edsticas<\/h3>\n<ol>\n<li><strong>Mejora los poros y las cicatrices.<\/strong>:Trata las arrugas profundas, el acn\u00e9 y la pigmentaci\u00f3n.<\/li>\n<li><strong>Mejora la elasticidad del col\u00e1geno.<\/strong>:Mejora la firmeza y suavidad de la piel.<\/li>\n<li><strong>Suaviza la piel<\/strong>:Cierra los poros y proporciona energ\u00eda precisa con un dolor m\u00ednimo.<\/li>\n<li><strong>M\u00ednimamente invasivo<\/strong>:Garantiza que la energ\u00eda de RF llegue al \u00e1rea objetivo de manera efectiva.<\/li>\n<li><strong>Eliminaci\u00f3n de cicatrices<\/strong>:Reduce las cicatrices del acn\u00e9 y es adecuado para estr\u00edas, antienvejecimiento, terapia antiarrugas, restauraci\u00f3n del cabello y tratamiento de pigmentaci\u00f3n.<\/li>\n<\/ol>\n<h3>Ventajas<\/h3>\n<ol>\n<li><strong>Tratamiento asistido por vac\u00edo<\/strong>:Garantiza procedimientos m\u00e1s c\u00f3modos.<\/li>\n<li><strong>Agujas sin aislamiento<\/strong>:Act\u00faa por igual en las capas de la epidermis y la dermis, mejorando la eficacia del tratamiento.<\/li>\n<li><strong>Tipo de motor paso a paso<\/strong>:Inserci\u00f3n suave de la aguja sin impacto, minimizando el sangrado y el dolor.<\/li>\n<li><strong>Agujas ba\u00f1adas en oro<\/strong>:Duradero con alta biocompatibilidad, adecuado para pacientes con alergias a los metales.<\/li>\n<li><strong>Control de profundidad preciso<\/strong>:Profundidad de aguja ajustable de 0,5 mm a 5,0 mm en incrementos de 0,1 mm.<\/li>\n<li><strong>Sistema de aguja de seguridad<\/strong>:\n<ul>\n<li>Puntas de aguja desechables esterilizadas.<\/li>\n<li>F\u00e1cil visualizaci\u00f3n de la aplicaci\u00f3n de energ\u00eda de RF a trav\u00e9s de un indicador de luz roja.<\/li>\n<\/ul>\n<\/li>\n<li><strong>Grosor de la aguja elaborada<\/strong>:M\u00ednimo 0 mm, m\u00e1ximo 0,3 mm, lo que garantiza la precisi\u00f3n.<\/li>\n<\/ol>\n<\/div>\n<div>\n<div>\n<div><\/div>\n<\/div>\n<\/div>\n<div>\n<h3><strong>Personalizar El Logotipo De<\/strong><\/h3>\n<p>Queremos hacer de su marca se destaque? Ofrecemos logotipo modificado para requisitos particulares de los servicios que te ayudar\u00e1n a crear un entorno \u00fanico y personalizado logotipo que refleja la identidad de su marca. Nuestro equipo de expertos trabajar\u00e1 estrechamente con usted para dise\u00f1ar un logotipo que resuena con los valores de tu marca y de mensajer\u00eda. Si usted est\u00e1 buscando para renovar su logotipo existente o crear uno nuevo desde cero, lo tenemos cubierto. <a href=\"\/es\/contacto\/\">P\u00f3ngase en contacto con nosotros<\/a> hoy para aprender m\u00e1s acerca de nuestro logotipo modificado para requisitos particulares de los servicios!<\/p>\n<\/div>\n<div>\n<div><\/div>\n<div><\/div>\n<\/div>\n<div><\/div>\n<div id=\"haloword-lookup\" class=\"ui-widget-content ui-draggable\" style=\"position: relative;\">\n<div id=\"haloword-content\"><\/div>\n<\/div>","protected":false},"excerpt":{"rendered":"<p>El sistema de agujas de radiofrecuencia fraccionaria a trav\u00e9s del dise\u00f1o especial de muchas matrices de puntos de agujas fraccionarias, el motor digital de alta velocidad controla el orden a trav\u00e9s de la epidermis y la dermis con precisi\u00f3n para controlar la profundidad de 0,25-3 mm, nuevamente al final de la aguja de celos\u00eda libera RF, estimula el col\u00e1geno y el tejido el\u00e1stico, y es la capa epid\u00e9rmica es segura, la energ\u00eda de RF puede penetrar bien en la dermis, estimular la hiperplasia de la prote\u00edna de col\u00e1geno, no solo es la mejor manera de mejorar las cicatrices, sino tambi\u00e9n el estiramiento a largo plazo de las arrugas de la piel inducidas por el buen m\u00e9todo.<\/p>\n<div id=\"haloword-lookup\" class=\"ui-widget-content ui-draggable\" style=\"position: relative;\">\n<div id=\"haloword-title\">\n<p><span id=\"haloword-word\"><\/span><a id=\"haloword-pron\" class=\"haloword-button\" title=\"\u53d1\u97f3\"><\/a><audio id=\"haloword-audio\"><\/audio><\/p>\n<div id=\"haloword-control-container\"><\/div>\n<\/div>\n<div id=\"haloword-content\"><\/div>\n<\/div>","protected":false},"featured_media":2178,"comment_status":"open","ping_status":"closed","template":"","meta":{"_kad_post_transparent":"default","_kad_post_title":"","_kad_post_layout":"default","_kad_post_sidebar_id":"","_kad_post_content_style":"default","_kad_post_vertical_padding":"default","_kad_post_feature":"","_kad_post_feature_position":"","_kad_post_header":false,"_kad_post_footer":false,"_kad_post_classname":"","rank_math_title":"","rank_math_description":"","rank_math_focus_keyword":""},"product_brand":[],"product_cat":[49],"product_tag":[],"class_list":{"0":"post-2177","1":"product","2":"type-product","3":"status-publish","4":"has-post-thumbnail","6":"product_cat-parts_facial_care","7":"product_shipping_class-included-shipping","9":"first","10":"instock","11":"shipping-taxable","12":"purchasable","13":"product-type-variable","14":"has-default-attributes","15":"entry","16":"content-bg","17":"loop-entry"},"_links":{"self":[{"href":"https:\/\/skbty.com\/es\/wp-json\/wp\/v2\/product\/2177","targetHints":{"allow":["GET"]}}],"collection":[{"href":"https:\/\/skbty.com\/es\/wp-json\/wp\/v2\/product"}],"about":[{"href":"https:\/\/skbty.com\/es\/wp-json\/wp\/v2\/types\/product"}],"replies":[{"embeddable":true,"href":"https:\/\/skbty.com\/es\/wp-json\/wp\/v2\/comments?post=2177"}],"wp:featuredmedia":[{"embeddable":true,"href":"https:\/\/skbty.com\/es\/wp-json\/wp\/v2\/media\/2178"}],"wp:attachment":[{"href":"https:\/\/skbty.com\/es\/wp-json\/wp\/v2\/media?parent=2177"}],"wp:term":[{"taxonomy":"product_brand","embeddable":true,"href":"https:\/\/skbty.com\/es\/wp-json\/wp\/v2\/product_brand?post=2177"},{"taxonomy":"product_cat","embeddable":true,"href":"https:\/\/skbty.com\/es\/wp-json\/wp\/v2\/product_cat?post=2177"},{"taxonomy":"product_tag","embeddable":true,"href":"https:\/\/skbty.com\/es\/wp-json\/wp\/v2\/product_tag?post=2177"}],"curies":[{"name":"WP","href":"https:\/\/api.w.org\/{rel}","templated":true}]}}