{"id":2241,"date":"2024-01-02T17:22:34","date_gmt":"2024-01-02T09:22:34","guid":{"rendered":"https:\/\/skbty.com\/?post_type=product&#038;p=2241"},"modified":"2024-06-21T13:57:15","modified_gmt":"2024-06-21T05:57:15","slug":"maquina-de-terapia-de-ondas-de-choque-4","status":"publish","type":"product","link":"https:\/\/skbty.com\/es\/producto\/maquina-de-terapia-de-ondas-de-choque-4\/","title":{"rendered":"M\u00e1quina de terapia de ondas de choque"},"content":{"rendered":"<div class=\"J_module\">\n<div class=\"detail-decorate-json-renderer-container\">\n<div class=\"magic-2\">\n<h3 class=\"magic-3\"><span class=\"magic-5\">M\u00e1quina de terapia de ondas de choque<\/span><\/h3>\n<div class=\"magic-7\">\n<div class=\"magic-8\">\n<div class=\"magic-9\"><span class=\"magic-10\"><span class=\"magic-4\">La m\u00e1quina de terapia de ondas de choque utiliza el principio bal\u00edstico de generaci\u00f3n de ondas de choque: utiliza aire comprimido acelerado para crear una onda de presi\u00f3n a trav\u00e9s de una m\u00e1quina de ondas de choque. El aire comprimido es producido por un compresor de presi\u00f3n bal\u00edstica controlado electr\u00f3nicamente. Mediante un choque el\u00e1stico, la energ\u00eda cin\u00e9tica de la m\u00e1quina de ondas de choque se transmite a la sonda del dispositivo de tratamiento y luego ingresa al cuerpo del cliente. Por lo tanto, la punta del aplicador final debe estar en contacto directo con la piel y el tejido subcut\u00e1neo durante el tratamiento. Las ondas de choque se dirigen a las \u00e1reas afectadas en la ra\u00edz del dolor cr\u00f3nico. El impacto de la onda de choque provoca la disoluci\u00f3n de los dep\u00f3sitos de calcio y conduce a una mejor vascularizaci\u00f3n. El efecto posterior es el alivio del dolor.<\/span><\/span><\/div>\n<div><\/div>\n<\/div>\n<\/div>\n<\/div>\n<\/div>\n<\/div>\n<div class=\"J_module\">\n<div class=\"ife-detail-decorate-table\">\n<table style=\"border-color: #f3f3f3;\" border=\"1\" cellspacing=\"0\" cellpadding=\"0\">\n<tbody>\n<tr>\n<td colspan=\"1\" rowspan=\"1\">\n<div>Nombre<\/div>\n<\/td>\n<td colspan=\"1\" rowspan=\"1\">\n<div class=\"magic-14\">M\u00e1quina de terapia de ondas de choque<\/div>\n<\/td>\n<\/tr>\n<tr>\n<td colspan=\"1\" rowspan=\"1\">\n<div class=\"magic-12\">Especificaci\u00f3n<\/div>\n<\/td>\n<td colspan=\"1\" rowspan=\"1\">\n<div class=\"magic-14\">Caja de aluminio y cart\u00f3n de 41 x 51 x 45 cm y 35 kg<\/div>\n<\/td>\n<\/tr>\n<tr>\n<td colspan=\"1\" rowspan=\"1\">\n<div class=\"magic-12\">Servicio OEM<\/div>\n<\/td>\n<td colspan=\"1\" rowspan=\"1\">\n<div class=\"magic-14\">Apoyo<\/div>\n<\/td>\n<\/tr>\n<tr>\n<td colspan=\"1\" rowspan=\"1\">\n<div class=\"magic-12\">Cabeza de choque<\/div>\n<\/td>\n<td colspan=\"1\" rowspan=\"1\">\n<div class=\"magic-14\">3 cabezales de choque de diferentes tama\u00f1os<\/div>\n<\/td>\n<\/tr>\n<tr>\n<td colspan=\"1\" rowspan=\"1\">\n<div class=\"magic-12\">Pantalla t\u00e1ctil<\/div>\n<\/td>\n<td colspan=\"1\" rowspan=\"1\">\n<div class=\"magic-14\">Pantalla t\u00e1ctil de 8 pulgadas<\/div>\n<\/td>\n<\/tr>\n<tr>\n<td colspan=\"1\" rowspan=\"1\">\n<div class=\"magic-15\">Frecuencia<\/div>\n<\/td>\n<td colspan=\"1\" rowspan=\"1\">\n<div class=\"magic-16\">1 \u2013 21 Hz<\/div>\n<\/td>\n<\/tr>\n<tr>\n<td colspan=\"1\" rowspan=\"1\">\n<div class=\"magic-15\">Energ\u00eda<\/div>\n<\/td>\n<td colspan=\"1\" rowspan=\"1\">\n<div class=\"magic-16\">1 \u2013 8 Comp\u00e1s<\/div>\n<\/td>\n<\/tr>\n<\/tbody>\n<\/table>\n<\/div>\n<\/div>\n<div class=\"J_module\">\n<div class=\"detail-decorate-json-renderer-container\">\n<div class=\"magic-2\">\n<h3 class=\"magic-3\"><span class=\"magic-5\">Principio de trabajo<\/span><\/h3>\n<div class=\"magic-7\">\n<div class=\"magic-8\">\n<div class=\"magic-9\"><span class=\"magic-10\">Adoptando las caracter\u00edsticas de la terapia de ondas de choque SW8, la frecuencia es de 1-16Hz, que puede llegar a 8 cm debajo de la piel, act\u00faa sobre el periostio para generar calor y la temperatura instant\u00e1nea alcanza los 43 \u00b0 C, al tiempo que mejora la circulaci\u00f3n sangu\u00ednea.<\/span><\/div>\n<\/div>\n<\/div>\n<\/div>\n<\/div>\n<\/div>\n<div class=\"J_module\">\n<div class=\"icbu-pc-images magic-17\">\n<div>\n<div class=\"flex-layout-v\">\n<div class=\"flex-layout-h magic-17\">\n<div class=\"magic-18\"><img loading=\"lazy\" decoding=\"async\" class=\"magic-19 aligncenter\" title=\"M\u00e1quina de terapia de ondas de choque\" src=\"https:\/\/sc04.alicdn.com\/kf\/H04b14e8d47684697b913958bea850604p\/247315878\/H04b14e8d47684697b913958bea850604p.png\" alt=\"M\u00e1quina de terapia de ondas de choque\" width=\"609\" height=\"406\" data-src=\"\/\/sc04.alicdn.com\/kf\/H04b14e8d47684697b913958bea850604p\/247315878\/H04b14e8d47684697b913958bea850604p.png\" \/><\/div>\n<\/div>\n<\/div>\n<\/div>\n<\/div>\n<\/div>\n<div class=\"J_module\">\n<div class=\"detail-decorate-json-renderer-container\">\n<div class=\"magic-2\">\n<h3 class=\"magic-3\"><span class=\"magic-5\">Funciones<\/span><\/h3>\n<div class=\"magic-7\">\n<div class=\"magic-8\">\n<div class=\"magic-9\"><span class=\"magic-10\">1. Puntos gatillo de dolor Dolor agudo y cr\u00f3nico en la espalda, hombros, cuello, etc. debido al acortamiento y engrosamiento permanente de los m\u00fasculos. <\/span><\/div>\n<div class=\"magic-9\"><span class=\"magic-10\">2. S\u00edndrome del margen tibial Inflamaci\u00f3n del borde tibial debido al uso excesivo. <\/span><\/div>\n<div class=\"magic-9\"><span class=\"magic-10\">3. Bursitis trocant\u00e9rea Periostitis dolorosa de la cadera <\/span><\/div>\n<div class=\"magic-9\"><span class=\"magic-10\">4. Dolor Irritaci\u00f3n del tend\u00f3n de Aquiles <\/span><\/div>\n<div class=\"magic-9\"><span class=\"magic-10\">5. Dolor en el tal\u00f3n Dolor en el tal\u00f3n, principalmente inflamaci\u00f3n cr\u00f3nica <\/span><\/div>\n<div class=\"magic-9\"><span class=\"magic-10\">6. Codo de golfista Inflamaci\u00f3n dolorosa de la inserci\u00f3n del tend\u00f3n en el codo medial. <\/span><\/div>\n<div class=\"magic-9\"><span class=\"magic-10\">7. S\u00edndrome de la punta de la r\u00f3tula Inflamaci\u00f3n del borde tibial por uso excesivo<\/span><\/div>\n<\/div>\n<\/div>\n<\/div>\n<\/div>\n<\/div>\n<div class=\"J_module\">\n<div class=\"icbu-pc-images magic-17\">\n<div>\n<div class=\"flex-layout-v\">\n<div class=\"flex-layout-h magic-17\">\n<div class=\"magic-20\"><img loading=\"lazy\" decoding=\"async\" class=\"magic-21 aligncenter\" title=\"M\u00e1quina de terapia de ondas de choque\" src=\"https:\/\/sc04.alicdn.com\/kf\/Ha8b3efa5a1044a29b216b7e0e004d82bX\/247315878\/Ha8b3efa5a1044a29b216b7e0e004d82bX.png\" alt=\"M\u00e1quina de terapia de ondas de choque\" width=\"609\" height=\"761\" data-src=\"\/\/sc04.alicdn.com\/kf\/Ha8b3efa5a1044a29b216b7e0e004d82bX\/247315878\/Ha8b3efa5a1044a29b216b7e0e004d82bX.png\" \/><\/div>\n<\/div>\n<\/div>\n<\/div>\n<\/div>\n<\/div>\n<div class=\"J_module\">\n<div class=\"detail-decorate-json-renderer-container\">\n<div class=\"magic-2\">\n<h3 class=\"magic-3\"><span class=\"magic-5\">Efectos<\/span><\/h3>\n<div class=\"magic-7\">\n<div class=\"magic-8\">\n<div class=\"magic-9\"><span class=\"magic-10\">Imagina el rojo como una zona de energ\u00eda que hace da\u00f1o. Esta zona va desde la parte inferior del amortiguador hasta la parte superior, formando un pilar que destruye todo a su paso. La onda de choque extracorp\u00f3rea SW8 alrededor de este poste es la zona de menor energ\u00eda, mostrada en verde, dosificada para producir curaci\u00f3n. Tambi\u00e9n hay una zona (mostrada en azul) que tiene mucha menos energ\u00eda y es capaz de reducir el dolor. Tambi\u00e9n hay una zona donde la fuerza de la onda disminuye por encima de la zona da\u00f1ada (la energ\u00eda no puede durar para siempre), lo que a su vez crea un efecto curativo o de alivio del dolor. Lo que hay que recordar es que los efectos se producen desde niveles altos de energ\u00eda hasta niveles bajos de energ\u00eda, es decir, niveles altos de energ\u00eda = da\u00f1o + curaci\u00f3n + alivio del dolor.<\/span><\/div>\n<\/div>\n<\/div>\n<\/div>\n<\/div>\n<\/div>\n<div class=\"J_module\">\n<div class=\"icbu-pc-images magic-17\">\n<div>\n<div class=\"flex-layout-v\">\n<div class=\"flex-layout-h magic-17\">\n<div class=\"magic-18\"><img loading=\"lazy\" decoding=\"async\" class=\"magic-19 aligncenter\" title=\"M\u00e1quina de terapia de ondas de choque\" src=\"https:\/\/sc04.alicdn.com\/kf\/H587839aef88941b8b1a207390d3907cde\/247315878\/H587839aef88941b8b1a207390d3907cde.png\" alt=\"M\u00e1quina de terapia de ondas de choque\" width=\"578\" height=\"385\" data-src=\"\/\/sc04.alicdn.com\/kf\/H587839aef88941b8b1a207390d3907cde\/247315878\/H587839aef88941b8b1a207390d3907cde.png\" \/><\/div>\n<\/div>\n<\/div>\n<\/div>\n<\/div>\n<\/div>\n<div class=\"J_module\">\n<div class=\"detail-decorate-json-renderer-container\">\n<div class=\"magic-2\">\n<h3 class=\"magic-3\"><span class=\"magic-5\">Aplicaciones<\/span><\/h3>\n<div class=\"magic-7\">\n<div class=\"magic-8\">\n<div class=\"magic-9\"><span class=\"magic-10\">(1) C\u00e9lulas: Aumenta la permeabilidad de la membrana celular mejorando la actividad del canal i\u00f3nico, estimulando la divisi\u00f3n celular y estimulando la producci\u00f3n de citocinas. <\/span><\/div>\n<div class=\"magic-9\"><span class=\"magic-10\">(2) Angiog\u00e9nesis en \u00e1reas tendinosas y musculares: mejora la circulaci\u00f3n sangu\u00ednea, aumenta la concentraci\u00f3n del factor de crecimiento \u03b21, tiene efectos quimiot\u00e1cticos y mitog\u00e9nicos sobre los osteoblastos. <\/span><\/div>\n<div class=\"magic-9\"><span class=\"magic-10\">(3) Efectos sobre el sistema NOx: cicatrizaci\u00f3n y remodelaci\u00f3n \u00f3sea. <\/span><\/div>\n<div class=\"magic-9\"><span class=\"magic-10\">(4) Mejorar la microcirculaci\u00f3n y el metabolismo. <\/span><\/div>\n<div class=\"magic-9\"><span class=\"magic-10\">(5) Lisis de fibroblastos calcificados <\/span><\/div>\n<div class=\"magic-9\"><span class=\"magic-10\">(6) Apoya la producci\u00f3n de col\u00e1geno. <\/span><\/div>\n<div class=\"magic-9\"><span class=\"magic-10\">(7) Reducir la tensi\u00f3n del tejido. <\/span><\/div>\n<div class=\"magic-9\"><span class=\"magic-10\">(8) Efecto analg\u00e9sico. <\/span><\/div>\n<div class=\"magic-9\"><span class=\"magic-10\">(9) ED. <\/span><\/div>\n<div class=\"magic-9\"><span class=\"magic-10\">(10) Reducir la grasa.<\/span><\/div>\n<\/div>\n<\/div>\n<\/div>\n<\/div>\n<\/div>\n<div class=\"J_module\">\n<div class=\"icbu-pc-images magic-17\">\n<div>\n<div class=\"flex-layout-v\">\n<div class=\"flex-layout-h magic-17\">\n<div class=\"magic-18\"><img loading=\"lazy\" decoding=\"async\" class=\"magic-19 aligncenter\" title=\"M\u00e1quina de terapia de ondas de choque\" src=\"https:\/\/sc04.alicdn.com\/kf\/Hbdd396ca82864c0083290756f2229ef64\/247315878\/Hbdd396ca82864c0083290756f2229ef64.png\" alt=\"M\u00e1quina de terapia de ondas de choque\" width=\"573\" height=\"382\" data-src=\"\/\/sc04.alicdn.com\/kf\/Hbdd396ca82864c0083290756f2229ef64\/247315878\/Hbdd396ca82864c0083290756f2229ef64.png\" \/><\/div>\n<\/div>\n<\/div>\n<\/div>\n<\/div>\n<\/div>\n<div class=\"J_module\">\n<div class=\"detail-decorate-json-renderer-container\">\n<div class=\"magic-2\">\n<h3 class=\"magic-3\"><span class=\"magic-5\">Ventajas<\/span><\/h3>\n<div class=\"magic-7\">\n<div class=\"magic-8\">\n<div class=\"magic-9\"><span class=\"magic-10\">1. Alivio del dolor r\u00e1pido y eficaz. <\/span><\/div>\n<div class=\"magic-9\"><span class=\"magic-10\">2. No invasivo, sin anestesia, c\u00f3modo y r\u00e1pido. <\/span><\/div>\n<div class=\"magic-9\"><span class=\"magic-10\">3. Cada alimentaci\u00f3n s\u00f3lo toma 20 minutos, de 5 a 10 tomas por sesi\u00f3n. <\/span><\/div>\n<div class=\"magic-9\"><span class=\"magic-10\">4. Ampliamente aplicable a diferentes tratamientos de tejidos blandos. Nivel moderado = curaci\u00f3n + alivio del dolor.<\/span><\/div>\n<div>\n<h3><strong>Personalizar El Logotipo De<\/strong><\/h3>\n<p>Queremos hacer de su marca se destaque? Ofrecemos logotipo modificado para requisitos particulares de los servicios que te ayudar\u00e1n a crear un entorno \u00fanico y personalizado logotipo que refleja la identidad de su marca. Nuestro equipo de expertos trabajar\u00e1 estrechamente con usted para dise\u00f1ar un logotipo que resuena con los valores de tu marca y de mensajer\u00eda. Si usted est\u00e1 buscando para renovar su logotipo existente o crear uno nuevo desde cero, lo tenemos cubierto. <a href=\"\/es\/contacto\/\">P\u00f3ngase en contacto con nosotros<\/a> hoy para aprender m\u00e1s acerca de nuestro logotipo modificado para requisitos particulares de los servicios!<\/p>\n<\/div>\n<\/div>\n<\/div>\n<\/div>\n<\/div>\n<\/div>","protected":false},"excerpt":{"rendered":"<p><span class=\"magic-10\"><span class=\"magic-4\">Los sistemas de ondas de choque utilizan el principio bal\u00edstico de generaci\u00f3n de ondas de choque: se utiliza aire comprimido acelerado para crear una onda de presi\u00f3n a trav\u00e9s de una m\u00e1quina de ondas de choque. El aire comprimido se produce mediante un compresor de presi\u00f3n bal\u00edstico controlado electr\u00f3nicamente. Mediante un choque el\u00e1stico, la energ\u00eda cin\u00e9tica de la m\u00e1quina de ondas de choque se transmite a la sonda del dispositivo de tratamiento y luego ingresa al cuerpo del cliente. Por lo tanto, la punta del aplicador final debe estar en contacto directo con la piel y el tejido subcut\u00e1neo durante el tratamiento. Las ondas de choque se dirigen a las \u00e1reas afectadas en la ra\u00edz del dolor cr\u00f3nico. El impacto de la onda de choque provoca la disoluci\u00f3n de los dep\u00f3sitos de calcio y conduce a una mejor vascularizaci\u00f3n. El efecto posterior es el alivio del dolor.<\/span><\/span><\/p>","protected":false},"featured_media":2242,"comment_status":"open","ping_status":"closed","template":"","meta":{"_kad_post_transparent":"default","_kad_post_title":"","_kad_post_layout":"default","_kad_post_sidebar_id":"","_kad_post_content_style":"default","_kad_post_vertical_padding":"default","_kad_post_feature":"","_kad_post_feature_position":"","_kad_post_header":false,"_kad_post_footer":false,"_kad_post_classname":"","rank_math_title":"","rank_math_description":"","rank_math_focus_keyword":""},"product_brand":[],"product_cat":[65],"product_tag":[],"class_list":{"0":"post-2241","1":"product","2":"type-product","3":"status-publish","4":"has-post-thumbnail","6":"product_cat-shock-wave","8":"first","9":"instock","10":"shipping-taxable","11":"product-type-simple","12":"entry","13":"content-bg","14":"loop-entry"},"_links":{"self":[{"href":"https:\/\/skbty.com\/es\/wp-json\/wp\/v2\/product\/2241","targetHints":{"allow":["GET"]}}],"collection":[{"href":"https:\/\/skbty.com\/es\/wp-json\/wp\/v2\/product"}],"about":[{"href":"https:\/\/skbty.com\/es\/wp-json\/wp\/v2\/types\/product"}],"replies":[{"embeddable":true,"href":"https:\/\/skbty.com\/es\/wp-json\/wp\/v2\/comments?post=2241"}],"wp:featuredmedia":[{"embeddable":true,"href":"https:\/\/skbty.com\/es\/wp-json\/wp\/v2\/media\/2242"}],"wp:attachment":[{"href":"https:\/\/skbty.com\/es\/wp-json\/wp\/v2\/media?parent=2241"}],"wp:term":[{"taxonomy":"product_brand","embeddable":true,"href":"https:\/\/skbty.com\/es\/wp-json\/wp\/v2\/product_brand?post=2241"},{"taxonomy":"product_cat","embeddable":true,"href":"https:\/\/skbty.com\/es\/wp-json\/wp\/v2\/product_cat?post=2241"},{"taxonomy":"product_tag","embeddable":true,"href":"https:\/\/skbty.com\/es\/wp-json\/wp\/v2\/product_tag?post=2241"}],"curies":[{"name":"WP","href":"https:\/\/api.w.org\/{rel}","templated":true}]}}