{"id":2247,"date":"2024-01-02T17:32:56","date_gmt":"2024-01-02T09:32:56","guid":{"rendered":"https:\/\/skbty.com\/?post_type=product&#038;p=2247"},"modified":"2024-06-21T13:47:23","modified_gmt":"2024-06-21T05:47:23","slug":"maquina-de-terapia-de-ondas-de-choque","status":"publish","type":"product","link":"https:\/\/skbty.com\/es\/producto\/maquina-de-terapia-de-ondas-de-choque\/","title":{"rendered":"M\u00e1quina de terapia de ondas de choque"},"content":{"rendered":"<div class=\"J_module\">\n<div class=\"detail-decorate-json-renderer-container\">\n<div class=\"magic-2\">\n<h3 class=\"magic-3\" data-spm-anchor-id=\"a2700.details.0.i82.50633bb0FyaxiD\"><span class=\"magic-5\" data-spm-anchor-id=\"a2700.details.0.i76.50633bb0FyaxiD\">M\u00e1quina de terapia de ondas de choque<\/span><\/h3>\n<div class=\"magic-7\">\n<div class=\"magic-8\">\n<div class=\"magic-9\"><span class=\"magic-10\" style=\"font-family: Arial;\">La m\u00e1quina de terapia de ondas de choque se basa en la tecnolog\u00eda de ondas radiales de baja energ\u00eda no enfocadas, que es un tipo de onda sonora que transporta alta energ\u00eda para puntos de dolor y tejido fibroso o musculoesquel\u00e9tico en enfermedades subagudas, subcr\u00f3nicas y cr\u00f3nicas.<br \/>\nEsta energ\u00eda favorece los procesos de cicatrizaci\u00f3n, regeneraci\u00f3n y reparaci\u00f3n de tendones y tejidos blandos. Se ha demostrado cient\u00edficamente que las ondas radiales de baja energ\u00eda no focalizadas tienen un gran impacto en la estructura del col\u00e1geno y el tejido conectivo de la piel, mejorando la circulaci\u00f3n sangu\u00ednea y el metabolismo de las c\u00e9lulas grasas. El masaje mec\u00e1nico reduce los edemas y mejora el drenaje linf\u00e1tico. Estimula la formaci\u00f3n de col\u00e1geno mientras que la piel se vuelve m\u00e1s el\u00e1stica y su reafirmaci\u00f3n se puede apreciar despu\u00e9s de unos pocos tratamientos.<\/span><\/div>\n<\/div>\n<\/div>\n<\/div>\n<\/div>\n<\/div>\n<div class=\"J_module\">\n<div class=\"ife-detail-decorate-table\">\n<table style=\"border-color: #f3f3f3;\" border=\"1\" cellspacing=\"0\" cellpadding=\"0\">\n<tbody>\n<tr>\n<td colspan=\"1\" rowspan=\"1\">\n<div>Nombre<\/div>\n<\/td>\n<td colspan=\"1\" rowspan=\"1\">\n<div class=\"magic-13\"><span class=\"magic-10\" style=\"font-family: Arial;\">M\u00e1quina de terapia de ondas de choque<\/span><\/div>\n<\/td>\n<\/tr>\n<tr>\n<td colspan=\"1\" rowspan=\"1\">\n<div class=\"magic-12\"><span class=\"magic-10\" style=\"font-family: Arial;\">Especificaci\u00f3n<\/span><\/div>\n<\/td>\n<td colspan=\"1\" rowspan=\"1\">\n<div class=\"magic-13\"><span class=\"magic-10\" style=\"font-family: Arial;\">Caja de aluminio y cart\u00f3n 51*41*46 cm, 15 kg<\/span><\/div>\n<\/td>\n<\/tr>\n<tr>\n<td colspan=\"1\" rowspan=\"1\">\n<div class=\"magic-12\"><span class=\"magic-10\" style=\"font-family: Arial;\">Servicio OEM<\/span><\/div>\n<\/td>\n<td colspan=\"1\" rowspan=\"1\">\n<div class=\"magic-13\"><span class=\"magic-10\" style=\"font-family: Arial;\">Apoyo<\/span><\/div>\n<\/td>\n<\/tr>\n<tr>\n<td colspan=\"1\" rowspan=\"1\">\n<div class=\"magic-12\"><span class=\"magic-10\" style=\"font-family: Arial;\">Cabeza de choque<\/span><\/div>\n<\/td>\n<td colspan=\"1\" rowspan=\"1\">\n<div class=\"magic-13\"><span class=\"magic-10\" style=\"font-family: Arial;\">5 cabezales de choque de diferentes tama\u00f1os<\/span><\/div>\n<\/td>\n<\/tr>\n<tr>\n<td colspan=\"1\" rowspan=\"1\">\n<div class=\"magic-12\"><span class=\"magic-10\" style=\"font-family: Arial;\">Voltaje de entrada<\/span><\/div>\n<\/td>\n<td colspan=\"1\" rowspan=\"1\">\n<div class=\"magic-13\"><span class=\"magic-10\" style=\"font-family: Arial;\">CA 100 V-240 V 50 Hz-60 Hz<\/span><\/div>\n<\/td>\n<\/tr>\n<tr>\n<td colspan=\"1\" rowspan=\"1\">\n<div class=\"magic-12\"><span class=\"magic-10\" style=\"font-family: Arial;\">Frecuencia<\/span><\/div>\n<\/td>\n<td colspan=\"1\" rowspan=\"1\">\n<div class=\"magic-13\"><span class=\"magic-10\" style=\"font-family: Arial;\">1 \u2013 16 Hz<\/span><\/div>\n<\/td>\n<\/tr>\n<tr>\n<td colspan=\"1\" rowspan=\"1\">\n<div class=\"magic-12\"><span class=\"magic-10\" style=\"font-family: Arial;\">Energ\u00eda<\/span><\/div>\n<\/td>\n<td colspan=\"1\" rowspan=\"1\">\n<div class=\"magic-13\"><span class=\"magic-10\" style=\"font-family: Arial;\">50 MJ-200 MJ<\/span><\/div>\n<\/td>\n<\/tr>\n<tr>\n<td colspan=\"1\" rowspan=\"1\">\n<div class=\"magic-14\"><span class=\"magic-10\" style=\"font-family: Arial;\">Fuerza<\/span><\/div>\n<\/td>\n<td colspan=\"1\" rowspan=\"1\">\n<div class=\"magic-15\"><span class=\"magic-10\" style=\"font-family: Arial;\">230 W<\/span><\/div>\n<\/td>\n<\/tr>\n<tr>\n<td colspan=\"1\" rowspan=\"1\">\n<div class=\"magic-14\"><span class=\"magic-10\" style=\"font-family: Arial;\">Transductor<\/span><\/div>\n<\/td>\n<td colspan=\"1\" rowspan=\"1\">\n<div class=\"magic-15\"><span class=\"magic-10\" style=\"font-family: Arial;\">DS-4.5D, DS-3.0, DS-1.5<\/span><\/div>\n<\/td>\n<\/tr>\n<\/tbody>\n<\/table>\n<\/div>\n<\/div>\n<div class=\"J_module\">\n<div class=\"detail-decorate-json-renderer-container\">\n<div class=\"magic-2\">\n<h3 class=\"magic-3\"><span class=\"magic-5\">Principio de trabajo<\/span><\/h3>\n<div class=\"magic-7\">\n<div class=\"magic-8\">\n<div class=\"magic-9\"><span class=\"magic-10\" style=\"font-family: Arial;\">La terapia de ondas de choque aplica una onda de choque radial a trav\u00e9s de la superficie de la piel hasta el tejido lesionado. Esta onda de choque inicia una respuesta similar a la inflamaci\u00f3n en el tejido lesionado y acelera el proceso de curaci\u00f3n al regenerar los vasos sangu\u00edneos. Tambi\u00e9n alivia el dolor del paciente.<\/span><\/div>\n<\/div>\n<\/div>\n<\/div>\n<\/div>\n<\/div>\n<div class=\"J_module\">\n<div class=\"icbu-pc-images magic-16\">\n<div>\n<div class=\"flex-layout-v\">\n<div class=\"flex-layout-h magic-16\">\n<div class=\"magic-17\"><img loading=\"lazy\" decoding=\"async\" class=\"magic-18 aligncenter\" title=\"M\u00e1quina de terapia de ondas de choque\" src=\"https:\/\/sc04.alicdn.com\/kf\/He6b950acc1ff4b17818661ada821f69aR\/247315878\/He6b950acc1ff4b17818661ada821f69aR.png\" alt=\"M\u00e1quina de terapia de ondas de choque\" width=\"599\" height=\"298\" data-src=\"\/\/sc04.alicdn.com\/kf\/He6b950acc1ff4b17818661ada821f69aR\/247315878\/He6b950acc1ff4b17818661ada821f69aR.png\" \/><\/div>\n<\/div>\n<\/div>\n<\/div>\n<\/div>\n<\/div>\n<div class=\"J_module\">\n<div class=\"detail-decorate-json-renderer-container\">\n<div class=\"magic-2\">\n<h3 class=\"magic-3\"><span class=\"magic-5\">Funciones<\/span><\/h3>\n<div class=\"magic-7\">\n<div class=\"magic-8\">\n<div class=\"magic-9\"><span class=\"magic-10\">1. Puntos gatillo del dolor Dolor agudo y cr\u00f3nico en la espalda, hombros, cuello, etc. debido al acortamiento y engrosamiento permanente de los m\u00fasculos 2. S\u00edndrome del margen tibial Inflamaci\u00f3n del borde tibial debido al uso excesivo 3. Bursitis trocant\u00e9rea Periostitis dolorosa de la cadera 4. Dolor Irritaci\u00f3n del tend\u00f3n de Aquiles 5. Dolor en el tal\u00f3n Dolor en el tal\u00f3n, principalmente inflamaci\u00f3n cr\u00f3nica 6. Codo de golfista Inflamaci\u00f3n dolorosa de la inserci\u00f3n del tend\u00f3n en el codo medial 7. S\u00edndrome de la punta de la r\u00f3tula Inflamaci\u00f3n del borde tibial debido al uso excesivo<\/span><\/div>\n<\/div>\n<\/div>\n<\/div>\n<\/div>\n<\/div>\n<div class=\"J_module\">\n<div class=\"icbu-pc-images magic-16\">\n<div>\n<div class=\"flex-layout-v\">\n<div class=\"flex-layout-h magic-16\">\n<div class=\"magic-19\"><img loading=\"lazy\" decoding=\"async\" class=\"magic-20 aligncenter\" title=\"M\u00e1quina de terapia de ondas de choque\" src=\"https:\/\/sc04.alicdn.com\/kf\/H607aab734c254573ba38ebc1ca329640e\/247315878\/H607aab734c254573ba38ebc1ca329640e.png\" alt=\"M\u00e1quina de terapia de ondas de choque\" width=\"618\" height=\"374\" data-src=\"\/\/sc04.alicdn.com\/kf\/H607aab734c254573ba38ebc1ca329640e\/247315878\/H607aab734c254573ba38ebc1ca329640e.png\" \/><\/div>\n<\/div>\n<\/div>\n<\/div>\n<\/div>\n<\/div>\n<div class=\"J_module\">\n<div class=\"detail-decorate-json-renderer-container\">\n<div class=\"magic-2\">\n<h3 class=\"magic-3\"><span class=\"magic-5\">Aplicaciones<\/span><\/h3>\n<div class=\"magic-7\">\n<div class=\"magic-8\">\n<div class=\"magic-9\">\n<p><span class=\"magic-10\" style=\"font-family: Arial;\">1) Dolor de cintura o cadera; <\/span><\/p>\n<div><span class=\"magic-10\" style=\"font-family: Arial;\">2) Acilodinia;<br \/>\n3) Tendinitis patel;<br \/>\n4) Fascitis plantar;<br \/>\n5) S\u00edndrome de estr\u00e9s tibial;<br \/>\n6) Tendinitis trocant\u00e9rea;<br \/>\n7) Dolor de hombro, tendinitis calcificante;<br \/>\n8) Epicondilitis del radio o c\u00fabito del h\u00famero.<\/span><\/div>\n<\/div>\n<\/div>\n<\/div>\n<\/div>\n<\/div>\n<\/div>\n<div class=\"J_module\">\n<div class=\"icbu-pc-images magic-16\">\n<div>\n<div class=\"flex-layout-v\">\n<div class=\"flex-layout-h magic-16\">\n<div class=\"magic-21\"><img loading=\"lazy\" decoding=\"async\" class=\"magic-22 aligncenter\" title=\"M\u00e1quina de terapia de ondas de choque\" src=\"https:\/\/sc04.alicdn.com\/kf\/Hd48adc8567e94dac84ee1e781b348b989\/247315878\/Hd48adc8567e94dac84ee1e781b348b989.png\" alt=\"M\u00e1quina de terapia de ondas de choque\" width=\"605\" height=\"304\" data-src=\"\/\/sc04.alicdn.com\/kf\/Hd48adc8567e94dac84ee1e781b348b989\/247315878\/Hd48adc8567e94dac84ee1e781b348b989.png\" \/><\/div>\n<\/div>\n<\/div>\n<\/div>\n<\/div>\n<\/div>\n<div class=\"J_module\">\n<div class=\"icbu-pc-images magic-16\">\n<div class=\"flex-layout-v\">\n<div class=\"flex-layout-h magic-16\">\n<div class=\"magic-23\"><\/div>\n<\/div>\n<\/div>\n<\/div>\n<\/div>\n<div class=\"J_module\">\n<div class=\"icbu-pc-images magic-16\">\n<div class=\"flex-layout-v\">\n<div class=\"flex-layout-h magic-16\">\n<div class=\"magic-25\"><\/div>\n<\/div>\n<\/div>\n<\/div>\n<\/div>\n<div class=\"J_module\">\n<div class=\"detail-decorate-json-renderer-container\">\n<div class=\"magic-2\">\n<h3 class=\"magic-3\"><span class=\"magic-5\">Ventajas<\/span><\/h3>\n<div class=\"magic-7\">\n<div class=\"magic-8\">\n<div class=\"magic-9\"><span class=\"magic-10\" style=\"font-family: Arial;\">\u2022 Dise\u00f1o de ingenier\u00eda humanizado, f\u00e1cil de configurar, f\u00e1cil de operar.<br \/>\n\u2022 Dise\u00f1o de pantalla t\u00e1ctil en espa\u00f1ol e ingl\u00e9s de 5 pulgadas a color, intuitivo y claro.<br \/>\n\u2022 Fuente de alimentaci\u00f3n importada para garantizar un efecto de salida de impacto inmediato.<br \/>\n\u2022 Selecci\u00f3n de presi\u00f3n y frecuencia de sobretensi\u00f3n para satisfacer los requisitos de procesamiento.<br \/>\n\u2022 El compresor de aire ultra silencioso viene con caja de recolecci\u00f3n de accesorios.<br \/>\n\u2022 Las salidas simples o dobles son opcionales y hay una variedad de sondas profesionales disponibles.<br \/>\n\u2022 Hay 5 soluciones de referencia preestablecidas ajustables.<\/span><\/div>\n<div>\n<table style=\"border-collapse: collapse; width: 100%;\">\n<tbody>\n<tr>\n<td style=\"width: 50%;\"><img loading=\"lazy\" decoding=\"async\" class=\"magic-24 aligncenter\" title=\"M\u00e1quina de terapia de ondas de choque\" src=\"https:\/\/sc04.alicdn.com\/kf\/H78ecdf0172834a4484130cea3e5c9c9eH\/247315878\/H78ecdf0172834a4484130cea3e5c9c9eH.png\" alt=\"M\u00e1quina de terapia de ondas de choque\" width=\"637\" height=\"317\" data-src=\"\/\/sc04.alicdn.com\/kf\/H78ecdf0172834a4484130cea3e5c9c9eH\/247315878\/H78ecdf0172834a4484130cea3e5c9c9eH.png\" \/><\/td>\n<td style=\"width: 50%;\"><img loading=\"lazy\" decoding=\"async\" class=\"magic-26 aligncenter\" title=\"M\u00e1quina de terapia de ondas de choque\" src=\"https:\/\/sc04.alicdn.com\/kf\/H045f5a0271b6446a885106ee1cafcac6R\/247315878\/H045f5a0271b6446a885106ee1cafcac6R.png\" alt=\"M\u00e1quina de terapia de ondas de choque\" width=\"800\" height=\"382\" data-src=\"\/\/sc04.alicdn.com\/kf\/H045f5a0271b6446a885106ee1cafcac6R\/247315878\/H045f5a0271b6446a885106ee1cafcac6R.png\" \/><\/td>\n<\/tr>\n<\/tbody>\n<\/table>\n<h3><strong>Personalizar El Logotipo De<\/strong><\/h3>\n<p>Queremos hacer de su marca se destaque? Ofrecemos logotipo modificado para requisitos particulares de los servicios que te ayudar\u00e1n a crear un entorno \u00fanico y personalizado logotipo que refleja la identidad de su marca. Nuestro equipo de expertos trabajar\u00e1 estrechamente con usted para dise\u00f1ar un logotipo que resuena con los valores de tu marca y de mensajer\u00eda. Si usted est\u00e1 buscando para renovar su logotipo existente o crear uno nuevo desde cero, lo tenemos cubierto. <a href=\"\/es\/contacto\/\">P\u00f3ngase en contacto con nosotros<\/a> hoy para aprender m\u00e1s acerca de nuestro logotipo modificado para requisitos particulares de los servicios!<\/p>\n<\/div>\n<\/div>\n<\/div>\n<\/div>\n<\/div>\n<\/div>","protected":false},"excerpt":{"rendered":"<p><span class=\"magic-10\" style=\"font-family: Arial;\">Los dispositivos de terapia de ondas de choque se basan en la tecnolog\u00eda de ondas radiales de baja energ\u00eda no enfocadas, que es un tipo de onda sonora que transporta alta energ\u00eda a los puntos de dolor y al tejido fibroso o musculoesquel\u00e9tico en enfermedades subagudas, subcr\u00f3nicas y cr\u00f3nicas.<br \/>\nEsta energ\u00eda favorece los procesos de cicatrizaci\u00f3n, regeneraci\u00f3n y reparaci\u00f3n de tendones y tejidos blandos. Se ha demostrado cient\u00edficamente que las ondas radiales de baja energ\u00eda no focalizadas tienen un gran impacto en la estructura del col\u00e1geno y el tejido conectivo de la piel, mejorando la circulaci\u00f3n sangu\u00ednea y el metabolismo de las c\u00e9lulas grasas. El masaje mec\u00e1nico reduce los edemas y mejora el drenaje linf\u00e1tico. Estimula la formaci\u00f3n de col\u00e1geno mientras que la piel se vuelve m\u00e1s el\u00e1stica y su reafirmaci\u00f3n se puede apreciar despu\u00e9s de unos pocos tratamientos.<\/span><\/p>","protected":false},"featured_media":2248,"comment_status":"open","ping_status":"closed","template":"","meta":{"_kad_post_transparent":"default","_kad_post_title":"","_kad_post_layout":"default","_kad_post_sidebar_id":"","_kad_post_content_style":"default","_kad_post_vertical_padding":"default","_kad_post_feature":"","_kad_post_feature_position":"","_kad_post_header":false,"_kad_post_footer":false,"_kad_post_classname":"","rank_math_title":"","rank_math_description":"","rank_math_focus_keyword":""},"product_brand":[],"product_cat":[65],"product_tag":[],"class_list":{"0":"post-2247","1":"product","2":"type-product","3":"status-publish","4":"has-post-thumbnail","6":"product_cat-shock-wave","8":"first","9":"instock","10":"shipping-taxable","11":"product-type-simple","12":"entry","13":"content-bg","14":"loop-entry"},"_links":{"self":[{"href":"https:\/\/skbty.com\/es\/wp-json\/wp\/v2\/product\/2247","targetHints":{"allow":["GET"]}}],"collection":[{"href":"https:\/\/skbty.com\/es\/wp-json\/wp\/v2\/product"}],"about":[{"href":"https:\/\/skbty.com\/es\/wp-json\/wp\/v2\/types\/product"}],"replies":[{"embeddable":true,"href":"https:\/\/skbty.com\/es\/wp-json\/wp\/v2\/comments?post=2247"}],"wp:featuredmedia":[{"embeddable":true,"href":"https:\/\/skbty.com\/es\/wp-json\/wp\/v2\/media\/2248"}],"wp:attachment":[{"href":"https:\/\/skbty.com\/es\/wp-json\/wp\/v2\/media?parent=2247"}],"wp:term":[{"taxonomy":"product_brand","embeddable":true,"href":"https:\/\/skbty.com\/es\/wp-json\/wp\/v2\/product_brand?post=2247"},{"taxonomy":"product_cat","embeddable":true,"href":"https:\/\/skbty.com\/es\/wp-json\/wp\/v2\/product_cat?post=2247"},{"taxonomy":"product_tag","embeddable":true,"href":"https:\/\/skbty.com\/es\/wp-json\/wp\/v2\/product_tag?post=2247"}],"curies":[{"name":"WP","href":"https:\/\/api.w.org\/{rel}","templated":true}]}}