{"id":2255,"date":"2024-01-04T10:26:26","date_gmt":"2024-01-04T02:26:26","guid":{"rendered":"https:\/\/skbty.com\/?post_type=product&#038;p=2255"},"modified":"2024-06-21T13:43:34","modified_gmt":"2024-06-21T05:43:34","slug":"maquina-de-terapia-de-ondas-de-choque-2","status":"publish","type":"product","link":"https:\/\/skbty.com\/es\/producto\/maquina-de-terapia-de-ondas-de-choque-2\/","title":{"rendered":"M\u00e1quina de terapia de ondas de choque"},"content":{"rendered":"<div class=\"J_module\">\n<div class=\"detail-decorate-json-renderer-container\">\n<div class=\"magic-2\">\n<h3 class=\"magic-3\"><span class=\"magic-5\" data-spm-anchor-id=\"a2700.details.0.i82.7edd1dbaa0NNx7\">\u00bfQu\u00e9 es la m\u00e1quina de terapia de ondas de choque?<\/span><\/h3>\n<div class=\"magic-7\">\n<div class=\"magic-8\">\n<div>La m\u00e1quina de terapia de ondas de choque es un dispositivo de masaje fisioterap\u00e9utico vers\u00e1til ampliamente utilizado en ortopedia, medicina deportiva, urolog\u00eda, medicina veterinaria y otros campos. Ofrece un r\u00e1pido alivio del dolor y una mejor recuperaci\u00f3n de la movilidad sin necesidad de cirug\u00eda ni analg\u00e9sicos, lo que lo hace ideal para tratar el dolor agudo y cr\u00f3nico.<\/div>\n<div><\/div>\n<div class=\"magic-9\"><span class=\"magic-10\" style=\"font-family: Arial;\">Una onda de choque es una onda de presi\u00f3n: cualquier cosa que mueva el medio a su alrededor es una onda de choque. Cuando se arroja una piedra a un estanque, las ondulaciones creadas se denominan ondas de choque. La onda de choque utilizada en la medicina equina se genera en un medio fluido dentro del cabezal del transductor y luego viaja f\u00e1cilmente a trav\u00e9s de la piel, la grasa y el m\u00fasculo. Las ondas de alta energ\u00eda se concentran dentro del cabezal del transductor para que la onda de choque pueda dirigirse al \u00e1rea precisa de la lesi\u00f3n. Cuando una onda de choque golpea un \u00e1rea con una alta impedancia ac\u00fastica, como el hueso, la onda de choque se ralentiza dr\u00e1sticamente y se libera una gran cantidad de energ\u00eda en el tejido circundante.<\/span><\/div>\n<\/div>\n<\/div>\n<\/div>\n<\/div>\n<\/div>\n<div class=\"J_module\">\n<div class=\"ife-detail-decorate-table\">\n<table style=\"border-color: #f3f3f3;\" border=\"1\" cellspacing=\"0\" cellpadding=\"0\">\n<tbody>\n<tr>\n<td colspan=\"1\" rowspan=\"1\">\n<div>Nombre<\/div>\n<\/td>\n<td colspan=\"1\" rowspan=\"1\">\n<div>M\u00e1quina de terapia de ondas de choque<\/div>\n<\/td>\n<\/tr>\n<tr>\n<td colspan=\"1\" rowspan=\"1\">\n<div class=\"magic-12\"><span class=\"magic-10\" style=\"font-family: Arial;\">Tipo<\/span><\/div>\n<\/td>\n<td colspan=\"1\" rowspan=\"1\">\n<div class=\"magic-13\"><span class=\"magic-10\" style=\"font-family: Arial;\">DE MANO<\/span><\/div>\n<\/td>\n<\/tr>\n<tr>\n<td colspan=\"1\" rowspan=\"1\">\n<div class=\"magic-12\"><span class=\"magic-10\" style=\"font-family: Arial;\">Servicio OEM<\/span><\/div>\n<\/td>\n<td colspan=\"1\" rowspan=\"1\">\n<div class=\"magic-13\"><span class=\"magic-10\" style=\"font-family: Arial;\">Apoyo<\/span><\/div>\n<\/td>\n<\/tr>\n<tr>\n<td colspan=\"1\" rowspan=\"1\">\n<div class=\"magic-12\"><span class=\"magic-10\" style=\"font-family: Arial;\">Cabeza de choque<\/span><\/div>\n<\/td>\n<td colspan=\"1\" rowspan=\"1\">\n<div class=\"magic-13\"><span class=\"magic-10\" style=\"font-family: Arial;\">7 cabezal de choque\u00a0<\/span><\/div>\n<\/td>\n<\/tr>\n<tr>\n<td colspan=\"1\" rowspan=\"1\">\n<div class=\"magic-12\"><span class=\"magic-10\" style=\"font-family: Arial;\">Voltaje de entrada<\/span><\/div>\n<\/td>\n<td colspan=\"1\" rowspan=\"1\">\n<div class=\"magic-13\"><span class=\"magic-10\" style=\"font-family: Arial;\">CA 100 V-230 V\/50-60 Hz<\/span><\/div>\n<\/td>\n<\/tr>\n<tr>\n<td colspan=\"1\" rowspan=\"1\">\n<div class=\"magic-12\"><span class=\"magic-10\" style=\"font-family: Arial;\">Frecuencia<\/span><\/div>\n<\/td>\n<td colspan=\"1\" rowspan=\"1\">\n<div class=\"magic-13\"><span class=\"magic-10\" style=\"font-family: Arial;\">1 \u2013 16 Hz<\/span><\/div>\n<\/td>\n<\/tr>\n<tr>\n<td colspan=\"1\" rowspan=\"1\">\n<div class=\"magic-12\"><span class=\"magic-10\" style=\"font-family: Arial;\">Fuerza<\/span><\/div>\n<\/td>\n<td colspan=\"1\" rowspan=\"1\">\n<div class=\"magic-13\"><span class=\"magic-10\" style=\"font-family: Arial;\">350 W<\/span><\/div>\n<\/td>\n<\/tr>\n<tr>\n<td colspan=\"1\" rowspan=\"1\">\n<div class=\"magic-14\"><span class=\"magic-10\" style=\"font-family: Arial;\">Impermeable<\/span><\/div>\n<\/td>\n<td colspan=\"1\" rowspan=\"1\">\n<div class=\"magic-15\"><span class=\"magic-10\" style=\"font-family: Arial;\">NO<\/span><\/div>\n<\/td>\n<\/tr>\n<tr>\n<td colspan=\"1\" rowspan=\"1\">\n<div class=\"magic-14\"><span class=\"magic-10\" style=\"font-family: Arial;\">Material<\/span><\/div>\n<\/td>\n<td colspan=\"1\" rowspan=\"1\">\n<div class=\"magic-15\"><span class=\"magic-10\" style=\"font-family: Arial;\">ABS, Aluminio<\/span><\/div>\n<\/td>\n<\/tr>\n<\/tbody>\n<\/table>\n<\/div>\n<\/div>\n<div class=\"J_module\">\n<div class=\"detail-decorate-json-renderer-container\">\n<div class=\"magic-2\">\n<h3 class=\"magic-3\"><span class=\"magic-5\">Principio de trabajo<\/span><\/h3>\n<div class=\"magic-7\">\n<div class=\"magic-8\">\n<div class=\"magic-9\">\n<div><span class=\"magic-10\" style=\"font-family: Arial;\">Mediante la aplicaci\u00f3n dirigida de ondas de choque, la presi\u00f3n sobre los tejidos circundantes es bastante peque\u00f1a y el cuerpo no se ve afectado por el f\u00e1rmaco, salvo por los efectos a corto plazo si se utiliza anestesia local; Previene la posibilidad de una intervenci\u00f3n quir\u00fargica y sus riesgos asociados; Para algunas indicaciones, como el codo de tenista. Realmente no existe otro tratamiento eficaz<\/span><\/div>\n<\/div>\n<\/div>\n<\/div>\n<\/div>\n<\/div>\n<\/div>\n<div class=\"J_module\">\n<div class=\"detail-decorate-json-renderer-container\">\n<div class=\"magic-2\">\n<h3 class=\"magic-3\"><span class=\"magic-5\">Funciones<\/span><\/h3>\n<div class=\"magic-7\">\n<div class=\"magic-8\">\n<div class=\"magic-9\"><span class=\"magic-10\">1) La fisioterapia alivia el dolor. <\/span><\/div>\n<div class=\"magic-9\"><span class=\"magic-10\">2) Masaje de cuerpo completo <\/span><\/div>\n<div class=\"magic-9\"><span class=\"magic-10\">3) Relajantes musculares para aliviar la fatiga. <\/span><\/div>\n<div class=\"magic-9\"><span class=\"magic-10\">4) Tratamiento profesional de la disfunci\u00f3n er\u00e9ctil<\/span><\/div>\n<\/div>\n<\/div>\n<\/div>\n<\/div>\n<\/div>\n<div class=\"J_module\">\n<div class=\"icbu-pc-images magic-16\">\n<div>\n<div class=\"flex-layout-v\">\n<div class=\"flex-layout-h magic-16\">\n<div class=\"magic-17\"><img loading=\"lazy\" decoding=\"async\" class=\"magic-18 aligncenter\" title=\"M\u00e1quina de terapia de ondas de choque\" src=\"https:\/\/sc04.alicdn.com\/kf\/Hc99b5e9c57e34cea86ed764c118bb322f\/247315878\/Hc99b5e9c57e34cea86ed764c118bb322f.png\" alt=\"M\u00e1quina de terapia de ondas de choque\" width=\"513\" height=\"393\" data-src=\"\/\/sc04.alicdn.com\/kf\/Hc99b5e9c57e34cea86ed764c118bb322f\/247315878\/Hc99b5e9c57e34cea86ed764c118bb322f.png\" \/><\/div>\n<\/div>\n<\/div>\n<\/div>\n<\/div>\n<\/div>\n<div class=\"J_module\">\n<div class=\"detail-decorate-json-renderer-container\">\n<div class=\"magic-2\">\n<h3 class=\"magic-3\"><span class=\"magic-5\">Aplicaciones<\/span><\/h3>\n<div class=\"magic-7\">\n<div class=\"magic-8\">\n<div class=\"magic-9\">\n<p>1) Alivio del dolor<br \/>\n2) Recuperaci\u00f3n de liquidez<br \/>\n3) Curaci\u00f3n acelerada<br \/>\n4) Tratamiento de la disfunci\u00f3n er\u00e9ctil<\/p>\n<\/div>\n<\/div>\n<\/div>\n<\/div>\n<\/div>\n<\/div>\n<div class=\"J_module\">\n<div class=\"detail-decorate-json-renderer-container\">\n<div class=\"magic-2\">\n<h3 class=\"magic-3\"><span class=\"magic-5\">Ventajas<\/span><\/h3>\n<div class=\"magic-7\">\n<div class=\"magic-8\">\n<div class=\"magic-9\"><span class=\"magic-10\" style=\"font-family: Arial;\">1. Ricas caracter\u00edsticas Alivia el dolor muscular y mejora la circulaci\u00f3n sangu\u00ednea. Equipado con una variedad de cabezales convertidores de salida, flexibles para adaptarse a diferentes partes del cuerpo.<\/span><\/div>\n<div class=\"magic-9\"><span class=\"magic-10\" style=\"font-family: Arial;\"> 2. Ligero y f\u00e1cil de transportar Ligero y conveniente, adecuado para uso familiar, centro de rehabilitaci\u00f3n, cl\u00ednica y centro de salud. <\/span><\/div>\n<div class=\"magic-9\"><span class=\"magic-10\" style=\"font-family: Arial;\">3. Beneficios econ\u00f3micos.<\/span><\/div>\n<\/div>\n<\/div>\n<\/div>\n<\/div>\n<\/div>\n<div class=\"J_module\">\n<div class=\"icbu-pc-images magic-16\">\n<div>\n<div class=\"flex-layout-v\">\n<div class=\"flex-layout-h magic-16\">\n<div class=\"magic-19\"><img loading=\"lazy\" decoding=\"async\" class=\"magic-20 aligncenter\" title=\"M\u00e1quina de terapia de ondas de choque\" src=\"https:\/\/sc04.alicdn.com\/kf\/Hddfc25d27dbd4f47930e1df40f5aacacC\/247315878\/Hddfc25d27dbd4f47930e1df40f5aacacC.jpg\" alt=\"M\u00e1quina de terapia de ondas de choque\" width=\"546\" height=\"451\" data-src=\"\/\/sc04.alicdn.com\/kf\/Hddfc25d27dbd4f47930e1df40f5aacacC\/247315878\/Hddfc25d27dbd4f47930e1df40f5aacacC.jpg\" \/><\/div>\n<\/div>\n<\/div>\n<\/div>\n<\/div>\n<\/div>\n<div class=\"J_module\">\n<div class=\"detail-decorate-json-renderer-container\">\n<div class=\"magic-2\">\n<h3 class=\"magic-3\"><span class=\"magic-21\">Efectos<\/span><\/h3>\n<div class=\"magic-7\">\n<div class=\"magic-8\">\n<div class=\"magic-9\"><span class=\"magic-10\" style=\"font-family: Arial;\">Celular: Aumento de la transmitancia de la membrana celular mediante la mejora de la actividad de los canales i\u00f3nicos, estimulaci\u00f3n de la divisi\u00f3n celular, estimulaci\u00f3n de la producci\u00f3n de citocinas celulares. Reproducci\u00f3n de vasos en la zona de tendones y m\u00fasculos: Mejora de la circulaci\u00f3n sangu\u00ednea, aumento de la concentraci\u00f3n del factor de crecimiento beta 1, efecto quimiot\u00e1ctico y mitog\u00e9nico sobre los osteoblastos. Efecto sobre el sistema de \u00f3xido n\u00edtrico: Cicatrizaci\u00f3n y remodelaci\u00f3n \u00f3sea. Mejora de la macrocirculaci\u00f3n y el metabolismo. Disoluci\u00f3n de fibroblastos calcificados. Apoya la producci\u00f3n de col\u00e1geno. Reducci\u00f3n de la tensi\u00f3n tisular. Efecto analg\u00e9sico.<\/span><\/div>\n<\/div>\n<\/div>\n<\/div>\n<\/div>\n<\/div>\n<div class=\"J_module\">\n<div class=\"icbu-pc-images magic-16\">\n<div>\n<div class=\"flex-layout-v\">\n<div class=\"flex-layout-h magic-16\">\n<div class=\"magic-22\"><img loading=\"lazy\" decoding=\"async\" class=\"magic-23 aligncenter\" title=\"M\u00e1quina de terapia de ondas de choque\" src=\"https:\/\/sc04.alicdn.com\/kf\/H7bc652bfa81f4218b05987f8fed645e5z\/247315878\/H7bc652bfa81f4218b05987f8fed645e5z.png\" alt=\"M\u00e1quina de terapia de ondas de choque\" width=\"543\" height=\"405\" data-src=\"\/\/sc04.alicdn.com\/kf\/H7bc652bfa81f4218b05987f8fed645e5z\/247315878\/H7bc652bfa81f4218b05987f8fed645e5z.png\" \/><\/div>\n<\/div>\n<\/div>\n<\/div>\n<\/div>\n<\/div>\n<div class=\"J_module\">\n<div class=\"icbu-pc-images magic-16\">\n<div>\n<div class=\"flex-layout-v\">\n<div class=\"flex-layout-h magic-16\">\n<div class=\"magic-24\"><img loading=\"lazy\" decoding=\"async\" class=\"magic-25 aligncenter\" title=\"M\u00e1quina de terapia de ondas de choque\" src=\"https:\/\/sc04.alicdn.com\/kf\/Ha5f7f100cf5045faaf70928dfed338d6M\/247315878\/Ha5f7f100cf5045faaf70928dfed338d6M.png\" alt=\"M\u00e1quina de terapia de ondas de choque\" width=\"522\" height=\"382\" data-src=\"\/\/sc04.alicdn.com\/kf\/Ha5f7f100cf5045faaf70928dfed338d6M\/247315878\/Ha5f7f100cf5045faaf70928dfed338d6M.png\" \/><\/div>\n<div>\n<h3><strong>Personalizar El Logotipo De<\/strong><\/h3>\n<p>Queremos hacer de su marca se destaque? Ofrecemos logotipo modificado para requisitos particulares de los servicios que te ayudar\u00e1n a crear un entorno \u00fanico y personalizado logotipo que refleja la identidad de su marca. Nuestro equipo de expertos trabajar\u00e1 estrechamente con usted para dise\u00f1ar un logotipo que resuena con los valores de tu marca y de mensajer\u00eda. Si usted est\u00e1 buscando para renovar su logotipo existente o crear uno nuevo desde cero, lo tenemos cubierto. <a href=\"\/es\/contacto\/\">P\u00f3ngase en contacto con nosotros<\/a> hoy para aprender m\u00e1s acerca de nuestro logotipo modificado para requisitos particulares de los servicios!<\/p>\n<\/div>\n<\/div>\n<\/div>\n<\/div>\n<\/div>\n<\/div>","protected":false},"excerpt":{"rendered":"<p><span class=\"magic-10\" style=\"font-family: Arial;\">Una onda de choque es una onda de presi\u00f3n: cualquier cosa que mueva el medio a su alrededor es una onda de choque. Cuando se arroja una piedra a un estanque, las ondulaciones creadas se denominan ondas de choque. La onda de choque utilizada en la medicina equina se genera en un medio fluido dentro del cabezal del transductor y luego viaja f\u00e1cilmente a trav\u00e9s de la piel, la grasa y el m\u00fasculo. Las ondas de alta energ\u00eda se concentran dentro del cabezal del transductor para que la onda de choque pueda dirigirse al \u00e1rea precisa de la lesi\u00f3n. Cuando una onda de choque golpea un \u00e1rea con una alta impedancia ac\u00fastica, como el hueso, la onda de choque se ralentiza dr\u00e1sticamente y se libera una gran cantidad de energ\u00eda en el tejido circundante.<\/span><\/p>","protected":false},"featured_media":2256,"comment_status":"open","ping_status":"closed","template":"","meta":{"_kad_post_transparent":"default","_kad_post_title":"","_kad_post_layout":"default","_kad_post_sidebar_id":"","_kad_post_content_style":"default","_kad_post_vertical_padding":"default","_kad_post_feature":"","_kad_post_feature_position":"","_kad_post_header":false,"_kad_post_footer":false,"_kad_post_classname":"","rank_math_title":"","rank_math_description":"","rank_math_focus_keyword":""},"product_brand":[],"product_cat":[65],"product_tag":[],"class_list":{"0":"post-2255","1":"product","2":"type-product","3":"status-publish","4":"has-post-thumbnail","6":"product_cat-shock-wave","8":"first","9":"instock","10":"shipping-taxable","11":"product-type-simple","12":"entry","13":"content-bg","14":"loop-entry"},"_links":{"self":[{"href":"https:\/\/skbty.com\/es\/wp-json\/wp\/v2\/product\/2255","targetHints":{"allow":["GET"]}}],"collection":[{"href":"https:\/\/skbty.com\/es\/wp-json\/wp\/v2\/product"}],"about":[{"href":"https:\/\/skbty.com\/es\/wp-json\/wp\/v2\/types\/product"}],"replies":[{"embeddable":true,"href":"https:\/\/skbty.com\/es\/wp-json\/wp\/v2\/comments?post=2255"}],"wp:featuredmedia":[{"embeddable":true,"href":"https:\/\/skbty.com\/es\/wp-json\/wp\/v2\/media\/2256"}],"wp:attachment":[{"href":"https:\/\/skbty.com\/es\/wp-json\/wp\/v2\/media?parent=2255"}],"wp:term":[{"taxonomy":"product_brand","embeddable":true,"href":"https:\/\/skbty.com\/es\/wp-json\/wp\/v2\/product_brand?post=2255"},{"taxonomy":"product_cat","embeddable":true,"href":"https:\/\/skbty.com\/es\/wp-json\/wp\/v2\/product_cat?post=2255"},{"taxonomy":"product_tag","embeddable":true,"href":"https:\/\/skbty.com\/es\/wp-json\/wp\/v2\/product_tag?post=2255"}],"curies":[{"name":"WP","href":"https:\/\/api.w.org\/{rel}","templated":true}]}}