{"id":2263,"date":"2024-01-04T10:32:32","date_gmt":"2024-01-04T02:32:32","guid":{"rendered":"https:\/\/skbty.com\/?post_type=product&#038;p=2263"},"modified":"2024-06-21T12:12:46","modified_gmt":"2024-06-21T04:12:46","slug":"maquina-de-terapia-de-ondas-de-choque-3","status":"publish","type":"product","link":"https:\/\/skbty.com\/es\/producto\/maquina-de-terapia-de-ondas-de-choque-3\/","title":{"rendered":"M\u00e1quina de terapia de ondas de choque"},"content":{"rendered":"<div class=\"J_module\">\n<div class=\"detail-decorate-json-renderer-container\">\n<div class=\"magic-2\">\n<h3 class=\"magic-3\"><span class=\"magic-5\">M\u00e1quina de terapia de ondas de choque<\/span><\/h3>\n<div class=\"magic-7\">\n<div class=\"magic-8\">\n<div class=\"magic-9\"><span class=\"magic-10\" style=\"font-family: Arial;\">La m\u00e1quina de terapia de ondas de choque utiliza el principio bal\u00edstico de generaci\u00f3n de ondas de choque: utiliza aire comprimido acelerado para crear una onda de presi\u00f3n a trav\u00e9s de una m\u00e1quina de ondas de choque. El aire comprimido es producido por un compresor de presi\u00f3n bal\u00edstica controlado electr\u00f3nicamente. Mediante el uso de un choque el\u00e1stico, la energ\u00eda cin\u00e9tica de la m\u00e1quina de ondas de choque se transmite a la sonda del dispositivo de tratamiento y luego ingresa al cuerpo del cliente. Por lo tanto, la punta del aplicador final debe estar en contacto directo con la piel y el tejido subcut\u00e1neo durante el tratamiento. Las ondas de choque se dirigen a las \u00e1reas afectadas en la ra\u00edz del dolor cr\u00f3nico. El impacto de la onda de choque provoca la disoluci\u00f3n de los dep\u00f3sitos de calcio y conduce a una mejor vascularizaci\u00f3n. El efecto posterior es el alivio del dolor.<\/span><\/div>\n<\/div>\n<\/div>\n<\/div>\n<\/div>\n<\/div>\n<div class=\"J_module\">\n<div class=\"ife-detail-decorate-table\">\n<table style=\"border-color: #f3f3f3;\" border=\"1\" cellspacing=\"0\" cellpadding=\"0\">\n<tbody>\n<tr>\n<td colspan=\"1\" rowspan=\"1\">\n<div class=\"magic-12\"><span class=\"magic-10\" style=\"font-family: Arial;\">Nombre<\/span><\/div>\n<\/td>\n<td colspan=\"1\" rowspan=\"1\">\n<div class=\"magic-13\"><span class=\"magic-10\" style=\"font-family: Arial;\">M\u00e1quina de terapia de ondas de choque<\/span><\/div>\n<\/td>\n<\/tr>\n<tr>\n<td colspan=\"1\" rowspan=\"1\">\n<div class=\"magic-12\"><span class=\"magic-10\" style=\"font-family: Arial;\">Modo de funcionamiento<\/span><\/div>\n<\/td>\n<td colspan=\"1\" rowspan=\"1\">\n<div class=\"magic-13\"><span class=\"magic-10\" style=\"font-family: Arial;\">Pulsos continuos 4\/8\/16<\/span><\/div>\n<\/td>\n<\/tr>\n<tr>\n<td colspan=\"1\" rowspan=\"1\">\n<div class=\"magic-12\"><span class=\"magic-10\" style=\"font-family: Arial;\">Niveles de potencia\/Energ\u00eda<\/span><\/div>\n<\/td>\n<td colspan=\"1\" rowspan=\"1\">\n<div class=\"magic-13\"><span class=\"magic-10\" style=\"font-family: Arial;\">60 a 185 mJ (equivalente a 1-3 bar)<\/span><\/div>\n<\/td>\n<\/tr>\n<tr>\n<td colspan=\"1\" rowspan=\"1\">\n<div class=\"magic-12\"><span class=\"magic-10\" style=\"font-family: Arial;\">Voltaje de entrada<\/span><\/div>\n<\/td>\n<td colspan=\"1\" rowspan=\"1\">\n<div class=\"magic-13\"><span class=\"magic-10\" style=\"font-family: Arial;\">CA 100 V-230 V\/50-60 Hz<\/span><\/div>\n<\/td>\n<\/tr>\n<tr>\n<td colspan=\"1\" rowspan=\"1\">\n<div class=\"magic-12\"><span class=\"magic-10\" style=\"font-family: Arial;\">Frecuencia<\/span><\/div>\n<\/td>\n<td colspan=\"1\" rowspan=\"1\">\n<div class=\"magic-13\"><span class=\"magic-10\" style=\"font-family: Arial;\">1 \u2013 16 Hz<\/span><\/div>\n<\/td>\n<\/tr>\n<tr>\n<td colspan=\"1\" rowspan=\"1\">\n<div class=\"magic-12\"><span class=\"magic-10\" style=\"font-family: Arial;\">Fuerza<\/span><\/div>\n<\/td>\n<td colspan=\"1\" rowspan=\"1\">\n<div class=\"magic-13\"><span class=\"magic-10\" style=\"font-family: Arial;\">500 VA (350 W)<\/span><\/div>\n<\/td>\n<\/tr>\n<tr>\n<td colspan=\"1\" rowspan=\"1\">\n<div class=\"magic-14\"><span class=\"magic-10\" style=\"font-family: Arial;\">Fuente de alimentaci\u00f3n<\/span><\/div>\n<\/td>\n<td colspan=\"1\" rowspan=\"1\">\n<div class=\"magic-15\"><span class=\"magic-10\" style=\"font-family: Arial;\">CA 100 V-110 V\/CA 220 V-230 V, 50 Hz\/60 Hz<\/span><\/div>\n<\/td>\n<\/tr>\n<\/tbody>\n<\/table>\n<\/div>\n<\/div>\n<div><\/div>\n<div><\/div>\n<div class=\"J_module\">\n<div class=\"icbu-pc-images magic-16\">\n<div>\n<div class=\"flex-layout-v\">\n<div class=\"flex-layout-h magic-16\">\n<div class=\"magic-17\"><img loading=\"lazy\" decoding=\"async\" class=\"magic-18 aligncenter\" title=\"M\u00e1quina de terapia de ondas de choque\" src=\"https:\/\/sc04.alicdn.com\/kf\/H91563583a425465b824a93689d14eecel\/247315878\/H91563583a425465b824a93689d14eecel.png\" alt=\"M\u00e1quina de terapia de ondas de choque\" width=\"582\" height=\"493\" data-src=\"\/\/sc04.alicdn.com\/kf\/H91563583a425465b824a93689d14eecel\/247315878\/H91563583a425465b824a93689d14eecel.png\" \/><\/div>\n<\/div>\n<\/div>\n<\/div>\n<\/div>\n<\/div>\n<div class=\"J_module\">\n<div class=\"detail-decorate-json-renderer-container\">\n<div class=\"magic-2\">\n<h3 class=\"magic-3\"><span class=\"magic-5\">Principio de trabajo<\/span><\/h3>\n<div class=\"magic-7\">\n<div class=\"magic-8\">\n<div class=\"magic-9\">\n<div><span class=\"magic-10\" style=\"font-family: Arial;\">Adoptando las caracter\u00edsticas de la terapia de ondas de choque SW10, la frecuencia es de 1-16Hz, que puede llegar a 8 cm debajo de la piel, act\u00faa sobre el periostio para generar calor y la temperatura instant\u00e1nea alcanza los 43 \u00b0 C, al tiempo que mejora la circulaci\u00f3n sangu\u00ednea.<\/span><\/div>\n<\/div>\n<\/div>\n<\/div>\n<\/div>\n<\/div>\n<\/div>\n<div class=\"J_module\">\n<div class=\"icbu-pc-images magic-16\">\n<div>\n<div class=\"flex-layout-v\">\n<div class=\"flex-layout-h magic-16\">\n<div class=\"magic-19\"><img loading=\"lazy\" decoding=\"async\" class=\"magic-20 aligncenter\" title=\"M\u00e1quina de terapia de ondas de choque\" src=\"https:\/\/sc04.alicdn.com\/kf\/Hbcf11c300ed54ecb9abbdce10822cfe0l\/247315878\/Hbcf11c300ed54ecb9abbdce10822cfe0l.png\" alt=\"M\u00e1quina de terapia de ondas de choque\" width=\"578\" height=\"356\" data-src=\"\/\/sc04.alicdn.com\/kf\/Hbcf11c300ed54ecb9abbdce10822cfe0l\/247315878\/Hbcf11c300ed54ecb9abbdce10822cfe0l.png\" \/><\/div>\n<\/div>\n<\/div>\n<\/div>\n<\/div>\n<\/div>\n<div class=\"J_module\">\n<div class=\"detail-decorate-json-renderer-container\">\n<div class=\"magic-2\">\n<h3 class=\"magic-3\"><span class=\"magic-5\">Ventajas<\/span><\/h3>\n<div class=\"magic-7\">\n<div class=\"magic-8\">\n<div class=\"magic-9\"><span class=\"magic-10\" style=\"font-family: Arial;\">1\uff09 Sin anestesia, sin trauma, sin medicamentos, sin cirug\u00eda. <\/span><\/div>\n<div class=\"magic-9\"><span class=\"magic-10\" style=\"font-family: Arial;\">2) Resultados cl\u00ednicos comprobados. Adecuado para otras aplicaciones urol\u00f3gicas. <\/span><\/div>\n<div class=\"magic-9\"><span class=\"magic-10\" style=\"font-family: Arial;\">3\uff09 Tratamiento eficaz de los s\u00edntomas de la DE. <\/span><\/div>\n<div class=\"magic-9\"><span class=\"magic-10\" style=\"font-family: Arial;\">4) Reparar el tejido da\u00f1ado del pene. <\/span><\/div>\n<div class=\"magic-9\"><span class=\"magic-10\" style=\"font-family: Arial;\">5\uff09 Tratamiento r\u00e1pido: 15 minutos a la vez, se necesitan 3-4 tratamientos. <\/span><\/div>\n<div class=\"magic-9\"><span class=\"magic-10\" style=\"font-family: Arial;\">6) Reducir posibles complicaciones <\/span><\/div>\n<div class=\"magic-9\"><span class=\"magic-10\" style=\"font-family: Arial;\">7) El efecto cl\u00ednico fue significativo 6-8 semanas despu\u00e9s del tratamiento.<\/span><\/div>\n<\/div>\n<\/div>\n<\/div>\n<\/div>\n<\/div>\n<div class=\"J_module\">\n<div class=\"icbu-pc-images magic-16\">\n<div>\n<div class=\"flex-layout-v\">\n<div class=\"flex-layout-h magic-16\">\n<div class=\"magic-21\"><img loading=\"lazy\" decoding=\"async\" class=\"magic-22 aligncenter\" title=\"M\u00e1quina de terapia de ondas de choque\" src=\"https:\/\/sc04.alicdn.com\/kf\/H47a99e5a16924074a73cf8078ddffff6p\/247315878\/H47a99e5a16924074a73cf8078ddffff6p.png\" alt=\"M\u00e1quina de terapia de ondas de choque\" width=\"597\" height=\"454\" data-src=\"\/\/sc04.alicdn.com\/kf\/H47a99e5a16924074a73cf8078ddffff6p\/247315878\/H47a99e5a16924074a73cf8078ddffff6p.png\" \/><\/div>\n<\/div>\n<\/div>\n<\/div>\n<\/div>\n<\/div>\n<div class=\"J_module\">\n<div class=\"detail-decorate-json-renderer-container\">\n<div class=\"magic-2\">\n<h3 class=\"magic-3\"><span class=\"magic-23\">Efectos<\/span><\/h3>\n<div class=\"magic-7\">\n<div class=\"magic-8\">\n<div class=\"magic-9\"><span class=\"magic-10\" style=\"font-family: Arial;\">Imagina el rojo como una zona de energ\u00eda que hace da\u00f1o. Esta zona va desde la parte inferior del amortiguador hasta la parte superior, formando un pilar que destruye todo a su paso. La onda de choque extracorp\u00f3rea SW10 alrededor de este poste es la zona de menor energ\u00eda, mostrada en verde, dosificada para producir curaci\u00f3n. Tambi\u00e9n hay una zona (mostrada en azul) que tiene mucha menos energ\u00eda y es capaz de reducir el dolor. Tambi\u00e9n hay una zona donde la fuerza de la onda disminuye por encima de la zona da\u00f1ada (la energ\u00eda no puede durar para siempre), lo que a su vez crea un efecto curativo o de alivio del dolor. Lo que hay que recordar es que los efectos se producen desde niveles altos de energ\u00eda hasta niveles bajos de energ\u00eda, es decir, niveles altos de energ\u00eda = da\u00f1o + curaci\u00f3n + alivio del dolor.<\/span><\/div>\n<\/div>\n<\/div>\n<\/div>\n<\/div>\n<\/div>\n<div class=\"J_module\">\n<div class=\"icbu-pc-images magic-16\">\n<div>\n<div class=\"flex-layout-v\">\n<div class=\"flex-layout-h magic-16\">\n<div class=\"magic-24\"><img loading=\"lazy\" decoding=\"async\" class=\"magic-25 aligncenter\" title=\"M\u00e1quina de terapia de ondas de choque\" src=\"https:\/\/sc04.alicdn.com\/kf\/H092f105b1333409ca514771a38b62501e\/247315878\/H092f105b1333409ca514771a38b62501e.png\" alt=\"M\u00e1quina de terapia de ondas de choque\" width=\"592\" height=\"516\" data-src=\"\/\/sc04.alicdn.com\/kf\/H092f105b1333409ca514771a38b62501e\/247315878\/H092f105b1333409ca514771a38b62501e.png\" \/><\/div>\n<div>\n<h3><strong>Personalizar El Logotipo De<\/strong><\/h3>\n<p>Queremos hacer de su marca se destaque? Ofrecemos logotipo modificado para requisitos particulares de los servicios que te ayudar\u00e1n a crear un entorno \u00fanico y personalizado logotipo que refleja la identidad de su marca. Nuestro equipo de expertos trabajar\u00e1 estrechamente con usted para dise\u00f1ar un logotipo que resuena con los valores de tu marca y de mensajer\u00eda. Si usted est\u00e1 buscando para renovar su logotipo existente o crear uno nuevo desde cero, lo tenemos cubierto. <a href=\"\/es\/contacto\/\">P\u00f3ngase en contacto con nosotros<\/a> hoy para aprender m\u00e1s acerca de nuestro logotipo modificado para requisitos particulares de los servicios!<\/p>\n<\/div>\n<\/div>\n<\/div>\n<\/div>\n<\/div>\n<\/div>","protected":false},"excerpt":{"rendered":"<p><span class=\"magic-10\" style=\"font-family: Arial;\">Los sistemas de ondas de choque utilizan el principio bal\u00edstico de generaci\u00f3n de ondas de choque: se utiliza aire comprimido acelerado para crear una onda de presi\u00f3n a trav\u00e9s de una m\u00e1quina de ondas de choque. El aire comprimido se produce mediante un compresor de presi\u00f3n bal\u00edstico controlado electr\u00f3nicamente. Mediante un choque el\u00e1stico, la energ\u00eda cin\u00e9tica de la m\u00e1quina de ondas de choque se transmite a la sonda del dispositivo de tratamiento y luego ingresa al cuerpo del cliente. Por lo tanto, la punta del aplicador final debe estar en contacto directo con la piel y el tejido subcut\u00e1neo durante el tratamiento. Las ondas de choque se dirigen a las \u00e1reas afectadas en la ra\u00edz del dolor cr\u00f3nico. El impacto de la onda de choque provoca la disoluci\u00f3n de los dep\u00f3sitos de calcio y conduce a una mejor vascularizaci\u00f3n. El efecto posterior es el alivio del dolor.<\/span><\/p>","protected":false},"featured_media":2264,"comment_status":"open","ping_status":"closed","template":"","meta":{"_kad_post_transparent":"default","_kad_post_title":"","_kad_post_layout":"default","_kad_post_sidebar_id":"","_kad_post_content_style":"default","_kad_post_vertical_padding":"default","_kad_post_feature":"","_kad_post_feature_position":"","_kad_post_header":false,"_kad_post_footer":false,"_kad_post_classname":"","rank_math_title":"","rank_math_description":"","rank_math_focus_keyword":""},"product_brand":[],"product_cat":[65],"product_tag":[],"class_list":{"0":"post-2263","1":"product","2":"type-product","3":"status-publish","4":"has-post-thumbnail","6":"product_cat-shock-wave","8":"first","9":"instock","10":"shipping-taxable","11":"product-type-simple","12":"entry","13":"content-bg","14":"loop-entry"},"_links":{"self":[{"href":"https:\/\/skbty.com\/es\/wp-json\/wp\/v2\/product\/2263","targetHints":{"allow":["GET"]}}],"collection":[{"href":"https:\/\/skbty.com\/es\/wp-json\/wp\/v2\/product"}],"about":[{"href":"https:\/\/skbty.com\/es\/wp-json\/wp\/v2\/types\/product"}],"replies":[{"embeddable":true,"href":"https:\/\/skbty.com\/es\/wp-json\/wp\/v2\/comments?post=2263"}],"wp:featuredmedia":[{"embeddable":true,"href":"https:\/\/skbty.com\/es\/wp-json\/wp\/v2\/media\/2264"}],"wp:attachment":[{"href":"https:\/\/skbty.com\/es\/wp-json\/wp\/v2\/media?parent=2263"}],"wp:term":[{"taxonomy":"product_brand","embeddable":true,"href":"https:\/\/skbty.com\/es\/wp-json\/wp\/v2\/product_brand?post=2263"},{"taxonomy":"product_cat","embeddable":true,"href":"https:\/\/skbty.com\/es\/wp-json\/wp\/v2\/product_cat?post=2263"},{"taxonomy":"product_tag","embeddable":true,"href":"https:\/\/skbty.com\/es\/wp-json\/wp\/v2\/product_tag?post=2263"}],"curies":[{"name":"WP","href":"https:\/\/api.w.org\/{rel}","templated":true}]}}